{"id":813,"date":"2025-11-25T10:37:29","date_gmt":"2025-11-25T10:37:29","guid":{"rendered":"https:\/\/managevirtually.sdu.edu.tr\/?page_id=813"},"modified":"2025-11-25T13:56:10","modified_gmt":"2025-11-25T10:56:10","slug":"workshop","status":"publish","type":"page","link":"https:\/\/managevirtually.sdu.edu.tr\/ro\/workshop\/","title":{"rendered":"Reuniunile proiectului \/ Atelierul de lucru"},"content":{"rendered":"\n<p>Proiectul &#8222;Management in a Virtual World&#8221; coordonat de Universitatea S\u00fcleyman Demirel \u0219i sus\u021binut de Agen\u021bia Na\u021bional\u0103 Turc\u0103, a organizat un atelier de lucru pe 19 noiembrie 2025. \u00cent\u00e2lnirea, care a avut loc la Facultatea de Economie \u0219i \u0218tiin\u021be Administrative a Universit\u0103\u021bii S\u00fcleyman Demirel, a \u00eenceput cu o recep\u021bie. La aceast\u0103 recep\u021bie, la care au participat rectorul Universit\u0103\u021bii S\u00fcleyman Demirel, prof. dr. Mehmet SALTAN, decanul Facult\u0103\u021bii de Economie \u0219i \u0218tiin\u021be Administrative, prof. dr. Hakan Mehmet K\u0130R\u0130\u015e, partenerii de proiect \u0219i numeroase cadre universitare, au avut loc schimburi interculturale. Dup\u0103 cocktail, a \u00eenceput atelierul de lucru, \u00een format hibrid. Coordonatorul proiectului, prof. dr. Aygen OKSAY, care a ini\u021biat evenimentul, a informat mai \u00eent\u00e2i participan\u021bii online \u0219i fa\u021b\u0103 \u00een fa\u021b\u0103 despre parcursul de 24 de luni al proiectului.<\/p>\n\n\n\n<figure class=\"wp-block-image aligncenter size-full\"><img loading=\"lazy\" decoding=\"async\" width=\"605\" height=\"403\" src=\"https:\/\/managevirtually.sdu.edu.tr\/ro\/wp-content\/uploads\/sites\/4\/2025\/11\/image-3.png\" alt=\"\" class=\"wp-image-814\" srcset=\"https:\/\/managevirtually.sdu.edu.tr\/ro\/wp-content\/uploads\/sites\/4\/2025\/11\/image-3.png 605w, https:\/\/managevirtually.sdu.edu.tr\/ro\/wp-content\/uploads\/sites\/4\/2025\/11\/image-3-300x200.png 300w\" sizes=\"(max-width: 605px) 100vw, 605px\" \/><\/figure>\n\n\n\n<p>Prof. Dr. Oksay a explicat c\u0103, \u00een cadrul proiectului, a fost dezvoltat\u0103 o simulare de afaceri cu sprijinul T\u00dcB\u0130TAK 1001. Aceast\u0103 simulare, tradus\u0103 \u00een limba englez\u0103 \u0219i partajat\u0103 cu universit\u0103\u021bile partenere, a fost conceput\u0103 pentru a oferi studen\u021bilor experien\u021b\u0103 practic\u0103 \u00een procesele de management. Prof. Dr. Serpil SENAL a luat cuv\u00e2ntul pentru prezentarea simul\u0103rii. Prof. Dr. SENAL a prezentat software-ul de simulare utilizat ca tehnic\u0103 de predare \u00een cadrul proiectului printr-o aplica\u021bie practic\u0103, utiliz\u00e2nd, ca exemplu, unul dintre scenariile din simulare. Aceasta a oferit participan\u021bilor informa\u021bii detaliate despre software-ul de simulare. Dup\u0103 prezentarea software-ului, Prof. Dr. OKSAY a \u00eemp\u0103rt\u0103\u0219it concluziile proiectului.<\/p>\n\n\n\n<figure class=\"wp-block-image aligncenter size-full\"><img loading=\"lazy\" decoding=\"async\" width=\"605\" height=\"403\" src=\"https:\/\/managevirtually.sdu.edu.tr\/ro\/wp-content\/uploads\/sites\/4\/2025\/11\/image-4.png\" alt=\"\" class=\"wp-image-820\" srcset=\"https:\/\/managevirtually.sdu.edu.tr\/ro\/wp-content\/uploads\/sites\/4\/2025\/11\/image-4.png 605w, https:\/\/managevirtually.sdu.edu.tr\/ro\/wp-content\/uploads\/sites\/4\/2025\/11\/image-4-300x200.png 300w\" sizes=\"(max-width: 605px) 100vw, 605px\" \/><\/figure>\n\n\n\n<p>\u00cen urma atelierului a avut loc o ceremonie de premiere. Studen\u021bii care au analizat scenarii, au scris rapoarte \u0219i au luat decizii cu privire la echipele lor folosind software-ul de simulare pe parcursul proiectului au fost felicita\u021bi pentru contribu\u021biile lor \u0219i li s-au \u00eenm\u00e2nat medalii. Certificatele de participare au fost distribuite tuturor participan\u021bilor, apoi \u00eent\u00e2lnirea s-a \u00eencheiat.<\/p>\n\n\n\n<figure class=\"wp-block-image aligncenter size-full\"><img loading=\"lazy\" decoding=\"async\" width=\"605\" height=\"454\" src=\"https:\/\/managevirtually.sdu.edu.tr\/ro\/wp-content\/uploads\/sites\/4\/2025\/11\/image-5.png\" alt=\"\" class=\"wp-image-821\" srcset=\"https:\/\/managevirtually.sdu.edu.tr\/ro\/wp-content\/uploads\/sites\/4\/2025\/11\/image-5.png 605w, https:\/\/managevirtually.sdu.edu.tr\/ro\/wp-content\/uploads\/sites\/4\/2025\/11\/image-5-300x225.png 300w\" sizes=\"(max-width: 605px) 100vw, 605px\" \/><\/figure>\n","protected":false},"excerpt":{"rendered":"<p>Proiectul &#8222;Management in a Virtual World&#8221; coordonat de Universitatea S\u00fcleyman Demirel \u0219i sus\u021binut de Agen\u021bia Na\u021bional\u0103 Turc\u0103, a organizat un atelier de lucru pe 19 noiembrie 2025. \u00cent\u00e2lnirea, care a avut loc la Facultatea de Economie \u0219i \u0218tiin\u021be Administrative a Universit\u0103\u021bii S\u00fcleyman Demirel, a \u00eenceput cu o recep\u021bie. La aceast\u0103 recep\u021bie, la care au participat [&hellip;]<\/p>\n","protected":false},"author":1,"featured_media":0,"parent":0,"menu_order":0,"comment_status":"closed","ping_status":"closed","template":"","meta":{"footnotes":""},"class_list":["post-813","page","type-page","status-publish","hentry"],"_links":{"self":[{"href":"https:\/\/managevirtually.sdu.edu.tr\/ro\/wp-json\/wp\/v2\/pages\/813"}],"collection":[{"href":"https:\/\/managevirtually.sdu.edu.tr\/ro\/wp-json\/wp\/v2\/pages"}],"about":[{"href":"https:\/\/managevirtually.sdu.edu.tr\/ro\/wp-json\/wp\/v2\/types\/page"}],"author":[{"embeddable":true,"href":"https:\/\/managevirtually.sdu.edu.tr\/ro\/wp-json\/wp\/v2\/users\/1"}],"replies":[{"embeddable":true,"href":"https:\/\/managevirtually.sdu.edu.tr\/ro\/wp-json\/wp\/v2\/comments?post=813"}],"version-history":[{"count":1,"href":"https:\/\/managevirtually.sdu.edu.tr\/ro\/wp-json\/wp\/v2\/pages\/813\/revisions"}],"predecessor-version":[{"id":824,"href":"https:\/\/managevirtually.sdu.edu.tr\/ro\/wp-json\/wp\/v2\/pages\/813\/revisions\/824"}],"wp:attachment":[{"href":"https:\/\/managevirtually.sdu.edu.tr\/ro\/wp-json\/wp\/v2\/media?parent=813"}],"curies":[{"name":"wp","href":"https:\/\/api.w.org\/{rel}","templated":true}]}}