{"id":808,"date":"2025-11-25T10:33:50","date_gmt":"2025-11-25T10:33:50","guid":{"rendered":"https:\/\/managevirtually.sdu.edu.tr\/?page_id=805"},"modified":"2025-11-25T13:53:51","modified_gmt":"2025-11-25T10:53:51","slug":"closing-meeting","status":"publish","type":"page","link":"https:\/\/managevirtually.sdu.edu.tr\/ro\/closing-meeting\/","title":{"rendered":"Reuniunile proiectului \/ Ceremonia de \u00eenchidere a proiectului"},"content":{"rendered":"\n<p>\u00cent\u00e2lnirea de \u00eenchidere a proiectului \u201eManagement in a Virtual World\u201d, coordonat de Universitatea S\u00fcleyman Demirel \u0219i sus\u021binut de Agen\u021bia Na\u021bional\u0103 Turc\u0103, a avut loc \u00een localitatea Isparta \u00een perioada 18-19 noiembrie 2025, cu participarea urm\u0103toarelor universit\u0103\u021bi: Universitatea din Sannio (Italia), Academia de Studii Economice din Bucuresti (Rom\u00e2nia), Universitea Tehnologic\u0103 din Gdansk (Polonia) \u0219i Politehnica din Porto (ISCAP, Portugalia). Fiecare partener de proiect a participat la \u00eent\u00e2lnirea de \u00eenchidere cu c\u00e2te un student reprezentant.<\/p>\n\n\n\n<figure class=\"wp-block-image aligncenter size-full\"><img decoding=\"async\" src=\"https:\/\/managevirtually.sdu.edu.tr\/ro\/wp-content\/uploads\/sites\/4\/2025\/11\/image.png\" alt=\"\" class=\"wp-image-806\"\/><\/figure>\n\n\n\n<figure class=\"wp-block-image aligncenter size-full\"><img decoding=\"async\" src=\"https:\/\/managevirtually.sdu.edu.tr\/ro\/wp-content\/uploads\/sites\/4\/2025\/11\/image-1.png\" alt=\"\" class=\"wp-image-807\"\/><\/figure>\n\n\n\n<p>\u00cent\u00e2lnirea de \u00eenchidere, a avut loc pe 18 noiembrie 2025 \u0219i a \u00eenceput cu o prezentare sus\u021binut\u0103 de managerul de proiect, Prof. Dr. Aygen Oksay, care a prezentat informa\u021bii generale despre procesul, obiectivele \u0219i rezultatele proiectului. Fiecare partener de proiect \u0219i-a prezentat apoi rezultatele. \u00cen urma acestor prezent\u0103ri, managerul de proiect, Prof. Dr. Oksay, a trecut \u00een revist\u0103 principalele rezultate. Participan\u021bii au f\u0103cut schimb de idei cu privire la rezultatele proiectului. \u00cent\u00e2lnirea a continuat cu invitarea de c\u0103tre Prof. Dr. Oksay a studen\u021bilor care au participat la \u00eent\u00e2lnire cu partenerii de proiect \u0219i care au fost utilizatorii direc\u021bi ai metodei de simulare s\u0103 \u00ee\u0219i \u00eemp\u0103rt\u0103\u0219easc\u0103 ideile, experien\u021bele \u0219i sugestiile. Schimbul de idei a condus la concluzia c\u0103 instruirea bazat\u0103 pe simulare serve\u0219te ca o punte \u00eentre cuno\u0219tin\u021bele teoretice \u0219i practic\u0103, oferind experien\u021ba lumii reale.<\/p>\n\n\n\n<figure class=\"wp-block-image aligncenter size-full\"><img decoding=\"async\" src=\"https:\/\/managevirtually.sdu.edu.tr\/ro\/wp-content\/uploads\/sites\/4\/2025\/11\/image-2.png\" alt=\"\" class=\"wp-image-808\"\/><\/figure>\n","protected":false},"excerpt":{"rendered":"<p>\u00cent\u00e2lnirea de \u00eenchidere a proiectului \u201eManagement in a Virtual World\u201d, coordonat de Universitatea S\u00fcleyman Demirel \u0219i sus\u021binut de Agen\u021bia Na\u021bional\u0103 Turc\u0103, a avut loc \u00een localitatea Isparta \u00een perioada 18-19 noiembrie 2025, cu participarea urm\u0103toarelor universit\u0103\u021bi: Universitatea din Sannio (Italia), Academia de Studii Economice din Bucuresti (Rom\u00e2nia), Universitea Tehnologic\u0103 din Gdansk (Polonia) \u0219i Politehnica din [&hellip;]<\/p>\n","protected":false},"author":1,"featured_media":0,"parent":0,"menu_order":0,"comment_status":"closed","ping_status":"closed","template":"","meta":{"footnotes":""},"class_list":["post-808","page","type-page","status-publish","hentry"],"_links":{"self":[{"href":"https:\/\/managevirtually.sdu.edu.tr\/ro\/wp-json\/wp\/v2\/pages\/808"}],"collection":[{"href":"https:\/\/managevirtually.sdu.edu.tr\/ro\/wp-json\/wp\/v2\/pages"}],"about":[{"href":"https:\/\/managevirtually.sdu.edu.tr\/ro\/wp-json\/wp\/v2\/types\/page"}],"author":[{"embeddable":true,"href":"https:\/\/managevirtually.sdu.edu.tr\/ro\/wp-json\/wp\/v2\/users\/1"}],"replies":[{"embeddable":true,"href":"https:\/\/managevirtually.sdu.edu.tr\/ro\/wp-json\/wp\/v2\/comments?post=808"}],"version-history":[{"count":1,"href":"https:\/\/managevirtually.sdu.edu.tr\/ro\/wp-json\/wp\/v2\/pages\/808\/revisions"}],"predecessor-version":[{"id":822,"href":"https:\/\/managevirtually.sdu.edu.tr\/ro\/wp-json\/wp\/v2\/pages\/808\/revisions\/822"}],"wp:attachment":[{"href":"https:\/\/managevirtually.sdu.edu.tr\/ro\/wp-json\/wp\/v2\/media?parent=808"}],"curies":[{"name":"wp","href":"https:\/\/api.w.org\/{rel}","templated":true}]}}