{"id":777,"date":"2025-10-22T11:29:33","date_gmt":"2025-10-22T11:29:33","guid":{"rendered":"https:\/\/managevirtually.sdu.edu.tr\/?page_id=777"},"modified":"2025-11-10T13:35:00","modified_gmt":"2025-11-10T10:35:00","slug":"conf-it","status":"publish","type":"page","link":"https:\/\/managevirtually.sdu.edu.tr\/ro\/conf-it\/","title":{"rendered":"Conferin\u021be-Eveniment \u2013 Italia"},"content":{"rendered":"\n<p class=\"has-white-color has-text-color has-background has-link-color has-extra-small-font-size wp-elements-3cdfb3836e4eb738b40d67f9cd71891c\" style=\"background-color:#1a3b49\"><a name=\"conf1\">Conferin\u021be-Eveniment 1<\/a><\/p>\n\n\n\n<figure class=\"wp-block-image aligncenter size-full is-resized\"><img loading=\"lazy\" decoding=\"async\" width=\"960\" height=\"720\" src=\"https:\/\/managevirtually.sdu.edu.tr\/ro\/wp-content\/uploads\/sites\/4\/2025\/10\/Foto1.jpg\" alt=\"\" class=\"wp-image-779\" style=\"width:702px;height:auto\" srcset=\"https:\/\/managevirtually.sdu.edu.tr\/ro\/wp-content\/uploads\/sites\/4\/2025\/10\/Foto1.jpg 960w, https:\/\/managevirtually.sdu.edu.tr\/ro\/wp-content\/uploads\/sites\/4\/2025\/10\/Foto1-300x225.jpg 300w, https:\/\/managevirtually.sdu.edu.tr\/ro\/wp-content\/uploads\/sites\/4\/2025\/10\/Foto1-768x576.jpg 768w\" sizes=\"(max-width: 960px) 100vw, 960px\" \/><\/figure>\n\n\n\n<p><strong>Prof. Angelo Riviezzo \u2013 Menad\u017emento<br><\/strong>Jekh inspir\u00e0ciaqi ses\u00eca \u0107hidini ka\u03b8ar o Prof. Angelo Riviezzo, savo ulavd\u0103s la\u0107he dikhimata an\u03b8-o strat\u00e8giko mana\u017amento thaj i inovacia. Jekh stimulirimo dialogo ma\u0161kar i teoria thaj i praktika ki realo lumia.<\/p>\n\n\n\n<hr class=\"wp-block-separator has-alpha-channel-opacity\"\/>\n\n\n\n<p class=\"has-white-color has-text-color has-background has-link-color has-extra-small-font-size wp-elements-091eefa0c64b16b23231263ac84242bf\" style=\"background-color:#1a3b49\"><a name=\"conf2\">Conferin\u021be-Eveniment 2<\/a><\/p>\n\n\n\n<figure class=\"wp-block-image aligncenter size-large is-resized\"><img loading=\"lazy\" decoding=\"async\" width=\"1024\" height=\"768\" src=\"https:\/\/managevirtually.sdu.edu.tr\/ro\/wp-content\/uploads\/sites\/4\/2025\/10\/Foto2-1024x768.jpg\" alt=\"\" class=\"wp-image-780\" style=\"width:705px;height:auto\" srcset=\"https:\/\/managevirtually.sdu.edu.tr\/ro\/wp-content\/uploads\/sites\/4\/2025\/10\/Foto2-1024x768.jpg 1024w, https:\/\/managevirtually.sdu.edu.tr\/ro\/wp-content\/uploads\/sites\/4\/2025\/10\/Foto2-300x225.jpg 300w, https:\/\/managevirtually.sdu.edu.tr\/ro\/wp-content\/uploads\/sites\/4\/2025\/10\/Foto2-768x576.jpg 768w, https:\/\/managevirtually.sdu.edu.tr\/ro\/wp-content\/uploads\/sites\/4\/2025\/10\/Foto2-1536x1152.jpg 1536w, https:\/\/managevirtually.sdu.edu.tr\/ro\/wp-content\/uploads\/sites\/4\/2025\/10\/Foto2.jpg 1600w\" sizes=\"(max-width: 1024px) 100vw, 1024px\" \/><\/figure>\n\n\n\n<p><br><strong>Prof. Roberto Jannelli \u2013 Finanse<br><\/strong>O Prof. Roberto Jannelli dia jekh klaro thaj anga\u017auime dikhipen pal-e moderne finansie, rodindoj e marketur\u0103, e rizikur\u0103 thaj e investiciaqe strat\u00e8gie jekh \u015bukar precizia thaj klaro.<\/p>\n\n\n\n<hr class=\"wp-block-separator has-alpha-channel-opacity\"\/>\n\n\n\n<p class=\"has-white-color has-text-color has-background has-link-color has-extra-small-font-size wp-elements-6c240eb451aca020f72e619cd7843336\" style=\"background-color:#1a3b49\"><a name=\"conf3\">Conferin\u021be-Eveniment 3<\/a><\/p>\n\n\n\n<figure class=\"wp-block-image aligncenter size-full\"><img loading=\"lazy\" decoding=\"async\" width=\"709\" height=\"427\" src=\"https:\/\/managevirtually.sdu.edu.tr\/ro\/wp-content\/uploads\/sites\/4\/2025\/10\/Foto3.jpg\" alt=\"\" class=\"wp-image-781\" srcset=\"https:\/\/managevirtually.sdu.edu.tr\/ro\/wp-content\/uploads\/sites\/4\/2025\/10\/Foto3.jpg 709w, https:\/\/managevirtually.sdu.edu.tr\/ro\/wp-content\/uploads\/sites\/4\/2025\/10\/Foto3-300x181.jpg 300w\" sizes=\"(max-width: 709px) 100vw, 709px\" \/><\/figure>\n\n\n\n<p><br><strong>Prof. Riccardo Resciniti \u2013 Marketing<br><\/strong>Jekh \u015bukar seminari katar o Prof. Riccardo Resciniti pal-e marketingosqe strat\u00e8gie thaj o phiripen le konzumenturenqo \u2014 jekh drom an\u03b8-e d\u00e0te, kreativit\u00e8ta thaj globalo perspekt\u00ecve.<\/p>\n\n\n\n<hr class=\"wp-block-separator has-alpha-channel-opacity\"\/>\n\n\n\n<p class=\"has-white-color has-text-color has-background has-link-color has-extra-small-font-size wp-elements-b56c9f4b2a692eec6b0557081518373e\" style=\"background-color:#1a3b49\"><a name=\"conf4\">Conferin\u021be-Eveniment 4<\/a><\/p>\n\n\n\n<figure class=\"wp-block-image aligncenter size-large is-resized\"><img loading=\"lazy\" decoding=\"async\" width=\"768\" height=\"1024\" src=\"https:\/\/managevirtually.sdu.edu.tr\/ro\/wp-content\/uploads\/sites\/4\/2025\/10\/Foto4-768x1024.jpg\" alt=\"\" class=\"wp-image-782\" style=\"width:710px;height:auto\" srcset=\"https:\/\/managevirtually.sdu.edu.tr\/ro\/wp-content\/uploads\/sites\/4\/2025\/10\/Foto4-768x1024.jpg 768w, https:\/\/managevirtually.sdu.edu.tr\/ro\/wp-content\/uploads\/sites\/4\/2025\/10\/Foto4-225x300.jpg 225w, https:\/\/managevirtually.sdu.edu.tr\/ro\/wp-content\/uploads\/sites\/4\/2025\/10\/Foto4-1152x1536.jpg 1152w, https:\/\/managevirtually.sdu.edu.tr\/ro\/wp-content\/uploads\/sites\/4\/2025\/10\/Foto4.jpg 1536w\" sizes=\"(max-width: 768px) 100vw, 768px\" \/><\/figure>\n\n\n\n<p><br><strong>Prof.ssa Gilda Antonelli \u2013 Menad\u017emento e manu\u0161ikane resursengo<br><\/strong>I Prof. Gilda Antonelli kerdas jekh dinami\u010dno lekcija pal-o menad\u017emento e manu\u0161ikane resursengo, thovindoj akcento pe lideripe, motivacia thaj o vastnipe e manu\u0161engo ano organizaciako sukseso.<\/p>\n","protected":false},"excerpt":{"rendered":"<p>Conferin\u021be-Eveniment 1 Prof. Angelo Riviezzo \u2013 Menad\u017ementoJekh inspir\u00e0ciaqi ses\u00eca \u0107hidini ka\u03b8ar o Prof. Angelo Riviezzo, savo ulavd\u0103s la\u0107he dikhimata an\u03b8-o strat\u00e8giko mana\u017amento thaj i inovacia. Jekh stimulirimo dialogo ma\u0161kar i teoria thaj i praktika ki realo lumia. Conferin\u021be-Eveniment 2 Prof. Roberto Jannelli \u2013 FinanseO Prof. Roberto Jannelli dia jekh klaro thaj anga\u017auime dikhipen pal-e moderne [&hellip;]<\/p>\n","protected":false},"author":1,"featured_media":0,"parent":0,"menu_order":0,"comment_status":"closed","ping_status":"closed","template":"","meta":{"footnotes":""},"class_list":["post-777","page","type-page","status-publish","hentry"],"_links":{"self":[{"href":"https:\/\/managevirtually.sdu.edu.tr\/ro\/wp-json\/wp\/v2\/pages\/777"}],"collection":[{"href":"https:\/\/managevirtually.sdu.edu.tr\/ro\/wp-json\/wp\/v2\/pages"}],"about":[{"href":"https:\/\/managevirtually.sdu.edu.tr\/ro\/wp-json\/wp\/v2\/types\/page"}],"author":[{"embeddable":true,"href":"https:\/\/managevirtually.sdu.edu.tr\/ro\/wp-json\/wp\/v2\/users\/1"}],"replies":[{"embeddable":true,"href":"https:\/\/managevirtually.sdu.edu.tr\/ro\/wp-json\/wp\/v2\/comments?post=777"}],"version-history":[{"count":2,"href":"https:\/\/managevirtually.sdu.edu.tr\/ro\/wp-json\/wp\/v2\/pages\/777\/revisions"}],"predecessor-version":[{"id":800,"href":"https:\/\/managevirtually.sdu.edu.tr\/ro\/wp-json\/wp\/v2\/pages\/777\/revisions\/800"}],"wp:attachment":[{"href":"https:\/\/managevirtually.sdu.edu.tr\/ro\/wp-json\/wp\/v2\/media?parent=777"}],"curies":[{"name":"wp","href":"https:\/\/api.w.org\/{rel}","templated":true}]}}