{"id":768,"date":"2025-10-16T10:53:59","date_gmt":"2025-10-16T10:53:59","guid":{"rendered":"https:\/\/managevirtually.sdu.edu.tr\/?page_id=768"},"modified":"2025-11-10T13:38:59","modified_gmt":"2025-11-10T10:38:59","slug":"conf-ro","status":"publish","type":"page","link":"https:\/\/managevirtually.sdu.edu.tr\/ro\/conf-ro\/","title":{"rendered":"Conferin\u021be Eveniment &#8211; Romania"},"content":{"rendered":"\n<p class=\"has-white-color has-text-color has-background has-link-color has-extra-small-font-size wp-elements-3cdfb3836e4eb738b40d67f9cd71891c\" style=\"background-color:#1a3b49\"><a name=\"conf1\">Conferin\u021be-Eveniment 1<\/a><\/p>\n\n\n\n<p><strong>Konferencia Bukure\u015bti, 8-to Maj 2025-to ber\u015b<\/strong><\/p>\n\n\n\n<p>Avdive, e studentura sas len o Dragos Stoica, Executive Director of Porsche Inter Auto, sar gosto. E studentura sas len \u015bansa te diskutirinen o marketingosko plano, sar von \u015baj te organizuin pire objektivura dikhindoj e karakteristike e kli\u00e8ntosqe thaj sosqe si kritikano te prin\u0292aren e xarakteristike lenge produktengo thaj servisurenqo. O kidipe sas la\u010dho sa e participanturenqe, o Dragos lav lav ke vov ka avel pale e studenturenqe te diskutiril e pu\u0107himata save von dikhen sar importanto va\u015b jekh avutno ekonomisto.<\/p>\n\n\n\n<figure class=\"wp-block-image size-large\"><img loading=\"lazy\" decoding=\"async\" width=\"1024\" height=\"768\" src=\"https:\/\/managevirtually.sdu.edu.tr\/ro\/wp-content\/uploads\/sites\/4\/2025\/10\/WhatsApp-Image-2025-10-16-at-13.48.34-1024x768.jpeg\" alt=\"\" class=\"wp-image-770\" srcset=\"https:\/\/managevirtually.sdu.edu.tr\/ro\/wp-content\/uploads\/sites\/4\/2025\/10\/WhatsApp-Image-2025-10-16-at-13.48.34-1024x768.jpeg 1024w, https:\/\/managevirtually.sdu.edu.tr\/ro\/wp-content\/uploads\/sites\/4\/2025\/10\/WhatsApp-Image-2025-10-16-at-13.48.34-300x225.jpeg 300w, https:\/\/managevirtually.sdu.edu.tr\/ro\/wp-content\/uploads\/sites\/4\/2025\/10\/WhatsApp-Image-2025-10-16-at-13.48.34-768x576.jpeg 768w, https:\/\/managevirtually.sdu.edu.tr\/ro\/wp-content\/uploads\/sites\/4\/2025\/10\/WhatsApp-Image-2025-10-16-at-13.48.34-1536x1152.jpeg 1536w, https:\/\/managevirtually.sdu.edu.tr\/ro\/wp-content\/uploads\/sites\/4\/2025\/10\/WhatsApp-Image-2025-10-16-at-13.48.34.jpeg 1600w\" sizes=\"(max-width: 1024px) 100vw, 1024px\" \/><\/figure>\n\n\n\n<hr class=\"wp-block-separator has-alpha-channel-opacity\"\/>\n\n\n\n<p class=\"has-white-color has-text-color has-background has-link-color has-extra-small-font-size wp-elements-091eefa0c64b16b23231263ac84242bf\" style=\"background-color:#1a3b49\"><a name=\"conf2\">Conferin\u021be-Eveniment 2<\/a><\/p>\n\n\n\n<p><strong>Konferencia Bukure\u015bti, 28-to Maj 2025-to ber\u015b<\/strong><\/p>\n\n\n\n<p>Ki akaja Konferencia amen sine amen o baht te ovel amen sar gosti e Rromnji Amalia Stefan, Sherutni e Hoteleski Divizia kotar e Alexandrion Group. Voj prezentirisarda e Alexandrion Group sar o maj baro produktori thaj distributori e alkoholosko thaj vinengo ki Rumunia. I Grupa si la Alexandrion Distilleries thaj i Iconic Estate Winery. O Alexandrion Group si les o sherutno than ande Rumunia thaj si les reprezentantura ande Grecia, Cyprus, Brazilia thaj ande Amerika. Voj vi prezentirisarda e pharipa thaj e \u015banse save sas e kompaniake ko 2017 ber\u015b, sar i grupa e firmengo astarda peski globalno barjaripe kana putardas jekh globalno operativno ofiso ki Cyprus thaj jekh ofiso ki Brazilia. Maj palal lias jekh maj baro kotor ando V.M. Cavaway Ltd., savo si anga\u017auime anglal o marketingo thaj i distrib\u00f9cia e alkoholikane pipenqi. Aver pharipa thaj \u015banse si konsiderime sar o Alexandrion Group akana kerel jekh destil\u00e0cia an\u03b8-o New York (U.S.A.), jekh investicia 100 milionur\u0103 USD.<\/p>\n\n\n\n<figure class=\"wp-block-image aligncenter size-full is-resized\"><img loading=\"lazy\" decoding=\"async\" width=\"194\" height=\"129\" src=\"https:\/\/managevirtually.sdu.edu.tr\/ro\/wp-content\/uploads\/sites\/4\/2025\/10\/image-2.png\" alt=\"\" class=\"wp-image-787\" style=\"width:450px;height:auto\"\/><\/figure>\n\n\n\n<hr class=\"wp-block-separator has-alpha-channel-opacity\"\/>\n\n\n\n<p class=\"has-white-color has-text-color has-background has-link-color has-extra-small-font-size wp-elements-6c240eb451aca020f72e619cd7843336\" style=\"background-color:#1a3b49\"><a name=\"conf3\">Conferin\u021be-Eveniment 3<\/a><\/p>\n\n\n\n<p><strong>Konferencia Bukure\u015bti, 2-to Juni 2025<\/strong><\/p>\n\n\n\n<p>Ki Konferencia ko 2-to Juni 2025, e studentura sas len shaipe te diskutirinen e Rodica Lazar, CEO kotar o Grafex, fabrikanto e produktengo e phandipasko vash e Francuzoske nuklearne elektrikane thana. O seminari ka kerel buti e temen\u00e7a save si len relacia e menad\u017ementosa e logistikane lancosko an\u03b8-o kont\u00e8ksto e kli\u00e8nturenqo thaj e furnitorienqo save si aktivime an\u03b8-e but thema thaj sar te menad\u017eisarel pes i produkcia palal e principur\u0103 e lean manufacturing-esqe. Naisaras savorrenqe pal-i implikacia thaj but interes\u00e0nto pu\u0107himata!<\/p>\n\n\n\n<figure class=\"wp-block-image aligncenter size-full is-resized\"><img loading=\"lazy\" decoding=\"async\" width=\"134\" height=\"123\" src=\"https:\/\/managevirtually.sdu.edu.tr\/ro\/wp-content\/uploads\/sites\/4\/2025\/10\/image-3.png\" alt=\"\" class=\"wp-image-788\" style=\"width:356px;height:auto\"\/><\/figure>\n\n\n\n<hr class=\"wp-block-separator has-alpha-channel-opacity\"\/>\n\n\n\n<p class=\"has-white-color has-text-color has-background has-link-color has-extra-small-font-size wp-elements-b56c9f4b2a692eec6b0557081518373e\" style=\"background-color:#1a3b49\"><a name=\"conf4\">Conferin\u021be-Eveniment 4<\/a><\/p>\n\n\n\n<p><strong>Konferencia Bukure\u015bti, 6-to Juni 2025<\/strong><\/p>\n\n\n\n<p>Pe 6-to juni ikerdilo konferenca ano Bukureshti, ano Buchaestsko Universiteti vash Ekonomikane Studiye, kote Mihaela Poenaru, Menad\u017eeri e Manushikane Resursengo ano Magnor, yekh Rumuniyaki kompania savi si la zoralo vazdipe ano palune bersha, prezentingya shaipya thay daravipya kola siton phangle e kariera ano yekh globalizirimo marketi thay sar te vazden yekh kariera sar terno studenti ano ekonomikano universiteti. Amen naisaras e participanturenqe pal-o lenqo intereso!<\/p>\n\n\n\n<figure class=\"wp-block-image aligncenter size-full is-resized\"><img loading=\"lazy\" decoding=\"async\" width=\"165\" height=\"110\" src=\"https:\/\/managevirtually.sdu.edu.tr\/ro\/wp-content\/uploads\/sites\/4\/2025\/10\/image-4.png\" alt=\"\" class=\"wp-image-789\" style=\"width:365px;height:auto\"\/><\/figure>\n\n\n\n<hr class=\"wp-block-separator has-alpha-channel-opacity\"\/>\n\n\n\n<p><\/p>\n","protected":false},"excerpt":{"rendered":"<p>Conferin\u021be-Eveniment 1 Konferencia Bukure\u015bti, 8-to Maj 2025-to ber\u015b Avdive, e studentura sas len o Dragos Stoica, Executive Director of Porsche Inter Auto, sar gosto. E studentura sas len \u015bansa te diskutirinen o marketingosko plano, sar von \u015baj te organizuin pire objektivura dikhindoj e karakteristike e kli\u00e8ntosqe thaj sosqe si kritikano te prin\u0292aren e xarakteristike lenge [&hellip;]<\/p>\n","protected":false},"author":1,"featured_media":0,"parent":0,"menu_order":0,"comment_status":"closed","ping_status":"closed","template":"","meta":{"footnotes":""},"class_list":["post-768","page","type-page","status-publish","hentry"],"_links":{"self":[{"href":"https:\/\/managevirtually.sdu.edu.tr\/ro\/wp-json\/wp\/v2\/pages\/768"}],"collection":[{"href":"https:\/\/managevirtually.sdu.edu.tr\/ro\/wp-json\/wp\/v2\/pages"}],"about":[{"href":"https:\/\/managevirtually.sdu.edu.tr\/ro\/wp-json\/wp\/v2\/types\/page"}],"author":[{"embeddable":true,"href":"https:\/\/managevirtually.sdu.edu.tr\/ro\/wp-json\/wp\/v2\/users\/1"}],"replies":[{"embeddable":true,"href":"https:\/\/managevirtually.sdu.edu.tr\/ro\/wp-json\/wp\/v2\/comments?post=768"}],"version-history":[{"count":3,"href":"https:\/\/managevirtually.sdu.edu.tr\/ro\/wp-json\/wp\/v2\/pages\/768\/revisions"}],"predecessor-version":[{"id":803,"href":"https:\/\/managevirtually.sdu.edu.tr\/ro\/wp-json\/wp\/v2\/pages\/768\/revisions\/803"}],"wp:attachment":[{"href":"https:\/\/managevirtually.sdu.edu.tr\/ro\/wp-json\/wp\/v2\/media?parent=768"}],"curies":[{"name":"wp","href":"https:\/\/api.w.org\/{rel}","templated":true}]}}