{"id":719,"date":"2025-10-15T11:10:37","date_gmt":"2025-10-15T11:10:37","guid":{"rendered":"https:\/\/managevirtually.sdu.edu.tr\/?page_id=719"},"modified":"2025-11-10T13:40:12","modified_gmt":"2025-11-10T10:40:12","slug":"conf-pl","status":"publish","type":"page","link":"https:\/\/managevirtually.sdu.edu.tr\/ro\/conf-pl\/","title":{"rendered":"Conferin\u021be Eveniment- Polania"},"content":{"rendered":"\n<p class=\"has-white-color has-text-color has-background has-link-color has-extra-small-font-size wp-elements-3cdfb3836e4eb738b40d67f9cd71891c\" style=\"background-color:#1a3b49\"><a name=\"conf1\">Conferin\u021be-Eveniment 1<\/a><\/p>\n\n\n\n<p>Ko 30-to Maj ko 6:00 PM, sas kerdo jekh online kidipe e Rromnjasa Dorota Kropelnicka (Direkt\u00f2rka va\u015b o Kvaliteto thaj o Barjaripe thaj Membro e Bordosqo) katar o Pronet Color\u00ae\ufe0f. Akava si jekh fabrika thaj servisno kompanija savi kerel buti ki industria e bojaki thaj e kovlimaski. Ko vakti e kidipasko, ma\u0161kar aver, sas diskutirime finansijake thaj kontabilitetoskere pu\u010dhimata save si la\u010dhe e studentonge ko vakti e simulaciengo.<br>O evento si organizuime sar kotor katar o projekto \u201eMenad\u017emento ande jekh Virtualno Luma\u201d implementirime ande Fakulteto pala Menad\u017emento thaj Ekonomija katar o Gda\u0144sko Tehnologijako Univerziteto ando programo Erasmus+.<br>O slogano e serijako: Te lel pes o d\u017eanglipe direktno katar e ekspertura save keren sukseso ande piri industria sako dives.<\/p>\n\n\n\n<figure class=\"wp-block-gallery has-nested-images columns-default is-cropped wp-block-gallery-1 is-layout-flex wp-block-gallery-is-layout-flex\">\n<figure class=\"wp-block-image size-large\"><img decoding=\"async\" data-id=\"660\" src=\"https:\/\/managevirtually.sdu.edu.tr\/wp-content\/uploads\/2025\/06\/WhatsApp-Image-2025-06-10-at-09.22.48-1-1024x575.jpeg\" alt=\"\" class=\"wp-image-660\"\/><\/figure>\n\n\n\n<figure class=\"wp-block-image size-large\"><img decoding=\"async\" data-id=\"659\" src=\"https:\/\/managevirtually.sdu.edu.tr\/wp-content\/uploads\/2025\/06\/WhatsApp-Image-2025-06-10-at-09.22.48-2-1024x575.jpeg\" alt=\"\" class=\"wp-image-659\"\/><\/figure>\n\n\n\n<figure class=\"wp-block-image size-large\"><img decoding=\"async\" data-id=\"658\" src=\"https:\/\/managevirtually.sdu.edu.tr\/wp-content\/uploads\/2025\/06\/WhatsApp-Image-2025-06-10-at-09.22.48-3-1024x572.jpeg\" alt=\"\" class=\"wp-image-658\"\/><\/figure>\n\n\n\n<figure class=\"wp-block-image size-large\"><img decoding=\"async\" data-id=\"657\" src=\"https:\/\/managevirtually.sdu.edu.tr\/wp-content\/uploads\/2025\/06\/WhatsApp-Image-2025-06-10-at-09.22.48-1024x554.jpeg\" alt=\"\" class=\"wp-image-657\"\/><\/figure>\n<\/figure>\n\n\n\n<hr class=\"wp-block-separator has-alpha-channel-opacity\"\/>\n\n\n\n<p class=\"has-white-color has-text-color has-background has-link-color has-extra-small-font-size wp-elements-091eefa0c64b16b23231263ac84242bf\" style=\"background-color:#1a3b49\"><a name=\"conf2\">Conferin\u021be-Eveniment 2<\/a><\/p>\n\n\n\n<figure class=\"wp-block-image aligncenter size-large\"><img decoding=\"async\" src=\"https:\/\/managevirtually.sdu.edu.tr\/wp-content\/uploads\/2025\/06\/WhatsApp-Image-2025-06-12-at-21.02.43-724x1024.jpeg\" alt=\"\" class=\"wp-image-673\"\/><\/figure>\n\n\n\n<p>Rezume e kidipnasko: Vorbitori e Edi Pyrek-esa<br>Data: 12 Juni 2025<br>Vrama: 5:00 PM (online)<br>Amen sam bahtale te phenas tumenqe kaj aver inspir\u00e0ciaqo kidipe e bizn\u00e8sosqe reprezent\u00e0nto\u00e7a sas kerdo online ko 12-to Juni 2025, ko 5:00 PM. Amaro gazda sas o Edi Pyrek, mentoro, avtor, sikavno, phirutno thaj eksperto vash strategikane komunikacie.<br>Ko vakti e sesiaqo, o Pyrek uladas e dikhimata katar lesqi buteder profesionalo eksperi\u00e8nca. Akana vov kerel buti sar Vizionarno Oficer ki GAIA Fondacia thaj ki iMind Institute.<br>Vov si ko-fundatori e iMind Institute, jekh privatno rodipasko centro dedikimo te putarel e manu\u0161ikane potencijalura. Vov si vi ko-kreatoro, khetanes e David Hansonesa, katar e GAIA Fondacia, Globalno Aliansa vash Inteligentno thaj Milostivo Artificialno Inteligenca. I Fondacia si dedikuime te promovirinel o barjaripe e etikane thaj responsibilune AI-esko ki sasti lumia. Maj but informacie pal-i GAIA Foundation \u015baj te arakhen pen ko https:\/\/globalai.life.<br>Rezume e temako e eventosko: Quo Vadis Homo?<br>Te rodel pes o avutnipe e manu\u0161ikane ande jekh vrama e generativno AI-esko thaj e eksponencialo progresosko<br>I sesia e Edi Pyrek-esa dineas jekh gindipeski eksplor\u00e0cia pal-i paruvdi r\u00f2la e manu\u015benqi an\u03b8-i jekh lumja savi si \u0107hivdi an\u03b8-i jekh \u015bukar transform\u00e0cia e teknol\u00f2giaqi. Sas jekh unikalno malavipe e gojasa savo dikhelas anglal peski vrama.<br>E klju\u010dne pu\u010dhimata save sas dine anglal o vorbipe sas:<br>\ud83d\udc49 Katar i agrikulturaki revolucia \u017ai ko AGI \u2013 sar evolvirisardas o than e manu\u015benqo an\u03b8-i lumja telal o impakto e tehnologikane paruvipnasko?<br>\ud83d\udc49 Si amen gata va\u015b konsciento adapt\u00e0cia kadale neve realiteturenqe?<br>\ud83d\udc49 Sar \u015baj te aven integrime e neuroscience, AI, thaj e flow states an\u03b8-i jekh vizia va\u015b o avutnipe e manu\u015benqo, e organiz\u00e0cienqo thaj e societ\u00e8turenqo?<br>\ud83e\udde0 O Edi Pyrek prezentisardas pesko originalno konc\u00e8pto va\u015b o eksponencialo barjaripe thaj akharda le particip\u00e0ntur\u0103 te g\u00eendin: Kaj \u017aas sar manu\u015ba \u2013 thaj si amen i zor te keras kadaja rig?<br>\ud83d\udd38 Akaja sesia si kerdini ba\u0161o odola so mangena te ha\u0107aren i lumia maj but thaj te len kotor ki ko-kreacia e avutnipaski.<\/p>\n\n\n\n<hr class=\"wp-block-separator has-alpha-channel-opacity\"\/>\n\n\n\n<p class=\"has-white-color has-text-color has-background has-link-color has-extra-small-font-size wp-elements-6c240eb451aca020f72e619cd7843336\" style=\"background-color:#1a3b49\"><a name=\"conf3\">Conferin\u021be-Eveniment 3<\/a><\/p>\n\n\n\n<p>I prezent\u00e0cia akhardi \u201eI r\u00f2la e start-up-enqi an\u03b8-o inovaciaqo ekosistemo\u201d prezentisard\u01ces o ekosistemo e inovaciaqo an\u03b8ar i perspekt\u00ecva e start-up-esqi, inkluziv te definisarel pes o maj importanto aktor\u01ce an\u03b8-o kadava ekosistemo. O CPS modelo (kliento-problemo-solucia) sas diskutime ande detalura sar jekh praktikano drom te lel pes o angluno drom te kerel pes jekh start-up. Ko vakti e prezent\u00e0ciaqo, sas xramosarde e majbare xat\u0103rimata e inici\u00e0torenqe an\u03b8-i angluni faza e start-up-esqi aktivit\u00e8ta. Pe aver rig, le participantura sas familiarizirime e praktikane savetencar thaj savetencar vash o funkcioniribe e start-up-engo. Pa\u0161e odova, i prezent\u00e0cia inkludisardas inform\u00e0cie pal-e avanta\u0292ur\u0103 thaj bi-la\u0107hipenata te finansisarel pes jekh start-up katar investicie (risko kapitalo) thaj katar publikane fondur\u0103 (subvencie, grantur\u0103).<\/p>\n\n\n\n<figure class=\"wp-block-image aligncenter size-large is-resized\"><img loading=\"lazy\" decoding=\"async\" width=\"724\" height=\"1024\" src=\"https:\/\/managevirtually.sdu.edu.tr\/ro\/wp-content\/uploads\/sites\/4\/2025\/10\/WhatsApp-Image-2025-10-16-at-12.15.57-724x1024.jpeg\" alt=\"\" class=\"wp-image-747\" style=\"width:673px;height:auto\" srcset=\"https:\/\/managevirtually.sdu.edu.tr\/ro\/wp-content\/uploads\/sites\/4\/2025\/10\/WhatsApp-Image-2025-10-16-at-12.15.57-724x1024.jpeg 724w, https:\/\/managevirtually.sdu.edu.tr\/ro\/wp-content\/uploads\/sites\/4\/2025\/10\/WhatsApp-Image-2025-10-16-at-12.15.57-212x300.jpeg 212w, https:\/\/managevirtually.sdu.edu.tr\/ro\/wp-content\/uploads\/sites\/4\/2025\/10\/WhatsApp-Image-2025-10-16-at-12.15.57-768x1086.jpeg 768w, https:\/\/managevirtually.sdu.edu.tr\/ro\/wp-content\/uploads\/sites\/4\/2025\/10\/WhatsApp-Image-2025-10-16-at-12.15.57-1086x1536.jpeg 1086w, https:\/\/managevirtually.sdu.edu.tr\/ro\/wp-content\/uploads\/sites\/4\/2025\/10\/WhatsApp-Image-2025-10-16-at-12.15.57.jpeg 1131w\" sizes=\"(max-width: 724px) 100vw, 724px\" \/><\/figure>\n\n\n\n<figure class=\"wp-block-image aligncenter size-large is-resized\"><img loading=\"lazy\" decoding=\"async\" width=\"791\" height=\"1024\" src=\"https:\/\/managevirtually.sdu.edu.tr\/ro\/wp-content\/uploads\/sites\/4\/2025\/10\/WhatsApp-Image-2025-10-16-at-12.15.57-1-791x1024.jpeg\" alt=\"\" class=\"wp-image-748\" style=\"width:528px;height:auto\" srcset=\"https:\/\/managevirtually.sdu.edu.tr\/ro\/wp-content\/uploads\/sites\/4\/2025\/10\/WhatsApp-Image-2025-10-16-at-12.15.57-1-791x1024.jpeg 791w, https:\/\/managevirtually.sdu.edu.tr\/ro\/wp-content\/uploads\/sites\/4\/2025\/10\/WhatsApp-Image-2025-10-16-at-12.15.57-1-232x300.jpeg 232w, https:\/\/managevirtually.sdu.edu.tr\/ro\/wp-content\/uploads\/sites\/4\/2025\/10\/WhatsApp-Image-2025-10-16-at-12.15.57-1-768x995.jpeg 768w, https:\/\/managevirtually.sdu.edu.tr\/ro\/wp-content\/uploads\/sites\/4\/2025\/10\/WhatsApp-Image-2025-10-16-at-12.15.57-1.jpeg 946w\" sizes=\"(max-width: 791px) 100vw, 791px\" \/><\/figure>\n\n\n\n<figure class=\"wp-block-image aligncenter size-large is-resized\"><img loading=\"lazy\" decoding=\"async\" width=\"612\" height=\"1024\" src=\"https:\/\/managevirtually.sdu.edu.tr\/ro\/wp-content\/uploads\/sites\/4\/2025\/10\/WhatsApp-Image-2025-10-16-at-12.15.57-2-612x1024.jpeg\" alt=\"\" class=\"wp-image-749\" style=\"width:540px;height:auto\" srcset=\"https:\/\/managevirtually.sdu.edu.tr\/ro\/wp-content\/uploads\/sites\/4\/2025\/10\/WhatsApp-Image-2025-10-16-at-12.15.57-2-612x1024.jpeg 612w, https:\/\/managevirtually.sdu.edu.tr\/ro\/wp-content\/uploads\/sites\/4\/2025\/10\/WhatsApp-Image-2025-10-16-at-12.15.57-2-179x300.jpeg 179w, https:\/\/managevirtually.sdu.edu.tr\/ro\/wp-content\/uploads\/sites\/4\/2025\/10\/WhatsApp-Image-2025-10-16-at-12.15.57-2.jpeg 702w\" sizes=\"(max-width: 612px) 100vw, 612px\" \/><\/figure>\n\n\n\n<hr class=\"wp-block-separator has-alpha-channel-opacity\"\/>\n\n\n\n<p><\/p>\n\n\n\n<p class=\"has-white-color has-text-color has-background has-link-color has-extra-small-font-size wp-elements-b56c9f4b2a692eec6b0557081518373e\" style=\"background-color:#1a3b49\"><a name=\"conf4\">Conferin\u021be-Eveniment 4<\/a><\/p>\n\n\n\n<p>Sar kotor e prezentaciako savo si akhardo \u201eIn\u017eenjeringo menad\u017emento e paruvipnasko ano konteksto te la\u010dharel pes o kvaliteto thaj efikasnost e procesurengo\u201d, sas diskutirime o specifi\u010dnost e in\u017eenjersko procesosko e menad\u017ementosko e paruvipnasko. Ano vahti e prezentaciako, sikavde sine o sherune karakteristike e procesesko thay o determinantya vash oleski implementipe ano manufakturake kompanie. E publika sas la shaipe te familiarizil pes e konceptosa vash o menad\u017emento e paruvipnasko thaj e in\u017eenjersko menad\u017emento e paruvipnasko. Ko vakti e prezentaciako, o diferencie ma\u0161kar o akharde procesia sine sikavde thaj i rola e komunikaciaki ko projektoske ekipe sine akcentirimi. I sasti prezent\u00e0cia sas suportirime katar jekh kazusoski studia, savi sikavelas e la\u0107hipenata va\u015b i diskutirime manufakturaqi firma.<\/p>\n\n\n\n<figure class=\"wp-block-image aligncenter size-large\"><img loading=\"lazy\" decoding=\"async\" width=\"724\" height=\"1024\" src=\"https:\/\/managevirtually.sdu.edu.tr\/ro\/wp-content\/uploads\/sites\/4\/2025\/10\/Plakat_Jakub_Tryczak-1-724x1024.png\" alt=\"\" class=\"wp-image-741\" srcset=\"https:\/\/managevirtually.sdu.edu.tr\/ro\/wp-content\/uploads\/sites\/4\/2025\/10\/Plakat_Jakub_Tryczak-1-724x1024.png 724w, https:\/\/managevirtually.sdu.edu.tr\/ro\/wp-content\/uploads\/sites\/4\/2025\/10\/Plakat_Jakub_Tryczak-1-212x300.png 212w, https:\/\/managevirtually.sdu.edu.tr\/ro\/wp-content\/uploads\/sites\/4\/2025\/10\/Plakat_Jakub_Tryczak-1-768x1086.png 768w, https:\/\/managevirtually.sdu.edu.tr\/ro\/wp-content\/uploads\/sites\/4\/2025\/10\/Plakat_Jakub_Tryczak-1-1086x1536.png 1086w, https:\/\/managevirtually.sdu.edu.tr\/ro\/wp-content\/uploads\/sites\/4\/2025\/10\/Plakat_Jakub_Tryczak-1-1448x2048.png 1448w, https:\/\/managevirtually.sdu.edu.tr\/ro\/wp-content\/uploads\/sites\/4\/2025\/10\/Plakat_Jakub_Tryczak-1.png 1587w\" sizes=\"(max-width: 724px) 100vw, 724px\" \/><\/figure>\n\n\n\n<figure class=\"wp-block-image size-large\"><img loading=\"lazy\" decoding=\"async\" width=\"1024\" height=\"515\" src=\"https:\/\/managevirtually.sdu.edu.tr\/ro\/wp-content\/uploads\/sites\/4\/2025\/10\/Zrzut-ekranu-2025-06-26-170705-1-1024x515.png\" alt=\"\" class=\"wp-image-742\" srcset=\"https:\/\/managevirtually.sdu.edu.tr\/ro\/wp-content\/uploads\/sites\/4\/2025\/10\/Zrzut-ekranu-2025-06-26-170705-1-1024x515.png 1024w, https:\/\/managevirtually.sdu.edu.tr\/ro\/wp-content\/uploads\/sites\/4\/2025\/10\/Zrzut-ekranu-2025-06-26-170705-1-300x151.png 300w, https:\/\/managevirtually.sdu.edu.tr\/ro\/wp-content\/uploads\/sites\/4\/2025\/10\/Zrzut-ekranu-2025-06-26-170705-1-768x386.png 768w, https:\/\/managevirtually.sdu.edu.tr\/ro\/wp-content\/uploads\/sites\/4\/2025\/10\/Zrzut-ekranu-2025-06-26-170705-1-1536x772.png 1536w, https:\/\/managevirtually.sdu.edu.tr\/ro\/wp-content\/uploads\/sites\/4\/2025\/10\/Zrzut-ekranu-2025-06-26-170705-1.png 1864w\" sizes=\"(max-width: 1024px) 100vw, 1024px\" \/><\/figure>\n\n\n\n<figure class=\"wp-block-image size-large\"><img loading=\"lazy\" decoding=\"async\" width=\"1024\" height=\"530\" src=\"https:\/\/managevirtually.sdu.edu.tr\/ro\/wp-content\/uploads\/sites\/4\/2025\/10\/Zrzut-ekranu-2025-06-26-172130-1-1024x530.png\" alt=\"\" class=\"wp-image-743\" srcset=\"https:\/\/managevirtually.sdu.edu.tr\/ro\/wp-content\/uploads\/sites\/4\/2025\/10\/Zrzut-ekranu-2025-06-26-172130-1-1024x530.png 1024w, https:\/\/managevirtually.sdu.edu.tr\/ro\/wp-content\/uploads\/sites\/4\/2025\/10\/Zrzut-ekranu-2025-06-26-172130-1-300x155.png 300w, https:\/\/managevirtually.sdu.edu.tr\/ro\/wp-content\/uploads\/sites\/4\/2025\/10\/Zrzut-ekranu-2025-06-26-172130-1-768x397.png 768w, https:\/\/managevirtually.sdu.edu.tr\/ro\/wp-content\/uploads\/sites\/4\/2025\/10\/Zrzut-ekranu-2025-06-26-172130-1-1536x795.png 1536w, https:\/\/managevirtually.sdu.edu.tr\/ro\/wp-content\/uploads\/sites\/4\/2025\/10\/Zrzut-ekranu-2025-06-26-172130-1.png 1894w\" sizes=\"(max-width: 1024px) 100vw, 1024px\" \/><\/figure>\n","protected":false},"excerpt":{"rendered":"<p>Conferin\u021be-Eveniment 1 Ko 30-to Maj ko 6:00 PM, sas kerdo jekh online kidipe e Rromnjasa Dorota Kropelnicka (Direkt\u00f2rka va\u015b o Kvaliteto thaj o Barjaripe thaj Membro e Bordosqo) katar o Pronet Color\u00ae\ufe0f. Akava si jekh fabrika thaj servisno kompanija savi kerel buti ki industria e bojaki thaj e kovlimaski. Ko vakti e kidipasko, ma\u0161kar aver, [&hellip;]<\/p>\n","protected":false},"author":1,"featured_media":0,"parent":0,"menu_order":0,"comment_status":"closed","ping_status":"closed","template":"","meta":{"footnotes":""},"class_list":["post-719","page","type-page","status-publish","hentry"],"_links":{"self":[{"href":"https:\/\/managevirtually.sdu.edu.tr\/ro\/wp-json\/wp\/v2\/pages\/719"}],"collection":[{"href":"https:\/\/managevirtually.sdu.edu.tr\/ro\/wp-json\/wp\/v2\/pages"}],"about":[{"href":"https:\/\/managevirtually.sdu.edu.tr\/ro\/wp-json\/wp\/v2\/types\/page"}],"author":[{"embeddable":true,"href":"https:\/\/managevirtually.sdu.edu.tr\/ro\/wp-json\/wp\/v2\/users\/1"}],"replies":[{"embeddable":true,"href":"https:\/\/managevirtually.sdu.edu.tr\/ro\/wp-json\/wp\/v2\/comments?post=719"}],"version-history":[{"count":2,"href":"https:\/\/managevirtually.sdu.edu.tr\/ro\/wp-json\/wp\/v2\/pages\/719\/revisions"}],"predecessor-version":[{"id":804,"href":"https:\/\/managevirtually.sdu.edu.tr\/ro\/wp-json\/wp\/v2\/pages\/719\/revisions\/804"}],"wp:attachment":[{"href":"https:\/\/managevirtually.sdu.edu.tr\/ro\/wp-json\/wp\/v2\/media?parent=719"}],"curies":[{"name":"wp","href":"https:\/\/api.w.org\/{rel}","templated":true}]}}