{"id":714,"date":"2025-10-15T11:05:49","date_gmt":"2025-10-15T11:05:49","guid":{"rendered":"https:\/\/managevirtually.sdu.edu.tr\/?page_id=714"},"modified":"2025-11-10T13:41:00","modified_gmt":"2025-11-10T10:41:00","slug":"conf-pt","status":"publish","type":"page","link":"https:\/\/managevirtually.sdu.edu.tr\/ro\/conf-pt\/","title":{"rendered":"Conferin\u021be Eveniment &#8211; Portugalia"},"content":{"rendered":"\n<h2 class=\"wp-block-heading has-white-color has-text-color has-background has-link-color has-extra-small-font-size wp-elements-57b6a1ff42876a6dfad5601c42b5e2b1\" style=\"background-color:#1a3b49\"><a name=\"conf1\">Conferin\u021be-Eveniment 1<\/a><\/h2>\n\n\n\n<p>Amaro angluno seminari, kotor katar o proj\u00e8kto Manage Virtually, sas kerdo ko 8-to Aprilo jekhe amare proj\u00e8ktosqe partneren\u00e7a, i Portugalia. Amen akharas e Tiago Fleming, Viceprezidenti e Portugalikane Marketing Asociaciaki (APPM). O seminari dikhlja e kompleksitetura e butjako marketi, o profilo e marketingoske profesionalengo, thaj e mangimata thaj e pharipa save trubun te nakhen.<\/p>\n\n\n\n<div class=\"wp-block-group is-vertical is-layout-flex wp-container-core-group-is-layout-1 wp-block-group-is-layout-flex\">\n<div class=\"wp-block-columns is-layout-flex wp-container-core-columns-is-layout-1 wp-block-columns-is-layout-flex\">\n<div class=\"wp-block-column is-layout-flow wp-block-column-is-layout-flow\" style=\"flex-basis:100%\">\n<figure class=\"wp-block-gallery has-nested-images columns-default is-cropped wp-block-gallery-1 is-layout-flex wp-block-gallery-is-layout-flex\">\n<figure class=\"wp-block-image size-large\"><img decoding=\"async\" src=\"https:\/\/managevirtually.sdu.edu.tr\/wp-content\/uploads\/2025\/04\/WhatsApp-Image-2025-04-15-at-12.29.07-2-1-768x1024.jpeg\" alt=\"\" class=\"wp-image-602\"\/><\/figure>\n\n\n\n<figure class=\"wp-block-image size-large\"><img decoding=\"async\" src=\"https:\/\/managevirtually.sdu.edu.tr\/wp-content\/uploads\/2025\/04\/WhatsApp-Image-2025-04-15-at-12.29.07-3-768x1024.jpeg\" alt=\"\" class=\"wp-image-603\"\/><\/figure>\n<\/figure>\n<\/div>\n<\/div>\n<\/div>\n\n\n\n<figure class=\"wp-block-gallery has-nested-images columns-default is-cropped wp-block-gallery-2 is-layout-flex wp-block-gallery-is-layout-flex\">\n<figure class=\"wp-block-image size-large\"><img decoding=\"async\" data-id=\"605\" src=\"https:\/\/managevirtually.sdu.edu.tr\/wp-content\/uploads\/2025\/04\/WhatsApp-Image-2025-04-15-at-12.29.07-1-2-1024x768.jpeg\" alt=\"\" class=\"wp-image-605\"\/><\/figure>\n<\/figure>\n\n\n\n<figure class=\"wp-block-image aligncenter size-large\"><img decoding=\"async\" src=\"https:\/\/managevirtually.sdu.edu.tr\/wp-content\/uploads\/2025\/07\/image003-1-819x1024.jpg\" alt=\"\" class=\"wp-image-679\"\/><\/figure>\n\n\n\n<hr class=\"wp-block-separator has-alpha-channel-opacity\"\/>\n\n\n\n<p class=\"has-white-color has-text-color has-background has-link-color has-extra-small-font-size wp-elements-091eefa0c64b16b23231263ac84242bf\" style=\"background-color:#1a3b49\"><a name=\"conf2\">Conferin\u021be-Eveniment 2<\/a><\/p>\n\n\n\n<p>Ko 3-to Juni, kerdam aver seminari sar kotor katar o projekto #managevirtually, e Dr. Natacha Santos katar PwC, jekh globalno revizijaki thaj konsultaciaki firma. O seminari sikavelas but aspektura katar e biznisoski internacionalizacia, leske pharipa thaj \u015banse.<\/p>\n\n\n\n<figure class=\"wp-block-image aligncenter size-full\"><img loading=\"lazy\" decoding=\"async\" width=\"512\" height=\"640\" src=\"https:\/\/managevirtually.sdu.edu.tr\/ro\/wp-content\/uploads\/sites\/4\/2025\/10\/image001.png\" alt=\"\" class=\"wp-image-730\" srcset=\"https:\/\/managevirtually.sdu.edu.tr\/ro\/wp-content\/uploads\/sites\/4\/2025\/10\/image001.png 512w, https:\/\/managevirtually.sdu.edu.tr\/ro\/wp-content\/uploads\/sites\/4\/2025\/10\/image001-240x300.png 240w\" sizes=\"(max-width: 512px) 100vw, 512px\" \/><\/figure>\n\n\n\n<hr class=\"wp-block-separator has-alpha-channel-opacity\"\/>\n\n\n\n<p class=\"has-white-color has-text-color has-background has-link-color has-extra-small-font-size wp-elements-6c240eb451aca020f72e619cd7843336\" style=\"background-color:#1a3b49\"><a name=\"conf3\">Conferin\u021be-Eveniment 3<\/a><\/p>\n\n\n\n<p>3-to seminari andar o projekto Manage Virtually sas prezentisardo katar o profesori thaj entrepreneri Adalmiro Pereira. Kado seminari sas kerdo pal-i tema e lideripeski: So si te aves lidero? Sfide, \u015banse thaj praktik\u00e0lo egz\u00e0mplur\u0103 (3-to Juni 2025-to ber\u015b).<\/p>\n\n\n\n<figure class=\"wp-block-image aligncenter size-full\"><img loading=\"lazy\" decoding=\"async\" width=\"512\" height=\"640\" src=\"https:\/\/managevirtually.sdu.edu.tr\/ro\/wp-content\/uploads\/sites\/4\/2025\/10\/image002.png\" alt=\"\" class=\"wp-image-731\" srcset=\"https:\/\/managevirtually.sdu.edu.tr\/ro\/wp-content\/uploads\/sites\/4\/2025\/10\/image002.png 512w, https:\/\/managevirtually.sdu.edu.tr\/ro\/wp-content\/uploads\/sites\/4\/2025\/10\/image002-240x300.png 240w\" sizes=\"(max-width: 512px) 100vw, 512px\" \/><\/figure>\n\n\n\n<hr class=\"wp-block-separator has-alpha-channel-opacity\"\/>\n\n\n\n<p class=\"has-white-color has-text-color has-background has-link-color has-extra-small-font-size wp-elements-b56c9f4b2a692eec6b0557081518373e\" style=\"background-color:#1a3b49\"><a name=\"conf4\">Conferin\u021be-Eveniment 4<\/a><\/p>\n\n\n\n<figure class=\"wp-block-image size-large\"><img loading=\"lazy\" decoding=\"async\" width=\"819\" height=\"1024\" src=\"https:\/\/managevirtually.sdu.edu.tr\/ro\/wp-content\/uploads\/sites\/4\/2025\/10\/4th-seminar-819x1024.png\" alt=\"\" class=\"wp-image-734\" srcset=\"https:\/\/managevirtually.sdu.edu.tr\/ro\/wp-content\/uploads\/sites\/4\/2025\/10\/4th-seminar-819x1024.png 819w, https:\/\/managevirtually.sdu.edu.tr\/ro\/wp-content\/uploads\/sites\/4\/2025\/10\/4th-seminar-240x300.png 240w, https:\/\/managevirtually.sdu.edu.tr\/ro\/wp-content\/uploads\/sites\/4\/2025\/10\/4th-seminar-768x960.png 768w, https:\/\/managevirtually.sdu.edu.tr\/ro\/wp-content\/uploads\/sites\/4\/2025\/10\/4th-seminar.png 1080w\" sizes=\"(max-width: 819px) 100vw, 819px\" \/><\/figure>\n","protected":false},"excerpt":{"rendered":"<p>Conferin\u021be-Eveniment 1 Amaro angluno seminari, kotor katar o proj\u00e8kto Manage Virtually, sas kerdo ko 8-to Aprilo jekhe amare proj\u00e8ktosqe partneren\u00e7a, i Portugalia. Amen akharas e Tiago Fleming, Viceprezidenti e Portugalikane Marketing Asociaciaki (APPM). O seminari dikhlja e kompleksitetura e butjako marketi, o profilo e marketingoske profesionalengo, thaj e mangimata thaj e pharipa save trubun te [&hellip;]<\/p>\n","protected":false},"author":1,"featured_media":0,"parent":0,"menu_order":0,"comment_status":"closed","ping_status":"closed","template":"","meta":{"footnotes":""},"class_list":["post-714","page","type-page","status-publish","hentry"],"_links":{"self":[{"href":"https:\/\/managevirtually.sdu.edu.tr\/ro\/wp-json\/wp\/v2\/pages\/714"}],"collection":[{"href":"https:\/\/managevirtually.sdu.edu.tr\/ro\/wp-json\/wp\/v2\/pages"}],"about":[{"href":"https:\/\/managevirtually.sdu.edu.tr\/ro\/wp-json\/wp\/v2\/types\/page"}],"author":[{"embeddable":true,"href":"https:\/\/managevirtually.sdu.edu.tr\/ro\/wp-json\/wp\/v2\/users\/1"}],"replies":[{"embeddable":true,"href":"https:\/\/managevirtually.sdu.edu.tr\/ro\/wp-json\/wp\/v2\/comments?post=714"}],"version-history":[{"count":2,"href":"https:\/\/managevirtually.sdu.edu.tr\/ro\/wp-json\/wp\/v2\/pages\/714\/revisions"}],"predecessor-version":[{"id":805,"href":"https:\/\/managevirtually.sdu.edu.tr\/ro\/wp-json\/wp\/v2\/pages\/714\/revisions\/805"}],"wp:attachment":[{"href":"https:\/\/managevirtually.sdu.edu.tr\/ro\/wp-json\/wp\/v2\/media?parent=714"}],"curies":[{"name":"wp","href":"https:\/\/api.w.org\/{rel}","templated":true}]}}