{"id":701,"date":"2025-10-14T11:50:28","date_gmt":"2025-10-14T11:50:28","guid":{"rendered":"https:\/\/managevirtually.sdu.edu.tr\/?page_id=701"},"modified":"2025-12-29T12:41:26","modified_gmt":"2025-12-29T09:41:26","slug":"conf-tr","status":"publish","type":"page","link":"https:\/\/managevirtually.sdu.edu.tr\/ro\/conf-tr\/","title":{"rendered":"Conferin\u021be-Eveniment &#8211; Turcia"},"content":{"rendered":"\n<h2 class=\"wp-block-heading has-white-color has-text-color has-background has-link-color has-extra-small-font-size wp-elements-57b6a1ff42876a6dfad5601c42b5e2b1\" style=\"background-color:#1a3b49\"><a name=\"conf1\">Conferin\u021be-Eveniment 1<\/a><\/h2>\n\n\n\n<p class=\"has-text-align-left\">Sar kotor katar amaro proj\u00e8kto e Evropaki Uniaqo, kerd\u0103m jekh produktivo konfer\u00e8nca amare simul\u00e0ciaqe kl\u00e0sa\u00e7a po 26-to Maj 2025. O Sinem G\u00fcm\u00fc\u015f, Operaciaqo Mena\u017a\u00e8ro k-o Nazar Tekstil, ulavd\u0103s i tekstiloqi ind\u00f9stria amare studenturen\u03b8ar, phenindoj amare themesqi pozicia an\u03b8-i late, thaj lesqe la\u0107hipenata thaj bi la\u0107hipenata. Voj atun\u010di phendas e scenariura save amen uladam e studentonca ande amari simulaciaki klasa, fokusirindoj pe biznis aktivitetura. Voj kerdas jekh aplik\u00e0cia sar egz\u00e0mplo, specifiko eksplik\u00e0ciaqe laqe eksperiencur\u01ce an\u03b8-i anal\u00ecza thaj selekcia e marketosqi, an\u03b8-i kalkul\u00e0cia e kostosqi praktik\u00e0lo, o tipo e kreditosqo, o riziko e kursosqo, an\u03b8-o planiripe thaj an\u03b8-i logistika. Voj atun\u010di dineas anglal pe studentonge pu\u010dhimata.<\/p>\n\n\n\n<figure class=\"wp-block-gallery has-nested-images columns-default is-cropped wp-block-gallery-1 is-layout-flex wp-block-gallery-is-layout-flex\">\n<figure class=\"wp-block-image size-large\"><img decoding=\"async\" data-id=\"647\" src=\"https:\/\/managevirtually.sdu.edu.tr\/wp-content\/uploads\/2025\/05\/WhatsApp-Image-2025-05-28-at-13.46.52-1-1024x768.jpeg\" alt=\"\" class=\"wp-image-647\"\/><\/figure>\n\n\n\n<figure class=\"wp-block-image size-large\"><img decoding=\"async\" data-id=\"648\" src=\"https:\/\/managevirtually.sdu.edu.tr\/wp-content\/uploads\/2025\/05\/WhatsApp-Image-2025-05-28-at-13.46.52-1024x768.jpeg\" alt=\"\" class=\"wp-image-648\"\/><\/figure>\n<\/figure>\n\n\n\n<figure class=\"wp-block-gallery has-nested-images columns-default is-cropped wp-block-gallery-2 is-layout-flex wp-block-gallery-is-layout-flex\">\n<figure class=\"wp-block-image size-large\"><img decoding=\"async\" data-id=\"650\" src=\"https:\/\/managevirtually.sdu.edu.tr\/wp-content\/uploads\/2025\/05\/WhatsApp-Image-2025-05-28-at-13.48.08-768x1024.jpeg\" alt=\"\" class=\"wp-image-650\"\/><\/figure>\n\n\n\n<figure class=\"wp-block-image size-large\"><img decoding=\"async\" data-id=\"649\" src=\"https:\/\/managevirtually.sdu.edu.tr\/wp-content\/uploads\/2025\/05\/WhatsApp-Image-2025-05-28-at-13.46.52-2-768x1024.jpeg\" alt=\"\" class=\"wp-image-649\"\/><\/figure>\n<\/figure>\n\n\n\n<hr class=\"wp-block-separator has-alpha-channel-opacity\"\/>\n\n\n\n<h2 class=\"wp-block-heading has-white-color has-text-color has-background has-link-color has-extra-small-font-size wp-elements-cc1d20b2d4993e7610004e25bdb1d70e\" style=\"background-color:#1a3b49\"><a name=\"conf2\">Conferin\u021be-Eveniment 2<\/a><\/h2>\n\n\n\n<p>Amen kerdjam amari dujto konferencia amare simulaciake klasasa ko 2-to Juni 2025. O Sinem Kargal\u0131 \u015eeng\u00fcl Eren kotar o G\u00fclbirlik Rosense lia kotor sar vorbitori. Generalo informacie sas dino pal-i fundacia thaj o butjaripen e Rosense markako. Detalura sas ulade pal-o pozicioniripe e markako, strategie va\u015b o barjaripe, thaj pal-e bikinimaske thaj marketingosqe objektivur\u0103 an\u03b8-e themesqe thaj ma\u015bkarthemutne marketur\u0103. E markaki kompetitivno struktura pe regionalne, nacionalne thaj ma\u0161karthemutne marketura sas diskutirime, thaj lake eksperiencije d\u017ei akana sas ulade. Ko agor e konferenciako, e studentonge pu\u010dhimata sas dine at\u00f9n\u0107imata.<\/p>\n\n\n\n<figure class=\"wp-block-image aligncenter size-large\"><img decoding=\"async\" src=\"https:\/\/managevirtually.sdu.edu.tr\/wp-content\/uploads\/2025\/06\/WhatsApp-Image-2025-06-11-at-13.24.31-768x1024.jpeg\" alt=\"\" class=\"wp-image-669\"\/><\/figure>\n\n\n\n<figure class=\"wp-block-image size-large\"><img decoding=\"async\" src=\"https:\/\/managevirtually.sdu.edu.tr\/wp-content\/uploads\/2025\/06\/WhatsApp-Image-2025-06-11-at-13.24.01-1024x768.jpeg\" alt=\"\" class=\"wp-image-670\"\/><\/figure>\n\n\n\n<figure class=\"wp-block-image size-large\"><img decoding=\"async\" src=\"https:\/\/managevirtually.sdu.edu.tr\/wp-content\/uploads\/2025\/06\/WhatsApp-Image-2025-06-11-at-13.26.05-1-1024x768.jpeg\" alt=\"\" class=\"wp-image-665\"\/><\/figure>\n\n\n\n<hr class=\"wp-block-separator has-alpha-channel-opacity\"\/>\n\n\n\n<p class=\"has-white-color has-text-color has-background has-link-color has-extra-small-font-size wp-elements-6c240eb451aca020f72e619cd7843336\" style=\"background-color:#1a3b49\"><a name=\"conf3\">Conferin\u021be-Eveniment 3<\/a><\/p>\n\n\n\n<p>Ano paluno konferencijako evento amare projektosko Menad\u017emento ano Virtualno Lumja, amen andam khetane e biznismenen kotar e nevi tekstilno kompanija, Cielo Venti, amare studentonca ko \u0106hon, 26 Juni 2025. O G\u00fcl Ery\u0131lmaz, jekh kotar e biznismenja kotar o Cielo Venti, ulavda e studentoncar e parami\u010da kotar e brendoski establisaripe, vizija thaj misia. E markake strategie vash o marketi, konkurenciake kapacitetura thaj avutne goalura sas eksplicirime ande detalura, thaj e produktonge mostre sas sikavde e studentonge. E studentura sikade baro intereso pala kadi nevi inicijativa thaj bi\u010dhalde pire pu\u010dhimata karing e Cielo Venti biznismenura po agor e konferenciako. Palal i sesia va\u015b o pu\u0107hipen thaj o at\u00f9n\u0107ipen, sas prezentisarde certifik\u00e0tur\u0103 va\u015b o \u015bukaripen e Cielo Venti-esqe antreprenorenqe.<\/p>\n\n\n\n<figure class=\"wp-block-image size-large\"><img loading=\"lazy\" decoding=\"async\" width=\"1013\" height=\"1024\" src=\"https:\/\/managevirtually.sdu.edu.tr\/ro\/wp-content\/uploads\/sites\/4\/2025\/10\/image-1-1013x1024.png\" alt=\"\" class=\"wp-image-752\" srcset=\"https:\/\/managevirtually.sdu.edu.tr\/ro\/wp-content\/uploads\/sites\/4\/2025\/10\/image-1-1013x1024.png 1013w, https:\/\/managevirtually.sdu.edu.tr\/ro\/wp-content\/uploads\/sites\/4\/2025\/10\/image-1-297x300.png 297w, https:\/\/managevirtually.sdu.edu.tr\/ro\/wp-content\/uploads\/sites\/4\/2025\/10\/image-1-768x776.png 768w, https:\/\/managevirtually.sdu.edu.tr\/ro\/wp-content\/uploads\/sites\/4\/2025\/10\/image-1.png 1126w\" sizes=\"(max-width: 1013px) 100vw, 1013px\" \/><\/figure>\n\n\n\n<figure class=\"wp-block-image aligncenter size-large\"><img loading=\"lazy\" decoding=\"async\" width=\"768\" height=\"1024\" src=\"https:\/\/managevirtually.sdu.edu.tr\/ro\/wp-content\/uploads\/sites\/4\/2025\/10\/WhatsApp-Image-2025-06-30-at-13.04.01-768x1024.jpeg\" alt=\"\" class=\"wp-image-753\" srcset=\"https:\/\/managevirtually.sdu.edu.tr\/ro\/wp-content\/uploads\/sites\/4\/2025\/10\/WhatsApp-Image-2025-06-30-at-13.04.01-768x1024.jpeg 768w, https:\/\/managevirtually.sdu.edu.tr\/ro\/wp-content\/uploads\/sites\/4\/2025\/10\/WhatsApp-Image-2025-06-30-at-13.04.01-225x300.jpeg 225w, https:\/\/managevirtually.sdu.edu.tr\/ro\/wp-content\/uploads\/sites\/4\/2025\/10\/WhatsApp-Image-2025-06-30-at-13.04.01-1152x1536.jpeg 1152w, https:\/\/managevirtually.sdu.edu.tr\/ro\/wp-content\/uploads\/sites\/4\/2025\/10\/WhatsApp-Image-2025-06-30-at-13.04.01.jpeg 1536w\" sizes=\"(max-width: 768px) 100vw, 768px\" \/><\/figure>\n\n\n\n<figure class=\"wp-block-image aligncenter size-large\"><img loading=\"lazy\" decoding=\"async\" width=\"768\" height=\"1024\" src=\"https:\/\/managevirtually.sdu.edu.tr\/ro\/wp-content\/uploads\/sites\/4\/2025\/10\/WhatsApp-Image-2025-06-30-at-13.04.12-768x1024.jpeg\" alt=\"\" class=\"wp-image-754\" srcset=\"https:\/\/managevirtually.sdu.edu.tr\/ro\/wp-content\/uploads\/sites\/4\/2025\/10\/WhatsApp-Image-2025-06-30-at-13.04.12-768x1024.jpeg 768w, https:\/\/managevirtually.sdu.edu.tr\/ro\/wp-content\/uploads\/sites\/4\/2025\/10\/WhatsApp-Image-2025-06-30-at-13.04.12-225x300.jpeg 225w, https:\/\/managevirtually.sdu.edu.tr\/ro\/wp-content\/uploads\/sites\/4\/2025\/10\/WhatsApp-Image-2025-06-30-at-13.04.12-1152x1536.jpeg 1152w, https:\/\/managevirtually.sdu.edu.tr\/ro\/wp-content\/uploads\/sites\/4\/2025\/10\/WhatsApp-Image-2025-06-30-at-13.04.12.jpeg 1536w\" sizes=\"(max-width: 768px) 100vw, 768px\" \/><\/figure>\n\n\n\n<hr class=\"wp-block-separator has-alpha-channel-opacity\"\/>\n\n\n\n<p class=\"has-white-color has-text-color has-background has-link-color has-extra-small-font-size wp-elements-b56c9f4b2a692eec6b0557081518373e\" style=\"background-color:#1a3b49\"><a name=\"conf4\">Conferin\u021be-Eveniment 4<\/a><\/p>\n\n\n\n<p>Directorul Grupului de Dezvoltare a Afacerilor al companiei Kanat Boya, Murat Demirhindi, le-a prezentat studen\u021bilor no\u0219tri din clasa de simulare activit\u0103\u021bile de cercetare \u0219i dezvoltare, procesele de materii prime \u0219i etapele de intrare pe pia\u021b\u0103.<\/p>\n\n\n\n<figure class=\"wp-block-image size-large\"><img loading=\"lazy\" decoding=\"async\" width=\"1024\" height=\"768\" src=\"https:\/\/managevirtually.sdu.edu.tr\/ro\/wp-content\/uploads\/sites\/4\/2025\/12\/WhatsApp-Image-2025-12-04-at-14.23.44-1024x768.jpeg\" alt=\"\" class=\"wp-image-825\" srcset=\"https:\/\/managevirtually.sdu.edu.tr\/ro\/wp-content\/uploads\/sites\/4\/2025\/12\/WhatsApp-Image-2025-12-04-at-14.23.44-1024x768.jpeg 1024w, https:\/\/managevirtually.sdu.edu.tr\/ro\/wp-content\/uploads\/sites\/4\/2025\/12\/WhatsApp-Image-2025-12-04-at-14.23.44-300x225.jpeg 300w, https:\/\/managevirtually.sdu.edu.tr\/ro\/wp-content\/uploads\/sites\/4\/2025\/12\/WhatsApp-Image-2025-12-04-at-14.23.44-768x576.jpeg 768w, https:\/\/managevirtually.sdu.edu.tr\/ro\/wp-content\/uploads\/sites\/4\/2025\/12\/WhatsApp-Image-2025-12-04-at-14.23.44-1536x1152.jpeg 1536w, https:\/\/managevirtually.sdu.edu.tr\/ro\/wp-content\/uploads\/sites\/4\/2025\/12\/WhatsApp-Image-2025-12-04-at-14.23.44.jpeg 1600w\" sizes=\"(max-width: 1024px) 100vw, 1024px\" \/><\/figure>\n\n\n\n<figure class=\"wp-block-image aligncenter size-large\"><img loading=\"lazy\" decoding=\"async\" width=\"768\" height=\"1024\" src=\"https:\/\/managevirtually.sdu.edu.tr\/ro\/wp-content\/uploads\/sites\/4\/2025\/12\/WhatsApp-Image-2025-12-04-at-14.23.27-768x1024.jpeg\" alt=\"\" class=\"wp-image-826\" srcset=\"https:\/\/managevirtually.sdu.edu.tr\/ro\/wp-content\/uploads\/sites\/4\/2025\/12\/WhatsApp-Image-2025-12-04-at-14.23.27-768x1024.jpeg 768w, https:\/\/managevirtually.sdu.edu.tr\/ro\/wp-content\/uploads\/sites\/4\/2025\/12\/WhatsApp-Image-2025-12-04-at-14.23.27-225x300.jpeg 225w, https:\/\/managevirtually.sdu.edu.tr\/ro\/wp-content\/uploads\/sites\/4\/2025\/12\/WhatsApp-Image-2025-12-04-at-14.23.27-1152x1536.jpeg 1152w, https:\/\/managevirtually.sdu.edu.tr\/ro\/wp-content\/uploads\/sites\/4\/2025\/12\/WhatsApp-Image-2025-12-04-at-14.23.27.jpeg 1536w\" sizes=\"(max-width: 768px) 100vw, 768px\" \/><\/figure>\n\n\n\n<figure class=\"wp-block-image aligncenter size-large\"><img loading=\"lazy\" decoding=\"async\" width=\"768\" height=\"1024\" src=\"https:\/\/managevirtually.sdu.edu.tr\/ro\/wp-content\/uploads\/sites\/4\/2025\/12\/WhatsApp-Image-2025-12-04-at-14.23.17-768x1024.jpeg\" alt=\"\" class=\"wp-image-827\" srcset=\"https:\/\/managevirtually.sdu.edu.tr\/ro\/wp-content\/uploads\/sites\/4\/2025\/12\/WhatsApp-Image-2025-12-04-at-14.23.17-768x1024.jpeg 768w, https:\/\/managevirtually.sdu.edu.tr\/ro\/wp-content\/uploads\/sites\/4\/2025\/12\/WhatsApp-Image-2025-12-04-at-14.23.17-225x300.jpeg 225w, https:\/\/managevirtually.sdu.edu.tr\/ro\/wp-content\/uploads\/sites\/4\/2025\/12\/WhatsApp-Image-2025-12-04-at-14.23.17-1152x1536.jpeg 1152w, https:\/\/managevirtually.sdu.edu.tr\/ro\/wp-content\/uploads\/sites\/4\/2025\/12\/WhatsApp-Image-2025-12-04-at-14.23.17.jpeg 1200w\" sizes=\"(max-width: 768px) 100vw, 768px\" \/><\/figure>\n\n\n\n<hr class=\"wp-block-separator has-alpha-channel-opacity\"\/>\n\n\n\n<p><\/p>\n\n\n\n<p><\/p>\n","protected":false},"excerpt":{"rendered":"<p>Conferin\u021be-Eveniment 1 Sar kotor katar amaro proj\u00e8kto e Evropaki Uniaqo, kerd\u0103m jekh produktivo konfer\u00e8nca amare simul\u00e0ciaqe kl\u00e0sa\u00e7a po 26-to Maj 2025. O Sinem G\u00fcm\u00fc\u015f, Operaciaqo Mena\u017a\u00e8ro k-o Nazar Tekstil, ulavd\u0103s i tekstiloqi ind\u00f9stria amare studenturen\u03b8ar, phenindoj amare themesqi pozicia an\u03b8-i late, thaj lesqe la\u0107hipenata thaj bi la\u0107hipenata. Voj atun\u010di phendas e scenariura save amen uladam [&hellip;]<\/p>\n","protected":false},"author":1,"featured_media":0,"parent":0,"menu_order":0,"comment_status":"closed","ping_status":"closed","template":"","meta":{"footnotes":""},"class_list":["post-701","page","type-page","status-publish","hentry"],"_links":{"self":[{"href":"https:\/\/managevirtually.sdu.edu.tr\/ro\/wp-json\/wp\/v2\/pages\/701"}],"collection":[{"href":"https:\/\/managevirtually.sdu.edu.tr\/ro\/wp-json\/wp\/v2\/pages"}],"about":[{"href":"https:\/\/managevirtually.sdu.edu.tr\/ro\/wp-json\/wp\/v2\/types\/page"}],"author":[{"embeddable":true,"href":"https:\/\/managevirtually.sdu.edu.tr\/ro\/wp-json\/wp\/v2\/users\/1"}],"replies":[{"embeddable":true,"href":"https:\/\/managevirtually.sdu.edu.tr\/ro\/wp-json\/wp\/v2\/comments?post=701"}],"version-history":[{"count":5,"href":"https:\/\/managevirtually.sdu.edu.tr\/ro\/wp-json\/wp\/v2\/pages\/701\/revisions"}],"predecessor-version":[{"id":828,"href":"https:\/\/managevirtually.sdu.edu.tr\/ro\/wp-json\/wp\/v2\/pages\/701\/revisions\/828"}],"wp:attachment":[{"href":"https:\/\/managevirtually.sdu.edu.tr\/ro\/wp-json\/wp\/v2\/media?parent=701"}],"curies":[{"name":"wp","href":"https:\/\/api.w.org\/{rel}","templated":true}]}}