{"id":581,"date":"2025-05-22T13:31:51","date_gmt":"2025-05-22T10:31:51","guid":{"rendered":"https:\/\/managevirtually.sdu.edu.tr\/ro\/?page_id=581"},"modified":"2025-05-22T13:32:08","modified_gmt":"2025-05-22T10:32:08","slug":"tpm4","status":"publish","type":"page","link":"https:\/\/managevirtually.sdu.edu.tr\/ro\/tpm4\/","title":{"rendered":"Reuniunile proiectului \/ 4. Reuniunea Transna\u021bional\u0103 a Proiectului"},"content":{"rendered":"\n<p><\/p>\n\n\n\n<p>A patra \u00eent\u00e2lnire transna\u021bional\u0103 a proiectului a avut loc la Porto, g\u0103zduit\u0103 de Universitatea Politehnic\u0103 din Porto (ISCAP), cu participarea tuturor partenerilor, \u00een perioada 11-15 mai 2025. La \u00eent\u00e2lnire au participat partenerii din Rom\u00e2nia, Italia, Turcia \u0219i Polonia. Deciziile luate la a treia \u00eent\u00e2lnire transna\u021bional\u0103 a proiectului, care a avut loc la Gda\u0144sk, Polonia, au fost analizate \u00een cadrul recentei reuniuni. Criteriile de evaluare ale rapoartelor individuale elaborate de studen\u0163i au fost dezb\u0103tute \u015fi a fost stabilit un model de raport. \u00centreb\u0103rile partenerilor pe aceast\u0103 tem\u0103 au primit r\u0103spuns din partea managerului proiectului. Totodat\u0103, au fost discutate rezultatele testelor de performan\u021b\u0103 aplicate studen\u021bilor \u015fi au fost \u00eemp\u0103rt\u0103\u0219ite informa\u021bii detaliate despre conferin\u021bele pe care fiecare \u021bar\u0103 trebuie s\u0103 le organizeze \u00een cadrul proiectului. \u00cen timpul \u00eent\u00e2lnirii, corul de muzic\u0103 al Universit\u0103\u021bii Politehnice din Porto (ISCAP) a sus\u021binut un recital tradi\u021bional. \u00cen a doua parte a \u00eent\u00e2lnirii, au avut loc \u00eent\u00e2lniri fa\u021b\u0103 \u00een fa\u021b\u0103 cu studen\u021bii din echipa de proiect a Universit\u0103\u021bii Politehnice din Porto (ISCAP), iar fiecare student \u0219i-a \u00eemp\u0103rt\u0103\u0219it experien\u021bele \u0219i sugestiile cu privire la proiect. \u00cen a doua zi a \u00eent\u00e2lnirii, a fost organizat un tur al campusului pentru a consolida comunicarea dintre parteneri \u0219i pentru a cunoa\u0219te Universitatea Politehnic\u0103 din Porto (ISCAP). \u00cen plus, a fost evaluat modul de implementare a scenariilor doi \u0219i trei iar problemele semnalate au fost rezolvate. \u00cen final, s-a discutat despre data de \u00eenchidere a proiectului, care va avea loc \u00een Turcia, iar \u00eent\u00e2lnirea s-a \u00eencheiat prin distribuirea sarcinilor c\u0103tre to\u021bi partenerii.<\/p>\n\n\n\n<p><\/p>\n\n\n\n<figure class=\"wp-block-image size-large\"><img decoding=\"async\" src=\"https:\/\/managevirtually.sdu.edu.tr\/wp-content\/uploads\/2025\/05\/WhatsApp-Image-2025-05-21-at-14.10.30-4-1024x768.jpeg\" alt=\"\" class=\"wp-image-617\"\/><\/figure>\n\n\n\n<figure class=\"wp-block-gallery has-nested-images columns-default is-cropped wp-block-gallery-1 is-layout-flex wp-block-gallery-is-layout-flex\">\n<figure class=\"wp-block-image size-large\"><img decoding=\"async\" data-id=\"618\" src=\"https:\/\/managevirtually.sdu.edu.tr\/wp-content\/uploads\/2025\/05\/WhatsApp-Image-2025-05-21-at-14.10.27-1-768x1024.jpeg\" alt=\"\" class=\"wp-image-618\"\/><\/figure>\n\n\n\n<figure class=\"wp-block-image size-large\"><img decoding=\"async\" data-id=\"621\" src=\"https:\/\/managevirtually.sdu.edu.tr\/wp-content\/uploads\/2025\/05\/WhatsApp-Image-2025-05-21-at-14.10.27-2-768x1024.jpeg\" alt=\"\" class=\"wp-image-621\"\/><\/figure>\n\n\n\n<figure class=\"wp-block-image size-large\"><img decoding=\"async\" data-id=\"619\" src=\"https:\/\/managevirtually.sdu.edu.tr\/wp-content\/uploads\/2025\/05\/WhatsApp-Image-2025-05-21-at-14.10.27-3-768x1024.jpeg\" alt=\"\" class=\"wp-image-619\"\/><\/figure>\n\n\n\n<figure class=\"wp-block-image size-large\"><img decoding=\"async\" data-id=\"623\" src=\"https:\/\/managevirtually.sdu.edu.tr\/wp-content\/uploads\/2025\/05\/WhatsApp-Image-2025-05-21-at-14.10.27-4-768x1024.jpeg\" alt=\"\" class=\"wp-image-623\"\/><\/figure>\n\n\n\n<figure class=\"wp-block-image size-large\"><img decoding=\"async\" data-id=\"622\" src=\"https:\/\/managevirtually.sdu.edu.tr\/wp-content\/uploads\/2025\/05\/WhatsApp-Image-2025-05-21-at-14.10.27-768x1024.jpeg\" alt=\"\" class=\"wp-image-622\"\/><\/figure>\n\n\n\n<figure class=\"wp-block-image size-large\"><img decoding=\"async\" data-id=\"620\" src=\"https:\/\/managevirtually.sdu.edu.tr\/wp-content\/uploads\/2025\/05\/WhatsApp-Image-2025-05-21-at-14.10.28-1-768x1024.jpeg\" alt=\"\" class=\"wp-image-620\"\/><\/figure>\n\n\n\n<figure class=\"wp-block-image size-large\"><img decoding=\"async\" data-id=\"624\" src=\"https:\/\/managevirtually.sdu.edu.tr\/wp-content\/uploads\/2025\/05\/WhatsApp-Image-2025-05-21-at-14.10.28-2-768x1024.jpeg\" alt=\"\" class=\"wp-image-624\"\/><\/figure>\n\n\n\n<figure class=\"wp-block-image size-large\"><img decoding=\"async\" data-id=\"625\" src=\"https:\/\/managevirtually.sdu.edu.tr\/wp-content\/uploads\/2025\/05\/WhatsApp-Image-2025-05-21-at-14.10.28-3-768x1024.jpeg\" alt=\"\" class=\"wp-image-625\"\/><\/figure>\n\n\n\n<figure class=\"wp-block-image size-large\"><img decoding=\"async\" data-id=\"626\" src=\"https:\/\/managevirtually.sdu.edu.tr\/wp-content\/uploads\/2025\/05\/WhatsApp-Image-2025-05-21-at-14.10.28-4-577x1024.jpeg\" alt=\"\" class=\"wp-image-626\"\/><\/figure>\n\n\n\n<figure class=\"wp-block-image size-large\"><img decoding=\"async\" data-id=\"627\" src=\"https:\/\/managevirtually.sdu.edu.tr\/wp-content\/uploads\/2025\/05\/WhatsApp-Image-2025-05-21-at-14.10.28-5-577x1024.jpeg\" alt=\"\" class=\"wp-image-627\"\/><\/figure>\n\n\n\n<figure class=\"wp-block-image size-large\"><img decoding=\"async\" data-id=\"628\" src=\"https:\/\/managevirtually.sdu.edu.tr\/wp-content\/uploads\/2025\/05\/WhatsApp-Image-2025-05-21-at-14.10.28-768x1024.jpeg\" alt=\"\" class=\"wp-image-628\"\/><\/figure>\n\n\n\n<figure class=\"wp-block-image size-large\"><img decoding=\"async\" data-id=\"629\" src=\"https:\/\/managevirtually.sdu.edu.tr\/wp-content\/uploads\/2025\/05\/WhatsApp-Image-2025-05-21-at-14.10.29-1-576x1024.jpeg\" alt=\"\" class=\"wp-image-629\"\/><\/figure>\n\n\n\n<figure class=\"wp-block-image size-large\"><img decoding=\"async\" data-id=\"630\" src=\"https:\/\/managevirtually.sdu.edu.tr\/wp-content\/uploads\/2025\/05\/WhatsApp-Image-2025-05-21-at-14.10.29-2-576x1024.jpeg\" alt=\"\" class=\"wp-image-630\"\/><\/figure>\n\n\n\n<figure class=\"wp-block-image size-large\"><img decoding=\"async\" data-id=\"631\" src=\"https:\/\/managevirtually.sdu.edu.tr\/wp-content\/uploads\/2025\/05\/WhatsApp-Image-2025-05-21-at-14.10.29-3-576x1024.jpeg\" alt=\"\" class=\"wp-image-631\"\/><\/figure>\n\n\n\n<figure class=\"wp-block-image size-large\"><img decoding=\"async\" data-id=\"632\" src=\"https:\/\/managevirtually.sdu.edu.tr\/wp-content\/uploads\/2025\/05\/WhatsApp-Image-2025-05-21-at-14.10.29-4-576x1024.jpeg\" alt=\"\" class=\"wp-image-632\"\/><\/figure>\n\n\n\n<figure class=\"wp-block-image size-large\"><img decoding=\"async\" data-id=\"633\" src=\"https:\/\/managevirtually.sdu.edu.tr\/wp-content\/uploads\/2025\/05\/WhatsApp-Image-2025-05-21-at-14.10.29-5-576x1024.jpeg\" alt=\"\" class=\"wp-image-633\"\/><\/figure>\n\n\n\n<figure class=\"wp-block-image size-large\"><img decoding=\"async\" data-id=\"634\" src=\"https:\/\/managevirtually.sdu.edu.tr\/wp-content\/uploads\/2025\/05\/WhatsApp-Image-2025-05-21-at-14.10.29-577x1024.jpeg\" alt=\"\" class=\"wp-image-634\"\/><\/figure>\n\n\n\n<figure class=\"wp-block-image size-large\"><img decoding=\"async\" data-id=\"638\" src=\"https:\/\/managevirtually.sdu.edu.tr\/wp-content\/uploads\/2025\/05\/WhatsApp-Image-2025-05-21-at-14.10.30-576x1024.jpeg\" alt=\"\" class=\"wp-image-638\"\/><\/figure>\n\n\n\n<figure class=\"wp-block-image size-large\"><img decoding=\"async\" data-id=\"635\" src=\"https:\/\/managevirtually.sdu.edu.tr\/wp-content\/uploads\/2025\/05\/WhatsApp-Image-2025-05-21-at-14.10.30-1-768x1024.jpeg\" alt=\"\" class=\"wp-image-635\"\/><\/figure>\n\n\n\n<figure class=\"wp-block-image size-large\"><img decoding=\"async\" data-id=\"636\" src=\"https:\/\/managevirtually.sdu.edu.tr\/wp-content\/uploads\/2025\/05\/WhatsApp-Image-2025-05-21-at-14.10.30-2-706x1024.jpeg\" alt=\"\" class=\"wp-image-636\"\/><\/figure>\n\n\n\n<figure class=\"wp-block-image size-large\"><img decoding=\"async\" data-id=\"637\" src=\"https:\/\/managevirtually.sdu.edu.tr\/wp-content\/uploads\/2025\/05\/WhatsApp-Image-2025-05-21-at-14.10.30-3-768x1024.jpeg\" alt=\"\" class=\"wp-image-637\"\/><\/figure>\n<\/figure>\n\n\n\n<p><\/p>\n\n\n\n<p><\/p>\n\n\n\n<p><\/p>\n","protected":false},"excerpt":{"rendered":"<p>A patra \u00eent\u00e2lnire transna\u021bional\u0103 a proiectului a avut loc la Porto, g\u0103zduit\u0103 de Universitatea Politehnic\u0103 din Porto (ISCAP), cu participarea tuturor partenerilor, \u00een perioada 11-15 mai 2025. La \u00eent\u00e2lnire au participat partenerii din Rom\u00e2nia, Italia, Turcia \u0219i Polonia. Deciziile luate la a treia \u00eent\u00e2lnire transna\u021bional\u0103 a proiectului, care a avut loc la Gda\u0144sk, Polonia, au [&hellip;]<\/p>\n","protected":false},"author":1,"featured_media":0,"parent":0,"menu_order":0,"comment_status":"closed","ping_status":"closed","template":"","meta":{"footnotes":""},"class_list":["post-581","page","type-page","status-publish","hentry"],"_links":{"self":[{"href":"https:\/\/managevirtually.sdu.edu.tr\/ro\/wp-json\/wp\/v2\/pages\/581"}],"collection":[{"href":"https:\/\/managevirtually.sdu.edu.tr\/ro\/wp-json\/wp\/v2\/pages"}],"about":[{"href":"https:\/\/managevirtually.sdu.edu.tr\/ro\/wp-json\/wp\/v2\/types\/page"}],"author":[{"embeddable":true,"href":"https:\/\/managevirtually.sdu.edu.tr\/ro\/wp-json\/wp\/v2\/users\/1"}],"replies":[{"embeddable":true,"href":"https:\/\/managevirtually.sdu.edu.tr\/ro\/wp-json\/wp\/v2\/comments?post=581"}],"version-history":[{"count":2,"href":"https:\/\/managevirtually.sdu.edu.tr\/ro\/wp-json\/wp\/v2\/pages\/581\/revisions"}],"predecessor-version":[{"id":583,"href":"https:\/\/managevirtually.sdu.edu.tr\/ro\/wp-json\/wp\/v2\/pages\/581\/revisions\/583"}],"wp:attachment":[{"href":"https:\/\/managevirtually.sdu.edu.tr\/ro\/wp-json\/wp\/v2\/media?parent=581"}],"curies":[{"name":"wp","href":"https:\/\/api.w.org\/{rel}","templated":true}]}}