{"id":568,"date":"2025-04-13T14:10:53","date_gmt":"2025-04-13T11:10:53","guid":{"rendered":"https:\/\/managevirtually.sdu.edu.tr\/ro\/?page_id=568"},"modified":"2025-04-13T14:11:06","modified_gmt":"2025-04-13T11:11:06","slug":"tpm3","status":"publish","type":"page","link":"https:\/\/managevirtually.sdu.edu.tr\/ro\/tpm3\/","title":{"rendered":"Reuniunile proiectului \/ 3. Reuniunea Transna\u021bional\u0103 a Proiectului"},"content":{"rendered":"\n<p>A treia \u00eent\u00e2lnire transna\u021bional\u0103 a proiectului nostru a avut loc \u00een perioada 1-2 aprilie 2025, cu participarea tuturor partenerilor, fiind g\u0103zduit\u0103 de Universitatea de Tehnologie din Gda\u0144sk (Gda\u0144sk Tech). La \u00eent\u00e2lnire au participat partenerii din Rom\u00e2nia, Italia, Turcia, Portugalia \u0219i Polonia. Au fost trecute \u00een revist\u0103 deciziile luate \u00een cadrul celei de-a doua \u00eent\u00e2lniri transna\u021bionale de proiect, desf\u0103\u0219urat\u0103 la Bucure\u0219ti. De asemenea, au fost analizate \u0219i discutate rezultatele testelor de evaluare a cuno\u015ftin\u0163elor de business aplicate studen\u0163ilor din universit\u0103\u0163ile participante. \u00cen plus, au fost formate grupele de studen\u0163i \u015fi s-a stabilit modalitatea de coordonare \u015fi supraveghere a acestora. \u00cen a doua zi a \u00eent\u00e2lnirii, a fost organizat un tur al campusului pentru a consolida comunicarea dintre parteneri \u0219i pentru a cunoa\u0219te Universitatea de Tehnologie din Gda\u0144sk (Gda\u0144sk Tech). \u00cen plus, a fost rulat primul scenariu al jocului de \u00eentreprindere de c\u0103tre to\u0163i partenerii proiectului \u0219i au fost rezolvate problemele ap\u0103rute. S-a discutat data celei de-a patra \u00eent\u00e2lniri transna\u021bionale a proiectui, care va avea loc \u00een Portugalia, \u00eent\u00e2lnirea fiind \u00eencheiat\u0103 prin repartizarea sarcinilor c\u0103tre partenerii proiectului.<\/p>\n\n\n\n<p><\/p>\n\n\n\n<figure class=\"wp-block-gallery has-nested-images columns-default is-cropped wp-block-gallery-1 is-layout-flex wp-block-gallery-is-layout-flex\">\n<figure class=\"wp-block-image size-large\"><img decoding=\"async\" data-id=\"584\" src=\"https:\/\/managevirtually.sdu.edu.tr\/wp-content\/uploads\/2025\/04\/WhatsApp-Image-2025-04-08-at-13.19.35-1-1-1024x768.jpeg\" alt=\"\" class=\"wp-image-584\"\/><\/figure>\n\n\n\n<figure class=\"wp-block-image size-large\"><img decoding=\"async\" data-id=\"583\" src=\"https:\/\/managevirtually.sdu.edu.tr\/wp-content\/uploads\/2025\/04\/WhatsApp-Image-2025-04-08-at-13.19.35-5-1024x768.jpeg\" alt=\"\" class=\"wp-image-583\"\/><\/figure>\n<\/figure>\n\n\n\n<figure class=\"wp-block-gallery has-nested-images columns-default is-cropped wp-block-gallery-2 is-layout-flex wp-block-gallery-is-layout-flex\">\n<figure class=\"wp-block-image size-large\"><img decoding=\"async\" data-id=\"570\" src=\"https:\/\/managevirtually.sdu.edu.tr\/wp-content\/uploads\/2025\/04\/WhatsApp-Image-2025-04-08-at-13.19.35-2-768x1024.jpeg\" alt=\"\" class=\"wp-image-570\"\/><\/figure>\n\n\n\n<figure class=\"wp-block-image size-large\"><img decoding=\"async\" data-id=\"571\" src=\"https:\/\/managevirtually.sdu.edu.tr\/wp-content\/uploads\/2025\/04\/WhatsApp-Image-2025-04-08-at-13.19.35-3-768x1024.jpeg\" alt=\"\" class=\"wp-image-571\"\/><\/figure>\n\n\n\n<figure class=\"wp-block-image size-large\"><img decoding=\"async\" data-id=\"567\" src=\"https:\/\/managevirtually.sdu.edu.tr\/wp-content\/uploads\/2025\/04\/WhatsApp-Image-2025-04-08-at-13.19.35-4-768x1024.jpeg\" alt=\"\" class=\"wp-image-567\"\/><\/figure>\n\n\n\n<figure class=\"wp-block-image size-large\"><img decoding=\"async\" data-id=\"566\" src=\"https:\/\/managevirtually.sdu.edu.tr\/wp-content\/uploads\/2025\/04\/WhatsApp-Image-2025-04-08-at-13.19.36-1-768x1024.jpeg\" alt=\"\" class=\"wp-image-566\"\/><\/figure>\n\n\n\n<figure class=\"wp-block-image size-large\"><img decoding=\"async\" data-id=\"572\" src=\"https:\/\/managevirtually.sdu.edu.tr\/wp-content\/uploads\/2025\/04\/WhatsApp-Image-2025-04-08-at-13.19.36-2-768x1024.jpeg\" alt=\"\" class=\"wp-image-572\"\/><\/figure>\n\n\n\n<figure class=\"wp-block-image size-large\"><img decoding=\"async\" data-id=\"574\" src=\"https:\/\/managevirtually.sdu.edu.tr\/wp-content\/uploads\/2025\/04\/WhatsApp-Image-2025-04-08-at-13.19.36-3-768x1024.jpeg\" alt=\"\" class=\"wp-image-574\"\/><\/figure>\n\n\n\n<figure class=\"wp-block-image size-large\"><img decoding=\"async\" data-id=\"573\" src=\"https:\/\/managevirtually.sdu.edu.tr\/wp-content\/uploads\/2025\/04\/WhatsApp-Image-2025-04-08-at-13.19.36-4-768x1024.jpeg\" alt=\"\" class=\"wp-image-573\"\/><\/figure>\n\n\n\n<figure class=\"wp-block-image size-large\"><img decoding=\"async\" data-id=\"575\" src=\"https:\/\/managevirtually.sdu.edu.tr\/wp-content\/uploads\/2025\/04\/WhatsApp-Image-2025-04-08-at-13.19.36-768x1024.jpeg\" alt=\"\" class=\"wp-image-575\"\/><\/figure>\n\n\n\n<figure class=\"wp-block-image size-large\"><img decoding=\"async\" data-id=\"576\" src=\"https:\/\/managevirtually.sdu.edu.tr\/wp-content\/uploads\/2025\/04\/WhatsApp-Image-2025-04-08-at-13.20.02-768x1024.jpeg\" alt=\"\" class=\"wp-image-576\"\/><\/figure>\n\n\n\n<figure class=\"wp-block-image size-large\"><img decoding=\"async\" data-id=\"577\" src=\"https:\/\/managevirtually.sdu.edu.tr\/wp-content\/uploads\/2025\/04\/WhatsApp-Image-2025-04-08-at-13.20.33-1-768x1024.jpeg\" alt=\"\" class=\"wp-image-577\"\/><\/figure>\n\n\n\n<figure class=\"wp-block-image size-large\"><img decoding=\"async\" data-id=\"578\" src=\"https:\/\/managevirtually.sdu.edu.tr\/wp-content\/uploads\/2025\/04\/WhatsApp-Image-2025-04-08-at-13.20.33-2-768x1024.jpeg\" alt=\"\" class=\"wp-image-578\"\/><\/figure>\n\n\n\n<figure class=\"wp-block-image size-large\"><img decoding=\"async\" data-id=\"580\" src=\"https:\/\/managevirtually.sdu.edu.tr\/wp-content\/uploads\/2025\/04\/WhatsApp-Image-2025-04-08-at-13.20.33-768x1024.jpeg\" alt=\"\" class=\"wp-image-580\"\/><\/figure>\n\n\n\n<figure class=\"wp-block-image size-large\"><img decoding=\"async\" data-id=\"579\" src=\"https:\/\/managevirtually.sdu.edu.tr\/wp-content\/uploads\/2025\/04\/WhatsApp-Image-2025-04-08-at-13.20.33-3-768x1024.jpeg\" alt=\"\" class=\"wp-image-579\"\/><\/figure>\n\n\n\n<figure class=\"wp-block-image size-large\"><img decoding=\"async\" data-id=\"581\" src=\"https:\/\/managevirtually.sdu.edu.tr\/wp-content\/uploads\/2025\/04\/WhatsApp-Image-2025-04-08-at-13.20.34-1-768x1024.jpeg\" alt=\"\" class=\"wp-image-581\"\/><\/figure>\n\n\n\n<figure class=\"wp-block-image size-large\"><img decoding=\"async\" data-id=\"582\" src=\"https:\/\/managevirtually.sdu.edu.tr\/wp-content\/uploads\/2025\/04\/WhatsApp-Image-2025-04-08-at-13.20.34-768x1024.jpeg\" alt=\"\" class=\"wp-image-582\"\/><\/figure>\n<\/figure>\n\n\n\n<p><\/p>\n","protected":false},"excerpt":{"rendered":"<p>A treia \u00eent\u00e2lnire transna\u021bional\u0103 a proiectului nostru a avut loc \u00een perioada 1-2 aprilie 2025, cu participarea tuturor partenerilor, fiind g\u0103zduit\u0103 de Universitatea de Tehnologie din Gda\u0144sk (Gda\u0144sk Tech). La \u00eent\u00e2lnire au participat partenerii din Rom\u00e2nia, Italia, Turcia, Portugalia \u0219i Polonia. Au fost trecute \u00een revist\u0103 deciziile luate \u00een cadrul celei de-a doua \u00eent\u00e2lniri transna\u021bionale [&hellip;]<\/p>\n","protected":false},"author":1,"featured_media":0,"parent":0,"menu_order":0,"comment_status":"closed","ping_status":"closed","template":"","meta":{"footnotes":""},"class_list":["post-568","page","type-page","status-publish","hentry"],"_links":{"self":[{"href":"https:\/\/managevirtually.sdu.edu.tr\/ro\/wp-json\/wp\/v2\/pages\/568"}],"collection":[{"href":"https:\/\/managevirtually.sdu.edu.tr\/ro\/wp-json\/wp\/v2\/pages"}],"about":[{"href":"https:\/\/managevirtually.sdu.edu.tr\/ro\/wp-json\/wp\/v2\/types\/page"}],"author":[{"embeddable":true,"href":"https:\/\/managevirtually.sdu.edu.tr\/ro\/wp-json\/wp\/v2\/users\/1"}],"replies":[{"embeddable":true,"href":"https:\/\/managevirtually.sdu.edu.tr\/ro\/wp-json\/wp\/v2\/comments?post=568"}],"version-history":[{"count":2,"href":"https:\/\/managevirtually.sdu.edu.tr\/ro\/wp-json\/wp\/v2\/pages\/568\/revisions"}],"predecessor-version":[{"id":570,"href":"https:\/\/managevirtually.sdu.edu.tr\/ro\/wp-json\/wp\/v2\/pages\/568\/revisions\/570"}],"wp:attachment":[{"href":"https:\/\/managevirtually.sdu.edu.tr\/ro\/wp-json\/wp\/v2\/media?parent=568"}],"curies":[{"name":"wp","href":"https:\/\/api.w.org\/{rel}","templated":true}]}}