{"id":548,"date":"2025-03-20T08:16:00","date_gmt":"2025-03-20T08:16:00","guid":{"rendered":"https:\/\/managevirtually.sdu.edu.tr\/?page_id=540"},"modified":"2025-03-20T11:27:03","modified_gmt":"2025-03-20T08:27:03","slug":"meeting1","status":"publish","type":"page","link":"https:\/\/managevirtually.sdu.edu.tr\/ro\/meeting1\/","title":{"rendered":"Reuniunea interimar\u0103 1"},"content":{"rendered":"\n<p>\u00cen data de 14.03.2025, a avut loc o \u00eent\u00e2lnire online cu participarea tuturor partenerilor de proiect sub pre\u0219edin\u021bia \u021b\u0103rii coordonatoare. \u00cen cadrul \u00eent\u00e2lnirii au fost discutate cursuri teoretice. S-au \u00eemp\u0103rt\u0103\u0219it informa\u021bii despre cursuri \u0219i au fost discutate despre TPM-urile care vor avea loc la Gdansk \u0219i Porto.<\/p>\n\n\n\n<figure class=\"wp-block-image aligncenter size-large\"><img decoding=\"async\" src=\"https:\/\/managevirtually.sdu.edu.tr\/ro\/wp-content\/uploads\/sites\/4\/2025\/03\/WhatsApp-Image-2025-03-14-at-16.57.01-1024x453.jpeg\" alt=\"\" class=\"wp-image-542\"\/><\/figure>\n","protected":false},"excerpt":{"rendered":"<p>\u00cen data de 14.03.2025, a avut loc o \u00eent\u00e2lnire online cu participarea tuturor partenerilor de proiect sub pre\u0219edin\u021bia \u021b\u0103rii coordonatoare. \u00cen cadrul \u00eent\u00e2lnirii au fost discutate cursuri teoretice. S-au \u00eemp\u0103rt\u0103\u0219it informa\u021bii despre cursuri \u0219i au fost discutate despre TPM-urile care vor avea loc la Gdansk \u0219i Porto.<\/p>\n","protected":false},"author":1,"featured_media":0,"parent":0,"menu_order":0,"comment_status":"closed","ping_status":"closed","template":"","meta":{"footnotes":""},"class_list":["post-548","page","type-page","status-publish","hentry"],"_links":{"self":[{"href":"https:\/\/managevirtually.sdu.edu.tr\/ro\/wp-json\/wp\/v2\/pages\/548"}],"collection":[{"href":"https:\/\/managevirtually.sdu.edu.tr\/ro\/wp-json\/wp\/v2\/pages"}],"about":[{"href":"https:\/\/managevirtually.sdu.edu.tr\/ro\/wp-json\/wp\/v2\/types\/page"}],"author":[{"embeddable":true,"href":"https:\/\/managevirtually.sdu.edu.tr\/ro\/wp-json\/wp\/v2\/users\/1"}],"replies":[{"embeddable":true,"href":"https:\/\/managevirtually.sdu.edu.tr\/ro\/wp-json\/wp\/v2\/comments?post=548"}],"version-history":[{"count":1,"href":"https:\/\/managevirtually.sdu.edu.tr\/ro\/wp-json\/wp\/v2\/pages\/548\/revisions"}],"predecessor-version":[{"id":550,"href":"https:\/\/managevirtually.sdu.edu.tr\/ro\/wp-json\/wp\/v2\/pages\/548\/revisions\/550"}],"wp:attachment":[{"href":"https:\/\/managevirtually.sdu.edu.tr\/ro\/wp-json\/wp\/v2\/media?parent=548"}],"curies":[{"name":"wp","href":"https:\/\/api.w.org\/{rel}","templated":true}]}}