{"id":458,"date":"2025-01-16T10:12:37","date_gmt":"2025-01-16T07:12:37","guid":{"rendered":"https:\/\/managevirtually.sdu.edu.tr\/ro\/?page_id=458"},"modified":"2025-01-24T16:28:28","modified_gmt":"2025-01-24T13:28:28","slug":"pl-person4","status":"publish","type":"page","link":"https:\/\/managevirtually.sdu.edu.tr\/ro\/pl-person4\/","title":{"rendered":"Prof. Jaros\u0142aw Zi\u0119tarski"},"content":{"rendered":"\n<figure class=\"wp-block-image aligncenter size-full\"><img loading=\"lazy\" decoding=\"async\" width=\"258\" height=\"386\" src=\"https:\/\/managevirtually.sdu.edu.tr\/ro\/wp-content\/uploads\/sites\/4\/2025\/01\/image.png\" alt=\"\" class=\"wp-image-505\" srcset=\"https:\/\/managevirtually.sdu.edu.tr\/ro\/wp-content\/uploads\/sites\/4\/2025\/01\/image.png 258w, https:\/\/managevirtually.sdu.edu.tr\/ro\/wp-content\/uploads\/sites\/4\/2025\/01\/image-201x300.png 201w\" sizes=\"(max-width: 258px) 100vw, 258px\" \/><\/figure>\n\n\n\n<p>Jaros\u0142aw Zi\u0119tarski este lector la Departamentul de Finan\u021be al Facult\u0103\u021bii de Management \u0219i Economie a Universit\u0103\u021bii de Tehnologie din Gdansk. Jaros\u0142aw de\u021bine o diplom\u0103 de master \u0219i un doctorat, ambele \u00een economie. A absolvit studii postuniversitare \u201eManager de proiect de cercetare \u0219i dezvoltare\u201d. Sus\u021bine cursuri de management al finan\u021belor, riscului \u0219i lichidit\u0103\u021bii \u00een \u00eentreprinderi precum \u0219i cursuri de contabilitate financiar\u0103 \u015fi managerial\u0103. Este manager cu o experien\u021b\u0103 de peste 15 ani, at\u00e2t \u00een sectorul IMM-urilor, c\u00e2t \u015fi \u00een cadrul unor corpora\u021bii interna\u021bionale A de\u021binut func\u021bia de director de sucursal\u0103 \u00een patru b\u0103nci diferite, fiind responsabil pentru diverse sectoare de pia\u021b\u0103: \u00eentreprinderi mari, IMM-uri \u0219i retail banking. Jaros\u0142aw a fost coordonator \u0219i participant la nivel na\u021bional de proiecte educa\u021bionale \u0219i are propriul canal pe platforma YouTube numit \u201eFAT CAT Financial Education\u201d unde popularizeaz\u0103 cuno\u0219tin\u021bele \u00een domeniul contabilit\u0103\u021bii manageriale. A fost membru al comitetului de organizare a celei de-a 28-a conferin\u021b\u0103 international\u0103 intitulat\u0103 \u201cSocietatea Finan\u021belor\u00a0Multina\u021bionale\u201d. Interesele sale actuale de cercetare includ, \u00een principal, formele moderne de educa\u021bie \u0219i educa\u021bia financiar\u0103.<\/p>\n","protected":false},"excerpt":{"rendered":"<p>Jaros\u0142aw Zi\u0119tarski este lector la Departamentul de Finan\u021be al Facult\u0103\u021bii de Management \u0219i Economie a Universit\u0103\u021bii de Tehnologie din Gdansk. Jaros\u0142aw de\u021bine o diplom\u0103 de master \u0219i un doctorat, ambele \u00een economie. A absolvit studii postuniversitare \u201eManager de proiect de cercetare \u0219i dezvoltare\u201d. Sus\u021bine cursuri de management al finan\u021belor, riscului \u0219i lichidit\u0103\u021bii \u00een \u00eentreprinderi precum [&hellip;]<\/p>\n","protected":false},"author":1,"featured_media":0,"parent":0,"menu_order":0,"comment_status":"closed","ping_status":"closed","template":"","meta":{"footnotes":""},"class_list":["post-458","page","type-page","status-publish","hentry"],"_links":{"self":[{"href":"https:\/\/managevirtually.sdu.edu.tr\/ro\/wp-json\/wp\/v2\/pages\/458"}],"collection":[{"href":"https:\/\/managevirtually.sdu.edu.tr\/ro\/wp-json\/wp\/v2\/pages"}],"about":[{"href":"https:\/\/managevirtually.sdu.edu.tr\/ro\/wp-json\/wp\/v2\/types\/page"}],"author":[{"embeddable":true,"href":"https:\/\/managevirtually.sdu.edu.tr\/ro\/wp-json\/wp\/v2\/users\/1"}],"replies":[{"embeddable":true,"href":"https:\/\/managevirtually.sdu.edu.tr\/ro\/wp-json\/wp\/v2\/comments?post=458"}],"version-history":[{"count":3,"href":"https:\/\/managevirtually.sdu.edu.tr\/ro\/wp-json\/wp\/v2\/pages\/458\/revisions"}],"predecessor-version":[{"id":509,"href":"https:\/\/managevirtually.sdu.edu.tr\/ro\/wp-json\/wp\/v2\/pages\/458\/revisions\/509"}],"wp:attachment":[{"href":"https:\/\/managevirtually.sdu.edu.tr\/ro\/wp-json\/wp\/v2\/media?parent=458"}],"curies":[{"name":"wp","href":"https:\/\/api.w.org\/{rel}","templated":true}]}}