{"id":457,"date":"2024-12-13T08:38:39","date_gmt":"2024-12-13T05:38:39","guid":{"rendered":"https:\/\/managevirtually.sdu.edu.tr\/en\/?page_id=456"},"modified":"2025-02-06T20:01:39","modified_gmt":"2025-02-06T17:01:39","slug":"tpm2","status":"publish","type":"page","link":"https:\/\/managevirtually.sdu.edu.tr\/ro\/tpm2\/","title":{"rendered":"Reuniunile proiectului \/ 2. Reuniunea Transna\u021bional\u0103 a Proiectului"},"content":{"rendered":"\n<p>Al 2-lea TPM al Proiectului \u201eManagement \u00eentr-o Lume Virtual\u0103\u201d a avut loc \u00een perioada 04-05 decembrie 2024 \u00een Bucure\u0219ti, Rom\u00e2nia. TPM-ul a fost g\u0103zduit de Academia de Studii Economice din Bucure\u0219ti (ASE). La \u00eent\u00e2lnire au participat to\u021bi partenerii din Rom\u00e2nia, Italia, Portugalia, Polonia \u0219i Turcia. \u00cen prima zi a \u0219edin\u021bei s-au rev\u0103zut activit\u0103\u0163ile desf\u0103\u015furate \u00een cadrul primului TPM \u0219i au fost \u00eemp\u0103rt\u0103\u0219ite activit\u0103\u021bile finalizate. Partenerii au avut ocazia s\u0103 discute despre testele de performan\u021b\u0103 \u0219i \u00eentreb\u0103rile de interviu care vor fi aplicate studen\u021bilor. Echipa de proiect a avut o \u00eent\u00e2lnire\u00a0 cu prorectoratul universit\u0103\u021bii, unde s-a discutat despre viitoare cooper\u0103ri. \u00cen a doua zi a \u00eent\u00e2lnirii, fost testat programul informatic de simulare de business \u00een vederea implement\u0103rii primului scenariu. Totodat\u0103, au fost discutate datele celui de-al treilea TPM \u0219i s-a efectuat planificarea activit\u0103\u0163ilor \u00eentre parteneri.<\/p>\n\n\n\n<figure class=\"wp-block-gallery has-nested-images columns-2 is-cropped wp-block-gallery-1 is-layout-flex wp-block-gallery-is-layout-flex\">\n<figure class=\"wp-block-image size-large\"><img decoding=\"async\" data-id=\"477\" src=\"https:\/\/managevirtually.sdu.edu.tr\/wp-content\/uploads\/2024\/12\/WhatsApp-Image-2024-12-10-at-14.04.36-768x1024.jpeg\" alt=\"\" class=\"wp-image-477\"\/><\/figure>\n\n\n\n<figure class=\"wp-block-image size-large\"><img decoding=\"async\" data-id=\"473\" src=\"https:\/\/managevirtually.sdu.edu.tr\/wp-content\/uploads\/2024\/12\/WhatsApp-Image-2024-12-10-at-14.04.35-2-768x1024.jpeg\" alt=\"\" class=\"wp-image-473\"\/><\/figure>\n\n\n\n<figure class=\"wp-block-image size-large\"><img decoding=\"async\" data-id=\"474\" src=\"https:\/\/managevirtually.sdu.edu.tr\/wp-content\/uploads\/2024\/12\/WhatsApp-Image-2024-12-10-at-14.04.36-1-768x1024.jpeg\" alt=\"\" class=\"wp-image-474\"\/><\/figure>\n\n\n\n<figure class=\"wp-block-image size-large\"><img decoding=\"async\" data-id=\"475\" src=\"https:\/\/managevirtually.sdu.edu.tr\/wp-content\/uploads\/2024\/12\/WhatsApp-Image-2024-12-10-at-14.04.35-1024x768.jpeg\" alt=\"\" class=\"wp-image-475\"\/><\/figure>\n\n\n\n<figure class=\"wp-block-image size-large\"><img decoding=\"async\" data-id=\"471\" src=\"https:\/\/managevirtually.sdu.edu.tr\/wp-content\/uploads\/2024\/12\/WhatsApp-Image-2024-12-10-at-14.04.35-1-768x1024.jpeg\" alt=\"\" class=\"wp-image-471\"\/><\/figure>\n\n\n\n<figure class=\"wp-block-image size-large\"><img decoding=\"async\" data-id=\"465\" src=\"https:\/\/managevirtually.sdu.edu.tr\/wp-content\/uploads\/2024\/12\/WhatsApp-Image-2024-12-10-at-14.04.32-768x1024.jpeg\" alt=\"\" class=\"wp-image-465\"\/><\/figure>\n\n\n\n<figure class=\"wp-block-image size-large\"><img decoding=\"async\" data-id=\"468\" src=\"https:\/\/managevirtually.sdu.edu.tr\/wp-content\/uploads\/2024\/12\/WhatsApp-Image-2024-12-10-at-14.04.33-768x1024.jpeg\" alt=\"\" class=\"wp-image-468\"\/><\/figure>\n\n\n\n<figure class=\"wp-block-image size-large\"><img decoding=\"async\" data-id=\"469\" src=\"https:\/\/managevirtually.sdu.edu.tr\/wp-content\/uploads\/2024\/12\/WhatsApp-Image-2024-12-10-at-14.04.34-1-768x1024.jpeg\" alt=\"\" class=\"wp-image-469\"\/><\/figure>\n\n\n\n<figure class=\"wp-block-image size-large\"><img decoding=\"async\" data-id=\"467\" src=\"https:\/\/managevirtually.sdu.edu.tr\/wp-content\/uploads\/2024\/12\/WhatsApp-Image-2024-12-10-at-14.04.33-1-768x1024.jpeg\" alt=\"\" class=\"wp-image-467\"\/><\/figure>\n\n\n\n<figure class=\"wp-block-image size-large\"><img decoding=\"async\" data-id=\"472\" src=\"https:\/\/managevirtually.sdu.edu.tr\/wp-content\/uploads\/2024\/12\/WhatsApp-Image-2024-12-10-at-14.04.34-768x1024.jpeg\" alt=\"\" class=\"wp-image-472\"\/><\/figure>\n\n\n\n<figure class=\"wp-block-image size-large\"><img decoding=\"async\" data-id=\"470\" src=\"https:\/\/managevirtually.sdu.edu.tr\/wp-content\/uploads\/2024\/12\/WhatsApp-Image-2024-12-10-at-14.04.34-2-768x1024.jpeg\" alt=\"\" class=\"wp-image-470\"\/><\/figure>\n\n\n\n<figure class=\"wp-block-image size-large\"><img decoding=\"async\" data-id=\"466\" src=\"https:\/\/managevirtually.sdu.edu.tr\/wp-content\/uploads\/2024\/12\/WhatsApp-Image-2024-12-10-at-14.04.33-2-768x1024.jpeg\" alt=\"\" class=\"wp-image-466\"\/><\/figure>\n\n\n\n<figure class=\"wp-block-image size-large\"><img decoding=\"async\" data-id=\"464\" src=\"https:\/\/managevirtually.sdu.edu.tr\/wp-content\/uploads\/2024\/12\/WhatsApp-Image-2024-12-10-at-14.04.32-2-768x1024.jpeg\" alt=\"\" class=\"wp-image-464\"\/><\/figure>\n\n\n\n<figure class=\"wp-block-image size-large\"><img decoding=\"async\" data-id=\"463\" src=\"https:\/\/managevirtually.sdu.edu.tr\/wp-content\/uploads\/2024\/12\/WhatsApp-Image-2024-12-10-at-14.04.32-1-768x1024.jpeg\" alt=\"\" class=\"wp-image-463\"\/><\/figure>\n<\/figure>\n\n\n\n<figure class=\"wp-block-gallery has-nested-images columns-2 is-cropped wp-block-gallery-2 is-layout-flex wp-block-gallery-is-layout-flex\">\n<figure class=\"wp-block-image size-large\"><img decoding=\"async\" data-id=\"476\" src=\"https:\/\/managevirtually.sdu.edu.tr\/wp-content\/uploads\/2024\/12\/WhatsApp-Image-2024-12-10-at-14.04.36-2-1024x768.jpeg\" alt=\"\" class=\"wp-image-476\"\/><\/figure>\n\n\n\n<figure class=\"wp-block-image size-large\"><img decoding=\"async\" data-id=\"462\" src=\"https:\/\/managevirtually.sdu.edu.tr\/wp-content\/uploads\/2024\/12\/WhatsApp-Image-2024-12-10-at-14.04.26-1-1024x577.jpeg\" alt=\"\" class=\"wp-image-462\"\/><\/figure>\n\n\n\n<figure class=\"wp-block-image size-large\"><img decoding=\"async\" data-id=\"461\" src=\"https:\/\/managevirtually.sdu.edu.tr\/wp-content\/uploads\/2024\/12\/WhatsApp-Image-2024-12-10-at-14.04.25-1024x768.jpeg\" alt=\"\" class=\"wp-image-461\"\/><\/figure>\n\n\n\n<figure class=\"wp-block-image size-large\"><img decoding=\"async\" data-id=\"459\" src=\"https:\/\/managevirtually.sdu.edu.tr\/wp-content\/uploads\/2024\/12\/WhatsApp-Image-2024-12-10-at-14.04.26-1024x577.jpeg\" alt=\"\" class=\"wp-image-459\"\/><\/figure>\n\n\n\n<figure class=\"wp-block-image size-large\"><img decoding=\"async\" data-id=\"458\" src=\"https:\/\/managevirtually.sdu.edu.tr\/wp-content\/uploads\/2024\/12\/WhatsApp-Image-2024-12-10-at-14.04.26-2-1024x768.jpeg\" alt=\"\" class=\"wp-image-458\"\/><\/figure>\n\n\n\n<figure class=\"wp-block-image size-large\"><img decoding=\"async\" data-id=\"460\" src=\"https:\/\/managevirtually.sdu.edu.tr\/wp-content\/uploads\/2024\/12\/WhatsApp-Image-2024-12-10-at-14.04.23-1024x768.jpeg\" alt=\"\" class=\"wp-image-460\"\/><\/figure>\n\n\n\n<figure class=\"wp-block-image size-large\"><img decoding=\"async\" data-id=\"457\" src=\"https:\/\/managevirtually.sdu.edu.tr\/wp-content\/uploads\/2024\/12\/WhatsApp-Image-2024-12-10-at-14.04.20-768x1024.jpeg\" alt=\"\" class=\"wp-image-457\"\/><\/figure>\n<\/figure>\n","protected":false},"excerpt":{"rendered":"<p>Al 2-lea TPM al Proiectului \u201eManagement \u00eentr-o Lume Virtual\u0103\u201d a avut loc \u00een perioada 04-05 decembrie 2024 \u00een Bucure\u0219ti, Rom\u00e2nia. TPM-ul a fost g\u0103zduit de Academia de Studii Economice din Bucure\u0219ti (ASE). La \u00eent\u00e2lnire au participat to\u021bi partenerii din Rom\u00e2nia, Italia, Portugalia, Polonia \u0219i Turcia. \u00cen prima zi a \u0219edin\u021bei s-au rev\u0103zut activit\u0103\u0163ile desf\u0103\u015furate \u00een [&hellip;]<\/p>\n","protected":false},"author":1,"featured_media":0,"parent":0,"menu_order":0,"comment_status":"closed","ping_status":"closed","template":"","meta":{"footnotes":""},"class_list":["post-457","page","type-page","status-publish","hentry"],"_links":{"self":[{"href":"https:\/\/managevirtually.sdu.edu.tr\/ro\/wp-json\/wp\/v2\/pages\/457"}],"collection":[{"href":"https:\/\/managevirtually.sdu.edu.tr\/ro\/wp-json\/wp\/v2\/pages"}],"about":[{"href":"https:\/\/managevirtually.sdu.edu.tr\/ro\/wp-json\/wp\/v2\/types\/page"}],"author":[{"embeddable":true,"href":"https:\/\/managevirtually.sdu.edu.tr\/ro\/wp-json\/wp\/v2\/users\/1"}],"replies":[{"embeddable":true,"href":"https:\/\/managevirtually.sdu.edu.tr\/ro\/wp-json\/wp\/v2\/comments?post=457"}],"version-history":[{"count":2,"href":"https:\/\/managevirtually.sdu.edu.tr\/ro\/wp-json\/wp\/v2\/pages\/457\/revisions"}],"predecessor-version":[{"id":512,"href":"https:\/\/managevirtually.sdu.edu.tr\/ro\/wp-json\/wp\/v2\/pages\/457\/revisions\/512"}],"wp:attachment":[{"href":"https:\/\/managevirtually.sdu.edu.tr\/ro\/wp-json\/wp\/v2\/media?parent=457"}],"curies":[{"name":"wp","href":"https:\/\/api.w.org\/{rel}","templated":true}]}}