{"id":448,"date":"2024-10-31T14:30:33","date_gmt":"2024-10-31T11:30:33","guid":{"rendered":"https:\/\/managevirtually.sdu.edu.tr\/en\/?page_id=448"},"modified":"2025-02-06T20:05:03","modified_gmt":"2025-02-06T17:05:03","slug":"tpm1","status":"publish","type":"page","link":"https:\/\/managevirtually.sdu.edu.tr\/ro\/tpm1\/","title":{"rendered":"Reuniunile proiectului \/ 1. Reuniunea Transna\u021bional\u0103 a Proiectului"},"content":{"rendered":"\n<p>Primul TPM al proiectului \u201eManagementul \u00eentr-o lume virtual\u0103\u201d a fost realizat \u00een perioada 22-23 octombrie 2024 la Benevento. TPM-ul a fost g\u0103zduit de universitatea partener\u0103 Sannio din Italia. La \u00eent\u00e2lnire au participat to\u021bi partenerii din Turcia, Italia, Polonia, Portugalia \u0219i Rom\u00e2nia. \u00cen prima zi a \u0219edin\u021bei s-a f\u0103cut revizuirea \u0219edin\u021bei K-o-M \u0219i au fost \u00eemp\u0103rt\u0103\u0219ite activit\u0103\u021bile care au fost finalizate. A fost examinat\u0103 cea mai recent\u0103 versiune a site-ului web al proiectului \u0219i au fost revizuite scenariile. Jocul de \u00eentreprindere a fost explicat, discut\u00e2ndu-se totodat\u0103 \u0219i modul \u00een care va fi utilizat \u00een cadrul activit\u0103\u0163ilor didactice. Totodat\u0103, s-au clarificat datele celui de-al 2-lea TPM care va fi g\u0103zduit \u00een Rom\u00e2nia.<\/p>\n\n\n\n<figure class=\"wp-block-image size-large\"><img loading=\"lazy\" decoding=\"async\" width=\"1024\" height=\"768\" src=\"https:\/\/managevirtually.sdu.edu.tr\/ro\/wp-content\/uploads\/sites\/4\/2024\/10\/TPM1_Image-6-1024x768.jpeg\" alt=\"\" class=\"wp-image-454\" srcset=\"https:\/\/managevirtually.sdu.edu.tr\/ro\/wp-content\/uploads\/sites\/4\/2024\/10\/TPM1_Image-6-1024x768.jpeg 1024w, https:\/\/managevirtually.sdu.edu.tr\/ro\/wp-content\/uploads\/sites\/4\/2024\/10\/TPM1_Image-6-300x225.jpeg 300w, https:\/\/managevirtually.sdu.edu.tr\/ro\/wp-content\/uploads\/sites\/4\/2024\/10\/TPM1_Image-6-768x576.jpeg 768w, https:\/\/managevirtually.sdu.edu.tr\/ro\/wp-content\/uploads\/sites\/4\/2024\/10\/TPM1_Image-6-1536x1152.jpeg 1536w, https:\/\/managevirtually.sdu.edu.tr\/ro\/wp-content\/uploads\/sites\/4\/2024\/10\/TPM1_Image-6.jpeg 1600w\" sizes=\"(max-width: 1024px) 100vw, 1024px\" \/><\/figure>\n\n\n\n<figure class=\"wp-block-gallery has-nested-images columns-default is-cropped wp-block-gallery-1 is-layout-flex wp-block-gallery-is-layout-flex\">\n<figure class=\"wp-block-image size-large\"><img decoding=\"async\" data-id=\"432\" src=\"https:\/\/managevirtually.sdu.edu.tr\/wp-content\/uploads\/2024\/10\/TPM1_Image-1-1-768x1024.jpeg\" alt=\"\" class=\"wp-image-432\"\/><\/figure>\n\n\n\n<figure class=\"wp-block-image size-large\"><img decoding=\"async\" data-id=\"434\" src=\"https:\/\/managevirtually.sdu.edu.tr\/wp-content\/uploads\/2024\/10\/TPM1_Image-2-1-768x1024.jpeg\" alt=\"\" class=\"wp-image-434\"\/><\/figure>\n\n\n\n<figure class=\"wp-block-image size-large\"><img decoding=\"async\" data-id=\"433\" src=\"https:\/\/managevirtually.sdu.edu.tr\/wp-content\/uploads\/2024\/10\/TPM1_Image-3-1-768x1024.jpeg\" alt=\"\" class=\"wp-image-433\"\/><\/figure>\n\n\n\n<figure class=\"wp-block-image size-large\"><img decoding=\"async\" data-id=\"436\" src=\"https:\/\/managevirtually.sdu.edu.tr\/wp-content\/uploads\/2024\/10\/TPM1_Image-4-1-768x1024.jpeg\" alt=\"\" class=\"wp-image-436\"\/><\/figure>\n\n\n\n<figure class=\"wp-block-image size-large\"><img decoding=\"async\" data-id=\"437\" src=\"https:\/\/managevirtually.sdu.edu.tr\/wp-content\/uploads\/2024\/10\/TPM1_Image-5-1-1024x768.jpeg\" alt=\"\" class=\"wp-image-437\"\/><\/figure>\n\n\n\n<figure class=\"wp-block-image size-large\"><img decoding=\"async\" data-id=\"438\" src=\"https:\/\/managevirtually.sdu.edu.tr\/wp-content\/uploads\/2024\/10\/TPM1_Image-7-1-768x1024.jpeg\" alt=\"\" class=\"wp-image-438\"\/><\/figure>\n\n\n\n<figure class=\"wp-block-image size-large\"><img decoding=\"async\" data-id=\"439\" src=\"https:\/\/managevirtually.sdu.edu.tr\/wp-content\/uploads\/2024\/10\/TPM1_Image-8-1-1024x768.jpeg\" alt=\"\" class=\"wp-image-439\"\/><\/figure>\n\n\n\n<figure class=\"wp-block-image size-large\"><img decoding=\"async\" data-id=\"440\" src=\"https:\/\/managevirtually.sdu.edu.tr\/wp-content\/uploads\/2024\/10\/TPM1_Image-9-1-1024x768.jpeg\" alt=\"\" class=\"wp-image-440\"\/><\/figure>\n\n\n\n<figure class=\"wp-block-image size-large\"><img decoding=\"async\" data-id=\"441\" src=\"https:\/\/managevirtually.sdu.edu.tr\/wp-content\/uploads\/2024\/10\/TPM1_Image-10-1-768x1024.jpeg\" alt=\"\" class=\"wp-image-441\"\/><\/figure>\n\n\n\n<figure class=\"wp-block-image size-large\"><img decoding=\"async\" data-id=\"442\" src=\"https:\/\/managevirtually.sdu.edu.tr\/wp-content\/uploads\/2024\/10\/TPM1_Image-11-1-768x1024.jpeg\" alt=\"\" class=\"wp-image-442\"\/><\/figure>\n\n\n\n<figure class=\"wp-block-image size-large\"><img decoding=\"async\" data-id=\"443\" src=\"https:\/\/managevirtually.sdu.edu.tr\/wp-content\/uploads\/2024\/10\/TPM1_Image-12-1-768x1024.jpeg\" alt=\"\" class=\"wp-image-443\"\/><\/figure>\n\n\n\n<figure class=\"wp-block-image size-large\"><img decoding=\"async\" data-id=\"445\" src=\"https:\/\/managevirtually.sdu.edu.tr\/wp-content\/uploads\/2024\/10\/TPM1_Image-14-1-768x1024.jpeg\" alt=\"\" class=\"wp-image-445\"\/><\/figure>\n\n\n\n<figure class=\"wp-block-image size-large\"><img decoding=\"async\" data-id=\"446\" src=\"https:\/\/managevirtually.sdu.edu.tr\/wp-content\/uploads\/2024\/10\/TPM1_Image-15-1-768x1024.jpeg\" alt=\"\" class=\"wp-image-446\"\/><\/figure>\n\n\n\n<figure class=\"wp-block-image size-large\"><img decoding=\"async\" data-id=\"447\" src=\"https:\/\/managevirtually.sdu.edu.tr\/wp-content\/uploads\/2024\/10\/TPM1_Image-16-1-768x1024.jpeg\" alt=\"\" class=\"wp-image-447\"\/><\/figure>\n\n\n\n<figure class=\"wp-block-image size-large\"><img decoding=\"async\" data-id=\"448\" src=\"https:\/\/managevirtually.sdu.edu.tr\/wp-content\/uploads\/2024\/10\/TPM1_Image-17-1-768x1024.jpeg\" alt=\"\" class=\"wp-image-448\"\/><\/figure>\n<\/figure>\n\n\n\n<figure class=\"wp-block-image size-large\"><img loading=\"lazy\" decoding=\"async\" width=\"1024\" height=\"768\" src=\"https:\/\/managevirtually.sdu.edu.tr\/ro\/wp-content\/uploads\/sites\/4\/2024\/10\/TPM1_Image-13-1-1024x768.jpeg\" alt=\"\" class=\"wp-image-453\" srcset=\"https:\/\/managevirtually.sdu.edu.tr\/ro\/wp-content\/uploads\/sites\/4\/2024\/10\/TPM1_Image-13-1-1024x768.jpeg 1024w, https:\/\/managevirtually.sdu.edu.tr\/ro\/wp-content\/uploads\/sites\/4\/2024\/10\/TPM1_Image-13-1-300x225.jpeg 300w, https:\/\/managevirtually.sdu.edu.tr\/ro\/wp-content\/uploads\/sites\/4\/2024\/10\/TPM1_Image-13-1-768x576.jpeg 768w, https:\/\/managevirtually.sdu.edu.tr\/ro\/wp-content\/uploads\/sites\/4\/2024\/10\/TPM1_Image-13-1-1536x1152.jpeg 1536w, https:\/\/managevirtually.sdu.edu.tr\/ro\/wp-content\/uploads\/sites\/4\/2024\/10\/TPM1_Image-13-1.jpeg 1600w\" sizes=\"(max-width: 1024px) 100vw, 1024px\" \/><\/figure>\n","protected":false},"excerpt":{"rendered":"<p>Primul TPM al proiectului \u201eManagementul \u00eentr-o lume virtual\u0103\u201d a fost realizat \u00een perioada 22-23 octombrie 2024 la Benevento. TPM-ul a fost g\u0103zduit de universitatea partener\u0103 Sannio din Italia. La \u00eent\u00e2lnire au participat to\u021bi partenerii din Turcia, Italia, Polonia, Portugalia \u0219i Rom\u00e2nia. \u00cen prima zi a \u0219edin\u021bei s-a f\u0103cut revizuirea \u0219edin\u021bei K-o-M \u0219i au fost \u00eemp\u0103rt\u0103\u0219ite [&hellip;]<\/p>\n","protected":false},"author":1,"featured_media":0,"parent":0,"menu_order":0,"comment_status":"closed","ping_status":"closed","template":"","meta":{"footnotes":""},"class_list":["post-448","page","type-page","status-publish","hentry"],"_links":{"self":[{"href":"https:\/\/managevirtually.sdu.edu.tr\/ro\/wp-json\/wp\/v2\/pages\/448"}],"collection":[{"href":"https:\/\/managevirtually.sdu.edu.tr\/ro\/wp-json\/wp\/v2\/pages"}],"about":[{"href":"https:\/\/managevirtually.sdu.edu.tr\/ro\/wp-json\/wp\/v2\/types\/page"}],"author":[{"embeddable":true,"href":"https:\/\/managevirtually.sdu.edu.tr\/ro\/wp-json\/wp\/v2\/users\/1"}],"replies":[{"embeddable":true,"href":"https:\/\/managevirtually.sdu.edu.tr\/ro\/wp-json\/wp\/v2\/comments?post=448"}],"version-history":[{"count":2,"href":"https:\/\/managevirtually.sdu.edu.tr\/ro\/wp-json\/wp\/v2\/pages\/448\/revisions"}],"predecessor-version":[{"id":518,"href":"https:\/\/managevirtually.sdu.edu.tr\/ro\/wp-json\/wp\/v2\/pages\/448\/revisions\/518"}],"wp:attachment":[{"href":"https:\/\/managevirtually.sdu.edu.tr\/ro\/wp-json\/wp\/v2\/media?parent=448"}],"curies":[{"name":"wp","href":"https:\/\/api.w.org\/{rel}","templated":true}]}}