{"id":359,"date":"2024-10-16T16:52:16","date_gmt":"2024-10-16T16:52:16","guid":{"rendered":"https:\/\/managevirtually.sdu.edu.tr\/?page_id=359"},"modified":"2025-01-16T12:06:00","modified_gmt":"2025-01-16T09:06:00","slug":"ro-person5","status":"publish","type":"page","link":"https:\/\/managevirtually.sdu.edu.tr\/ro\/ro-person5\/","title":{"rendered":"Teodora Monica Fulga"},"content":{"rendered":"\n<figure class=\"wp-block-image aligncenter size-full\"><img loading=\"lazy\" decoding=\"async\" width=\"223\" height=\"297\" src=\"https:\/\/managevirtually.sdu.edu.tr\/ro\/wp-content\/uploads\/sites\/4\/2024\/10\/image-25.png\" alt=\"\" class=\"wp-image-360\"\/><\/figure>\n\n\n\n<p>Teodora Monica Fulga<strong> <\/strong>este \u0218eful Biroului Erasmus+, Academia de Studii Economice din Bucure\u0219ti, expert \u00een implementarea proiectelor Erasmus+. Teodora colaboreaz\u0103 cu diverse universit\u0103\u021bi din Europa, Asia \u0219i America de Nord \u0219i de Sud \u0219i coordoneaz\u0103 mobilit\u0103\u021bile de intrare \u0219i de ie\u0219ire. Are abilit\u0103\u021bi bune de comunicare dob\u00e2ndite ca asistent universitar, experien\u021b\u0103 \u00een mediul de lucru interna\u021bional, abilit\u0103\u021bi bune de organizare \u0219i leadership dob\u00e2ndite \u00een calitatea sa de coordonator al Biroului Erasmus+. \u00cen ceea ce prive\u0219te activitatea didactic\u0103, a predat cursuri precum Institu\u021bii \u0219i politici europene \u0219i Guvernare modern\u0103 \u00een UE.<\/p>\n","protected":false},"excerpt":{"rendered":"<p>Teodora Monica Fulga este \u0218eful Biroului Erasmus+, Academia de Studii Economice din Bucure\u0219ti, expert \u00een implementarea proiectelor Erasmus+. Teodora colaboreaz\u0103 cu diverse universit\u0103\u021bi din Europa, Asia \u0219i America de Nord \u0219i de Sud \u0219i coordoneaz\u0103 mobilit\u0103\u021bile de intrare \u0219i de ie\u0219ire. Are abilit\u0103\u021bi bune de comunicare dob\u00e2ndite ca asistent universitar, experien\u021b\u0103 \u00een mediul de lucru [&hellip;]<\/p>\n","protected":false},"author":1,"featured_media":0,"parent":0,"menu_order":0,"comment_status":"closed","ping_status":"closed","template":"","meta":{"footnotes":""},"class_list":["post-359","page","type-page","status-publish","hentry"],"_links":{"self":[{"href":"https:\/\/managevirtually.sdu.edu.tr\/ro\/wp-json\/wp\/v2\/pages\/359"}],"collection":[{"href":"https:\/\/managevirtually.sdu.edu.tr\/ro\/wp-json\/wp\/v2\/pages"}],"about":[{"href":"https:\/\/managevirtually.sdu.edu.tr\/ro\/wp-json\/wp\/v2\/types\/page"}],"author":[{"embeddable":true,"href":"https:\/\/managevirtually.sdu.edu.tr\/ro\/wp-json\/wp\/v2\/users\/1"}],"replies":[{"embeddable":true,"href":"https:\/\/managevirtually.sdu.edu.tr\/ro\/wp-json\/wp\/v2\/comments?post=359"}],"version-history":[{"count":1,"href":"https:\/\/managevirtually.sdu.edu.tr\/ro\/wp-json\/wp\/v2\/pages\/359\/revisions"}],"predecessor-version":[{"id":484,"href":"https:\/\/managevirtually.sdu.edu.tr\/ro\/wp-json\/wp\/v2\/pages\/359\/revisions\/484"}],"wp:attachment":[{"href":"https:\/\/managevirtually.sdu.edu.tr\/ro\/wp-json\/wp\/v2\/media?parent=359"}],"curies":[{"name":"wp","href":"https:\/\/api.w.org\/{rel}","templated":true}]}}