{"id":356,"date":"2024-10-16T16:51:40","date_gmt":"2024-10-16T16:51:40","guid":{"rendered":"https:\/\/managevirtually.sdu.edu.tr\/?page_id=356"},"modified":"2025-01-16T12:05:34","modified_gmt":"2025-01-16T09:05:34","slug":"ro-person4","status":"publish","type":"page","link":"https:\/\/managevirtually.sdu.edu.tr\/ro\/ro-person4\/","title":{"rendered":"Prof. Dr. Eduard CEPTUREANU"},"content":{"rendered":"\n<figure class=\"wp-block-image aligncenter size-full\"><img loading=\"lazy\" decoding=\"async\" width=\"233\" height=\"320\" src=\"https:\/\/managevirtually.sdu.edu.tr\/ro\/wp-content\/uploads\/sites\/4\/2024\/10\/image-24.png\" alt=\"\" class=\"wp-image-357\" srcset=\"https:\/\/managevirtually.sdu.edu.tr\/ro\/wp-content\/uploads\/sites\/4\/2024\/10\/image-24.png 233w, https:\/\/managevirtually.sdu.edu.tr\/ro\/wp-content\/uploads\/sites\/4\/2024\/10\/image-24-218x300.png 218w\" sizes=\"(max-width: 233px) 100vw, 233px\" \/><\/figure>\n\n\n\n<p>Eduard Ceptureanu<strong> <\/strong>este profesor titular la Departamentul de Management, Academia de Studii Economice din Bucure\u0219ti. Principalele cursuri \u0219i seminarii pe care le pred\u0103 sunt: \u200b\u200bManagementul antreprenorial, Fundamentele managementului, Metodologii manageriale, Managementul comparativ interna\u021bional (englez\u0103), Managementul schimb\u0103rii, Strategii antreprenoriale. Are o vast\u0103 activitate de cercetare cu peste 65 de articole \u00een Web of Science.<\/p>\n","protected":false},"excerpt":{"rendered":"<p>Eduard Ceptureanu este profesor titular la Departamentul de Management, Academia de Studii Economice din Bucure\u0219ti. Principalele cursuri \u0219i seminarii pe care le pred\u0103 sunt: \u200b\u200bManagementul antreprenorial, Fundamentele managementului, Metodologii manageriale, Managementul comparativ interna\u021bional (englez\u0103), Managementul schimb\u0103rii, Strategii antreprenoriale. Are o vast\u0103 activitate de cercetare cu peste 65 de articole \u00een Web of Science.<\/p>\n","protected":false},"author":1,"featured_media":0,"parent":0,"menu_order":0,"comment_status":"closed","ping_status":"closed","template":"","meta":{"footnotes":""},"class_list":["post-356","page","type-page","status-publish","hentry"],"_links":{"self":[{"href":"https:\/\/managevirtually.sdu.edu.tr\/ro\/wp-json\/wp\/v2\/pages\/356"}],"collection":[{"href":"https:\/\/managevirtually.sdu.edu.tr\/ro\/wp-json\/wp\/v2\/pages"}],"about":[{"href":"https:\/\/managevirtually.sdu.edu.tr\/ro\/wp-json\/wp\/v2\/types\/page"}],"author":[{"embeddable":true,"href":"https:\/\/managevirtually.sdu.edu.tr\/ro\/wp-json\/wp\/v2\/users\/1"}],"replies":[{"embeddable":true,"href":"https:\/\/managevirtually.sdu.edu.tr\/ro\/wp-json\/wp\/v2\/comments?post=356"}],"version-history":[{"count":1,"href":"https:\/\/managevirtually.sdu.edu.tr\/ro\/wp-json\/wp\/v2\/pages\/356\/revisions"}],"predecessor-version":[{"id":483,"href":"https:\/\/managevirtually.sdu.edu.tr\/ro\/wp-json\/wp\/v2\/pages\/356\/revisions\/483"}],"wp:attachment":[{"href":"https:\/\/managevirtually.sdu.edu.tr\/ro\/wp-json\/wp\/v2\/media?parent=356"}],"curies":[{"name":"wp","href":"https:\/\/api.w.org\/{rel}","templated":true}]}}