{"id":353,"date":"2024-10-16T16:50:51","date_gmt":"2024-10-16T16:50:51","guid":{"rendered":"https:\/\/managevirtually.sdu.edu.tr\/?page_id=353"},"modified":"2025-01-16T12:05:17","modified_gmt":"2025-01-16T09:05:17","slug":"ro-person3","status":"publish","type":"page","link":"https:\/\/managevirtually.sdu.edu.tr\/ro\/ro-person3\/","title":{"rendered":"Prof. Dr. Ionel JIANU"},"content":{"rendered":"\n<figure class=\"wp-block-image aligncenter size-full\"><img loading=\"lazy\" decoding=\"async\" width=\"255\" height=\"337\" src=\"https:\/\/managevirtually.sdu.edu.tr\/ro\/wp-content\/uploads\/sites\/4\/2024\/10\/image-23.png\" alt=\"\" class=\"wp-image-354\" srcset=\"https:\/\/managevirtually.sdu.edu.tr\/ro\/wp-content\/uploads\/sites\/4\/2024\/10\/image-23.png 255w, https:\/\/managevirtually.sdu.edu.tr\/ro\/wp-content\/uploads\/sites\/4\/2024\/10\/image-23-227x300.png 227w\" sizes=\"(max-width: 255px) 100vw, 255px\" \/><\/figure>\n\n\n\n<p>Ionel Jianu este profesor titular la Departamentul de Contabilitate \u015fi Audit, Facultatea de Contabilitate \u015fi Informatic\u0103 de Gestiune (CIG), Academia de Studii Economice din Bucuresti (ASE). Din 2019 p\u00e2n\u0103 \u00een prezent este coordonator de doctorat \u00een cadrul Departamentului de Contabilitate \u0219i Audit, Academia de Studii Economice Bucure\u0219ti, Rom\u00e2nia. Anterior a fost Consultant al Prorectorului de Management Financiar la Academia de Studii Economice Bucure\u0219ti, Rom\u00e2nia \u0219i \u0218ef de Cabinet Rector la Academia de Studii Economice din Bucure\u0219ti, Rom\u00e2nia. Este membru al mai multor organisme profesionale precum: Association Francophone de Comptabilit\u00e9 (AFC), International Association of Accounting and Educational Research (IAAER), European Accounting Association (EAA), Romanian Association of Accounting (ARC). Preda cursuri precum: Contabilitate, Contabilitate de gestiune, Contabilitate financiar\u0103 sau Audit financiar.<\/p>\n","protected":false},"excerpt":{"rendered":"<p>Ionel Jianu este profesor titular la Departamentul de Contabilitate \u015fi Audit, Facultatea de Contabilitate \u015fi Informatic\u0103 de Gestiune (CIG), Academia de Studii Economice din Bucuresti (ASE). Din 2019 p\u00e2n\u0103 \u00een prezent este coordonator de doctorat \u00een cadrul Departamentului de Contabilitate \u0219i Audit, Academia de Studii Economice Bucure\u0219ti, Rom\u00e2nia. Anterior a fost Consultant al Prorectorului de [&hellip;]<\/p>\n","protected":false},"author":1,"featured_media":0,"parent":0,"menu_order":0,"comment_status":"closed","ping_status":"closed","template":"","meta":{"footnotes":""},"class_list":["post-353","page","type-page","status-publish","hentry"],"_links":{"self":[{"href":"https:\/\/managevirtually.sdu.edu.tr\/ro\/wp-json\/wp\/v2\/pages\/353"}],"collection":[{"href":"https:\/\/managevirtually.sdu.edu.tr\/ro\/wp-json\/wp\/v2\/pages"}],"about":[{"href":"https:\/\/managevirtually.sdu.edu.tr\/ro\/wp-json\/wp\/v2\/types\/page"}],"author":[{"embeddable":true,"href":"https:\/\/managevirtually.sdu.edu.tr\/ro\/wp-json\/wp\/v2\/users\/1"}],"replies":[{"embeddable":true,"href":"https:\/\/managevirtually.sdu.edu.tr\/ro\/wp-json\/wp\/v2\/comments?post=353"}],"version-history":[{"count":1,"href":"https:\/\/managevirtually.sdu.edu.tr\/ro\/wp-json\/wp\/v2\/pages\/353\/revisions"}],"predecessor-version":[{"id":482,"href":"https:\/\/managevirtually.sdu.edu.tr\/ro\/wp-json\/wp\/v2\/pages\/353\/revisions\/482"}],"wp:attachment":[{"href":"https:\/\/managevirtually.sdu.edu.tr\/ro\/wp-json\/wp\/v2\/media?parent=353"}],"curies":[{"name":"wp","href":"https:\/\/api.w.org\/{rel}","templated":true}]}}