{"id":350,"date":"2024-10-16T16:50:15","date_gmt":"2024-10-16T16:50:15","guid":{"rendered":"https:\/\/managevirtually.sdu.edu.tr\/?page_id=350"},"modified":"2025-01-16T12:05:00","modified_gmt":"2025-01-16T09:05:00","slug":"ro-person2","status":"publish","type":"page","link":"https:\/\/managevirtually.sdu.edu.tr\/ro\/ro-person2\/","title":{"rendered":"Prof. Dr. Iulia JIANU"},"content":{"rendered":"\n<figure class=\"wp-block-image aligncenter size-full\"><img loading=\"lazy\" decoding=\"async\" width=\"244\" height=\"309\" src=\"https:\/\/managevirtually.sdu.edu.tr\/ro\/wp-content\/uploads\/sites\/4\/2024\/10\/image-22.png\" alt=\"\" class=\"wp-image-351\" srcset=\"https:\/\/managevirtually.sdu.edu.tr\/ro\/wp-content\/uploads\/sites\/4\/2024\/10\/image-22.png 244w, https:\/\/managevirtually.sdu.edu.tr\/ro\/wp-content\/uploads\/sites\/4\/2024\/10\/image-22-237x300.png 237w\" sizes=\"(max-width: 244px) 100vw, 244px\" \/><\/figure>\n\n\n\n<p>Iulia Jianu este profesor titular la Departamentul de Contabilitate \u015fi Audit, Facultatea de Contabilitate \u015fi Informatic\u0103 de Gestiune (CIG), Academia de Studii Economice din Bucuresti (ASE). Din 2020 este profesor asociat la Institutul Interna\u021bional de Management, Conservatoire National des Arts et Metiers de Paris (CNAM), Fran\u021ba. Din 2018 p\u00e2n\u0103 \u00een prezent este coordonator de doctorat, Departamentul de Contabilitate \u0219i Audit, Academia de Studii Economice Bucure\u0219ti, Rom\u00e2nia. Anterior, \u00een perioada 2013-2020, a fost prodecan al \u0218colii de Afaceri din Bucure\u0219ti \u015fi director de program al programului INDE MBA Rom\u00e2no-Francez organizat de Conservatoire National des Arts et Metiers de Paris, Fran\u021ba, \u00een colaborare cu Academia de Studii Economice din Bucure\u0219ti, Rom\u00e2nia, \u00een perioada 2013-2019 a fost Manager pentru Rom\u00e2nia al programului European Post-Master in Accountancy organizat de Universitatea Tilburg \u00een colaborare cu Academia de Studii Economice din Bucure\u0219ti \u0219i Universitatea din Valencia, iar \u00een perioada 2012-2016 a fost Membru al Senatului Academiei de Studii Economice din Bucure\u0219ti. Iulia este membr\u0103 a mai multor organisme profesionale \u00een domeniul contabilit\u0103\u0163ii precum: Acad\u00e9mie des Etudes et Techniques Comptable et Financi\u00e8re (AETCF), Association Francophone de Comptabilit\u00e9 (AFC), International Association of Accounting and Educational Research (IAAER), European Accounting Association (EAA), Asocia\u021bia Rom\u00e2n\u0103 de Contabilitate ( ARC).<\/p>\n","protected":false},"excerpt":{"rendered":"<p>Iulia Jianu este profesor titular la Departamentul de Contabilitate \u015fi Audit, Facultatea de Contabilitate \u015fi Informatic\u0103 de Gestiune (CIG), Academia de Studii Economice din Bucuresti (ASE). Din 2020 este profesor asociat la Institutul Interna\u021bional de Management, Conservatoire National des Arts et Metiers de Paris (CNAM), Fran\u021ba. Din 2018 p\u00e2n\u0103 \u00een prezent este coordonator de doctorat, [&hellip;]<\/p>\n","protected":false},"author":1,"featured_media":0,"parent":0,"menu_order":0,"comment_status":"closed","ping_status":"closed","template":"","meta":{"footnotes":""},"class_list":["post-350","page","type-page","status-publish","hentry"],"_links":{"self":[{"href":"https:\/\/managevirtually.sdu.edu.tr\/ro\/wp-json\/wp\/v2\/pages\/350"}],"collection":[{"href":"https:\/\/managevirtually.sdu.edu.tr\/ro\/wp-json\/wp\/v2\/pages"}],"about":[{"href":"https:\/\/managevirtually.sdu.edu.tr\/ro\/wp-json\/wp\/v2\/types\/page"}],"author":[{"embeddable":true,"href":"https:\/\/managevirtually.sdu.edu.tr\/ro\/wp-json\/wp\/v2\/users\/1"}],"replies":[{"embeddable":true,"href":"https:\/\/managevirtually.sdu.edu.tr\/ro\/wp-json\/wp\/v2\/comments?post=350"}],"version-history":[{"count":1,"href":"https:\/\/managevirtually.sdu.edu.tr\/ro\/wp-json\/wp\/v2\/pages\/350\/revisions"}],"predecessor-version":[{"id":481,"href":"https:\/\/managevirtually.sdu.edu.tr\/ro\/wp-json\/wp\/v2\/pages\/350\/revisions\/481"}],"wp:attachment":[{"href":"https:\/\/managevirtually.sdu.edu.tr\/ro\/wp-json\/wp\/v2\/media?parent=350"}],"curies":[{"name":"wp","href":"https:\/\/api.w.org\/{rel}","templated":true}]}}