{"id":347,"date":"2024-10-16T16:49:22","date_gmt":"2024-10-16T16:49:22","guid":{"rendered":"https:\/\/managevirtually.sdu.edu.tr\/?page_id=347"},"modified":"2025-01-16T12:04:41","modified_gmt":"2025-01-16T09:04:41","slug":"ro-person1","status":"publish","type":"page","link":"https:\/\/managevirtually.sdu.edu.tr\/ro\/ro-person1\/","title":{"rendered":"Prof. Dr. Erika MARIN"},"content":{"rendered":"\n<figure class=\"wp-block-image aligncenter size-full\"><img loading=\"lazy\" decoding=\"async\" width=\"254\" height=\"292\" src=\"https:\/\/managevirtually.sdu.edu.tr\/ro\/wp-content\/uploads\/sites\/4\/2024\/10\/image-21.png\" alt=\"\" class=\"wp-image-348\"\/><\/figure>\n\n\n\n<p>Erika Marin este profesor titular la Departamentul de Statistic\u0103 \u0219i Econometrie, Facultatea de Cibernetic\u0103, Statistic\u0103 \u0219i Informatic\u0103 Economic\u0103, Academia de Studii Economice din Bucure\u0219ti. Cursurile principale: Statistic\u0103, Econometrie, Analiza datelor manageriale, Statistic\u0103 \u00een macroeconomie, la diferite niveluri (licen\u021b\u0103, master \u0219i MBA). Din 2019 este Director al Departamentului de Statistic\u0103 \u0219i Econometrie, conduc\u00e2nd o echip\u0103 de 40 de profesori\/cercet\u0103tori. Erike este redactor-\u0219ef al Revistei de Statistic\u0103 Social\u0103 \u0219i Economic\u0103 (https:\/\/sciendo.com\/journal\/JSES); Editor asociat al Revistei Rom\u00e2ne de \u0218tiin\u021b\u0103 Regional\u0103 (www.rjrs.ase.ro), Vicepre\u0219edinte al Asocia\u021biei Regionale de \u0218tiin\u021b\u0103 din Rom\u00e2nia (2013 p\u00e2n\u0103 \u00een prezent); Membru ERSA, Membru RSAI \u0219i ERSA, Membru \u00een Senatul Academiei de Studii Economice Bucure\u0219ti (din 2019), Membru \u00een Consiliul Facult\u0103\u021bii de Cibernetic\u0103, Statistic\u0103 \u0219i Informatic\u0103 Economic\u0103, Academia de Studii Economice Bucure\u0219ti (din 2019).<\/p>\n","protected":false},"excerpt":{"rendered":"<p>Erika Marin este profesor titular la Departamentul de Statistic\u0103 \u0219i Econometrie, Facultatea de Cibernetic\u0103, Statistic\u0103 \u0219i Informatic\u0103 Economic\u0103, Academia de Studii Economice din Bucure\u0219ti. Cursurile principale: Statistic\u0103, Econometrie, Analiza datelor manageriale, Statistic\u0103 \u00een macroeconomie, la diferite niveluri (licen\u021b\u0103, master \u0219i MBA). Din 2019 este Director al Departamentului de Statistic\u0103 \u0219i Econometrie, conduc\u00e2nd o echip\u0103 de [&hellip;]<\/p>\n","protected":false},"author":1,"featured_media":0,"parent":0,"menu_order":0,"comment_status":"closed","ping_status":"closed","template":"","meta":{"footnotes":""},"class_list":["post-347","page","type-page","status-publish","hentry"],"_links":{"self":[{"href":"https:\/\/managevirtually.sdu.edu.tr\/ro\/wp-json\/wp\/v2\/pages\/347"}],"collection":[{"href":"https:\/\/managevirtually.sdu.edu.tr\/ro\/wp-json\/wp\/v2\/pages"}],"about":[{"href":"https:\/\/managevirtually.sdu.edu.tr\/ro\/wp-json\/wp\/v2\/types\/page"}],"author":[{"embeddable":true,"href":"https:\/\/managevirtually.sdu.edu.tr\/ro\/wp-json\/wp\/v2\/users\/1"}],"replies":[{"embeddable":true,"href":"https:\/\/managevirtually.sdu.edu.tr\/ro\/wp-json\/wp\/v2\/comments?post=347"}],"version-history":[{"count":1,"href":"https:\/\/managevirtually.sdu.edu.tr\/ro\/wp-json\/wp\/v2\/pages\/347\/revisions"}],"predecessor-version":[{"id":480,"href":"https:\/\/managevirtually.sdu.edu.tr\/ro\/wp-json\/wp\/v2\/pages\/347\/revisions\/480"}],"wp:attachment":[{"href":"https:\/\/managevirtually.sdu.edu.tr\/ro\/wp-json\/wp\/v2\/media?parent=347"}],"curies":[{"name":"wp","href":"https:\/\/api.w.org\/{rel}","templated":true}]}}