{"id":343,"date":"2024-10-16T16:47:26","date_gmt":"2024-10-16T16:47:26","guid":{"rendered":"https:\/\/managevirtually.sdu.edu.tr\/?page_id=343"},"modified":"2025-01-16T12:29:22","modified_gmt":"2025-01-16T09:29:22","slug":"pl-person3","status":"publish","type":"page","link":"https:\/\/managevirtually.sdu.edu.tr\/ro\/pl-person3\/","title":{"rendered":"Prof. Dr. Anna Maria LIS"},"content":{"rendered":"\n<figure class=\"wp-block-image aligncenter size-full\"><img loading=\"lazy\" decoding=\"async\" width=\"285\" height=\"428\" src=\"https:\/\/managevirtually.sdu.edu.tr\/ro\/wp-content\/uploads\/sites\/4\/2024\/10\/image-20.png\" alt=\"\" class=\"wp-image-344\" srcset=\"https:\/\/managevirtually.sdu.edu.tr\/ro\/wp-content\/uploads\/sites\/4\/2024\/10\/image-20.png 285w, https:\/\/managevirtually.sdu.edu.tr\/ro\/wp-content\/uploads\/sites\/4\/2024\/10\/image-20-200x300.png 200w\" sizes=\"(max-width: 285px) 100vw, 285px\" \/><\/figure>\n\n\n\n<p>Anna Maria Lis este profesor la Universitatea de Tehnologie din Gda\u0144sk; cercet\u0103tor \u00een managementul inova\u021biei, dezvoltarea de noi produse \u0219i managementul mediului \u015fi co-editor al revistelor \u0219tiin\u021bifice interna\u021bionale Journal of Entrepreneurship, Management and Innovation (JEMI), realiz\u0103rile sale \u0219tiin\u021bifice incluz\u00e2nd peste 70 de publica\u021bii, inclusiv Routledge 2021, 2022, 2023.\u00a0 Anna Maria Lis a participat la 10 proiecte de cercetare implementate \u00een centre academice, a fost implicat\u0103 \u00een cooperare interna\u021bional\u0103, inclusiv participarea la programe europene (INNET, COSME, ERASMUS, LOCALIZED \u2013 Horizon 2020, NEPTUN \u2013 Europe Horizon) \u0219i numeroase stagii la universit\u0103\u021bi str\u0103ine (inclusiv Universitatea din Michigan, Universitatea Nanjing de Aeronautic\u0103 \u0219i Astronautic\u0103, Universitatea Aalborg, Institutul de Tehnologie Karlsruhe, Universitatea Norvegian\u0103 de \u0218tiin\u021b\u0103 \u0219i Tehnologie). Anna Maria Lis a cooperat cu companii de consiliere \u0219i formare, organiza\u021bii de cluster \u0219i institu\u021bii de mediu \u015fi de afaceri.<\/p>\n","protected":false},"excerpt":{"rendered":"<p>Anna Maria Lis este profesor la Universitatea de Tehnologie din Gda\u0144sk; cercet\u0103tor \u00een managementul inova\u021biei, dezvoltarea de noi produse \u0219i managementul mediului \u015fi co-editor al revistelor \u0219tiin\u021bifice interna\u021bionale Journal of Entrepreneurship, Management and Innovation (JEMI), realiz\u0103rile sale \u0219tiin\u021bifice incluz\u00e2nd peste 70 de publica\u021bii, inclusiv Routledge 2021, 2022, 2023.\u00a0 Anna Maria Lis a participat la 10 [&hellip;]<\/p>\n","protected":false},"author":1,"featured_media":0,"parent":0,"menu_order":0,"comment_status":"closed","ping_status":"closed","template":"","meta":{"footnotes":""},"class_list":["post-343","page","type-page","status-publish","hentry"],"_links":{"self":[{"href":"https:\/\/managevirtually.sdu.edu.tr\/ro\/wp-json\/wp\/v2\/pages\/343"}],"collection":[{"href":"https:\/\/managevirtually.sdu.edu.tr\/ro\/wp-json\/wp\/v2\/pages"}],"about":[{"href":"https:\/\/managevirtually.sdu.edu.tr\/ro\/wp-json\/wp\/v2\/types\/page"}],"author":[{"embeddable":true,"href":"https:\/\/managevirtually.sdu.edu.tr\/ro\/wp-json\/wp\/v2\/users\/1"}],"replies":[{"embeddable":true,"href":"https:\/\/managevirtually.sdu.edu.tr\/ro\/wp-json\/wp\/v2\/comments?post=343"}],"version-history":[{"count":1,"href":"https:\/\/managevirtually.sdu.edu.tr\/ro\/wp-json\/wp\/v2\/pages\/343\/revisions"}],"predecessor-version":[{"id":491,"href":"https:\/\/managevirtually.sdu.edu.tr\/ro\/wp-json\/wp\/v2\/pages\/343\/revisions\/491"}],"wp:attachment":[{"href":"https:\/\/managevirtually.sdu.edu.tr\/ro\/wp-json\/wp\/v2\/media?parent=343"}],"curies":[{"name":"wp","href":"https:\/\/api.w.org\/{rel}","templated":true}]}}