{"id":340,"date":"2024-10-16T16:46:51","date_gmt":"2024-10-16T16:46:51","guid":{"rendered":"https:\/\/managevirtually.sdu.edu.tr\/?page_id=340"},"modified":"2025-01-16T12:28:43","modified_gmt":"2025-01-16T09:28:43","slug":"pl-person2","status":"publish","type":"page","link":"https:\/\/managevirtually.sdu.edu.tr\/ro\/pl-person2\/","title":{"rendered":"Prof.Dr. Anna Maria TRZASKOWSKA"},"content":{"rendered":"\n<figure class=\"wp-block-image aligncenter size-full\"><img loading=\"lazy\" decoding=\"async\" width=\"340\" height=\"337\" src=\"https:\/\/managevirtually.sdu.edu.tr\/ro\/wp-content\/uploads\/sites\/4\/2024\/10\/image-19.png\" alt=\"\" class=\"wp-image-341\" srcset=\"https:\/\/managevirtually.sdu.edu.tr\/ro\/wp-content\/uploads\/sites\/4\/2024\/10\/image-19.png 340w, https:\/\/managevirtually.sdu.edu.tr\/ro\/wp-content\/uploads\/sites\/4\/2024\/10\/image-19-300x297.png 300w, https:\/\/managevirtually.sdu.edu.tr\/ro\/wp-content\/uploads\/sites\/4\/2024\/10\/image-19-150x150.png 150w\" sizes=\"(max-width: 340px) 100vw, 340px\" \/><\/figure>\n\n\n\n<p>Anna Maria Trzaskowska este profesor la Departamentul de Informatic\u0103 \u00een Management. Ea de\u021bine un master \u00een Sisteme de Management. Anna Maria a ob\u0163inut titlul de doctor \u00een \u0218tiin\u021bele Managementului la Universitatea de Tehnologie din Poznan. Anna Maria a condus numeroase lucr\u0103ri, de la fundamentele managementului, metode de management, management strategic, management de proiect, managementul rela\u021biilor cu clien\u021bii, proiectarea proiectelor comerciale \u0219i de servicii, p\u00e2n\u0103 la managementul cuno\u0219tin\u021belor, fiind totodat\u0103 trainer \u0219i consilier \u00een management \u00eentr-o companie de consultan\u021b\u0103 \u0219i \u00een mai multe funda\u021bii (cu accent pe managementul proiectelor). Interesele \u0219tiin\u021bifice actuale se \u00eencadreaz\u0103 \u00een domeniile metodelor agile, managementului slab \u0219i calit\u0103\u021bii \u00een \u00eenv\u0103\u021b\u0103m\u00e2ntul superior, digitiz\u0103rii \u00eenv\u0103\u021b\u0103m\u00e2ntului superior \u0219i analizei de date larg definite \u2013 Business Intelligence \u0219i Baza de date. Manager de proiect pentru Proiectul Erasmus+ DEMS &#8211; Dezvoltarea abilit\u0103\u021bilor de e-marketing pentru pia\u021ba de afaceri \u00ee\u0219i propune s\u0103 reduc\u0103 decalajul existent \u00een competen\u021be de marketing digital, \u00een special \u00een r\u00e2ndul \u00eentreprinderilor mici \u0219i mijlocii (IMM-uri), fiind totodat\u0103 \u015fi membru al echipei de proiect din proiectul Enhance +.<\/p>\n","protected":false},"excerpt":{"rendered":"<p>Anna Maria Trzaskowska este profesor la Departamentul de Informatic\u0103 \u00een Management. Ea de\u021bine un master \u00een Sisteme de Management. Anna Maria a ob\u0163inut titlul de doctor \u00een \u0218tiin\u021bele Managementului la Universitatea de Tehnologie din Poznan. Anna Maria a condus numeroase lucr\u0103ri, de la fundamentele managementului, metode de management, management strategic, management de proiect, managementul rela\u021biilor [&hellip;]<\/p>\n","protected":false},"author":1,"featured_media":0,"parent":0,"menu_order":0,"comment_status":"closed","ping_status":"closed","template":"","meta":{"footnotes":""},"class_list":["post-340","page","type-page","status-publish","hentry"],"_links":{"self":[{"href":"https:\/\/managevirtually.sdu.edu.tr\/ro\/wp-json\/wp\/v2\/pages\/340"}],"collection":[{"href":"https:\/\/managevirtually.sdu.edu.tr\/ro\/wp-json\/wp\/v2\/pages"}],"about":[{"href":"https:\/\/managevirtually.sdu.edu.tr\/ro\/wp-json\/wp\/v2\/types\/page"}],"author":[{"embeddable":true,"href":"https:\/\/managevirtually.sdu.edu.tr\/ro\/wp-json\/wp\/v2\/users\/1"}],"replies":[{"embeddable":true,"href":"https:\/\/managevirtually.sdu.edu.tr\/ro\/wp-json\/wp\/v2\/comments?post=340"}],"version-history":[{"count":1,"href":"https:\/\/managevirtually.sdu.edu.tr\/ro\/wp-json\/wp\/v2\/pages\/340\/revisions"}],"predecessor-version":[{"id":490,"href":"https:\/\/managevirtually.sdu.edu.tr\/ro\/wp-json\/wp\/v2\/pages\/340\/revisions\/490"}],"wp:attachment":[{"href":"https:\/\/managevirtually.sdu.edu.tr\/ro\/wp-json\/wp\/v2\/media?parent=340"}],"curies":[{"name":"wp","href":"https:\/\/api.w.org\/{rel}","templated":true}]}}