{"id":337,"date":"2024-10-16T16:46:06","date_gmt":"2024-10-16T16:46:06","guid":{"rendered":"https:\/\/managevirtually.sdu.edu.tr\/?page_id=337"},"modified":"2025-01-16T12:21:43","modified_gmt":"2025-01-16T09:21:43","slug":"pl-person1","status":"publish","type":"page","link":"https:\/\/managevirtually.sdu.edu.tr\/ro\/pl-person1\/","title":{"rendered":"Prof. Dr. Ewa MARJA\u0143SKA"},"content":{"rendered":"\n<figure class=\"wp-block-image aligncenter size-full\"><img loading=\"lazy\" decoding=\"async\" width=\"249\" height=\"373\" src=\"https:\/\/managevirtually.sdu.edu.tr\/ro\/wp-content\/uploads\/sites\/4\/2024\/10\/image-18.png\" alt=\"\" class=\"wp-image-338\" srcset=\"https:\/\/managevirtually.sdu.edu.tr\/ro\/wp-content\/uploads\/sites\/4\/2024\/10\/image-18.png 249w, https:\/\/managevirtually.sdu.edu.tr\/ro\/wp-content\/uploads\/sites\/4\/2024\/10\/image-18-200x300.png 200w\" sizes=\"(max-width: 249px) 100vw, 249px\" \/><\/figure>\n\n\n\n<p>Ewa Marja\u0144ska este profesor la Universitatea de Tehnologie din Gda\u0144sk, Facultatea de Management \u0219i Economie. \u0218i-a luat doctoratul \u00een domeniul comer\u0163ului. Interesele ei \u0219tiin\u021bifice se concentreaz\u0103 \u00een primul r\u00e2nd pe metodele de m\u0103surare cantitativ\u0103 a calit\u0103\u021bii, inclusiv analiza calit\u0103\u021bii alimentelor \u0219i sistemele de management al calit\u0103\u021bii, precum \u0219i pe calitatea \u00eenv\u0103\u021b\u0103m\u00e2ntului superior. Ea este autoarea unor lucr\u0103ri publicate \u00een reviste interna\u021bionale precum Journal of Texture Studies, IEEE Sensors \u0219i a unui brevet pentru m\u0103surarea parametrilor de calitate ai b\u0103uturilor selectate. Din decembrie 2021, este cercet\u0103torul principal \u00een Proiectul Educa\u021bie pentru \u00cembun\u0103t\u0103\u021birea Calit\u0103\u021bii (Edu4QI) &#8211; granturi Islanda-Liechtenste-Norvegia. Cele mai recente interese ale sale de cercetare abordeaz\u0103 subiectul leadership-ului.<\/p>\n\n\n\n<p><\/p>\n\n\n\n<p><\/p>\n","protected":false},"excerpt":{"rendered":"<p>Ewa Marja\u0144ska este profesor la Universitatea de Tehnologie din Gda\u0144sk, Facultatea de Management \u0219i Economie. \u0218i-a luat doctoratul \u00een domeniul comer\u0163ului. Interesele ei \u0219tiin\u021bifice se concentreaz\u0103 \u00een primul r\u00e2nd pe metodele de m\u0103surare cantitativ\u0103 a calit\u0103\u021bii, inclusiv analiza calit\u0103\u021bii alimentelor \u0219i sistemele de management al calit\u0103\u021bii, precum \u0219i pe calitatea \u00eenv\u0103\u021b\u0103m\u00e2ntului superior. Ea este autoarea [&hellip;]<\/p>\n","protected":false},"author":1,"featured_media":0,"parent":0,"menu_order":0,"comment_status":"closed","ping_status":"closed","template":"","meta":{"footnotes":""},"class_list":["post-337","page","type-page","status-publish","hentry"],"_links":{"self":[{"href":"https:\/\/managevirtually.sdu.edu.tr\/ro\/wp-json\/wp\/v2\/pages\/337"}],"collection":[{"href":"https:\/\/managevirtually.sdu.edu.tr\/ro\/wp-json\/wp\/v2\/pages"}],"about":[{"href":"https:\/\/managevirtually.sdu.edu.tr\/ro\/wp-json\/wp\/v2\/types\/page"}],"author":[{"embeddable":true,"href":"https:\/\/managevirtually.sdu.edu.tr\/ro\/wp-json\/wp\/v2\/users\/1"}],"replies":[{"embeddable":true,"href":"https:\/\/managevirtually.sdu.edu.tr\/ro\/wp-json\/wp\/v2\/comments?post=337"}],"version-history":[{"count":3,"href":"https:\/\/managevirtually.sdu.edu.tr\/ro\/wp-json\/wp\/v2\/pages\/337\/revisions"}],"predecessor-version":[{"id":489,"href":"https:\/\/managevirtually.sdu.edu.tr\/ro\/wp-json\/wp\/v2\/pages\/337\/revisions\/489"}],"wp:attachment":[{"href":"https:\/\/managevirtually.sdu.edu.tr\/ro\/wp-json\/wp\/v2\/media?parent=337"}],"curies":[{"name":"wp","href":"https:\/\/api.w.org\/{rel}","templated":true}]}}