{"id":333,"date":"2024-10-16T16:41:39","date_gmt":"2024-10-16T16:41:39","guid":{"rendered":"https:\/\/managevirtually.sdu.edu.tr\/?page_id=333"},"modified":"2025-01-16T12:01:17","modified_gmt":"2025-01-16T09:01:17","slug":"it-person3","status":"publish","type":"page","link":"https:\/\/managevirtually.sdu.edu.tr\/ro\/it-person3\/","title":{"rendered":"Prof. Dr. Francesco PEPE"},"content":{"rendered":"\n<figure class=\"wp-block-image aligncenter size-full\"><img loading=\"lazy\" decoding=\"async\" width=\"282\" height=\"372\" src=\"https:\/\/managevirtually.sdu.edu.tr\/ro\/wp-content\/uploads\/sites\/4\/2024\/10\/image-17.png\" alt=\"\" class=\"wp-image-334\" srcset=\"https:\/\/managevirtually.sdu.edu.tr\/ro\/wp-content\/uploads\/sites\/4\/2024\/10\/image-17.png 282w, https:\/\/managevirtually.sdu.edu.tr\/ro\/wp-content\/uploads\/sites\/4\/2024\/10\/image-17-227x300.png 227w\" sizes=\"(max-width: 282px) 100vw, 282px\" \/><\/figure>\n\n\n\n<p>Francesco Pepe este profesor titular la Departamentul de Inginerie al Universit\u0103\u021bii din Sannio. Anterior, a fost profesor asociat la aceea\u0219i universitate \u0219i la Universitatea din Bologna \u0219i cercet\u0103tor la Universit\u00e0 della Campania Luigi Vanvitelli. \u00cen rolul s\u0103u, a predat o varietate de cursuri de inginerie chimic\u0103 la Universitatea din Sannio (Departamentul de Inginerie), Universitatea din Napoli Federico II (\u0218coala de Inginerie), Universitatea din Bologna (\u0218coala de Chimie Industrial\u0103 \u0219i \u0218coala de Biotehnologie) \u0219i Universitatea din Perugia (\u0218coala de Inginerie).<\/p>\n\n\n\n<p>Activitatea sa \u0219tiin\u021bific\u0103 a vizat \u00een principal modelarea proceselor reactive \u0219i de transfer de mas\u0103 \u00een contextul aplica\u021biilor de mediu ale ingineriei chimice, ceea ce a condus la publicarea a peste 100 de lucr\u0103ri \u00een reviste interna\u021bionale, care au fost citate de peste 2400 de ori, cu un indicele H de 33 (identificator Scopus\u00ae: 7103383183). Grupul de cercetare pe care \u00eel coordoneaz\u0103 este caracterizat de colabor\u0103ri interna\u021bionale semnificative, printre care cu Universitatea Normal\u0103 Zhejiang (Zhejiang, China), Universitatea Teesside (Middlesbrough, Marea Britanie), Universitatea Cranfield (Cranfield, Marea Britanie), Universitatea Yasouj (Yasouj, Iran), fiind profesor invitat \u00eentr-un num\u0103r de universit\u0103\u021bi str\u0103ine (Zhejiang Normal University \u0219i Shanghai Jiao Tong University din China, Universidad de Oviedo din Spania, Abo Akademi din Finlanda).<\/p>\n\n\n\n<p>Totodat\u0103, Francesco Pepe activeaz\u0103 ca \u0219i consultant, lucr\u00e2nd pentru entit\u0103\u021bi publice, printre care Guvernul Regional Campania, administra\u021biile provinciale din Benevento \u0219i Avellino \u0219i Parchetul din Roma, precum \u0219i pentru o serie de firme private.<\/p>\n\n\n\n<p><\/p>\n\n\n\n<p><\/p>\n","protected":false},"excerpt":{"rendered":"<p>Francesco Pepe este profesor titular la Departamentul de Inginerie al Universit\u0103\u021bii din Sannio. Anterior, a fost profesor asociat la aceea\u0219i universitate \u0219i la Universitatea din Bologna \u0219i cercet\u0103tor la Universit\u00e0 della Campania Luigi Vanvitelli. \u00cen rolul s\u0103u, a predat o varietate de cursuri de inginerie chimic\u0103 la Universitatea din Sannio (Departamentul de Inginerie), Universitatea din [&hellip;]<\/p>\n","protected":false},"author":1,"featured_media":0,"parent":0,"menu_order":0,"comment_status":"closed","ping_status":"closed","template":"","meta":{"footnotes":""},"class_list":["post-333","page","type-page","status-publish","hentry"],"_links":{"self":[{"href":"https:\/\/managevirtually.sdu.edu.tr\/ro\/wp-json\/wp\/v2\/pages\/333"}],"collection":[{"href":"https:\/\/managevirtually.sdu.edu.tr\/ro\/wp-json\/wp\/v2\/pages"}],"about":[{"href":"https:\/\/managevirtually.sdu.edu.tr\/ro\/wp-json\/wp\/v2\/types\/page"}],"author":[{"embeddable":true,"href":"https:\/\/managevirtually.sdu.edu.tr\/ro\/wp-json\/wp\/v2\/users\/1"}],"replies":[{"embeddable":true,"href":"https:\/\/managevirtually.sdu.edu.tr\/ro\/wp-json\/wp\/v2\/comments?post=333"}],"version-history":[{"count":1,"href":"https:\/\/managevirtually.sdu.edu.tr\/ro\/wp-json\/wp\/v2\/pages\/333\/revisions"}],"predecessor-version":[{"id":478,"href":"https:\/\/managevirtually.sdu.edu.tr\/ro\/wp-json\/wp\/v2\/pages\/333\/revisions\/478"}],"wp:attachment":[{"href":"https:\/\/managevirtually.sdu.edu.tr\/ro\/wp-json\/wp\/v2\/media?parent=333"}],"curies":[{"name":"wp","href":"https:\/\/api.w.org\/{rel}","templated":true}]}}