{"id":330,"date":"2024-10-16T16:40:59","date_gmt":"2024-10-16T16:40:59","guid":{"rendered":"https:\/\/managevirtually.sdu.edu.tr\/?page_id=330"},"modified":"2025-01-16T12:00:43","modified_gmt":"2025-01-16T09:00:43","slug":"it-person2","status":"publish","type":"page","link":"https:\/\/managevirtually.sdu.edu.tr\/ro\/it-person2\/","title":{"rendered":"Asist. Raffaela CIUFFREDA"},"content":{"rendered":"\n<figure class=\"wp-block-image aligncenter size-full\"><img loading=\"lazy\" decoding=\"async\" width=\"338\" height=\"386\" src=\"https:\/\/managevirtually.sdu.edu.tr\/ro\/wp-content\/uploads\/sites\/4\/2024\/10\/image-16.png\" alt=\"\" class=\"wp-image-331\" srcset=\"https:\/\/managevirtually.sdu.edu.tr\/ro\/wp-content\/uploads\/sites\/4\/2024\/10\/image-16.png 338w, https:\/\/managevirtually.sdu.edu.tr\/ro\/wp-content\/uploads\/sites\/4\/2024\/10\/image-16-263x300.png 263w\" sizes=\"(max-width: 338px) 100vw, 338px\" \/><\/figure>\n\n\n\n<p>Raffaela Ciuffreda este asistent universitar la disciplina statistic\u0103 la Universitatea de Studii Interna\u021bionale din Roma \u0219i cercet\u0103tor \u00een domeniul instrumentelor statistice pentru evaluare la Universitatea din Sannio. Raffaela \u0219i-a ob\u0163inut doctoratul \u00een statistic\u0103 la Universitatea din Sannio \u0219i, prin experien\u021bele anterioare, a ob\u021binut dou\u0103 burse de cercetare: prima \u00een \u201eInstrumente statistice pentru luarea deciziilor\u201d la Universitatea din Sannio \u0219i a doua \u00een \u201eDezvoltarea modelelor statistice liniare \u0219i neliniare\u201d la CNR. Raffaela a fost \u00een stagiu la Universitatea Hanoi din Vietnam \u0219i la Universitatea de Tehnologie Zhongyuan din China. Este autoarea unor lucr\u0103ri \u00een reviste interna\u021bionale.<\/p>\n","protected":false},"excerpt":{"rendered":"<p>Raffaela Ciuffreda este asistent universitar la disciplina statistic\u0103 la Universitatea de Studii Interna\u021bionale din Roma \u0219i cercet\u0103tor \u00een domeniul instrumentelor statistice pentru evaluare la Universitatea din Sannio. Raffaela \u0219i-a ob\u0163inut doctoratul \u00een statistic\u0103 la Universitatea din Sannio \u0219i, prin experien\u021bele anterioare, a ob\u021binut dou\u0103 burse de cercetare: prima \u00een \u201eInstrumente statistice pentru luarea deciziilor\u201d la [&hellip;]<\/p>\n","protected":false},"author":1,"featured_media":0,"parent":0,"menu_order":0,"comment_status":"closed","ping_status":"closed","template":"","meta":{"footnotes":""},"class_list":["post-330","page","type-page","status-publish","hentry"],"_links":{"self":[{"href":"https:\/\/managevirtually.sdu.edu.tr\/ro\/wp-json\/wp\/v2\/pages\/330"}],"collection":[{"href":"https:\/\/managevirtually.sdu.edu.tr\/ro\/wp-json\/wp\/v2\/pages"}],"about":[{"href":"https:\/\/managevirtually.sdu.edu.tr\/ro\/wp-json\/wp\/v2\/types\/page"}],"author":[{"embeddable":true,"href":"https:\/\/managevirtually.sdu.edu.tr\/ro\/wp-json\/wp\/v2\/users\/1"}],"replies":[{"embeddable":true,"href":"https:\/\/managevirtually.sdu.edu.tr\/ro\/wp-json\/wp\/v2\/comments?post=330"}],"version-history":[{"count":1,"href":"https:\/\/managevirtually.sdu.edu.tr\/ro\/wp-json\/wp\/v2\/pages\/330\/revisions"}],"predecessor-version":[{"id":477,"href":"https:\/\/managevirtually.sdu.edu.tr\/ro\/wp-json\/wp\/v2\/pages\/330\/revisions\/477"}],"wp:attachment":[{"href":"https:\/\/managevirtually.sdu.edu.tr\/ro\/wp-json\/wp\/v2\/media?parent=330"}],"curies":[{"name":"wp","href":"https:\/\/api.w.org\/{rel}","templated":true}]}}