{"id":327,"date":"2024-10-16T16:40:19","date_gmt":"2024-10-16T16:40:19","guid":{"rendered":"https:\/\/managevirtually.sdu.edu.tr\/?page_id=327"},"modified":"2025-01-16T12:00:05","modified_gmt":"2025-01-16T09:00:05","slug":"it-person1","status":"publish","type":"page","link":"https:\/\/managevirtually.sdu.edu.tr\/ro\/it-person1\/","title":{"rendered":"Prof. Dr. Biagio SIMONETTI"},"content":{"rendered":"\n<figure class=\"wp-block-image aligncenter size-full\"><img loading=\"lazy\" decoding=\"async\" width=\"203\" height=\"304\" src=\"https:\/\/managevirtually.sdu.edu.tr\/ro\/wp-content\/uploads\/sites\/4\/2024\/10\/image-15.png\" alt=\"\" class=\"wp-image-328\" srcset=\"https:\/\/managevirtually.sdu.edu.tr\/ro\/wp-content\/uploads\/sites\/4\/2024\/10\/image-15.png 203w, https:\/\/managevirtually.sdu.edu.tr\/ro\/wp-content\/uploads\/sites\/4\/2024\/10\/image-15-200x300.png 200w\" sizes=\"(max-width: 203px) 100vw, 203px\" \/><\/figure>\n\n\n\n<p>Biagio Simonetti \u0219i-a luat doctoratul \u00een statistic\u0103 computa\u021bional\u0103. \u00cen prezent, de\u021bine func\u021bia de profesor titular la Universitatea WSB Merito din Gdansk (Polonia) \u0219i este profesor asociat de statistic\u0103 la Universit\u00e0 degli Studi del Sannio (Italia). Cercetarea sa exploreaz\u0103 \u00een primul r\u00e2nd metodele statistice multivariate, cu un accent special pe analiza coresponden\u021bei, aplicat\u0103 \u00een special la evaluarea satisfac\u021biei clien\u021bilor.<\/p>\n\n\n\n<p>Simonetti contribuie activ la dezvoltarea \u015fi organizarea mai multor conferin\u021be cheie \u00een domeniile metodelor multivariate \u0219i teoriei deciziei. Biagio a scris peste 80 de articole \u015ftiin\u0163ifice care au fost prezentate la conferin\u021be \u0219i publicate \u00een reviste de mare impact, cum ar fi Journal of Multivariate Analysis, Journal of Applied Statistics, Communication in Statistics \u2013 Theory and Methods \u0219i Journal of Statistical Planning and Inference.<\/p>\n\n\n\n<p>Pe l\u00e2ng\u0103 rolurile sale academice, este profund implicat \u00een rela\u021biile interna\u021bionale pentru Universit\u00e0 degli Studi del Sannio, fiind delegat al rectorului. Conducerea sa se extinde la comunitatea academic\u0103 mai larg\u0103, unde de\u021bine func\u021bia de secretar general al Societ\u0103\u021bii Italiene de \u0218tiin\u021be ale Turismului (SISTUR), coordon\u00e2nd mai multe proiecte interna\u021bionale care sporesc schimburile educa\u021bionale \u0219i culturale vitale pentru cre\u0219terea academic\u0103 \u0219i colaborarea interna\u021bional\u0103.<\/p>\n\n\n\n<p>\u00cembog\u0103\u021bindu-\u0219i contribu\u021biile profesionale, Simonetti este editor asociat al \u201eQuality &amp; Quality Journal\u201d \u0219i \u201eJournal of Statistical Methods and Applications\u201d. Aceste roluri editoriale eviden\u021biaz\u0103 expertiza \u0219i angajamentul s\u0103u de a promova cercetarea \u00een domeniul statisticii.<\/p>\n\n\n\n<p><\/p>\n\n\n\n<p><\/p>\n","protected":false},"excerpt":{"rendered":"<p>Biagio Simonetti \u0219i-a luat doctoratul \u00een statistic\u0103 computa\u021bional\u0103. \u00cen prezent, de\u021bine func\u021bia de profesor titular la Universitatea WSB Merito din Gdansk (Polonia) \u0219i este profesor asociat de statistic\u0103 la Universit\u00e0 degli Studi del Sannio (Italia). Cercetarea sa exploreaz\u0103 \u00een primul r\u00e2nd metodele statistice multivariate, cu un accent special pe analiza coresponden\u021bei, aplicat\u0103 \u00een special la [&hellip;]<\/p>\n","protected":false},"author":1,"featured_media":0,"parent":0,"menu_order":0,"comment_status":"closed","ping_status":"closed","template":"","meta":{"footnotes":""},"class_list":["post-327","page","type-page","status-publish","hentry"],"_links":{"self":[{"href":"https:\/\/managevirtually.sdu.edu.tr\/ro\/wp-json\/wp\/v2\/pages\/327"}],"collection":[{"href":"https:\/\/managevirtually.sdu.edu.tr\/ro\/wp-json\/wp\/v2\/pages"}],"about":[{"href":"https:\/\/managevirtually.sdu.edu.tr\/ro\/wp-json\/wp\/v2\/types\/page"}],"author":[{"embeddable":true,"href":"https:\/\/managevirtually.sdu.edu.tr\/ro\/wp-json\/wp\/v2\/users\/1"}],"replies":[{"embeddable":true,"href":"https:\/\/managevirtually.sdu.edu.tr\/ro\/wp-json\/wp\/v2\/comments?post=327"}],"version-history":[{"count":1,"href":"https:\/\/managevirtually.sdu.edu.tr\/ro\/wp-json\/wp\/v2\/pages\/327\/revisions"}],"predecessor-version":[{"id":476,"href":"https:\/\/managevirtually.sdu.edu.tr\/ro\/wp-json\/wp\/v2\/pages\/327\/revisions\/476"}],"wp:attachment":[{"href":"https:\/\/managevirtually.sdu.edu.tr\/ro\/wp-json\/wp\/v2\/media?parent=327"}],"curies":[{"name":"wp","href":"https:\/\/api.w.org\/{rel}","templated":true}]}}