{"id":323,"date":"2024-10-16T16:35:31","date_gmt":"2024-10-16T16:35:31","guid":{"rendered":"https:\/\/managevirtually.sdu.edu.tr\/?page_id=323"},"modified":"2025-01-16T12:59:20","modified_gmt":"2025-01-16T09:59:20","slug":"pt-person5","status":"publish","type":"page","link":"https:\/\/managevirtually.sdu.edu.tr\/ro\/pt-person5\/","title":{"rendered":"Student Drd. T\u00e2nia Catarina Vila\u00e7a TEIXEIRA"},"content":{"rendered":"\n<figure class=\"wp-block-image aligncenter size-full\"><img loading=\"lazy\" decoding=\"async\" width=\"284\" height=\"266\" src=\"https:\/\/managevirtually.sdu.edu.tr\/ro\/wp-content\/uploads\/sites\/4\/2024\/10\/image-14.png\" alt=\"\" class=\"wp-image-324\"\/><\/figure>\n\n\n\n<p>T\u00e2nia Catarina Vila\u00e7a Teixeira este doctorand \u00een economie \u015fi administrarea afacerilor (2024), la Universidad Aut\u00f3noma de Madrid, av\u00e2nd o diplom\u0103 de master \u00een audit (2023) \u0219i o diplom\u0103 de licen\u021b\u0103 \u00een management \u0219i contabilitate (2019), ambele la Instituto Superior de Contabilidade e Administra\u00e7\u00e3o do Porto (ISCAP). A publicat mai multe lucr\u0103ri \u015ftiin\u0163ifice, participand la conferin\u0163e interna\u0163ionale, seminarii \u0219i workshop-uri. Este implicat\u0103 \u00een organizarea unui eveniment privind securitatea cibernetic\u0103 \u0219i coordonat studen\u0163i pentru elaborarea lucr\u0103rilor de diserta\u0163ie. T\u00e2nia Catarina Vila\u00e7a este director general \u0219i co-fondator al mai multor companii, precum \u0219i analist \u00een domeniile fiscal \u0219i financiar.<\/p>\n","protected":false},"excerpt":{"rendered":"<p>T\u00e2nia Catarina Vila\u00e7a Teixeira este doctorand \u00een economie \u015fi administrarea afacerilor (2024), la Universidad Aut\u00f3noma de Madrid, av\u00e2nd o diplom\u0103 de master \u00een audit (2023) \u0219i o diplom\u0103 de licen\u021b\u0103 \u00een management \u0219i contabilitate (2019), ambele la Instituto Superior de Contabilidade e Administra\u00e7\u00e3o do Porto (ISCAP). A publicat mai multe lucr\u0103ri \u015ftiin\u0163ifice, participand la conferin\u0163e [&hellip;]<\/p>\n","protected":false},"author":1,"featured_media":0,"parent":0,"menu_order":0,"comment_status":"closed","ping_status":"closed","template":"","meta":{"footnotes":""},"class_list":["post-323","page","type-page","status-publish","hentry"],"_links":{"self":[{"href":"https:\/\/managevirtually.sdu.edu.tr\/ro\/wp-json\/wp\/v2\/pages\/323"}],"collection":[{"href":"https:\/\/managevirtually.sdu.edu.tr\/ro\/wp-json\/wp\/v2\/pages"}],"about":[{"href":"https:\/\/managevirtually.sdu.edu.tr\/ro\/wp-json\/wp\/v2\/types\/page"}],"author":[{"embeddable":true,"href":"https:\/\/managevirtually.sdu.edu.tr\/ro\/wp-json\/wp\/v2\/users\/1"}],"replies":[{"embeddable":true,"href":"https:\/\/managevirtually.sdu.edu.tr\/ro\/wp-json\/wp\/v2\/comments?post=323"}],"version-history":[{"count":1,"href":"https:\/\/managevirtually.sdu.edu.tr\/ro\/wp-json\/wp\/v2\/pages\/323\/revisions"}],"predecessor-version":[{"id":500,"href":"https:\/\/managevirtually.sdu.edu.tr\/ro\/wp-json\/wp\/v2\/pages\/323\/revisions\/500"}],"wp:attachment":[{"href":"https:\/\/managevirtually.sdu.edu.tr\/ro\/wp-json\/wp\/v2\/media?parent=323"}],"curies":[{"name":"wp","href":"https:\/\/api.w.org\/{rel}","templated":true}]}}