{"id":320,"date":"2024-10-16T16:34:54","date_gmt":"2024-10-16T16:34:54","guid":{"rendered":"https:\/\/managevirtually.sdu.edu.tr\/?page_id=320"},"modified":"2025-01-16T12:58:32","modified_gmt":"2025-01-16T09:58:32","slug":"pt-person4","status":"publish","type":"page","link":"https:\/\/managevirtually.sdu.edu.tr\/ro\/pt-person4\/","title":{"rendered":"Conf. Dr. Adalmiro \u00c1lvaro Malheiro de Castro Andrade Pereira"},"content":{"rendered":"\n<figure class=\"wp-block-image aligncenter size-full\"><img loading=\"lazy\" decoding=\"async\" width=\"324\" height=\"306\" src=\"https:\/\/managevirtually.sdu.edu.tr\/ro\/wp-content\/uploads\/sites\/4\/2024\/10\/image-13.png\" alt=\"\" class=\"wp-image-321\" srcset=\"https:\/\/managevirtually.sdu.edu.tr\/ro\/wp-content\/uploads\/sites\/4\/2024\/10\/image-13.png 324w, https:\/\/managevirtually.sdu.edu.tr\/ro\/wp-content\/uploads\/sites\/4\/2024\/10\/image-13-300x283.png 300w\" sizes=\"(max-width: 324px) 100vw, 324px\" \/><\/figure>\n\n\n\n<p>Adalmiro \u00c1lvaro Malheiro de Castro Andrade Pereira are un doctorat \u00een management (2015) la Universidade Portucalense, un master \u00een finan\u021be (2002) la Universitatea Economic\u0103 din Porto \u0219i o diplom\u0103 de licen\u021b\u0103 \u00een management (1995) la Universitatea Catolic\u0103 din Porto. Este conferen\u0163iar la Instituto Superior de Contabilidade e Administra\u00e7\u00e3o do Porto. A publicat mai multe lucr\u0103ri \u0219i mai multe c\u0103r\u021bi. Adalmiro \u00c1lvaro Malheiro particip\u0103 la evenimente \u0219tiin\u021bifice, seminarii \u0219i workshop-uri \u0219i este responsabil de organizarea mai multor evenimente, cu prec\u0103dere despre securitatea cibernetic\u0103. \u00cen plus, este director general \u015fi co-fondator al mai multor companii, fiind totodat\u0103 analist \u00een domeniile fiscal \u0219i financiar. Este contabil public autorizat \u0219i economist.\u00a0<\/p>\n","protected":false},"excerpt":{"rendered":"<p>Adalmiro \u00c1lvaro Malheiro de Castro Andrade Pereira are un doctorat \u00een management (2015) la Universidade Portucalense, un master \u00een finan\u021be (2002) la Universitatea Economic\u0103 din Porto \u0219i o diplom\u0103 de licen\u021b\u0103 \u00een management (1995) la Universitatea Catolic\u0103 din Porto. Este conferen\u0163iar la Instituto Superior de Contabilidade e Administra\u00e7\u00e3o do Porto. A publicat mai multe lucr\u0103ri [&hellip;]<\/p>\n","protected":false},"author":1,"featured_media":0,"parent":0,"menu_order":0,"comment_status":"closed","ping_status":"closed","template":"","meta":{"footnotes":""},"class_list":["post-320","page","type-page","status-publish","hentry"],"_links":{"self":[{"href":"https:\/\/managevirtually.sdu.edu.tr\/ro\/wp-json\/wp\/v2\/pages\/320"}],"collection":[{"href":"https:\/\/managevirtually.sdu.edu.tr\/ro\/wp-json\/wp\/v2\/pages"}],"about":[{"href":"https:\/\/managevirtually.sdu.edu.tr\/ro\/wp-json\/wp\/v2\/types\/page"}],"author":[{"embeddable":true,"href":"https:\/\/managevirtually.sdu.edu.tr\/ro\/wp-json\/wp\/v2\/users\/1"}],"replies":[{"embeddable":true,"href":"https:\/\/managevirtually.sdu.edu.tr\/ro\/wp-json\/wp\/v2\/comments?post=320"}],"version-history":[{"count":1,"href":"https:\/\/managevirtually.sdu.edu.tr\/ro\/wp-json\/wp\/v2\/pages\/320\/revisions"}],"predecessor-version":[{"id":499,"href":"https:\/\/managevirtually.sdu.edu.tr\/ro\/wp-json\/wp\/v2\/pages\/320\/revisions\/499"}],"wp:attachment":[{"href":"https:\/\/managevirtually.sdu.edu.tr\/ro\/wp-json\/wp\/v2\/media?parent=320"}],"curies":[{"name":"wp","href":"https:\/\/api.w.org\/{rel}","templated":true}]}}