{"id":310,"date":"2024-10-16T16:31:53","date_gmt":"2024-10-16T16:31:53","guid":{"rendered":"https:\/\/managevirtually.sdu.edu.tr\/?page_id=310"},"modified":"2025-01-16T12:34:41","modified_gmt":"2025-01-16T09:34:41","slug":"pt-person1","status":"publish","type":"page","link":"https:\/\/managevirtually.sdu.edu.tr\/ro\/pt-person1\/","title":{"rendered":"Conf. Dr. Maria Ant\u00f3nia Gon\u00e7alves RODRIGUES"},"content":{"rendered":"\n<figure class=\"wp-block-image aligncenter size-full\"><img loading=\"lazy\" decoding=\"async\" width=\"301\" height=\"301\" src=\"https:\/\/managevirtually.sdu.edu.tr\/ro\/wp-content\/uploads\/sites\/4\/2024\/10\/image-10.png\" alt=\"\" class=\"wp-image-311\" srcset=\"https:\/\/managevirtually.sdu.edu.tr\/ro\/wp-content\/uploads\/sites\/4\/2024\/10\/image-10.png 301w, https:\/\/managevirtually.sdu.edu.tr\/ro\/wp-content\/uploads\/sites\/4\/2024\/10\/image-10-150x150.png 150w\" sizes=\"(max-width: 301px) 100vw, 301px\" \/><\/figure>\n\n\n\n<p>Maria Ant\u00f3nia Gon\u00e7alves Rodrigues are un doctorat \u00een Comunicare\/Marketing la Universitatea din Vigo, un master \u00een marketing la Universitatea din Porto \u0219i dou\u0103 diplome de licen\u021b\u0103, una \u00een marketing \u0219i una \u00een comer\u021b interna\u021bional, ambele la Business School (ISCAP), Universitatea Politehnica din Porto. Este conferentiar la ISCAP, unde este, de asemenea, membr\u0103 a Consiliului tiin\u021bifice \u0219i de Consultan\u021b\u0103, coordon\u00e2nd programul de licen\u021b\u0103 \u00een marketing. A publicat mai multe lucr\u0103ri \u015ftiin\u0163ifice \u0219i 3 c\u0103r\u021bi indexate \u00een SCOPUS \u0219i WoS. Maria Ant\u00f3nia\u00a0 a primit dou\u0103 premii \u0219i lucreaz\u0103 \u00een \u0219tiin\u021be sociale, cu accent pe afaceri, servicii, comportamentul consumatorilor \u0219i marketing. \u00cen plus, coordoneaz\u0103 studen\u0163ii pentru elaborarea lucr\u0103rilor de master, organiz\u00e2nd \u0219i particip\u00e2d la mai multe evenimente \u0219tiin\u021bifice, seminarii \u0219i workshop-uri.<\/p>\n","protected":false},"excerpt":{"rendered":"<p>Maria Ant\u00f3nia Gon\u00e7alves Rodrigues are un doctorat \u00een Comunicare\/Marketing la Universitatea din Vigo, un master \u00een marketing la Universitatea din Porto \u0219i dou\u0103 diplome de licen\u021b\u0103, una \u00een marketing \u0219i una \u00een comer\u021b interna\u021bional, ambele la Business School (ISCAP), Universitatea Politehnica din Porto. Este conferentiar la ISCAP, unde este, de asemenea, membr\u0103 a Consiliului tiin\u021bifice [&hellip;]<\/p>\n","protected":false},"author":1,"featured_media":0,"parent":0,"menu_order":0,"comment_status":"closed","ping_status":"closed","template":"","meta":{"footnotes":""},"class_list":["post-310","page","type-page","status-publish","hentry"],"_links":{"self":[{"href":"https:\/\/managevirtually.sdu.edu.tr\/ro\/wp-json\/wp\/v2\/pages\/310"}],"collection":[{"href":"https:\/\/managevirtually.sdu.edu.tr\/ro\/wp-json\/wp\/v2\/pages"}],"about":[{"href":"https:\/\/managevirtually.sdu.edu.tr\/ro\/wp-json\/wp\/v2\/types\/page"}],"author":[{"embeddable":true,"href":"https:\/\/managevirtually.sdu.edu.tr\/ro\/wp-json\/wp\/v2\/users\/1"}],"replies":[{"embeddable":true,"href":"https:\/\/managevirtually.sdu.edu.tr\/ro\/wp-json\/wp\/v2\/comments?post=310"}],"version-history":[{"count":1,"href":"https:\/\/managevirtually.sdu.edu.tr\/ro\/wp-json\/wp\/v2\/pages\/310\/revisions"}],"predecessor-version":[{"id":493,"href":"https:\/\/managevirtually.sdu.edu.tr\/ro\/wp-json\/wp\/v2\/pages\/310\/revisions\/493"}],"wp:attachment":[{"href":"https:\/\/managevirtually.sdu.edu.tr\/ro\/wp-json\/wp\/v2\/media?parent=310"}],"curies":[{"name":"wp","href":"https:\/\/api.w.org\/{rel}","templated":true}]}}