{"id":306,"date":"2024-10-16T16:28:23","date_gmt":"2024-10-16T16:28:23","guid":{"rendered":"https:\/\/managevirtually.sdu.edu.tr\/?page_id=306"},"modified":"2025-01-16T11:57:26","modified_gmt":"2025-01-16T08:57:26","slug":"tr-person9","status":"publish","type":"page","link":"https:\/\/managevirtually.sdu.edu.tr\/ro\/tr-person9\/","title":{"rendered":"Lector Ziya D\u0130RL\u0130K"},"content":{"rendered":"\n<figure class=\"wp-block-image aligncenter size-full\"><img loading=\"lazy\" decoding=\"async\" width=\"329\" height=\"219\" src=\"https:\/\/managevirtually.sdu.edu.tr\/ro\/wp-content\/uploads\/sites\/4\/2024\/10\/image-9.png\" alt=\"\" class=\"wp-image-307\" srcset=\"https:\/\/managevirtually.sdu.edu.tr\/ro\/wp-content\/uploads\/sites\/4\/2024\/10\/image-9.png 329w, https:\/\/managevirtually.sdu.edu.tr\/ro\/wp-content\/uploads\/sites\/4\/2024\/10\/image-9-300x200.png 300w\" sizes=\"(max-width: 329px) 100vw, 329px\" \/><\/figure>\n\n\n\n<p>Ziya D\u0130RL\u0130K a absolvit Universitatea S\u00fcleyman Demirel \u00een 2013. \u00cen prezent, \u00ee\u0219i urmeaz\u0103 doctoratul la Universitatea S\u00fcleyman Demirel, Departamentul de Inginerie a Calculatoarelor. A lucrat ca dezvoltator de software la Universitatea S\u00fcleyman Demirel \u00een perioada 2014-2019. Din 2019, este lector la Universitatea de \u0218tiin\u021be Aplicate Isparta. Pred\u0103 cursuri \u00een domeniul informaticii la aceea\u0219i universitate.<\/p>\n","protected":false},"excerpt":{"rendered":"<p>Ziya D\u0130RL\u0130K a absolvit Universitatea S\u00fcleyman Demirel \u00een 2013. \u00cen prezent, \u00ee\u0219i urmeaz\u0103 doctoratul la Universitatea S\u00fcleyman Demirel, Departamentul de Inginerie a Calculatoarelor. A lucrat ca dezvoltator de software la Universitatea S\u00fcleyman Demirel \u00een perioada 2014-2019. Din 2019, este lector la Universitatea de \u0218tiin\u021be Aplicate Isparta. Pred\u0103 cursuri \u00een domeniul informaticii la aceea\u0219i universitate.<\/p>\n","protected":false},"author":1,"featured_media":0,"parent":0,"menu_order":0,"comment_status":"closed","ping_status":"closed","template":"","meta":{"footnotes":""},"class_list":["post-306","page","type-page","status-publish","hentry"],"_links":{"self":[{"href":"https:\/\/managevirtually.sdu.edu.tr\/ro\/wp-json\/wp\/v2\/pages\/306"}],"collection":[{"href":"https:\/\/managevirtually.sdu.edu.tr\/ro\/wp-json\/wp\/v2\/pages"}],"about":[{"href":"https:\/\/managevirtually.sdu.edu.tr\/ro\/wp-json\/wp\/v2\/types\/page"}],"author":[{"embeddable":true,"href":"https:\/\/managevirtually.sdu.edu.tr\/ro\/wp-json\/wp\/v2\/users\/1"}],"replies":[{"embeddable":true,"href":"https:\/\/managevirtually.sdu.edu.tr\/ro\/wp-json\/wp\/v2\/comments?post=306"}],"version-history":[{"count":1,"href":"https:\/\/managevirtually.sdu.edu.tr\/ro\/wp-json\/wp\/v2\/pages\/306\/revisions"}],"predecessor-version":[{"id":474,"href":"https:\/\/managevirtually.sdu.edu.tr\/ro\/wp-json\/wp\/v2\/pages\/306\/revisions\/474"}],"wp:attachment":[{"href":"https:\/\/managevirtually.sdu.edu.tr\/ro\/wp-json\/wp\/v2\/media?parent=306"}],"curies":[{"name":"wp","href":"https:\/\/api.w.org\/{rel}","templated":true}]}}