{"id":303,"date":"2024-10-16T16:27:44","date_gmt":"2024-10-16T16:27:44","guid":{"rendered":"https:\/\/managevirtually.sdu.edu.tr\/?page_id=303"},"modified":"2025-01-16T11:56:52","modified_gmt":"2025-01-16T08:56:52","slug":"tr-person8","status":"publish","type":"page","link":"https:\/\/managevirtually.sdu.edu.tr\/ro\/tr-person8\/","title":{"rendered":"Asistent de cercetare Mehmet MAZAK"},"content":{"rendered":"\n<figure class=\"wp-block-image aligncenter size-full\"><img loading=\"lazy\" decoding=\"async\" width=\"358\" height=\"239\" src=\"https:\/\/managevirtually.sdu.edu.tr\/ro\/wp-content\/uploads\/sites\/4\/2024\/10\/image-8.png\" alt=\"\" class=\"wp-image-304\" srcset=\"https:\/\/managevirtually.sdu.edu.tr\/ro\/wp-content\/uploads\/sites\/4\/2024\/10\/image-8.png 358w, https:\/\/managevirtually.sdu.edu.tr\/ro\/wp-content\/uploads\/sites\/4\/2024\/10\/image-8-300x200.png 300w\" sizes=\"(max-width: 358px) 100vw, 358px\" \/><\/figure>\n\n\n\n<p>Mehmet Mazak a primit diploma de licen\u021b\u0103 \u00een Economie la Universitatea de Economie \u0219i Tehnologie TOBB \u00een 2016. Dup\u0103 ocuparea unor func\u0163ii \u00een managementul proiectelor \u0219i acordarea de consultan\u021b\u0103 de export \u00een sectorul privat, \u0219i-a \u00eenceput studiile de master \u00een Finan\u021be la Universitatea S\u00fcleyman Demirel. Concomitent, \u00een 2019, \u015fi-a \u00eenceput activitatea de asistent de cercetare \u00een cadrul Departamentului de Finan\u021be \u0219i B\u0103nci. \u00cen prezent, \u00ee\u0219i urmeaz\u0103 doctoratul, cu interesele sale principale de cercetare \u00een domeniul finan\u021belor cantitative, stabilirea pre\u021burilor activelor \u0219i aplicarea algoritmilor de \u00eenv\u0103\u021bare automat\u0103 pe pie\u021bele financiare.<\/p>\n","protected":false},"excerpt":{"rendered":"<p>Mehmet Mazak a primit diploma de licen\u021b\u0103 \u00een Economie la Universitatea de Economie \u0219i Tehnologie TOBB \u00een 2016. Dup\u0103 ocuparea unor func\u0163ii \u00een managementul proiectelor \u0219i acordarea de consultan\u021b\u0103 de export \u00een sectorul privat, \u0219i-a \u00eenceput studiile de master \u00een Finan\u021be la Universitatea S\u00fcleyman Demirel. Concomitent, \u00een 2019, \u015fi-a \u00eenceput activitatea de asistent de cercetare [&hellip;]<\/p>\n","protected":false},"author":1,"featured_media":0,"parent":0,"menu_order":0,"comment_status":"closed","ping_status":"closed","template":"","meta":{"footnotes":""},"class_list":["post-303","page","type-page","status-publish","hentry"],"_links":{"self":[{"href":"https:\/\/managevirtually.sdu.edu.tr\/ro\/wp-json\/wp\/v2\/pages\/303"}],"collection":[{"href":"https:\/\/managevirtually.sdu.edu.tr\/ro\/wp-json\/wp\/v2\/pages"}],"about":[{"href":"https:\/\/managevirtually.sdu.edu.tr\/ro\/wp-json\/wp\/v2\/types\/page"}],"author":[{"embeddable":true,"href":"https:\/\/managevirtually.sdu.edu.tr\/ro\/wp-json\/wp\/v2\/users\/1"}],"replies":[{"embeddable":true,"href":"https:\/\/managevirtually.sdu.edu.tr\/ro\/wp-json\/wp\/v2\/comments?post=303"}],"version-history":[{"count":1,"href":"https:\/\/managevirtually.sdu.edu.tr\/ro\/wp-json\/wp\/v2\/pages\/303\/revisions"}],"predecessor-version":[{"id":473,"href":"https:\/\/managevirtually.sdu.edu.tr\/ro\/wp-json\/wp\/v2\/pages\/303\/revisions\/473"}],"wp:attachment":[{"href":"https:\/\/managevirtually.sdu.edu.tr\/ro\/wp-json\/wp\/v2\/media?parent=303"}],"curies":[{"name":"wp","href":"https:\/\/api.w.org\/{rel}","templated":true}]}}