{"id":297,"date":"2024-10-16T16:25:55","date_gmt":"2024-10-16T16:25:55","guid":{"rendered":"https:\/\/managevirtually.sdu.edu.tr\/?page_id=297"},"modified":"2025-01-16T11:55:45","modified_gmt":"2025-01-16T08:55:45","slug":"tr-person6","status":"publish","type":"page","link":"https:\/\/managevirtually.sdu.edu.tr\/ro\/tr-person6\/","title":{"rendered":"Prof. Dr. Ecir U\u011fur K\u00dc\u00c7\u00dcKS\u0130LLE"},"content":{"rendered":"\n<figure class=\"wp-block-image aligncenter size-full\"><img loading=\"lazy\" decoding=\"async\" width=\"346\" height=\"230\" src=\"https:\/\/managevirtually.sdu.edu.tr\/ro\/wp-content\/uploads\/sites\/4\/2024\/10\/image-6.png\" alt=\"\" class=\"wp-image-298\" srcset=\"https:\/\/managevirtually.sdu.edu.tr\/ro\/wp-content\/uploads\/sites\/4\/2024\/10\/image-6.png 346w, https:\/\/managevirtually.sdu.edu.tr\/ro\/wp-content\/uploads\/sites\/4\/2024\/10\/image-6-300x199.png 300w\" sizes=\"(max-width: 346px) 100vw, 346px\" \/><\/figure>\n\n\n\n<p>Ecir U\u011fur K\u00fc\u00e7\u00fcksille s-a n\u0103scut \u00een Isparta \u00een 1976. \u0218i-a terminat studiile universitare la Universitatea Gazi \u0219i studiile de master \u0219i doctorat la Universitatea S\u00fcleyman Demirel. \u00cen prezent, este membru al Facult\u0103\u021bii de Inginerie \u0219i \u0218tiin\u021be ale Naturii, Departamentul de Inginerie Calculatoare la Universitatea S\u00fcleyman Demirel. Interesele sale de cercetare includ inteligen\u021ba artificial\u0103, \u00eenv\u0103\u021barea automat\u0103, procesarea limbajului natural \u0219i securitatea cibernetic\u0103.<\/p>\n","protected":false},"excerpt":{"rendered":"<p>Ecir U\u011fur K\u00fc\u00e7\u00fcksille s-a n\u0103scut \u00een Isparta \u00een 1976. \u0218i-a terminat studiile universitare la Universitatea Gazi \u0219i studiile de master \u0219i doctorat la Universitatea S\u00fcleyman Demirel. \u00cen prezent, este membru al Facult\u0103\u021bii de Inginerie \u0219i \u0218tiin\u021be ale Naturii, Departamentul de Inginerie Calculatoare la Universitatea S\u00fcleyman Demirel. Interesele sale de cercetare includ inteligen\u021ba artificial\u0103, \u00eenv\u0103\u021barea automat\u0103, [&hellip;]<\/p>\n","protected":false},"author":1,"featured_media":0,"parent":0,"menu_order":0,"comment_status":"closed","ping_status":"closed","template":"","meta":{"footnotes":""},"class_list":["post-297","page","type-page","status-publish","hentry"],"_links":{"self":[{"href":"https:\/\/managevirtually.sdu.edu.tr\/ro\/wp-json\/wp\/v2\/pages\/297"}],"collection":[{"href":"https:\/\/managevirtually.sdu.edu.tr\/ro\/wp-json\/wp\/v2\/pages"}],"about":[{"href":"https:\/\/managevirtually.sdu.edu.tr\/ro\/wp-json\/wp\/v2\/types\/page"}],"author":[{"embeddable":true,"href":"https:\/\/managevirtually.sdu.edu.tr\/ro\/wp-json\/wp\/v2\/users\/1"}],"replies":[{"embeddable":true,"href":"https:\/\/managevirtually.sdu.edu.tr\/ro\/wp-json\/wp\/v2\/comments?post=297"}],"version-history":[{"count":1,"href":"https:\/\/managevirtually.sdu.edu.tr\/ro\/wp-json\/wp\/v2\/pages\/297\/revisions"}],"predecessor-version":[{"id":471,"href":"https:\/\/managevirtually.sdu.edu.tr\/ro\/wp-json\/wp\/v2\/pages\/297\/revisions\/471"}],"wp:attachment":[{"href":"https:\/\/managevirtually.sdu.edu.tr\/ro\/wp-json\/wp\/v2\/media?parent=297"}],"curies":[{"name":"wp","href":"https:\/\/api.w.org\/{rel}","templated":true}]}}