{"id":294,"date":"2024-10-16T16:25:10","date_gmt":"2024-10-16T16:25:10","guid":{"rendered":"https:\/\/managevirtually.sdu.edu.tr\/?page_id=294"},"modified":"2025-01-16T11:55:14","modified_gmt":"2025-01-16T08:55:14","slug":"tr-person5","status":"publish","type":"page","link":"https:\/\/managevirtually.sdu.edu.tr\/ro\/tr-person5\/","title":{"rendered":"Prof. Dr. G\u00fclay BULGAN"},"content":{"rendered":"\n<figure class=\"wp-block-image aligncenter size-full\"><img loading=\"lazy\" decoding=\"async\" width=\"369\" height=\"246\" src=\"https:\/\/managevirtually.sdu.edu.tr\/ro\/wp-content\/uploads\/sites\/4\/2024\/10\/image-5.png\" alt=\"\" class=\"wp-image-295\" srcset=\"https:\/\/managevirtually.sdu.edu.tr\/ro\/wp-content\/uploads\/sites\/4\/2024\/10\/image-5.png 369w, https:\/\/managevirtually.sdu.edu.tr\/ro\/wp-content\/uploads\/sites\/4\/2024\/10\/image-5-300x200.png 300w\" sizes=\"(max-width: 369px) 100vw, 369px\" \/><\/figure>\n\n\n\n<p>Este cadru didactic la Universitatea Suleyman Demirel, Turcia din 2008. G\u00fclay a ob\u0163inut diploma de licen\u021ba \u00een Orientare \u015fi Turism la Universitatea Balikesir (Turcia) \u00een 2005, diploma de master \u00een Managementul Turismului la Universitatea Afyon Kocatepe 2010 \u015fi diploma de doctor la Departamentul\u00a0 Administrarea Afacerilor la Universitatea Suleyman Demirel \u00een 2014. Bulgan are experien\u021b\u0103 \u00een proiecte na\u021bionale \u0219i interna\u021bionale, iar domeniile ei de interes sunt turismul pentru dizabilit\u0103\u021bi, turismul alternativ, managementul hotelier \u0219i economia turismului.<\/p>\n","protected":false},"excerpt":{"rendered":"<p>Este cadru didactic la Universitatea Suleyman Demirel, Turcia din 2008. G\u00fclay a ob\u0163inut diploma de licen\u021ba \u00een Orientare \u015fi Turism la Universitatea Balikesir (Turcia) \u00een 2005, diploma de master \u00een Managementul Turismului la Universitatea Afyon Kocatepe 2010 \u015fi diploma de doctor la Departamentul\u00a0 Administrarea Afacerilor la Universitatea Suleyman Demirel \u00een 2014. Bulgan are experien\u021b\u0103 \u00een [&hellip;]<\/p>\n","protected":false},"author":1,"featured_media":0,"parent":0,"menu_order":0,"comment_status":"closed","ping_status":"closed","template":"","meta":{"footnotes":""},"class_list":["post-294","page","type-page","status-publish","hentry"],"_links":{"self":[{"href":"https:\/\/managevirtually.sdu.edu.tr\/ro\/wp-json\/wp\/v2\/pages\/294"}],"collection":[{"href":"https:\/\/managevirtually.sdu.edu.tr\/ro\/wp-json\/wp\/v2\/pages"}],"about":[{"href":"https:\/\/managevirtually.sdu.edu.tr\/ro\/wp-json\/wp\/v2\/types\/page"}],"author":[{"embeddable":true,"href":"https:\/\/managevirtually.sdu.edu.tr\/ro\/wp-json\/wp\/v2\/users\/1"}],"replies":[{"embeddable":true,"href":"https:\/\/managevirtually.sdu.edu.tr\/ro\/wp-json\/wp\/v2\/comments?post=294"}],"version-history":[{"count":1,"href":"https:\/\/managevirtually.sdu.edu.tr\/ro\/wp-json\/wp\/v2\/pages\/294\/revisions"}],"predecessor-version":[{"id":470,"href":"https:\/\/managevirtually.sdu.edu.tr\/ro\/wp-json\/wp\/v2\/pages\/294\/revisions\/470"}],"wp:attachment":[{"href":"https:\/\/managevirtually.sdu.edu.tr\/ro\/wp-json\/wp\/v2\/media?parent=294"}],"curies":[{"name":"wp","href":"https:\/\/api.w.org\/{rel}","templated":true}]}}