{"id":291,"date":"2024-10-16T16:24:35","date_gmt":"2024-10-16T16:24:35","guid":{"rendered":"https:\/\/managevirtually.sdu.edu.tr\/?page_id=291"},"modified":"2025-01-16T11:54:19","modified_gmt":"2025-01-16T08:54:19","slug":"tr-person4","status":"publish","type":"page","link":"https:\/\/managevirtually.sdu.edu.tr\/ro\/tr-person4\/","title":{"rendered":"Prof. Dr. Burcu ASLANTA\u015e ATE\u015e"},"content":{"rendered":"\n<figure class=\"wp-block-image aligncenter size-full\"><img loading=\"lazy\" decoding=\"async\" width=\"328\" height=\"219\" src=\"https:\/\/managevirtually.sdu.edu.tr\/ro\/wp-content\/uploads\/sites\/4\/2024\/10\/image-4.png\" alt=\"\" class=\"wp-image-292\" srcset=\"https:\/\/managevirtually.sdu.edu.tr\/ro\/wp-content\/uploads\/sites\/4\/2024\/10\/image-4.png 328w, https:\/\/managevirtually.sdu.edu.tr\/ro\/wp-content\/uploads\/sites\/4\/2024\/10\/image-4-300x200.png 300w\" sizes=\"(max-width: 328px) 100vw, 328px\" \/><\/figure>\n\n\n\n<p>Burcu Aslanta\u015f Ate\u015f \u0219i-a luat diploma de licen\u021b\u0103 la Universitatea Anadolu, Departamentul de Administrare a Afacerilor \u00een 2000, masterul la Universitatea Eski\u015fehir Osmangazi \u00een 2003, iar doctoratul\u00a0 la Universitatea S\u00fcleyman Demirel, Departamentul de Administrarea Afacerilor \u00een 2011. Aslanta\u015f Ate\u015f, care a devenit conferen\u0163iar \u00een contabilitate \u00een 2017, \u015fi profesor din 2023 la Universitatea S\u00fcleyman Demirel. Burcu pred\u0103 disciplinele de sistemele informa\u021bionale contabile, standardele de raportare financiar\u0103, analiza costurilor, costurile cu s\u0103n\u0103tatea, sustenabilitatea \u0219i obiectivele de dezvoltare durabil\u0103 la licen\u0163\u0103 \u015fila cursurile postuniversitare.<\/p>\n","protected":false},"excerpt":{"rendered":"<p>Burcu Aslanta\u015f Ate\u015f \u0219i-a luat diploma de licen\u021b\u0103 la Universitatea Anadolu, Departamentul de Administrare a Afacerilor \u00een 2000, masterul la Universitatea Eski\u015fehir Osmangazi \u00een 2003, iar doctoratul\u00a0 la Universitatea S\u00fcleyman Demirel, Departamentul de Administrarea Afacerilor \u00een 2011. Aslanta\u015f Ate\u015f, care a devenit conferen\u0163iar \u00een contabilitate \u00een 2017, \u015fi profesor din 2023 la Universitatea S\u00fcleyman Demirel. [&hellip;]<\/p>\n","protected":false},"author":1,"featured_media":0,"parent":0,"menu_order":0,"comment_status":"closed","ping_status":"closed","template":"","meta":{"footnotes":""},"class_list":["post-291","page","type-page","status-publish","hentry"],"_links":{"self":[{"href":"https:\/\/managevirtually.sdu.edu.tr\/ro\/wp-json\/wp\/v2\/pages\/291"}],"collection":[{"href":"https:\/\/managevirtually.sdu.edu.tr\/ro\/wp-json\/wp\/v2\/pages"}],"about":[{"href":"https:\/\/managevirtually.sdu.edu.tr\/ro\/wp-json\/wp\/v2\/types\/page"}],"author":[{"embeddable":true,"href":"https:\/\/managevirtually.sdu.edu.tr\/ro\/wp-json\/wp\/v2\/users\/1"}],"replies":[{"embeddable":true,"href":"https:\/\/managevirtually.sdu.edu.tr\/ro\/wp-json\/wp\/v2\/comments?post=291"}],"version-history":[{"count":1,"href":"https:\/\/managevirtually.sdu.edu.tr\/ro\/wp-json\/wp\/v2\/pages\/291\/revisions"}],"predecessor-version":[{"id":469,"href":"https:\/\/managevirtually.sdu.edu.tr\/ro\/wp-json\/wp\/v2\/pages\/291\/revisions\/469"}],"wp:attachment":[{"href":"https:\/\/managevirtually.sdu.edu.tr\/ro\/wp-json\/wp\/v2\/media?parent=291"}],"curies":[{"name":"wp","href":"https:\/\/api.w.org\/{rel}","templated":true}]}}