{"id":288,"date":"2024-10-16T16:23:49","date_gmt":"2024-10-16T16:23:49","guid":{"rendered":"https:\/\/managevirtually.sdu.edu.tr\/?page_id=288"},"modified":"2025-01-16T11:53:58","modified_gmt":"2025-01-16T08:53:58","slug":"tr-person3","status":"publish","type":"page","link":"https:\/\/managevirtually.sdu.edu.tr\/ro\/tr-person3\/","title":{"rendered":"Prof. Dr. Didar B\u00dcY\u00dcKER \u0130\u015eLER"},"content":{"rendered":"\n<figure class=\"wp-block-image aligncenter size-full\"><img loading=\"lazy\" decoding=\"async\" width=\"327\" height=\"218\" src=\"https:\/\/managevirtually.sdu.edu.tr\/ro\/wp-content\/uploads\/sites\/4\/2024\/10\/image-3.png\" alt=\"\" class=\"wp-image-289\" srcset=\"https:\/\/managevirtually.sdu.edu.tr\/ro\/wp-content\/uploads\/sites\/4\/2024\/10\/image-3.png 327w, https:\/\/managevirtually.sdu.edu.tr\/ro\/wp-content\/uploads\/sites\/4\/2024\/10\/image-3-300x200.png 300w\" sizes=\"(max-width: 327px) 100vw, 327px\" \/><\/figure>\n\n\n\n<p>Didar B\u00fcy\u00fcker \u0130\u015fler a absolvit ca \u015fef de promo\u0163ie la Departamentul de Administrare a Afacerilor al Universit\u0103\u021bii Suleyman Demirel \u00een 2001 \u0219i a ob\u021binut doctoratul \u00een Departamentul de Administrare a Afacerilor al Universit\u0103\u021bii Suleyman Demirel \u00een 2009. Didar lucreaz\u0103 ca profesor cu norm\u0103 \u00eentreag\u0103 \u00een aceea\u0219i facultate din 2021, sus\u021bin\u00e2nd prelegeri despre marketing digital, publicitate, cercetare de marketing, comportamentul consumatorului la licen\u021b\u0103 \u0219i studii postuniversitare. Didar a participat ca cercet\u0103tor la diferite proiecte na\u021bionale \u0219i proiecte de tineret din UE, public\u00e2nd articole despre marketing digital, comportamentul de cump\u0103rare al consumatorilor, rela\u021biile sociale cu clien\u021bii, av\u00e2nd experien\u021b\u0103 \u00een metode statistice multivariate, cum ar fi modelul de ecua\u021bie structural\u0103, modelele de regresie multipl\u0103 etc. Este membr\u0103 a Asocia\u021biei de Cercetare \u00een Marketing.<\/p>\n\n\n\n<p><\/p>\n","protected":false},"excerpt":{"rendered":"<p>Didar B\u00fcy\u00fcker \u0130\u015fler a absolvit ca \u015fef de promo\u0163ie la Departamentul de Administrare a Afacerilor al Universit\u0103\u021bii Suleyman Demirel \u00een 2001 \u0219i a ob\u021binut doctoratul \u00een Departamentul de Administrare a Afacerilor al Universit\u0103\u021bii Suleyman Demirel \u00een 2009. Didar lucreaz\u0103 ca profesor cu norm\u0103 \u00eentreag\u0103 \u00een aceea\u0219i facultate din 2021, sus\u021bin\u00e2nd prelegeri despre marketing digital, publicitate, [&hellip;]<\/p>\n","protected":false},"author":1,"featured_media":0,"parent":0,"menu_order":0,"comment_status":"closed","ping_status":"closed","template":"","meta":{"footnotes":""},"class_list":["post-288","page","type-page","status-publish","hentry"],"_links":{"self":[{"href":"https:\/\/managevirtually.sdu.edu.tr\/ro\/wp-json\/wp\/v2\/pages\/288"}],"collection":[{"href":"https:\/\/managevirtually.sdu.edu.tr\/ro\/wp-json\/wp\/v2\/pages"}],"about":[{"href":"https:\/\/managevirtually.sdu.edu.tr\/ro\/wp-json\/wp\/v2\/types\/page"}],"author":[{"embeddable":true,"href":"https:\/\/managevirtually.sdu.edu.tr\/ro\/wp-json\/wp\/v2\/users\/1"}],"replies":[{"embeddable":true,"href":"https:\/\/managevirtually.sdu.edu.tr\/ro\/wp-json\/wp\/v2\/comments?post=288"}],"version-history":[{"count":1,"href":"https:\/\/managevirtually.sdu.edu.tr\/ro\/wp-json\/wp\/v2\/pages\/288\/revisions"}],"predecessor-version":[{"id":468,"href":"https:\/\/managevirtually.sdu.edu.tr\/ro\/wp-json\/wp\/v2\/pages\/288\/revisions\/468"}],"wp:attachment":[{"href":"https:\/\/managevirtually.sdu.edu.tr\/ro\/wp-json\/wp\/v2\/media?parent=288"}],"curies":[{"name":"wp","href":"https:\/\/api.w.org\/{rel}","templated":true}]}}