{"id":283,"date":"2024-10-16T16:22:44","date_gmt":"2024-10-16T16:22:44","guid":{"rendered":"https:\/\/managevirtually.sdu.edu.tr\/?page_id=283"},"modified":"2025-01-16T11:53:36","modified_gmt":"2025-01-16T08:53:36","slug":"tr-person2","status":"publish","type":"page","link":"https:\/\/managevirtually.sdu.edu.tr\/ro\/tr-person2\/","title":{"rendered":"Prof. Dr. Serpil SENAL"},"content":{"rendered":"\n<figure class=\"wp-block-image aligncenter size-full\"><img loading=\"lazy\" decoding=\"async\" width=\"337\" height=\"225\" src=\"https:\/\/managevirtually.sdu.edu.tr\/ro\/wp-content\/uploads\/sites\/4\/2024\/10\/image-2.png\" alt=\"\" class=\"wp-image-285\" srcset=\"https:\/\/managevirtually.sdu.edu.tr\/ro\/wp-content\/uploads\/sites\/4\/2024\/10\/image-2.png 337w, https:\/\/managevirtually.sdu.edu.tr\/ro\/wp-content\/uploads\/sites\/4\/2024\/10\/image-2-300x200.png 300w\" sizes=\"(max-width: 337px) 100vw, 337px\" \/><\/figure>\n\n\n\n<p>Serpil Senal a absolvit Universitatea S\u00fcleyman Demirel \u00een 2003 \u0219i \u0219i-a luat doctoratul \u00een Departamentul de Administrare a Afacerilor al Universit\u0103\u021bii Suleyman Demirel \u00een 2011. Ea a ocupat func\u021bia de \u0219ef al departamentului de finan\u021be \u0219i b\u0103nci la Facultatea de \u0218tiin\u021be Economice \u0219i Administrative din 2018 p\u00e2n\u0103 \u00een 2024 \u0219i a lucrat ca Profesor cu norm\u0103 \u00eentreag\u0103 \u00een aceea\u0219i facultate din 2021. Serpil sus\u021bine prelegeri despre analiza financiar\u0103, contabilitatea de gestiune, contabilitatea costurilor la licen\u021b\u0103 \u0219i studii postuniversitare, av\u00e2nd expertiz\u0103 \u00een proiecte na\u021bionale \u0219i interna\u021bionale \u0219i public\u00e2nd articole despre audit, contabilitate \u0219i standarde interna\u021bionale de contabilitate. Serpil este membr\u0103 a Corpului Exper\u0163ilor Publici Autoriza\u021bi \u0219i Contabililor Autoriza\u021bi din Turcia.<\/p>\n","protected":false},"excerpt":{"rendered":"<p>Serpil Senal a absolvit Universitatea S\u00fcleyman Demirel \u00een 2003 \u0219i \u0219i-a luat doctoratul \u00een Departamentul de Administrare a Afacerilor al Universit\u0103\u021bii Suleyman Demirel \u00een 2011. Ea a ocupat func\u021bia de \u0219ef al departamentului de finan\u021be \u0219i b\u0103nci la Facultatea de \u0218tiin\u021be Economice \u0219i Administrative din 2018 p\u00e2n\u0103 \u00een 2024 \u0219i a lucrat ca Profesor cu [&hellip;]<\/p>\n","protected":false},"author":1,"featured_media":0,"parent":0,"menu_order":0,"comment_status":"closed","ping_status":"closed","template":"","meta":{"footnotes":""},"class_list":["post-283","page","type-page","status-publish","hentry"],"_links":{"self":[{"href":"https:\/\/managevirtually.sdu.edu.tr\/ro\/wp-json\/wp\/v2\/pages\/283"}],"collection":[{"href":"https:\/\/managevirtually.sdu.edu.tr\/ro\/wp-json\/wp\/v2\/pages"}],"about":[{"href":"https:\/\/managevirtually.sdu.edu.tr\/ro\/wp-json\/wp\/v2\/types\/page"}],"author":[{"embeddable":true,"href":"https:\/\/managevirtually.sdu.edu.tr\/ro\/wp-json\/wp\/v2\/users\/1"}],"replies":[{"embeddable":true,"href":"https:\/\/managevirtually.sdu.edu.tr\/ro\/wp-json\/wp\/v2\/comments?post=283"}],"version-history":[{"count":1,"href":"https:\/\/managevirtually.sdu.edu.tr\/ro\/wp-json\/wp\/v2\/pages\/283\/revisions"}],"predecessor-version":[{"id":467,"href":"https:\/\/managevirtually.sdu.edu.tr\/ro\/wp-json\/wp\/v2\/pages\/283\/revisions\/467"}],"wp:attachment":[{"href":"https:\/\/managevirtually.sdu.edu.tr\/ro\/wp-json\/wp\/v2\/media?parent=283"}],"curies":[{"name":"wp","href":"https:\/\/api.w.org\/{rel}","templated":true}]}}