{"id":279,"date":"2024-10-16T16:20:36","date_gmt":"2024-10-16T16:20:36","guid":{"rendered":"https:\/\/managevirtually.sdu.edu.tr\/?page_id=279"},"modified":"2025-01-16T11:53:15","modified_gmt":"2025-01-16T08:53:15","slug":"tr-person1","status":"publish","type":"page","link":"https:\/\/managevirtually.sdu.edu.tr\/ro\/tr-person1\/","title":{"rendered":"Prof. Dr. Aygen OKSAY"},"content":{"rendered":"\n<figure class=\"wp-block-image aligncenter size-full\"><img loading=\"lazy\" decoding=\"async\" width=\"317\" height=\"210\" src=\"https:\/\/managevirtually.sdu.edu.tr\/ro\/wp-content\/uploads\/sites\/4\/2024\/10\/image.png\" alt=\"\" class=\"wp-image-280\" srcset=\"https:\/\/managevirtually.sdu.edu.tr\/ro\/wp-content\/uploads\/sites\/4\/2024\/10\/image.png 317w, https:\/\/managevirtually.sdu.edu.tr\/ro\/wp-content\/uploads\/sites\/4\/2024\/10\/image-300x199.png 300w\" sizes=\"(max-width: 317px) 100vw, 317px\" \/><\/figure>\n\n\n\n<p>Aygen Oksay a absolvit Universitatea Hacettepe \u00een 2000 lu\u00e2ndu-\u015fi doctoratul \u00een Departamentul de Administrare a Afacerilor al Universit\u0103\u021bii Suleyman Demirel \u00een 2011. A fost prodecan la Facultatea de \u0218tiin\u021be Economice \u0219i Administrative din 2015 p\u00e2n\u0103 \u00een 2023 \u0219i a lucrat ca profesor cu norm\u0103 \u00eentreag\u0103 \u00een aceea\u0219i facultate din 2023. Aygen sus\u021bine prelegeri despre comportament organiza\u021bional, rela\u021bii publice, managementul resurselor umane la studii de licen\u021b\u0103 \u0219i postuniversitare. Are expertiz\u0103 \u00een proiecte na\u021bionale \u0219i interna\u021bionale, public\u00e2nd articole despre turism, comportament organiza\u021bional \u0219i profesioni\u0219ti din domeniul s\u0103n\u0103t\u0103\u021bii. Este membru al Academiei Turce de Management.<\/p>\n","protected":false},"excerpt":{"rendered":"<p>Aygen Oksay a absolvit Universitatea Hacettepe \u00een 2000 lu\u00e2ndu-\u015fi doctoratul \u00een Departamentul de Administrare a Afacerilor al Universit\u0103\u021bii Suleyman Demirel \u00een 2011. A fost prodecan la Facultatea de \u0218tiin\u021be Economice \u0219i Administrative din 2015 p\u00e2n\u0103 \u00een 2023 \u0219i a lucrat ca profesor cu norm\u0103 \u00eentreag\u0103 \u00een aceea\u0219i facultate din 2023. Aygen sus\u021bine prelegeri despre comportament [&hellip;]<\/p>\n","protected":false},"author":1,"featured_media":0,"parent":0,"menu_order":0,"comment_status":"closed","ping_status":"closed","template":"","meta":{"footnotes":""},"class_list":["post-279","page","type-page","status-publish","hentry"],"_links":{"self":[{"href":"https:\/\/managevirtually.sdu.edu.tr\/ro\/wp-json\/wp\/v2\/pages\/279"}],"collection":[{"href":"https:\/\/managevirtually.sdu.edu.tr\/ro\/wp-json\/wp\/v2\/pages"}],"about":[{"href":"https:\/\/managevirtually.sdu.edu.tr\/ro\/wp-json\/wp\/v2\/types\/page"}],"author":[{"embeddable":true,"href":"https:\/\/managevirtually.sdu.edu.tr\/ro\/wp-json\/wp\/v2\/users\/1"}],"replies":[{"embeddable":true,"href":"https:\/\/managevirtually.sdu.edu.tr\/ro\/wp-json\/wp\/v2\/comments?post=279"}],"version-history":[{"count":1,"href":"https:\/\/managevirtually.sdu.edu.tr\/ro\/wp-json\/wp\/v2\/pages\/279\/revisions"}],"predecessor-version":[{"id":466,"href":"https:\/\/managevirtually.sdu.edu.tr\/ro\/wp-json\/wp\/v2\/pages\/279\/revisions\/466"}],"wp:attachment":[{"href":"https:\/\/managevirtually.sdu.edu.tr\/ro\/wp-json\/wp\/v2\/media?parent=279"}],"curies":[{"name":"wp","href":"https:\/\/api.w.org\/{rel}","templated":true}]}}