{"id":267,"date":"2024-10-16T15:24:32","date_gmt":"2024-10-16T15:24:32","guid":{"rendered":"https:\/\/managevirtually.sdu.edu.tr\/?page_id=267"},"modified":"2025-02-06T20:04:46","modified_gmt":"2025-02-06T17:04:46","slug":"kick-off-meeting-opening","status":"publish","type":"page","link":"https:\/\/managevirtually.sdu.edu.tr\/ro\/kick-off-meeting-opening\/","title":{"rendered":"Reuniunile proiectului \/ Kick off Meeting"},"content":{"rendered":"\n<p>\u00cenceputul Proiectului \u201eManagementul \u00eentr-o lume virtual\u0103\u201d a fost g\u0103zduit de coordonatorul proiectului S\u00fcleyman Demirel \u00dcniversity \u00een perioada 11-12 iunie 2024 \u00een Isparta, Turcia. Universitatea din Sannio (Italia), Academia de Studii Economice din Bucure\u0219ti (ASE, Rom\u00e2nia), Universitatea de Tehnologie Gdansk (Polonia) \u0219i Universitatea Politehnica din Porto (ISCAP, Portugalia) au participat la K-o-M. Un cocktail de deschidere a avut loc \u00een Sala de Conferin\u021be Adem Efe a Facult\u0103\u021bii de Economie \u0219i \u0218tiin\u021be Administrative a Universit\u0103\u021bii S\u00fcleyman Demirel. Coordonatorul proiectului Prof. Dr. Aygen OKSAY a \u021binut un discurs de deschidere, prezent\u00e2nd scopul proiectului \u0219i principalele obiective ale proiectului. Prof. Dr. Hakan Mehmet K\u0130R\u0130\u015e, Decanul Facult\u0103\u021bii de \u0218tiin\u021be Economice \u0219i Administrative \u0219i Prorectoratul Prof. Dr. Mehmet GEN\u00c7T\u00dcRK au eviden\u0163iat importan\u0163a proiectului pentru universit\u0103\u021bi \u0219i \u015fi-au afirmat sprijinul pentru derularea \u00een cele mai bune condi\u0163ii a proiectului. Cocktailul s-a \u00eencheiat cu discursurile partenerilor. Au urmat apoi sesiunile de lucru ale proiectului. Principalele obiective ale proiectului, reperele \u015fi responsabilit\u0103\u021bile proiectului au fost \u00eemp\u0103rt\u0103\u0219ite cu partenerii iar datele pentru urm\u0103toarele TPM au fost clarificate. Jocul de \u00eentreprindere care va fi folosit ca instrument educa\u021bional \u00een timpul proiectului, a fost explicat \u0219i s-a f\u0103cut distribu\u021bia sarcinilor \u00eentre parteneri<\/p>\n\n\n\n<figure class=\"wp-block-image aligncenter size-large\"><img loading=\"lazy\" decoding=\"async\" width=\"1024\" height=\"683\" src=\"https:\/\/managevirtually.sdu.edu.tr\/ro\/wp-content\/uploads\/sites\/4\/2024\/10\/open1-1024x683.jpg\" alt=\"\" class=\"wp-image-268\" srcset=\"https:\/\/managevirtually.sdu.edu.tr\/ro\/wp-content\/uploads\/sites\/4\/2024\/10\/open1-1024x683.jpg 1024w, https:\/\/managevirtually.sdu.edu.tr\/ro\/wp-content\/uploads\/sites\/4\/2024\/10\/open1-300x200.jpg 300w, https:\/\/managevirtually.sdu.edu.tr\/ro\/wp-content\/uploads\/sites\/4\/2024\/10\/open1-768x512.jpg 768w, https:\/\/managevirtually.sdu.edu.tr\/ro\/wp-content\/uploads\/sites\/4\/2024\/10\/open1.jpg 1386w\" sizes=\"(max-width: 1024px) 100vw, 1024px\" \/><\/figure>\n\n\n\n<figure class=\"wp-block-image aligncenter size-large\"><img loading=\"lazy\" decoding=\"async\" width=\"1024\" height=\"683\" src=\"https:\/\/managevirtually.sdu.edu.tr\/ro\/wp-content\/uploads\/sites\/4\/2024\/10\/open2-1024x683.jpg\" alt=\"\" class=\"wp-image-269\" srcset=\"https:\/\/managevirtually.sdu.edu.tr\/ro\/wp-content\/uploads\/sites\/4\/2024\/10\/open2-1024x683.jpg 1024w, https:\/\/managevirtually.sdu.edu.tr\/ro\/wp-content\/uploads\/sites\/4\/2024\/10\/open2-300x200.jpg 300w, https:\/\/managevirtually.sdu.edu.tr\/ro\/wp-content\/uploads\/sites\/4\/2024\/10\/open2-768x512.jpg 768w, https:\/\/managevirtually.sdu.edu.tr\/ro\/wp-content\/uploads\/sites\/4\/2024\/10\/open2.jpg 1386w\" sizes=\"(max-width: 1024px) 100vw, 1024px\" \/><\/figure>\n\n\n\n<figure class=\"wp-block-image aligncenter size-large\"><img loading=\"lazy\" decoding=\"async\" width=\"1024\" height=\"683\" src=\"https:\/\/managevirtually.sdu.edu.tr\/ro\/wp-content\/uploads\/sites\/4\/2024\/10\/open3-1024x683.jpg\" alt=\"\" class=\"wp-image-270\" srcset=\"https:\/\/managevirtually.sdu.edu.tr\/ro\/wp-content\/uploads\/sites\/4\/2024\/10\/open3-1024x683.jpg 1024w, https:\/\/managevirtually.sdu.edu.tr\/ro\/wp-content\/uploads\/sites\/4\/2024\/10\/open3-300x200.jpg 300w, https:\/\/managevirtually.sdu.edu.tr\/ro\/wp-content\/uploads\/sites\/4\/2024\/10\/open3-768x512.jpg 768w, https:\/\/managevirtually.sdu.edu.tr\/ro\/wp-content\/uploads\/sites\/4\/2024\/10\/open3.jpg 1386w\" sizes=\"(max-width: 1024px) 100vw, 1024px\" \/><\/figure>\n\n\n\n<figure class=\"wp-block-image aligncenter size-large\"><img loading=\"lazy\" decoding=\"async\" width=\"1024\" height=\"683\" src=\"https:\/\/managevirtually.sdu.edu.tr\/ro\/wp-content\/uploads\/sites\/4\/2024\/10\/open4-1024x683.jpg\" alt=\"\" class=\"wp-image-271\" srcset=\"https:\/\/managevirtually.sdu.edu.tr\/ro\/wp-content\/uploads\/sites\/4\/2024\/10\/open4-1024x683.jpg 1024w, https:\/\/managevirtually.sdu.edu.tr\/ro\/wp-content\/uploads\/sites\/4\/2024\/10\/open4-300x200.jpg 300w, https:\/\/managevirtually.sdu.edu.tr\/ro\/wp-content\/uploads\/sites\/4\/2024\/10\/open4-768x512.jpg 768w, https:\/\/managevirtually.sdu.edu.tr\/ro\/wp-content\/uploads\/sites\/4\/2024\/10\/open4.jpg 1386w\" sizes=\"(max-width: 1024px) 100vw, 1024px\" \/><\/figure>\n\n\n\n<figure class=\"wp-block-image aligncenter size-large\"><img loading=\"lazy\" decoding=\"async\" width=\"1024\" height=\"607\" src=\"https:\/\/managevirtually.sdu.edu.tr\/ro\/wp-content\/uploads\/sites\/4\/2024\/10\/open5-1024x607.jpg\" alt=\"\" class=\"wp-image-272\" srcset=\"https:\/\/managevirtually.sdu.edu.tr\/ro\/wp-content\/uploads\/sites\/4\/2024\/10\/open5-1024x607.jpg 1024w, https:\/\/managevirtually.sdu.edu.tr\/ro\/wp-content\/uploads\/sites\/4\/2024\/10\/open5-300x178.jpg 300w, https:\/\/managevirtually.sdu.edu.tr\/ro\/wp-content\/uploads\/sites\/4\/2024\/10\/open5-768x455.jpg 768w, https:\/\/managevirtually.sdu.edu.tr\/ro\/wp-content\/uploads\/sites\/4\/2024\/10\/open5.jpg 1386w\" sizes=\"(max-width: 1024px) 100vw, 1024px\" \/><\/figure>\n\n\n\n<figure class=\"wp-block-image aligncenter size-large\"><img loading=\"lazy\" decoding=\"async\" width=\"1024\" height=\"584\" src=\"https:\/\/managevirtually.sdu.edu.tr\/ro\/wp-content\/uploads\/sites\/4\/2024\/10\/open6-1024x584.jpg\" alt=\"\" class=\"wp-image-273\" srcset=\"https:\/\/managevirtually.sdu.edu.tr\/ro\/wp-content\/uploads\/sites\/4\/2024\/10\/open6-1024x584.jpg 1024w, https:\/\/managevirtually.sdu.edu.tr\/ro\/wp-content\/uploads\/sites\/4\/2024\/10\/open6-300x171.jpg 300w, https:\/\/managevirtually.sdu.edu.tr\/ro\/wp-content\/uploads\/sites\/4\/2024\/10\/open6-768x438.jpg 768w, https:\/\/managevirtually.sdu.edu.tr\/ro\/wp-content\/uploads\/sites\/4\/2024\/10\/open6.jpg 1386w\" sizes=\"(max-width: 1024px) 100vw, 1024px\" \/><\/figure>\n\n\n\n<figure class=\"wp-block-image aligncenter size-large\"><img loading=\"lazy\" decoding=\"async\" width=\"1024\" height=\"683\" src=\"https:\/\/managevirtually.sdu.edu.tr\/ro\/wp-content\/uploads\/sites\/4\/2024\/10\/open7-1024x683.jpg\" alt=\"\" class=\"wp-image-274\" srcset=\"https:\/\/managevirtually.sdu.edu.tr\/ro\/wp-content\/uploads\/sites\/4\/2024\/10\/open7-1024x683.jpg 1024w, https:\/\/managevirtually.sdu.edu.tr\/ro\/wp-content\/uploads\/sites\/4\/2024\/10\/open7-300x200.jpg 300w, https:\/\/managevirtually.sdu.edu.tr\/ro\/wp-content\/uploads\/sites\/4\/2024\/10\/open7-768x512.jpg 768w, https:\/\/managevirtually.sdu.edu.tr\/ro\/wp-content\/uploads\/sites\/4\/2024\/10\/open7.jpg 1386w\" sizes=\"(max-width: 1024px) 100vw, 1024px\" \/><\/figure>\n","protected":false},"excerpt":{"rendered":"<p>\u00cenceputul Proiectului \u201eManagementul \u00eentr-o lume virtual\u0103\u201d a fost g\u0103zduit de coordonatorul proiectului S\u00fcleyman Demirel \u00dcniversity \u00een perioada 11-12 iunie 2024 \u00een Isparta, Turcia. Universitatea din Sannio (Italia), Academia de Studii Economice din Bucure\u0219ti (ASE, Rom\u00e2nia), Universitatea de Tehnologie Gdansk (Polonia) \u0219i Universitatea Politehnica din Porto (ISCAP, Portugalia) au participat la K-o-M. Un cocktail de deschidere [&hellip;]<\/p>\n","protected":false},"author":1,"featured_media":0,"parent":0,"menu_order":0,"comment_status":"closed","ping_status":"closed","template":"","meta":{"footnotes":""},"class_list":["post-267","page","type-page","status-publish","hentry"],"_links":{"self":[{"href":"https:\/\/managevirtually.sdu.edu.tr\/ro\/wp-json\/wp\/v2\/pages\/267"}],"collection":[{"href":"https:\/\/managevirtually.sdu.edu.tr\/ro\/wp-json\/wp\/v2\/pages"}],"about":[{"href":"https:\/\/managevirtually.sdu.edu.tr\/ro\/wp-json\/wp\/v2\/types\/page"}],"author":[{"embeddable":true,"href":"https:\/\/managevirtually.sdu.edu.tr\/ro\/wp-json\/wp\/v2\/users\/1"}],"replies":[{"embeddable":true,"href":"https:\/\/managevirtually.sdu.edu.tr\/ro\/wp-json\/wp\/v2\/comments?post=267"}],"version-history":[{"count":2,"href":"https:\/\/managevirtually.sdu.edu.tr\/ro\/wp-json\/wp\/v2\/pages\/267\/revisions"}],"predecessor-version":[{"id":517,"href":"https:\/\/managevirtually.sdu.edu.tr\/ro\/wp-json\/wp\/v2\/pages\/267\/revisions\/517"}],"wp:attachment":[{"href":"https:\/\/managevirtually.sdu.edu.tr\/ro\/wp-json\/wp\/v2\/media?parent=267"}],"curies":[{"name":"wp","href":"https:\/\/api.w.org\/{rel}","templated":true}]}}