{"id":257,"date":"2024-10-16T15:09:18","date_gmt":"2024-10-16T15:09:18","guid":{"rendered":"https:\/\/managevirtually.sdu.edu.tr\/?page_id=257"},"modified":"2025-03-28T21:22:53","modified_gmt":"2025-03-28T18:22:53","slug":"about-us-pt","status":"publish","type":"page","link":"https:\/\/managevirtually.sdu.edu.tr\/ro\/about-us-pt\/","title":{"rendered":"Despre noi \/ Portugalia"},"content":{"rendered":"\n<p><strong>UNIVERSITATEA POLITECHINA DIN PORTO (ISCAP)<\/strong><\/p>\n\n\n\n<p>Universitatea Politehnic\u0103 din Porto (P.Porto) este cea mai mare \u0219i una dintre cele mai dinamice universit\u0103\u021bi politehnice din \u021bar\u0103, ocup\u00e2nd primul loc \u00een clasamentul politehnicii \u00een \u00eenv\u0103\u021b\u0103m\u00e2ntul superior. P.Porto cuprinde 8 facult\u0103\u0163i, peste 20 de unit\u0103\u021bi de cercetare \u0219i dezvoltare \u0219i este cea mai bine pozi\u021bionat\u0103 universitate \u00een clasamentele \u0219tiin\u021bifice interna\u021bionale din Portugalia.<\/p>\n\n\n\n<p>Facultatea de Contabilitate \u0219i Afaceri din Porto (ISCAP) este situat\u0103 aproape de campusul principal, oferind celor 5000 de studen\u021bi o gam\u0103 de programe de licen\u021b\u0103 \u00een contabilitate, comer\u021b interna\u021bional, marketing, comunicare \u00een afaceri, management \u0219i asisten\u021b\u0103 administrativ\u0103 \u0219i traducere, creativitate \u0219i inova\u021bii \u00een afaceri (program comun), resurse umane, \u0219tiin\u021be \u0219i tehnologii informa\u021bionale. ISCAP ofer\u0103 \u0219i programe de master \u00een contabilitate \u0219i finan\u021be, audit, management organiza\u021bional, marketing digital, logistic\u0103, antreprenoriat \u0219i interna\u021bionalizare, management organiza\u021bional, logistic\u0103, asisten\u021b\u0103 administrativ\u0103, marketing digital, informa\u021bii de afaceri, resurse umane, finan\u021be \u0219i studii interculturale pentru traduceri de afaceri \u0219i de specialitate \u0219i interpretare. \u00cen ultimii ani au fost dezvoltate programe cu dubl\u0103 diplom\u0103 cu universit\u0103\u0163i partenere.<\/p>\n\n\n\n<p>ISCAP este dotat cu laboratoare moderne \u0219i avansate din punct de vedere tehnologic, multimedia, educa\u021bie, simulare de afaceri \u0219i marketing. De-a lungul anilor, ISCAP a \u00eencercat s\u0103-\u0219i sporeasc\u0103 experien\u021ba interna\u021bional\u0103 \u0219i a dezvoltat o re\u021bea larg\u0103 de parteneriate, nu doar \u00een Europa, ci \u0219i \u00een Brazilia \u0219i EUA, fiind partener \u00een mai multe re\u021bele interna\u021bionale, precum AFECA, CARPE, EdiNeb, Acinnet etc.<\/p>\n\n\n\n<p>Mai mult, ISCAP a fost un partener activ \u00een multe proiecte interna\u021bionale \u0219i europene, precum \u015fi proiecte ERASMUS. Num\u0103rul studen\u021bilor participan\u0163i \u00een programe ERASMUS a crescut semnificativ de-a lungul anilor \u0219i, \u00een timpul s\u0103pt\u0103m\u00e2nilor interna\u021bionale organizate de universitate, un num\u0103r impresionant de lectorii \u0219i reprezentan\u021bi ai universit\u0103\u0163ilor partenere particip\u0103 la evenimente, ceea ce a contribuit la \u201eInterna\u021bionalizarea acas\u0103 \u201d \u0219i la stabilirea unor leg\u0103turi durabile academice \u0219i \u0219tiin\u021bifice \u00eentre lectori \u0219i cercet\u0103tori. La ISCAP, at\u00e2t nevoile academice, c\u00e2t \u0219i cele personale ale studen\u021bilor \u0219i lectorilor interna\u021bionali invita\u0163i sunt foarte importante, universitatea str\u0103duindu-se continuu s\u0103 ofere un mediu de predare \u0219i \u00eenv\u0103\u021bare dinamic \u0219i stimulativ.<\/p>\n\n\n\n<p>\u0218tiin\u021bele afacerilor se afl\u0103 \u00een centrul vie\u021bii academice \u0219i al scopului ISCAP. Datorit\u0103 domeniului de activitate general al \u021b\u0103rii (unde aproape 100% dintre companii reprezint\u0103 IMM-uri), leg\u0103tura dintre \u00eenv\u0103\u021b\u0103m\u00e2ntul superior \u0219i mediul de afaceri na\u021bional este crucial\u0103. Ca parte a naturii sale, personalul didactic al ISCAP este profund conectat la lumea afacerilor. Marea majoritate a lectorilor s\u0103i au avut (\u0219i unii au \u00eenc\u0103) o leg\u0103tur\u0103 str\u00e2ns\u0103 cu mediul de afaceri, asigur\u00e2ndu-se c\u0103 opiniile lor practice asupra subiectului \u0219i cuno\u0219tin\u021bele lor se transmit studen\u0163ilor care se preg\u0103tesc s\u0103 devin\u0103 viitori contabili, manageri, oameni de afaceri \u0219i antreprenori.<\/p>\n\n\n\n<p>Membrii echipei de proiect din cadrul ISCAP sunt:<\/p>\n\n\n\n<ul class=\"wp-block-list\">\n<li><a href=\"https:\/\/managevirtually.sdu.edu.tr\/ro\/pt-person1\/\">Conf. Dr. Maria Ant\u00f3nia Gon\u00e7alves RODRIGUES<\/a><\/li>\n\n\n\n<li><a href=\"https:\/\/managevirtually.sdu.edu.tr\/ro\/pt-person2\/\">Prof. Dr. Maria Am\u00e9lia CARVALHO<\/a><\/li>\n\n\n\n<li><a href=\"https:\/\/managevirtually.sdu.edu.tr\/ro\/pt-person3\/\">Conf. Dr. Paula CARVALHO<\/a><\/li>\n\n\n\n<li><a href=\"https:\/\/managevirtually.sdu.edu.tr\/ro\/pt-person4\/\">Conf. Dr. Adalmiro \u00c1lvaro Malheiro de Castro Andrade Pereira<\/a><\/li>\n\n\n\n<li><a href=\"https:\/\/managevirtually.sdu.edu.tr\/ro\/pt-person5\/\">Student Drd. T\u00e2nia Catarina Vila\u00e7a TEIXEIRA<\/a><\/li>\n\n\n\n<li><a href=\"https:\/\/managevirtually.sdu.edu.tr\/ro\/pt-person6\/\">Senior Lecturer M\u00e1rio Joel Queir\u00f3s<\/a><\/li>\n<\/ul>\n","protected":false},"excerpt":{"rendered":"<p>UNIVERSITATEA POLITECHINA DIN PORTO (ISCAP) Universitatea Politehnic\u0103 din Porto (P.Porto) este cea mai mare \u0219i una dintre cele mai dinamice universit\u0103\u021bi politehnice din \u021bar\u0103, ocup\u00e2nd primul loc \u00een clasamentul politehnicii \u00een \u00eenv\u0103\u021b\u0103m\u00e2ntul superior. P.Porto cuprinde 8 facult\u0103\u0163i, peste 20 de unit\u0103\u021bi de cercetare \u0219i dezvoltare \u0219i este cea mai bine pozi\u021bionat\u0103 universitate \u00een clasamentele \u0219tiin\u021bifice [&hellip;]<\/p>\n","protected":false},"author":1,"featured_media":0,"parent":0,"menu_order":0,"comment_status":"closed","ping_status":"closed","template":"","meta":{"footnotes":""},"class_list":["post-257","page","type-page","status-publish","hentry"],"_links":{"self":[{"href":"https:\/\/managevirtually.sdu.edu.tr\/ro\/wp-json\/wp\/v2\/pages\/257"}],"collection":[{"href":"https:\/\/managevirtually.sdu.edu.tr\/ro\/wp-json\/wp\/v2\/pages"}],"about":[{"href":"https:\/\/managevirtually.sdu.edu.tr\/ro\/wp-json\/wp\/v2\/types\/page"}],"author":[{"embeddable":true,"href":"https:\/\/managevirtually.sdu.edu.tr\/ro\/wp-json\/wp\/v2\/users\/1"}],"replies":[{"embeddable":true,"href":"https:\/\/managevirtually.sdu.edu.tr\/ro\/wp-json\/wp\/v2\/comments?post=257"}],"version-history":[{"count":2,"href":"https:\/\/managevirtually.sdu.edu.tr\/ro\/wp-json\/wp\/v2\/pages\/257\/revisions"}],"predecessor-version":[{"id":562,"href":"https:\/\/managevirtually.sdu.edu.tr\/ro\/wp-json\/wp\/v2\/pages\/257\/revisions\/562"}],"wp:attachment":[{"href":"https:\/\/managevirtually.sdu.edu.tr\/ro\/wp-json\/wp\/v2\/media?parent=257"}],"curies":[{"name":"wp","href":"https:\/\/api.w.org\/{rel}","templated":true}]}}