{"id":255,"date":"2024-10-16T15:07:30","date_gmt":"2024-10-16T15:07:30","guid":{"rendered":"https:\/\/managevirtually.sdu.edu.tr\/?page_id=255"},"modified":"2025-01-16T13:15:38","modified_gmt":"2025-01-16T10:15:38","slug":"about-us-pl","status":"publish","type":"page","link":"https:\/\/managevirtually.sdu.edu.tr\/ro\/about-us-pl\/","title":{"rendered":"Despre noi \/ Polania"},"content":{"rendered":"\n<p><strong>UNIVERSITATEA DE TEHNOLOGIE DIN GDA\u0143SK<\/strong><\/p>\n\n\n\n<p>Universitatea de Tehnologie din Gda\u0144sk (Gda\u0144sk Tech) este un centru lider \u00een cercetare \u0219i dezvoltare din Pomerania. Universitatea este format\u0103 din 8 facult\u0103\u021bi, iar num\u0103rul total de studen\u021bi \u00een anul universitar 2024-2025 ajunge la aproximativ 15.000. Toate facult\u0103\u021bile au drepturi academice depline, patru dintre ele (inclusiv Facultatea de Management \u0219i Economie) ob\u021bin\u00e2nd categoria \u0219tiin\u021bific\u0103 A ca urmare a ultimei evalu\u0103ri, iar dou\u0103 facult\u0103\u021bi &#8211; categoria A+. La ultima evaluare, Universitatea de Tehnologie din Gda\u0144sk a ob\u021binut nota maxim\u0103 \u00een r\u00e2ndul universit\u0103\u021bilor tehnice poloneze, \u00een timp ce Facultatea de Management \u0219i Economie (FM&amp;E), datorit\u0103 ratingului s\u0103u ridicat \u00een categoriei I, a fost nominalizat\u0103 ca una dintre cele patru facult\u0103\u021bi din domeniul economice la categoria A+.<\/p>\n\n\n\n<p>\u00cen prezent, Gda\u0144sk Tech, cu aproape 26.000 de studen\u021bi \u0219i 1200 de cadre universitare, este una dintre universit\u0103\u021bile tehnice de top din Polonia, oferind 33 de domenii de studii universitare de licen\u021b\u0103 \u0219i 29 de studii postuniversitare, inclusiv 4 interdepartamentale, precum \u0219i 2 interuniversitare, unice \u00een \u021bar\u0103: inginerie mecanic\u0103-medical\u0103 \u0219i chimia construc\u021biilor. 15 dintre aceste studii sunt oferite \u00een limba englez\u0103. Gda\u0144sk Tech are \u00een prezent peste 420 de acorduri bilaterale \u00een cadrul programului Erasmus \u0219i aproape 80 de acorduri de cooperare cu caracter general. Exist\u0103, de asemenea, acorduri privind programele de dubl\u0103 diplom\u0103 cu universit\u0103\u021bi daneze, franceze, germane, suedeze \u0219i italiene.<\/p>\n\n\n\n<p>Universitatea are leg\u0103turi largi cu lumea afacerilor, de exemplu este membr\u0103 a mai multor clustere: Pomeranian Bio-Eco-Chemical Cluster, Polish Maritime Cluster, Klima Pomerania, Interizon Pomeranian ICT Cluster &#8211; care este unul dintre cele mai dezvoltate clustere din Polonia, premiat cu titlul de Cluster-ul Regiunii Cheie Pomeranian \u00eentr-o competi\u021bie organizat\u0103 de Consiliul Regional.<\/p>\n\n\n\n<p>\u00cen ultimii 15 ani, Gda\u0144sk Tech a semnat aproximativ 900 de contracte pentru proiecte incluse \u00een programele na\u021bionale de cercetare, fonduri structurale, proiecte \u0219i programe-cadru interna\u021bionale de cercetare \u0219i proiecte educa\u021bionale interna\u021bionale.<\/p>\n\n\n\n<p>Facultatea de Management \u0219i Economie a fost \u00eenfiin\u021bat\u0103 \u00een 1993 ca urmare a fuziunii Departamentului de Organizare \u0219i Proiectare a Sistemelor de Produc\u021bie a Facult\u0103\u021bii de Tehnologia Ma\u0219inilor \u0219i Organizarea Produc\u021biei cu Institutul de Economie \u0219i \u0218tiin\u021be Umaniste. Astfel, au fost combinate abilit\u0103\u021bile \u0219i experien\u021ba profesorilor universitari cu cuno\u0219tin\u021be moderne de inginerie, economice, umaniste \u0219i manageriale. Cadrelor didactice precum \u0219i angaja\u021bii TESA care sprijin\u0103 activitatea profesorilor universitari sunt resursele cheie ale universit\u0103\u0163ii. \u00cen prezent, exist\u0103 116 cadre didactice (angaja\u021bi la FME), dintre care 95 de cadre didactice care ocup\u0103 posturi de cercetare \u0219i predare iar 21 ocup\u0103 doar posturi didactice. Facultatea dispune de resurse umane de \u00eenalt\u0103 calitate, capabile s\u0103 contribuie la realizarea cu succes a Proiectului.<\/p>\n\n\n\n<p>\u00cen prezent, FME deruleaz\u0103 cinci domenii de studii (Analitica economic\u0103, Economie, Management, Managementul Ingineriei \u0219i Ingineria Datelor &#8211; \u00een cooperare cu Facultatea de Electronic\u0103, Telecomunica\u021bii \u0219i Informatic\u0103) pentru un num\u0103r de aproximativ 2.000 de studen\u021bi. De asemenea, FME ofer\u0103 un num\u0103r de30 cursuri postuniversitare, care sunt adesea selectate ca fiind complementare abilit\u0103\u021bilor \u0219i competen\u021belor studen\u0163ilor.<\/p>\n\n\n\n<p>Gda\u0144sk Tech este membru al prestigioasei Funda\u021bii Europene pentru Dezvoltarea Managementului (EFMD), care reune\u0219te cele mai bune \u0219coli de afaceri \u0219i departamente de management. \u00cen 2017, Facultatea de Management \u0219i Economie s-a al\u0103turat CEEMAN &#8211; Asocia\u021bia Interna\u021bional\u0103 pentru Dezvoltarea Managementului \u00een Societ\u0103\u021bi Dinamice. Programele educa\u021bionale sunt foarte apreciate at\u00e2t de EDUNIVERSAL, c\u00e2t \u0219i de U-Multirank.<\/p>\n\n\n\n<p>Un domeniu important al FM&amp;E este dezvoltarea cooper\u0103rii cu administra\u021bia local\u0103 \u0219i mediul de afaceri, pentru a implica p\u0103r\u021bile interesate \u00een proiectarea schimb\u0103rilor, precum \u0219i extinderea \u0219i \u00eembun\u0103t\u0103\u021birea ofertei de burse pentru studen\u021bi.<\/p>\n\n\n\n<p>Membrii echipei de proiect din cadrul Gda\u0144sk Tech sunt:<\/p>\n\n\n\n<ul class=\"wp-block-list\">\n<li><a href=\"https:\/\/managevirtually.sdu.edu.tr\/ro\/pl-person1\/\">Prof. Ewa MARJA\u0143SKA<\/a><\/li>\n\n\n\n<li><a href=\"https:\/\/managevirtually.sdu.edu.tr\/ro\/pl-person2\/\">Prof. Anna Maria TrZASKOWSKA<\/a><\/li>\n\n\n\n<li><a href=\"https:\/\/managevirtually.sdu.edu.tr\/ro\/pl-person3\/\">Prof. Anna Maria LIS<\/a><\/li>\n\n\n\n<li><a href=\"https:\/\/managevirtually.sdu.edu.tr\/ro\/pl-person4\/\">Prof. Jaros\u0142aw Zi\u0119tarski <\/a><\/li>\n<\/ul>\n\n\n\n<p><\/p>\n\n\n\n<p><\/p>\n\n\n\n<p><\/p>\n","protected":false},"excerpt":{"rendered":"<p>UNIVERSITATEA DE TEHNOLOGIE DIN GDA\u0143SK Universitatea de Tehnologie din Gda\u0144sk (Gda\u0144sk Tech) este un centru lider \u00een cercetare \u0219i dezvoltare din Pomerania. Universitatea este format\u0103 din 8 facult\u0103\u021bi, iar num\u0103rul total de studen\u021bi \u00een anul universitar 2024-2025 ajunge la aproximativ 15.000. Toate facult\u0103\u021bile au drepturi academice depline, patru dintre ele (inclusiv Facultatea de Management \u0219i [&hellip;]<\/p>\n","protected":false},"author":1,"featured_media":0,"parent":0,"menu_order":0,"comment_status":"closed","ping_status":"closed","template":"","meta":{"footnotes":""},"class_list":["post-255","page","type-page","status-publish","hentry"],"_links":{"self":[{"href":"https:\/\/managevirtually.sdu.edu.tr\/ro\/wp-json\/wp\/v2\/pages\/255"}],"collection":[{"href":"https:\/\/managevirtually.sdu.edu.tr\/ro\/wp-json\/wp\/v2\/pages"}],"about":[{"href":"https:\/\/managevirtually.sdu.edu.tr\/ro\/wp-json\/wp\/v2\/types\/page"}],"author":[{"embeddable":true,"href":"https:\/\/managevirtually.sdu.edu.tr\/ro\/wp-json\/wp\/v2\/users\/1"}],"replies":[{"embeddable":true,"href":"https:\/\/managevirtually.sdu.edu.tr\/ro\/wp-json\/wp\/v2\/comments?post=255"}],"version-history":[{"count":3,"href":"https:\/\/managevirtually.sdu.edu.tr\/ro\/wp-json\/wp\/v2\/pages\/255\/revisions"}],"predecessor-version":[{"id":507,"href":"https:\/\/managevirtually.sdu.edu.tr\/ro\/wp-json\/wp\/v2\/pages\/255\/revisions\/507"}],"wp:attachment":[{"href":"https:\/\/managevirtually.sdu.edu.tr\/ro\/wp-json\/wp\/v2\/media?parent=255"}],"curies":[{"name":"wp","href":"https:\/\/api.w.org\/{rel}","templated":true}]}}