{"id":253,"date":"2024-10-16T15:06:36","date_gmt":"2024-10-16T15:06:36","guid":{"rendered":"https:\/\/managevirtually.sdu.edu.tr\/?page_id=253"},"modified":"2025-01-16T12:02:56","modified_gmt":"2025-01-16T09:02:56","slug":"about-us-ro","status":"publish","type":"page","link":"https:\/\/managevirtually.sdu.edu.tr\/ro\/about-us-ro\/","title":{"rendered":"Despre noi \/ Romania"},"content":{"rendered":"\n<p><strong>ACADEMIA DE STUDII ECONOMICE DIN BUCURESTI (ASE)<\/strong><\/p>\n\n\n\n<p>Academia de Studii Economice din Bucure\u0219ti (ASE) este cea mai important\u0103 universitate public\u0103 din domeniul economic din Rom\u00e2nia, care cuprinde 13 facult\u0103\u021bi \u00een domenii variate, de la contabilitate la cibernetic\u0103, marketing, management, finan\u021be, afaceri interna\u021bionale \u0219i economie, economia agroalimentar\u0103 \u0219i a mediului, economie teoretic\u0103, administra\u021bie public\u0103, afaceri \u0219i turism, drept, organiz\u00e2nd 25 programe de licen\u021b\u0103, 78 programe de master, 2 programe interna\u021bionale de MBA, 10 \u0219coli doctorale, peste 30 de programe fiind predate \u00een englez\u0103, francez\u0103 sau german\u0103. Universitatea promoveaz\u0103 un mediu interna\u021bional, 3,5% din cei peste 23.000 de studen\u021bi \u0219i 10% din personalul academic fiind interna\u021bional.<\/p>\n\n\n\n<p>Conform clasamentelor interna\u0163ionale, \u00een 2023 ASE \u015fi-a men\u021binut prima pozi\u021bie \u00een Rom\u00e2nia. Clasat\u0103 pe pozi\u0163ia 501-600 universit\u0103\u0163i la nivel mondial, este una dintre cele mai inovatoare universit\u0103\u021bi din lume cu scor foarte mare pentru impact real \u00een spiritul antreprenorial \u0219i industrie. Rezultatele arat\u0103 c\u0103 ASE este predispus\u0103 s\u0103 se implice puternic \u00een societate \u0219i s\u0103 fac\u0103 o schimbare solid\u0103 \u00een ceea ce prive\u0219te dezvoltarea durabil\u0103, dovad\u0103 fiind scorurile care au fost \u00eenregistrate pentru ODD 5 \u2013 Egalitatea de gen (locul 101-200) \u0219i ODD 9 \u2013 Industrie , inovare \u0219i infrastructur\u0103, SDG 1 \u2013 F\u0103r\u0103 s\u0103r\u0103cie, SDG 8 \u2013 Munc\u0103 decent\u0103 \u0219i cre\u0219tere economic\u0103 (locul 201-300 pentru fiecare dintre ele).<\/p>\n\n\n\n<p>ASE este o universitate proactiv\u0103, recunoscut\u0103 la nivel interna\u021bional, care promoveaz\u0103 valorile europene prin educa\u021bie, cercetare, inovare \u0219i angajament fa\u021b\u0103 de societate. Obiectivele sale cheie includ: dezvoltarea de parteneriate interna\u021bionale durabile \u00een domeniile educa\u021biei, cercet\u0103rii \u0219i inova\u021biei \u015fi dezvoltarea unei comunit\u0103\u021bi academice care \u00eemp\u0103rt\u0103\u0219e\u0219te o cultur\u0103 organiza\u021bional\u0103 deschis\u0103, orientat\u0103 spre performan\u021b\u0103 \u0219i promovarea valorilor umane universale.<\/p>\n\n\n\n<p>Membrii echipei de proiect din cadrul Academiei de Studii Economice din Bucure\u015fti sunt:<\/p>\n\n\n\n<ul class=\"wp-block-list\">\n<li><a href=\"https:\/\/managevirtually.sdu.edu.tr\/ro\/ro-person1\/\">Prof. Dr. Erika MARIN<\/a><\/li>\n\n\n\n<li><a href=\"https:\/\/managevirtually.sdu.edu.tr\/ro\/ro-person2\/\">Prof. Dr. Iulia JIANU<\/a><\/li>\n\n\n\n<li><a href=\"https:\/\/managevirtually.sdu.edu.tr\/ro\/ro-person3\/\">Prof. Dr. Ionel JIANU<\/a><\/li>\n\n\n\n<li><a href=\"https:\/\/managevirtually.sdu.edu.tr\/ro\/ro-person4\/\">Prof. Dr. Eduard CEPTUREANU<\/a><\/li>\n\n\n\n<li><a href=\"https:\/\/managevirtually.sdu.edu.tr\/ro\/ro-person5\/\">Teodora Monica Fulga<\/a><\/li>\n<\/ul>\n","protected":false},"excerpt":{"rendered":"<p>ACADEMIA DE STUDII ECONOMICE DIN BUCURESTI (ASE) Academia de Studii Economice din Bucure\u0219ti (ASE) este cea mai important\u0103 universitate public\u0103 din domeniul economic din Rom\u00e2nia, care cuprinde 13 facult\u0103\u021bi \u00een domenii variate, de la contabilitate la cibernetic\u0103, marketing, management, finan\u021be, afaceri interna\u021bionale \u0219i economie, economia agroalimentar\u0103 \u0219i a mediului, economie teoretic\u0103, administra\u021bie public\u0103, afaceri \u0219i [&hellip;]<\/p>\n","protected":false},"author":1,"featured_media":0,"parent":0,"menu_order":0,"comment_status":"closed","ping_status":"closed","template":"","meta":{"footnotes":""},"class_list":["post-253","page","type-page","status-publish","hentry"],"_links":{"self":[{"href":"https:\/\/managevirtually.sdu.edu.tr\/ro\/wp-json\/wp\/v2\/pages\/253"}],"collection":[{"href":"https:\/\/managevirtually.sdu.edu.tr\/ro\/wp-json\/wp\/v2\/pages"}],"about":[{"href":"https:\/\/managevirtually.sdu.edu.tr\/ro\/wp-json\/wp\/v2\/types\/page"}],"author":[{"embeddable":true,"href":"https:\/\/managevirtually.sdu.edu.tr\/ro\/wp-json\/wp\/v2\/users\/1"}],"replies":[{"embeddable":true,"href":"https:\/\/managevirtually.sdu.edu.tr\/ro\/wp-json\/wp\/v2\/comments?post=253"}],"version-history":[{"count":1,"href":"https:\/\/managevirtually.sdu.edu.tr\/ro\/wp-json\/wp\/v2\/pages\/253\/revisions"}],"predecessor-version":[{"id":479,"href":"https:\/\/managevirtually.sdu.edu.tr\/ro\/wp-json\/wp\/v2\/pages\/253\/revisions\/479"}],"wp:attachment":[{"href":"https:\/\/managevirtually.sdu.edu.tr\/ro\/wp-json\/wp\/v2\/media?parent=253"}],"curies":[{"name":"wp","href":"https:\/\/api.w.org\/{rel}","templated":true}]}}