{"id":250,"date":"2024-10-16T15:04:38","date_gmt":"2024-10-16T15:04:38","guid":{"rendered":"https:\/\/managevirtually.sdu.edu.tr\/?page_id=250"},"modified":"2025-01-16T11:59:23","modified_gmt":"2025-01-16T08:59:23","slug":"about-us-it","status":"publish","type":"page","link":"https:\/\/managevirtually.sdu.edu.tr\/ro\/about-us-it\/","title":{"rendered":"Despre noi \/ Italia"},"content":{"rendered":"\n<p><strong>UNIVERSITATEA SANNIO<\/strong><\/p>\n\n\n\n<p>Universitatea Sannio (\u00een italian\u0103: Universit\u00e0 degli Studi del Sannio, UNISANNIO) este o universitate situat\u0103 \u00een Benevento, sudul Italiei. Fondat\u0103 \u00een 1998 (f\u0103c\u00e2nd anterior parte a Universit\u0103\u021bii din Salerno), Universitatea din Sannio este organizat\u0103 \u00een trei departamente, av\u00e2nd 6.000 de studen\u021bi \u0219i oferind cursuri la nivel de licen\u021b\u0103 \u0219i postuniversitare \u00een domeniile drept, statistic\u0103, mediu, geologie, biologie, biotehnologie, inginerie civil\u0103, inginerie informatic\u0103, inginerie energetic\u0103, inginerie electronic\u0103, economie \u0219i organizare a afacerilor.<\/p>\n\n\n\n<p>Universitatea Sannio are trei departamente:<\/p>\n\n\n\n<p>\u2022Departamentul de Drept, Economie, Management \u0219i Metode Cantitative (DEMM) include cursuri de licen\u021b\u0103 de nivel I \u00een \u015ftiin\u021be actuariale \u0219i statistice, economie, finan\u021be \u0219i sistemul bancar, cursuri de specialitate \u00een \u0219tiin\u021b\u0103 actuarial\u0103 \u0219i statistic\u0103, economie \u0219i management, precum \u015fi cursul magistral de Jurispruden\u0163\u0103.<\/p>\n\n\n\n<p>\u2022 Departamentul de Inginerie (DING) include cursuri de licen\u0163\u0103 de gradul I \u00een ingineria informa\u021biei, inginerie electronic\u0103, inginerie civil\u0103, inginerie energetic\u0103, precum \u015fi cursuri de specialitate \u00een ingineria informa\u0163iei, inginerie electronic\u0103, inginerie civil\u0103 \u015fi inginerie energetic\u0103.<\/p>\n\n\n\n<p>\u2022 Departamentul de \u0218tiin\u021be (DST) include cursuri de licen\u021b\u0103 \u00een biologie, geologie \u0219i biotehnologie, precum \u0219i cursuri de specialitate \u00een biologie, \u00een \u015ftiin\u021be genetice \u0219i \u00een \u015ftiin\u021be geologice.<\/p>\n\n\n\n<p>Membrii echipei de proiect din cadrul Universit\u0103\u0163ii Sannio sunt:<\/p>\n\n\n\n<ul class=\"wp-block-list\">\n<li><a href=\"https:\/\/managevirtually.sdu.edu.tr\/ro\/it-person1\/\">Prof. Dr. Biagio SIMONETTI<\/a><\/li>\n\n\n\n<li><a href=\"https:\/\/managevirtually.sdu.edu.tr\/ro\/it-person2\/\">Asist. Raffaela CIUFFREDA<\/a><\/li>\n\n\n\n<li><a href=\"https:\/\/managevirtually.sdu.edu.tr\/ro\/it-person3\/\">Prof. Dr. Francesco PEPE<\/a><\/li>\n<\/ul>\n","protected":false},"excerpt":{"rendered":"<p>UNIVERSITATEA SANNIO Universitatea Sannio (\u00een italian\u0103: Universit\u00e0 degli Studi del Sannio, UNISANNIO) este o universitate situat\u0103 \u00een Benevento, sudul Italiei. Fondat\u0103 \u00een 1998 (f\u0103c\u00e2nd anterior parte a Universit\u0103\u021bii din Salerno), Universitatea din Sannio este organizat\u0103 \u00een trei departamente, av\u00e2nd 6.000 de studen\u021bi \u0219i oferind cursuri la nivel de licen\u021b\u0103 \u0219i postuniversitare \u00een domeniile drept, statistic\u0103, [&hellip;]<\/p>\n","protected":false},"author":1,"featured_media":0,"parent":0,"menu_order":0,"comment_status":"closed","ping_status":"closed","template":"","meta":{"footnotes":""},"class_list":["post-250","page","type-page","status-publish","hentry"],"_links":{"self":[{"href":"https:\/\/managevirtually.sdu.edu.tr\/ro\/wp-json\/wp\/v2\/pages\/250"}],"collection":[{"href":"https:\/\/managevirtually.sdu.edu.tr\/ro\/wp-json\/wp\/v2\/pages"}],"about":[{"href":"https:\/\/managevirtually.sdu.edu.tr\/ro\/wp-json\/wp\/v2\/types\/page"}],"author":[{"embeddable":true,"href":"https:\/\/managevirtually.sdu.edu.tr\/ro\/wp-json\/wp\/v2\/users\/1"}],"replies":[{"embeddable":true,"href":"https:\/\/managevirtually.sdu.edu.tr\/ro\/wp-json\/wp\/v2\/comments?post=250"}],"version-history":[{"count":1,"href":"https:\/\/managevirtually.sdu.edu.tr\/ro\/wp-json\/wp\/v2\/pages\/250\/revisions"}],"predecessor-version":[{"id":475,"href":"https:\/\/managevirtually.sdu.edu.tr\/ro\/wp-json\/wp\/v2\/pages\/250\/revisions\/475"}],"wp:attachment":[{"href":"https:\/\/managevirtually.sdu.edu.tr\/ro\/wp-json\/wp\/v2\/media?parent=250"}],"curies":[{"name":"wp","href":"https:\/\/api.w.org\/{rel}","templated":true}]}}