{"id":247,"date":"2024-10-16T14:55:22","date_gmt":"2024-10-16T14:55:22","guid":{"rendered":"https:\/\/managevirtually.sdu.edu.tr\/?page_id=247"},"modified":"2025-01-16T11:52:19","modified_gmt":"2025-01-16T08:52:19","slug":"about-us-tr","status":"publish","type":"page","link":"https:\/\/managevirtually.sdu.edu.tr\/ro\/about-us-tr\/","title":{"rendered":"Despre noi \/ Turcia"},"content":{"rendered":"\n<p><strong>UNIVERSITATEA S\u00dcLEYMAN DEM\u0130REL<\/strong><\/p>\n\n\n\n<p>Universitatea S\u00fcleyman Demirel (USD) a fost \u00eenfiin\u021bat\u0103 oficial \u00een 1992, fiind situat\u0103 \u00een centrul ora\u0219ului Isparta, Turcia, fiind printre universit\u0103\u021bile de top din Turcia \u00een domeniile academic, \u0219tiin\u021bific \u0219i tehnologic. USD \u00ee\u0219i propune s\u0103 fie o universitate care inspir\u0103 \u0219i dirijeaz\u0103 prin producerea de cuno\u0219tin\u021be, art\u0103, tehnologie \u0219i servicii la scar\u0103 universal\u0103. Dup\u0103 cum se spune \u00een motto-ul s\u0103u, USD \u00ee\u0219i propune s\u0103 fie \u201eo universitate inspiratoare\u201d \u00een toate domeniile, av\u00e2nd 14 facult\u0103\u021bi \u0219i 7 \u0219coli profesionale. USD are peste 50.000 de studen\u021bi cu 1829 cadre universitare \u0219i 2802 angaja\u0163i TESA. USD este o universitate foarte puternic\u0103, cu 6 institu\u021bii \u0219i 48 de centre de cercetare. Universitatea are un departament de coordonare a proiectelor de cercetare \u0219tiin\u021bific\u0103 care este responsabil pentru proiectele realizate \u00een universitate. De asemenea, are un departament specializat \u00een gestionarea proiectelor europene care ajut\u0103 la coordonarea proiectelor Erasmus.<\/p>\n\n\n\n<p>Centrul de carier\u0103 \u00eei ajut\u0103 pe studen\u021bi s\u0103-\u015fi g\u0103seasc\u0103 cariera potrivit\u0103 pentru ei \u00een\u0219i\u0219i. De asemenea, USD are un birou de transfer de tehnologie care ofer\u0103 lec\u021bii de antreprenoriat firmelor nou \u00eenfiin\u021bate. Unul dintre aspectele importante ale universit\u0103\u021bii este c\u0103 desf\u0103\u015foar\u0103 proiecte \u00een multe domenii, inclusive proiecte Erasmus, protocoalele de cooperare \u00eentre universit\u0103\u021bi \u0219i proiectele interna\u021bionale de cercetare desf\u0103\u0219urate interdisciplinar. De asemenea, universitatea face pa\u0219i importan\u021bi c\u0103tre interna\u021bionalizare, g\u0103zduind studen\u021bi str\u0103ini din multe \u021b\u0103ri.<\/p>\n\n\n\n<p>Membrii echipei de proiect din cadrul SDU sunt:<\/p>\n\n\n\n<ul class=\"wp-block-list\">\n<li><a href=\"https:\/\/managevirtually.sdu.edu.tr\/ro\/tr-person1\/\">Prof. Dr. Aygen OKSAY<\/a><\/li>\n\n\n\n<li><a href=\"https:\/\/managevirtually.sdu.edu.tr\/ro\/tr-person2\/\">Prof. Dr. Serpil SENAL<\/a><\/li>\n\n\n\n<li><a href=\"https:\/\/managevirtually.sdu.edu.tr\/ro\/tr-person3\/\">Prof. Dr. Burcu ASLANTA\u015e ATE\u015e<\/a><\/li>\n\n\n\n<li><a href=\"https:\/\/managevirtually.sdu.edu.tr\/ro\/tr-person4\/\">Prof. Dr. Didar B\u00dcY\u00dcKER \u0130\u015eLER<\/a><\/li>\n\n\n\n<li><a href=\"https:\/\/managevirtually.sdu.edu.tr\/ro\/tr-person5\/\">Prof. Dr. G\u00fclay BULGAN<\/a><\/li>\n\n\n\n<li><a href=\"https:\/\/managevirtually.sdu.edu.tr\/ro\/tr-person6\/\">Prof. Dr. Ecir U\u011fur K\u00dc\u00c7\u00dcKS\u0130LLE<\/a><\/li>\n\n\n\n<li><a href=\"https:\/\/managevirtually.sdu.edu.tr\/ro\/tr-person7\/\">Lect. Turgay AYDO\u011eAN<\/a><\/li>\n\n\n\n<li><a href=\"https:\/\/managevirtually.sdu.edu.tr\/ro\/tr-person8\/\">Asistent de cercetare Mehmet MAZAK<\/a><\/li>\n\n\n\n<li><a href=\"https:\/\/managevirtually.sdu.edu.tr\/ro\/tr-person9\/\">Lect. Ziya D\u0130RL\u0130K<\/a><\/li>\n<\/ul>\n","protected":false},"excerpt":{"rendered":"<p>UNIVERSITATEA S\u00dcLEYMAN DEM\u0130REL Universitatea S\u00fcleyman Demirel (USD) a fost \u00eenfiin\u021bat\u0103 oficial \u00een 1992, fiind situat\u0103 \u00een centrul ora\u0219ului Isparta, Turcia, fiind printre universit\u0103\u021bile de top din Turcia \u00een domeniile academic, \u0219tiin\u021bific \u0219i tehnologic. USD \u00ee\u0219i propune s\u0103 fie o universitate care inspir\u0103 \u0219i dirijeaz\u0103 prin producerea de cuno\u0219tin\u021be, art\u0103, tehnologie \u0219i servicii la scar\u0103 universal\u0103. [&hellip;]<\/p>\n","protected":false},"author":1,"featured_media":0,"parent":0,"menu_order":0,"comment_status":"closed","ping_status":"closed","template":"","meta":{"footnotes":""},"class_list":["post-247","page","type-page","status-publish","hentry"],"_links":{"self":[{"href":"https:\/\/managevirtually.sdu.edu.tr\/ro\/wp-json\/wp\/v2\/pages\/247"}],"collection":[{"href":"https:\/\/managevirtually.sdu.edu.tr\/ro\/wp-json\/wp\/v2\/pages"}],"about":[{"href":"https:\/\/managevirtually.sdu.edu.tr\/ro\/wp-json\/wp\/v2\/types\/page"}],"author":[{"embeddable":true,"href":"https:\/\/managevirtually.sdu.edu.tr\/ro\/wp-json\/wp\/v2\/users\/1"}],"replies":[{"embeddable":true,"href":"https:\/\/managevirtually.sdu.edu.tr\/ro\/wp-json\/wp\/v2\/comments?post=247"}],"version-history":[{"count":1,"href":"https:\/\/managevirtually.sdu.edu.tr\/ro\/wp-json\/wp\/v2\/pages\/247\/revisions"}],"predecessor-version":[{"id":465,"href":"https:\/\/managevirtually.sdu.edu.tr\/ro\/wp-json\/wp\/v2\/pages\/247\/revisions\/465"}],"wp:attachment":[{"href":"https:\/\/managevirtually.sdu.edu.tr\/ro\/wp-json\/wp\/v2\/media?parent=247"}],"curies":[{"name":"wp","href":"https:\/\/api.w.org\/{rel}","templated":true}]}}