{"id":146,"date":"2024-09-18T10:08:16","date_gmt":"2024-09-18T10:08:16","guid":{"rendered":"https:\/\/managevirtually.sdu.edu.tr\/?page_id=146"},"modified":"2025-01-16T11:49:21","modified_gmt":"2025-01-16T08:49:21","slug":"about-us","status":"publish","type":"page","link":"https:\/\/managevirtually.sdu.edu.tr\/ro\/about-us\/","title":{"rendered":"Despre noi"},"content":{"rendered":"\n<p>\u201eManagementul \u00eentr-o lume virtual\u0103\u201d este un proiect de parteneriate Erasmus+ \u00een \u00eenv\u0103\u021b\u0103m\u00e2ntul superior (KA220-HED) finan\u021bat de Agen\u021bia Na\u021bional\u0103 Turc\u0103. Este un proiect care se va derula pe o period\u0103 de 2 ani, coordonat de Universitatea S\u00fcleyman Demirel, Turcia. Partenerii Proiectului sunt universit\u0103\u021bi din Italia, Rom\u00e2nia, Polonia \u0219i Portugalia.<\/p>\n\n\n\n<p>Noua genera\u021bie vrea s\u0103 dep\u0103\u0219easc\u0103 abord\u0103rile clasice de \u00eenv\u0103\u021bare. Datorit\u0103 tehnologiei, accesul la informa\u021biei este acum foarte u\u0219or \u0219i rapid. Ast\u0103zi este important s\u0103 oferim acces la informa\u021biile potrivite, la momentul potrivit. Cu alte cuvinte, informa\u021biile pot fi benefice doar dac\u0103 sunt folosite la momentul oportun. Universit\u0103\u021bile ar trebui s\u0103 aib\u0103 rolul de a-\u0219i \u00eenv\u0103\u021ba studen\u021bii cum s\u0103 ajung\u0103 la informa\u021biile potrivite, la momentul oportun \u0219i s\u0103 \u015ftie cum s\u0103 le foloseasc\u0103 eficient. Odat\u0103 cu globalizarea \u0219i dezvoltarea tehnologiei, lumea devine mai mic\u0103; ceea ce \u00eenseamn\u0103 c\u0103 este mult mai u\u0219or s\u0103 ajungi \u00een cealalt\u0103 parte a lumii, f\u0103r\u0103 a c\u0103l\u0103tori. Companiile pot angaja personal dintr-o alt\u0103 \u021bar\u0103, \u00ee\u0219i pot produce produsele \u00eentr-o alt\u0103 \u021bar\u0103 \u0219i\/sau chiar le pot vinde pe o alt\u0103 pia\u021b\u0103, mai degrab\u0103 dec\u00e2t \u00een \u200b\u200b\u021bara de origine. Astfel, este nevoie de absolven\u021bi preg\u0103ti\u0163i pentru pia\u0163a global\u0103 \u00een locul celei locale, care s\u0103 \u0219tie s\u0103 lucreze \u00een la nivel interna\u0163ioanal. Este ceea ce \u00ee\u015fi propune acest proiect.<\/p>\n\n\n\n<p>\u00cen cadrul proiectului va fi creat\u0103 o platform\u0103 care va utiliza metoda de simulare, \u00een care studen\u021bii Facult\u0103\u021bii de \u0218tiin\u021be Economice \u0219i Administrative din diferite \u021b\u0103ri se reunesc virtual \u0219i lucreaz\u0103 \u00een echip\u0103 simul\u00e2nd o organiza\u0163ie virtual\u0103. Obiectivul principal al acestui proiect este de a cre\u0219te abilit\u0103\u021bile manageriale ale studen\u021bilor, \u00eencrederea lor, autocompeten\u021ba, abilit\u0103\u021bile de luare a deciziilor, abilit\u0103\u021bile antreprenoriale, comunicarea \u00een echip\u0103 \u015fi dezvoltarea abilit\u0103\u021bilor lor lingvistice. \u00cenv\u0103\u021barea studen\u0163ilor cum s\u0103 g\u00e2ndeasc\u0103 \u0219i s\u0103 se comporte \u00eentr-o lume global\u0103 este un alt obiectiv al acestui proiect. Experien\u021bele vor fi sporite pe m\u0103sur\u0103 ce vor utiliza jocul de \u00eentreprindere. Cu ajutorul simul\u0103rii, studen\u021bii se vor confrunta cu problemele reale ale afacerilor \u0219i le vor rezolva, vor \u00eenv\u0103\u021ba din gre\u0219elile lor, pentru a fi capabili s\u0103 ia ac\u021biuni eficiente atunci c\u00e2nd vor \u00eencepe s\u0103 lucreze \u00eentr-o afacere real\u0103. Simularea le va ar\u0103ta rezultatele deciziilor lor \u0219i le va oferi \u0219ansa de a o rezolva prin diverse scenarii, ceea ce le va permite s\u0103-\u0219i compare ac\u021biunile. \u00cen cadrul acestui proiect, abilit\u0103\u021bile \u0219i competen\u021bele digitale vor cre\u0219te, studen\u021bii vor vedea toate func\u021biile unei organiza\u021bii \u0219i vor \u00eenv\u0103\u0163a cum s\u0103 le gestioneze, vor vedea leg\u0103turile dintre func\u021bii, vor \u00eenv\u0103\u021ba cum s\u0103 lucreze \u00een echip\u0103, \u00ee\u015f\u00ee vor \u00eembun\u0103t\u0103\u0163i nivelul limbii engleze \u0219i vor \u00eenv\u0103\u021ba principalele concepte \u0219i cuvinte cheie ale literaturii de management. Elevii care vor folosi jocul de \u00eentreprindere vor avea o mai bun\u0103 \u00een\u021belegere a managementului unei organiza\u021bii, abilit\u0103\u021bi mai bune de comunicare, mai mult\u0103 experien\u021b\u0103, mai mult\u0103 \u00eencredere, vor fi mai curajo\u0219i \u00een luarea deciziilor. Prin utilizarea jocului de \u00eentreprindere, studen\u021bii vor dob\u00e2ndi abilit\u0103\u021bile necesare pe pia\u021ba global\u0103.<\/p>\n\n\n\n<p><\/p>\n\n\n\n<p>Universit\u0103\u0163ile partenere ale proiectului sunt:<\/p>\n\n\n\n<p><a href=\"https:\/\/managevirtually.sdu.edu.tr\/ro\/about-us-tr\/\">1-Universitatea S\u00fcleyman Demirel , Turcia &#8211; Coordonator <\/a><\/p>\n\n\n\n<p><a href=\"https:\/\/managevirtually.sdu.edu.tr\/ro\/about-us-it\">2-University Sannio, Italia<\/a><\/p>\n\n\n\n<p><a href=\"https:\/\/managevirtually.sdu.edu.tr\/ro\/about-us-ro\">3-Academia de Studii Economice din Bucure\u015fti (ASE), Romania<\/a><\/p>\n\n\n\n<p><a href=\"https:\/\/managevirtually.sdu.edu.tr\/ro\/about-us-pl\">4-Universitatea de Tehnologie din Gda\u0144sk, Polania<\/a><\/p>\n\n\n\n<p><a href=\"https:\/\/managevirtually.sdu.edu.tr\/ro\/about-us-pt\">5-Universitatea Politehnica din Porto (ISCAP), Portugalia<\/a><\/p>\n","protected":false},"excerpt":{"rendered":"<p>\u201eManagementul \u00eentr-o lume virtual\u0103\u201d este un proiect de parteneriate Erasmus+ \u00een \u00eenv\u0103\u021b\u0103m\u00e2ntul superior (KA220-HED) finan\u021bat de Agen\u021bia Na\u021bional\u0103 Turc\u0103. Este un proiect care se va derula pe o period\u0103 de 2 ani, coordonat de Universitatea S\u00fcleyman Demirel, Turcia. Partenerii Proiectului sunt universit\u0103\u021bi din Italia, Rom\u00e2nia, Polonia \u0219i Portugalia. Noua genera\u021bie vrea s\u0103 dep\u0103\u0219easc\u0103 abord\u0103rile clasice [&hellip;]<\/p>\n","protected":false},"author":1,"featured_media":0,"parent":0,"menu_order":0,"comment_status":"closed","ping_status":"open","template":"","meta":{"footnotes":""},"class_list":["post-146","page","type-page","status-publish","hentry"],"_links":{"self":[{"href":"https:\/\/managevirtually.sdu.edu.tr\/ro\/wp-json\/wp\/v2\/pages\/146"}],"collection":[{"href":"https:\/\/managevirtually.sdu.edu.tr\/ro\/wp-json\/wp\/v2\/pages"}],"about":[{"href":"https:\/\/managevirtually.sdu.edu.tr\/ro\/wp-json\/wp\/v2\/types\/page"}],"author":[{"embeddable":true,"href":"https:\/\/managevirtually.sdu.edu.tr\/ro\/wp-json\/wp\/v2\/users\/1"}],"replies":[{"embeddable":true,"href":"https:\/\/managevirtually.sdu.edu.tr\/ro\/wp-json\/wp\/v2\/comments?post=146"}],"version-history":[{"count":1,"href":"https:\/\/managevirtually.sdu.edu.tr\/ro\/wp-json\/wp\/v2\/pages\/146\/revisions"}],"predecessor-version":[{"id":464,"href":"https:\/\/managevirtually.sdu.edu.tr\/ro\/wp-json\/wp\/v2\/pages\/146\/revisions\/464"}],"wp:attachment":[{"href":"https:\/\/managevirtually.sdu.edu.tr\/ro\/wp-json\/wp\/v2\/media?parent=146"}],"curies":[{"name":"wp","href":"https:\/\/api.w.org\/{rel}","templated":true}]}}