{"id":815,"date":"2025-11-25T10:37:29","date_gmt":"2025-11-25T10:37:29","guid":{"rendered":"https:\/\/managevirtually.sdu.edu.tr\/?page_id=813"},"modified":"2025-11-25T14:08:39","modified_gmt":"2025-11-25T11:08:39","slug":"workshop","status":"publish","type":"page","link":"https:\/\/managevirtually.sdu.edu.tr\/pt\/workshop\/","title":{"rendered":"Reuni\u00f5es do Projeto \/ Workshop"},"content":{"rendered":"\n<p>O projecto \u00abManagement in a Virtual World\u00bb, coordenado pela Universidade S\u00fcleyman Demirel e financiado pela Ag\u00eancia Nacional Turca, realizou um workshop em 19 de Novembro de 2025. A reuni\u00e3o, realizada na Faculdade de Economia e Ci\u00eancias Administrativas da Universidade S\u00fcleyman Demirel, come\u00e7ou com uma rece\u00e7\u00e3o de abertura. Nesta rece\u00e7\u00e3o, que contou com a presen\u00e7a do reitor da Universidade S\u00fcleyman Demirel, o Prof. Dr. Mehmet SALTAN, do Diretor da Faculdade de Economia e Ci\u00eancias Administrativas, o Prof. Dr. Hakan Mehmet K\u0130R\u0130\u015e, dos parceiros do projecto e de v\u00e1rios acad\u00e9micos relevantes, ocorreram interc\u00e2mbios interculturais.<\/p>\n\n\n\n<figure class=\"wp-block-image aligncenter size-full\"><img decoding=\"async\" src=\"https:\/\/managevirtually.sdu.edu.tr\/pt\/wp-content\/uploads\/sites\/7\/2025\/11\/image-3.png\" alt=\"\" class=\"wp-image-814\"\/><\/figure>\n\n\n\n<p>Ap\u00f3s o cocktail, teve in\u00edcio o workshop em formato h\u00edbrido. A coordenadora do projecto, a Professora Doutora Aygen OKSAY, que deu in\u00edcio ao evento, come\u00e7ou por informar os participantes online e presenciais sobre a traject\u00f3ria de 24 meses do projecto, explicando que foi desenvolvida uma simula\u00e7\u00e3o empresarial como parte do projecto, com o apoio da T\u00dcB\u0130TAK 1001. Esta simula\u00e7\u00e3o, traduzida para ingl\u00eas e partilhada com as institui\u00e7\u00f5es parceiras, foi concebida para proporcionar aos estudantes experi\u00eancia em processos de gest\u00e3o. A Professora Doutora Serpil SENAL deu a palavra para a apresenta\u00e7\u00e3o da simula\u00e7\u00e3o e demonstrou o software de simula\u00e7\u00e3o utilizado como t\u00e9cnica de ensino no projecto atrav\u00e9s de uma aplica\u00e7\u00e3o pr\u00e1tica utilizando um cen\u00e1rio de amostra.<\/p>\n\n\n\n<figure class=\"wp-block-image aligncenter size-full\"><img loading=\"lazy\" decoding=\"async\" width=\"605\" height=\"403\" src=\"https:\/\/managevirtually.sdu.edu.tr\/pt\/wp-content\/uploads\/sites\/7\/2025\/11\/image-4.png\" alt=\"\" class=\"wp-image-820\" srcset=\"https:\/\/managevirtually.sdu.edu.tr\/pt\/wp-content\/uploads\/sites\/7\/2025\/11\/image-4.png 605w, https:\/\/managevirtually.sdu.edu.tr\/pt\/wp-content\/uploads\/sites\/7\/2025\/11\/image-4-300x200.png 300w\" sizes=\"(max-width: 605px) 100vw, 605px\" \/><\/figure>\n\n\n\n<p>Isto proporcionou aos participantes informa\u00e7\u00f5es detalhadas sobre o software de simula\u00e7\u00e3o. Ap\u00f3s a apresenta\u00e7\u00e3o do software, a Professora Doutora Aygen OKSAY partilhou as conclus\u00f5es do projecto.<\/p>\n\n\n\n<figure class=\"wp-block-image aligncenter size-full\"><img loading=\"lazy\" decoding=\"async\" width=\"605\" height=\"454\" src=\"https:\/\/managevirtually.sdu.edu.tr\/pt\/wp-content\/uploads\/sites\/7\/2025\/11\/image-5.png\" alt=\"\" class=\"wp-image-821\" srcset=\"https:\/\/managevirtually.sdu.edu.tr\/pt\/wp-content\/uploads\/sites\/7\/2025\/11\/image-5.png 605w, https:\/\/managevirtually.sdu.edu.tr\/pt\/wp-content\/uploads\/sites\/7\/2025\/11\/image-5-300x225.png 300w\" sizes=\"(max-width: 605px) 100vw, 605px\" \/><\/figure>\n","protected":false},"excerpt":{"rendered":"<p>O projecto \u00abManagement in a Virtual World\u00bb, coordenado pela Universidade S\u00fcleyman Demirel e financiado pela Ag\u00eancia Nacional Turca, realizou um workshop em 19 de Novembro de 2025. A reuni\u00e3o, realizada na Faculdade de Economia e Ci\u00eancias Administrativas da Universidade S\u00fcleyman Demirel, come\u00e7ou com uma rece\u00e7\u00e3o de abertura. Nesta rece\u00e7\u00e3o, que contou com a presen\u00e7a do [&hellip;]<\/p>\n","protected":false},"author":1,"featured_media":0,"parent":0,"menu_order":0,"comment_status":"closed","ping_status":"closed","template":"","meta":{"footnotes":""},"class_list":["post-815","page","type-page","status-publish","hentry"],"_links":{"self":[{"href":"https:\/\/managevirtually.sdu.edu.tr\/pt\/wp-json\/wp\/v2\/pages\/815"}],"collection":[{"href":"https:\/\/managevirtually.sdu.edu.tr\/pt\/wp-json\/wp\/v2\/pages"}],"about":[{"href":"https:\/\/managevirtually.sdu.edu.tr\/pt\/wp-json\/wp\/v2\/types\/page"}],"author":[{"embeddable":true,"href":"https:\/\/managevirtually.sdu.edu.tr\/pt\/wp-json\/wp\/v2\/users\/1"}],"replies":[{"embeddable":true,"href":"https:\/\/managevirtually.sdu.edu.tr\/pt\/wp-json\/wp\/v2\/comments?post=815"}],"version-history":[{"count":1,"href":"https:\/\/managevirtually.sdu.edu.tr\/pt\/wp-json\/wp\/v2\/pages\/815\/revisions"}],"predecessor-version":[{"id":824,"href":"https:\/\/managevirtually.sdu.edu.tr\/pt\/wp-json\/wp\/v2\/pages\/815\/revisions\/824"}],"wp:attachment":[{"href":"https:\/\/managevirtually.sdu.edu.tr\/pt\/wp-json\/wp\/v2\/media?parent=815"}],"curies":[{"name":"wp","href":"https:\/\/api.w.org\/{rel}","templated":true}]}}