{"id":811,"date":"2025-11-25T10:33:50","date_gmt":"2025-11-25T10:33:50","guid":{"rendered":"https:\/\/managevirtually.sdu.edu.tr\/?page_id=805"},"modified":"2025-11-25T14:06:28","modified_gmt":"2025-11-25T11:06:28","slug":"closing-meeting","status":"publish","type":"page","link":"https:\/\/managevirtually.sdu.edu.tr\/pt\/closing-meeting\/","title":{"rendered":"Reuni\u00f5es do Projeto \/ Reuni\u00e3o de encerramento"},"content":{"rendered":"\n<p>A reuni\u00e3o de encerramento do projeto \u00abManagement in a Virtual World\u00bb, coordenado pela Universidade S\u00fcleyman Demirel e financiado pela Ag\u00eancia Nacional Turca, realizou-se em Isparta, nos dias 18 e 19 de Novembro de 2025, com a participa\u00e7\u00e3o da Universidade de Sannio (It\u00e1lia), Universidade de Estudos Econ\u00f3micos de Bucareste (BUES, Rom\u00e9nia), Universidade Tecnol\u00f3gica de Gdansk (Pol\u00f3nia) e Polit\u00e9cnico do Porto (ISCAP, Portugal). Os parceiros do projeto participaram na reuni\u00e3o de encerramento com um dos seus estudantes.<\/p>\n\n\n\n<figure class=\"wp-block-image aligncenter size-full\"><img decoding=\"async\" src=\"https:\/\/managevirtually.sdu.edu.tr\/pt\/wp-content\/uploads\/sites\/7\/2025\/11\/image.png\" alt=\"\" class=\"wp-image-806\"\/><\/figure>\n\n\n\n<figure class=\"wp-block-image aligncenter size-full\"><img decoding=\"async\" src=\"https:\/\/managevirtually.sdu.edu.tr\/pt\/wp-content\/uploads\/sites\/7\/2025\/11\/image-1.png\" alt=\"\" class=\"wp-image-807\"\/><\/figure>\n\n\n\n<p>A reuni\u00e3o de encerramento, realizada em 18 de novembro de 2025, come\u00e7ou com uma apresenta\u00e7\u00e3o da Coordenadora do projeto, a Professora Doutora Aygen Oksay, que providenciou informa\u00e7\u00f5es gerais, os objetivos e os resultados do projeto. Em seguida, cada parceiro apresentou os seus resultados. Ap\u00f3s estas apresenta\u00e7\u00f5es, a Professora Doutora Oksay partilhou os resultados estat\u00edsticos. Na sequ\u00eancia destas trocas, os participantes trocaram ideias sobre os resultados. A reuni\u00e3o continuou com a Professora Doutora Oksay a convidar os estudantes que participaram na reuni\u00e3o com os parceiros do projeto e que foram utilizadores diretos do m\u00e9todo de simula\u00e7\u00e3o a partilhar as suas ideias, experi\u00eancias e sugest\u00f5es. Esta partilha levou \u00e0 conclus\u00e3o de que a forma\u00e7\u00e3o com base em simula\u00e7\u00e3o serve de ponte entre o conhecimento te\u00f3rico e a pr\u00e1tica, proporcionando uma experi\u00eancia do mundo real.<\/p>\n\n\n\n<figure class=\"wp-block-image aligncenter size-full\"><img decoding=\"async\" src=\"https:\/\/managevirtually.sdu.edu.tr\/pt\/wp-content\/uploads\/sites\/7\/2025\/11\/image-2.png\" alt=\"\" class=\"wp-image-808\"\/><\/figure>\n","protected":false},"excerpt":{"rendered":"<p>A reuni\u00e3o de encerramento do projeto \u00abManagement in a Virtual World\u00bb, coordenado pela Universidade S\u00fcleyman Demirel e financiado pela Ag\u00eancia Nacional Turca, realizou-se em Isparta, nos dias 18 e 19 de Novembro de 2025, com a participa\u00e7\u00e3o da Universidade de Sannio (It\u00e1lia), Universidade de Estudos Econ\u00f3micos de Bucareste (BUES, Rom\u00e9nia), Universidade Tecnol\u00f3gica de Gdansk (Pol\u00f3nia) [&hellip;]<\/p>\n","protected":false},"author":1,"featured_media":0,"parent":0,"menu_order":0,"comment_status":"closed","ping_status":"closed","template":"","meta":{"footnotes":""},"class_list":["post-811","page","type-page","status-publish","hentry"],"_links":{"self":[{"href":"https:\/\/managevirtually.sdu.edu.tr\/pt\/wp-json\/wp\/v2\/pages\/811"}],"collection":[{"href":"https:\/\/managevirtually.sdu.edu.tr\/pt\/wp-json\/wp\/v2\/pages"}],"about":[{"href":"https:\/\/managevirtually.sdu.edu.tr\/pt\/wp-json\/wp\/v2\/types\/page"}],"author":[{"embeddable":true,"href":"https:\/\/managevirtually.sdu.edu.tr\/pt\/wp-json\/wp\/v2\/users\/1"}],"replies":[{"embeddable":true,"href":"https:\/\/managevirtually.sdu.edu.tr\/pt\/wp-json\/wp\/v2\/comments?post=811"}],"version-history":[{"count":1,"href":"https:\/\/managevirtually.sdu.edu.tr\/pt\/wp-json\/wp\/v2\/pages\/811\/revisions"}],"predecessor-version":[{"id":822,"href":"https:\/\/managevirtually.sdu.edu.tr\/pt\/wp-json\/wp\/v2\/pages\/811\/revisions\/822"}],"wp:attachment":[{"href":"https:\/\/managevirtually.sdu.edu.tr\/pt\/wp-json\/wp\/v2\/media?parent=811"}],"curies":[{"name":"wp","href":"https:\/\/api.w.org\/{rel}","templated":true}]}}