{"id":777,"date":"2025-10-22T11:29:33","date_gmt":"2025-10-22T11:29:33","guid":{"rendered":"https:\/\/managevirtually.sdu.edu.tr\/?page_id=777"},"modified":"2025-11-10T11:11:19","modified_gmt":"2025-11-10T08:11:19","slug":"conf-it","status":"publish","type":"page","link":"https:\/\/managevirtually.sdu.edu.tr\/pt\/conf-it\/","title":{"rendered":"Confer\u00eancia-Evento \u2013 It\u00e1lia"},"content":{"rendered":"\n<p class=\"has-white-color has-text-color has-background has-link-color has-extra-small-font-size wp-elements-3b8b8929650abf60cd602ff47d7b8fb2\" style=\"background-color:#1a3b49\"><a name=\"conf1\">Confer\u00eancia-Evento 1<\/a><\/p>\n\n\n\n<figure class=\"wp-block-image aligncenter size-full is-resized\"><img loading=\"lazy\" decoding=\"async\" width=\"960\" height=\"720\" src=\"https:\/\/managevirtually.sdu.edu.tr\/pt\/wp-content\/uploads\/sites\/7\/2025\/10\/Foto1.jpg\" alt=\"\" class=\"wp-image-779\" style=\"width:702px;height:auto\" srcset=\"https:\/\/managevirtually.sdu.edu.tr\/pt\/wp-content\/uploads\/sites\/7\/2025\/10\/Foto1.jpg 960w, https:\/\/managevirtually.sdu.edu.tr\/pt\/wp-content\/uploads\/sites\/7\/2025\/10\/Foto1-300x225.jpg 300w, https:\/\/managevirtually.sdu.edu.tr\/pt\/wp-content\/uploads\/sites\/7\/2025\/10\/Foto1-768x576.jpg 768w\" sizes=\"(max-width: 960px) 100vw, 960px\" \/><\/figure>\n\n\n\n<p><strong>Prof. Angelo Riviezzo \u2013 Gest\u00e3o<\/strong><br>Uma sess\u00e3o inspiradora conduzida pelo Prof. Angelo Riviezzo, que partilhou ideias valiosas sobre gest\u00e3o estrat\u00e9gica e inova\u00e7\u00e3o. Um di\u00e1logo estimulante entre a teoria e a pr\u00e1tica.<\/p>\n\n\n\n<hr class=\"wp-block-separator has-alpha-channel-opacity\"\/>\n\n\n\n<p class=\"has-white-color has-text-color has-background has-link-color has-extra-small-font-size wp-elements-c1fe081967fd3fea0a3d6275cfb5e76e\" style=\"background-color:#1a3b49\"><a name=\"conf2\">Confer\u00eancia-Evento 2<\/a><\/p>\n\n\n\n<figure class=\"wp-block-image aligncenter size-large is-resized\"><img loading=\"lazy\" decoding=\"async\" width=\"1024\" height=\"768\" src=\"https:\/\/managevirtually.sdu.edu.tr\/pt\/wp-content\/uploads\/sites\/7\/2025\/10\/Foto2-1024x768.jpg\" alt=\"\" class=\"wp-image-780\" style=\"width:705px;height:auto\" srcset=\"https:\/\/managevirtually.sdu.edu.tr\/pt\/wp-content\/uploads\/sites\/7\/2025\/10\/Foto2-1024x768.jpg 1024w, https:\/\/managevirtually.sdu.edu.tr\/pt\/wp-content\/uploads\/sites\/7\/2025\/10\/Foto2-300x225.jpg 300w, https:\/\/managevirtually.sdu.edu.tr\/pt\/wp-content\/uploads\/sites\/7\/2025\/10\/Foto2-768x576.jpg 768w, https:\/\/managevirtually.sdu.edu.tr\/pt\/wp-content\/uploads\/sites\/7\/2025\/10\/Foto2-1536x1152.jpg 1536w, https:\/\/managevirtually.sdu.edu.tr\/pt\/wp-content\/uploads\/sites\/7\/2025\/10\/Foto2.jpg 1600w\" sizes=\"(max-width: 1024px) 100vw, 1024px\" \/><\/figure>\n\n\n\n<p><strong>Prof. Roberto Jannelli \u2013 Finan\u00e7as<\/strong><br>O Prof. Roberto Jannelli ofereceu uma vis\u00e3o geral clara e envolvente das finan\u00e7as modernas, explorando mercados, riscos e estrat\u00e9gias de investimento com uma precis\u00e3o e clareza not\u00e1veis.<\/p>\n\n\n\n<hr class=\"wp-block-separator has-alpha-channel-opacity\"\/>\n\n\n\n<p class=\"has-white-color has-text-color has-background has-link-color has-extra-small-font-size wp-elements-78c5faf27c82bd34a54007aab5907a38\" style=\"background-color:#1a3b49\"><a name=\"conf3\">Confer\u00eancia-Evento 3<\/a><\/p>\n\n\n\n<figure class=\"wp-block-image aligncenter size-full\"><img loading=\"lazy\" decoding=\"async\" width=\"709\" height=\"427\" src=\"https:\/\/managevirtually.sdu.edu.tr\/pt\/wp-content\/uploads\/sites\/7\/2025\/10\/Foto3.jpg\" alt=\"\" class=\"wp-image-781\" srcset=\"https:\/\/managevirtually.sdu.edu.tr\/pt\/wp-content\/uploads\/sites\/7\/2025\/10\/Foto3.jpg 709w, https:\/\/managevirtually.sdu.edu.tr\/pt\/wp-content\/uploads\/sites\/7\/2025\/10\/Foto3-300x181.jpg 300w\" sizes=\"(max-width: 709px) 100vw, 709px\" \/><\/figure>\n\n\n\n<p><strong>Prof. Riccardo Resciniti \u2013 Marketing<\/strong><br>Um semin\u00e1rio esclarecedor do Prof. Riccardo Resciniti sobre estrat\u00e9gias de marketing e comportamento do consumidor \u2014 uma viagem atrav\u00e9s dos dados, da criatividade e das perspetivas globais.<\/p>\n\n\n\n<hr class=\"wp-block-separator has-alpha-channel-opacity\"\/>\n\n\n\n<p class=\"has-white-color has-text-color has-background has-link-color has-extra-small-font-size wp-elements-9b87600cf8b16db293b981ec876564ca\" style=\"background-color:#1a3b49\"><a name=\"conf4\">Confer\u00eancia-Evento 4<\/a><\/p>\n\n\n\n<figure class=\"wp-block-image aligncenter size-large is-resized\"><img loading=\"lazy\" decoding=\"async\" width=\"768\" height=\"1024\" src=\"https:\/\/managevirtually.sdu.edu.tr\/pt\/wp-content\/uploads\/sites\/7\/2025\/10\/Foto4-768x1024.jpg\" alt=\"\" class=\"wp-image-782\" style=\"width:710px;height:auto\" srcset=\"https:\/\/managevirtually.sdu.edu.tr\/pt\/wp-content\/uploads\/sites\/7\/2025\/10\/Foto4-768x1024.jpg 768w, https:\/\/managevirtually.sdu.edu.tr\/pt\/wp-content\/uploads\/sites\/7\/2025\/10\/Foto4-225x300.jpg 225w, https:\/\/managevirtually.sdu.edu.tr\/pt\/wp-content\/uploads\/sites\/7\/2025\/10\/Foto4-1152x1536.jpg 1152w, https:\/\/managevirtually.sdu.edu.tr\/pt\/wp-content\/uploads\/sites\/7\/2025\/10\/Foto4.jpg 1536w\" sizes=\"(max-width: 768px) 100vw, 768px\" \/><\/figure>\n\n\n\n<p><strong>Prof.ssa Gilda Antonelli \u2013 Human Resource Management<\/strong><br>A Professora Gilda Antonelli proferiu uma palestra din\u00e2mica sobre a gest\u00e3o de recursos humanos, dando \u00eanfase \u00e0 lideran\u00e7a, \u00e0 motiva\u00e7\u00e3o e ao valor das pessoas para o sucesso organizacional.<\/p>\n","protected":false},"excerpt":{"rendered":"<p>Confer\u00eancia-Evento 1 Prof. Angelo Riviezzo \u2013 Gest\u00e3oUma sess\u00e3o inspiradora conduzida pelo Prof. Angelo Riviezzo, que partilhou ideias valiosas sobre gest\u00e3o estrat\u00e9gica e inova\u00e7\u00e3o. Um di\u00e1logo estimulante entre a teoria e a pr\u00e1tica. Confer\u00eancia-Evento 2 Prof. Roberto Jannelli \u2013 Finan\u00e7asO Prof. Roberto Jannelli ofereceu uma vis\u00e3o geral clara e envolvente das finan\u00e7as modernas, explorando mercados, riscos [&hellip;]<\/p>\n","protected":false},"author":1,"featured_media":0,"parent":0,"menu_order":0,"comment_status":"closed","ping_status":"closed","template":"","meta":{"footnotes":""},"class_list":["post-777","page","type-page","status-publish","hentry"],"_links":{"self":[{"href":"https:\/\/managevirtually.sdu.edu.tr\/pt\/wp-json\/wp\/v2\/pages\/777"}],"collection":[{"href":"https:\/\/managevirtually.sdu.edu.tr\/pt\/wp-json\/wp\/v2\/pages"}],"about":[{"href":"https:\/\/managevirtually.sdu.edu.tr\/pt\/wp-json\/wp\/v2\/types\/page"}],"author":[{"embeddable":true,"href":"https:\/\/managevirtually.sdu.edu.tr\/pt\/wp-json\/wp\/v2\/users\/1"}],"replies":[{"embeddable":true,"href":"https:\/\/managevirtually.sdu.edu.tr\/pt\/wp-json\/wp\/v2\/comments?post=777"}],"version-history":[{"count":4,"href":"https:\/\/managevirtually.sdu.edu.tr\/pt\/wp-json\/wp\/v2\/pages\/777\/revisions"}],"predecessor-version":[{"id":805,"href":"https:\/\/managevirtually.sdu.edu.tr\/pt\/wp-json\/wp\/v2\/pages\/777\/revisions\/805"}],"wp:attachment":[{"href":"https:\/\/managevirtually.sdu.edu.tr\/pt\/wp-json\/wp\/v2\/media?parent=777"}],"curies":[{"name":"wp","href":"https:\/\/api.w.org\/{rel}","templated":true}]}}