{"id":768,"date":"2025-10-16T10:53:59","date_gmt":"2025-10-16T10:53:59","guid":{"rendered":"https:\/\/managevirtually.sdu.edu.tr\/?page_id=768"},"modified":"2025-11-10T11:12:34","modified_gmt":"2025-11-10T08:12:34","slug":"conf-ro","status":"publish","type":"page","link":"https:\/\/managevirtually.sdu.edu.tr\/pt\/conf-ro\/","title":{"rendered":"Confer\u00eancia-Evento &#8211; Rom\u00e9nia"},"content":{"rendered":"\n<p class=\"has-white-color has-text-color has-background has-link-color has-extra-small-font-size wp-elements-3b8b8929650abf60cd602ff47d7b8fb2\" style=\"background-color:#1a3b49\"><a name=\"conf1\">Confer\u00eancia-Evento 1<\/a><\/p>\n\n\n\n<p><strong>Confer\u00eancia Bucareste, 8 de maio de 2025<\/strong><\/p>\n\n\n\n<p><br>Hoje, os alunos receberam como convidado Dragos Stoica, Diretor Executivo da Porsche Inter Auto. Os alunos tiveram a oportunidade de discutir o plano de marketing, como organizar os seus objetivos considerando as caracter\u00edsticas do cliente e porque \u00e9 fundamental conhecer as caracter\u00edsticas dos seus produtos e servi\u00e7os. O encontro foi proveitoso para todos os participantes, e Dragos prometeu voltar aos alunos para discutir assuntos que considerem importantes para um futuro economista.<\/p>\n\n\n\n<figure class=\"wp-block-image size-large\"><img loading=\"lazy\" decoding=\"async\" width=\"1024\" height=\"768\" src=\"https:\/\/managevirtually.sdu.edu.tr\/pt\/wp-content\/uploads\/sites\/7\/2025\/10\/WhatsApp-Image-2025-10-16-at-13.48.34-1024x768.jpeg\" alt=\"\" class=\"wp-image-770\" srcset=\"https:\/\/managevirtually.sdu.edu.tr\/pt\/wp-content\/uploads\/sites\/7\/2025\/10\/WhatsApp-Image-2025-10-16-at-13.48.34-1024x768.jpeg 1024w, https:\/\/managevirtually.sdu.edu.tr\/pt\/wp-content\/uploads\/sites\/7\/2025\/10\/WhatsApp-Image-2025-10-16-at-13.48.34-300x225.jpeg 300w, https:\/\/managevirtually.sdu.edu.tr\/pt\/wp-content\/uploads\/sites\/7\/2025\/10\/WhatsApp-Image-2025-10-16-at-13.48.34-768x576.jpeg 768w, https:\/\/managevirtually.sdu.edu.tr\/pt\/wp-content\/uploads\/sites\/7\/2025\/10\/WhatsApp-Image-2025-10-16-at-13.48.34-1536x1152.jpeg 1536w, https:\/\/managevirtually.sdu.edu.tr\/pt\/wp-content\/uploads\/sites\/7\/2025\/10\/WhatsApp-Image-2025-10-16-at-13.48.34.jpeg 1600w\" sizes=\"(max-width: 1024px) 100vw, 1024px\" \/><\/figure>\n\n\n\n<hr class=\"wp-block-separator has-alpha-channel-opacity\"\/>\n\n\n\n<p class=\"has-white-color has-text-color has-background has-link-color has-extra-small-font-size wp-elements-c1fe081967fd3fea0a3d6275cfb5e76e\" style=\"background-color:#1a3b49\"><a name=\"conf2\">Confer\u00eancia-Evento 2<\/a><\/p>\n\n\n\n<p><strong>Confer\u00eancia Bucareste, 28 de maio de 2025<\/strong><\/p>\n\n\n\n<p><br>Nesta confer\u00eancia, tivemos o prazer de contar com a presen\u00e7a da Sra. Amalia Stefan, L\u00edder da Divis\u00e3o Hoteleira do Grupo Alexandrion, como oradora convidada. Apresentou o Grupo Alexandrion como o maior produtor e distribuidor de bebidas destiladas e vinhos da Rom\u00e9nia. O Grupo \u00e9 propriet\u00e1rio da Alexandrion Distilleries e da ic\u00f3nica Vin\u00edcola Estate. A sede do Grupo Alexandrion \u00e9 na Rom\u00e9nia e tem escrit\u00f3rios de representa\u00e7\u00e3o na Gr\u00e9cia, Chipre, Brasil e Estados Unidos. Apresentou ainda os desafios e as oportunidades que a empresa enfrentou em 2017, quando o grupo iniciou a sua expans\u00e3o global com a abertura de um escrit\u00f3rio de opera\u00e7\u00f5es globais no Chipre e outro no Brasil. Posteriormente, adquiriu uma participa\u00e7\u00e3o maiorit\u00e1ria na V.M. Cavaway Ltd., empresa que opera principalmente na comercializa\u00e7\u00e3o e distribui\u00e7\u00e3o de bebidas alco\u00f3licas. Outros desafios e oportunidades foram considerados, dado que o Grupo Alexandrion est\u00e1 atualmente a construir uma destilaria em Nova Iorque (EUA), um investimento de 100 milh\u00f5es de d\u00f3lares.<\/p>\n\n\n\n<figure class=\"wp-block-image aligncenter size-full is-resized\"><img loading=\"lazy\" decoding=\"async\" width=\"194\" height=\"129\" src=\"https:\/\/managevirtually.sdu.edu.tr\/pt\/wp-content\/uploads\/sites\/7\/2025\/10\/image-2.png\" alt=\"\" class=\"wp-image-787\" style=\"width:450px;height:auto\"\/><\/figure>\n\n\n\n<hr class=\"wp-block-separator has-alpha-channel-opacity\"\/>\n\n\n\n<p class=\"has-white-color has-text-color has-background has-link-color has-extra-small-font-size wp-elements-78c5faf27c82bd34a54007aab5907a38\" style=\"background-color:#1a3b49\"><a name=\"conf3\">Confer\u00eancia-Evento 3<\/a><\/p>\n\n\n\n<p><strong>Confer\u00eancia em Bucareste, 2 de junho de 2025<\/strong><\/p>\n\n\n\n<p><br>Na Confer\u00eancia de 2 de junho de 2025, os alunos tiveram a oportunidade de conversar com Rodica Lazar, CEO da Grafex, fabricante de produtos de veda\u00e7\u00e3o para centrais nucleares francesas. O semin\u00e1rio abordou temas relacionados com a gest\u00e3o da cadeia log\u00edstica no contexto dos clientes e fornecedores que operam em m\u00faltiplos pa\u00edses e como gerir a produ\u00e7\u00e3o de acordo com os princ\u00edpios do lean manufacturing. Agradecemos a todos pela participa\u00e7\u00e3o e pelas muitas perguntas interessantes!<\/p>\n\n\n\n<figure class=\"wp-block-image aligncenter size-full is-resized\"><img loading=\"lazy\" decoding=\"async\" width=\"134\" height=\"123\" src=\"https:\/\/managevirtually.sdu.edu.tr\/pt\/wp-content\/uploads\/sites\/7\/2025\/10\/image-3.png\" alt=\"\" class=\"wp-image-788\" style=\"width:356px;height:auto\"\/><\/figure>\n\n\n\n<hr class=\"wp-block-separator has-alpha-channel-opacity\"\/>\n\n\n\n<p class=\"has-white-color has-text-color has-background has-link-color has-extra-small-font-size wp-elements-9b87600cf8b16db293b981ec876564ca\" style=\"background-color:#1a3b49\"><a name=\"conf4\">Confer\u00eancia-Evento 4<\/a><\/p>\n\n\n\n<p><strong>Confer\u00eancia em Bucareste, 6 de junho de 2025<\/strong><\/p>\n\n\n\n<p><br>No dia 6 de junho, realizou-se uma confer\u00eancia em Bucareste, na Universidade de Estudos Econ\u00f3micos de Bucareste, onde Mihaela Poenaru, Gestora de Recursos Humanos da Magnor, uma empresa romena em r\u00e1pida expans\u00e3o nos \u00faltimos anos, apresentou as oportunidades e amea\u00e7as relacionadas com uma carreira num mercado globalizado e como construir uma carreira enquanto jovem estudante numa universidade de economia. Agradecemos aos participantes pelo interesse!<\/p>\n\n\n\n<figure class=\"wp-block-image aligncenter size-full is-resized\"><img loading=\"lazy\" decoding=\"async\" width=\"165\" height=\"110\" src=\"https:\/\/managevirtually.sdu.edu.tr\/pt\/wp-content\/uploads\/sites\/7\/2025\/10\/image-4.png\" alt=\"\" class=\"wp-image-789\" style=\"width:365px;height:auto\"\/><\/figure>\n\n\n\n<hr class=\"wp-block-separator has-alpha-channel-opacity\"\/>\n\n\n\n<p><\/p>\n","protected":false},"excerpt":{"rendered":"<p>Confer\u00eancia-Evento 1 Confer\u00eancia Bucareste, 8 de maio de 2025 Hoje, os alunos receberam como convidado Dragos Stoica, Diretor Executivo da Porsche Inter Auto. Os alunos tiveram a oportunidade de discutir o plano de marketing, como organizar os seus objetivos considerando as caracter\u00edsticas do cliente e porque \u00e9 fundamental conhecer as caracter\u00edsticas dos seus produtos e [&hellip;]<\/p>\n","protected":false},"author":1,"featured_media":0,"parent":0,"menu_order":0,"comment_status":"closed","ping_status":"closed","template":"","meta":{"footnotes":""},"class_list":["post-768","page","type-page","status-publish","hentry"],"_links":{"self":[{"href":"https:\/\/managevirtually.sdu.edu.tr\/pt\/wp-json\/wp\/v2\/pages\/768"}],"collection":[{"href":"https:\/\/managevirtually.sdu.edu.tr\/pt\/wp-json\/wp\/v2\/pages"}],"about":[{"href":"https:\/\/managevirtually.sdu.edu.tr\/pt\/wp-json\/wp\/v2\/types\/page"}],"author":[{"embeddable":true,"href":"https:\/\/managevirtually.sdu.edu.tr\/pt\/wp-json\/wp\/v2\/users\/1"}],"replies":[{"embeddable":true,"href":"https:\/\/managevirtually.sdu.edu.tr\/pt\/wp-json\/wp\/v2\/comments?post=768"}],"version-history":[{"count":3,"href":"https:\/\/managevirtually.sdu.edu.tr\/pt\/wp-json\/wp\/v2\/pages\/768\/revisions"}],"predecessor-version":[{"id":806,"href":"https:\/\/managevirtually.sdu.edu.tr\/pt\/wp-json\/wp\/v2\/pages\/768\/revisions\/806"}],"wp:attachment":[{"href":"https:\/\/managevirtually.sdu.edu.tr\/pt\/wp-json\/wp\/v2\/media?parent=768"}],"curies":[{"name":"wp","href":"https:\/\/api.w.org\/{rel}","templated":true}]}}