{"id":719,"date":"2025-10-15T11:10:37","date_gmt":"2025-10-15T11:10:37","guid":{"rendered":"https:\/\/managevirtually.sdu.edu.tr\/?page_id=719"},"modified":"2025-11-10T11:14:06","modified_gmt":"2025-11-10T08:14:06","slug":"conf-pl","status":"publish","type":"page","link":"https:\/\/managevirtually.sdu.edu.tr\/pt\/conf-pl\/","title":{"rendered":"Confer\u00eancia-Evento &#8211; Pol\u00f3nia"},"content":{"rendered":"\n<p class=\"has-white-color has-text-color has-background has-link-color has-extra-small-font-size wp-elements-3b8b8929650abf60cd602ff47d7b8fb2\" style=\"background-color:#1a3b49\"><a name=\"conf1\">Confer\u00eancia-Evento 1<\/a><\/p>\n\n\n\n<p>No dia 30 de maio, pelas 18h00, realizou-se uma reuni\u00e3o online com a Sra. Dorota Kropelnicka (Diretora de Qualidade e Desenvolvimento e Membro do Conselho) da Pronet Color\u00ae\ufe0f. Esta \u00e9 uma empresa de fabrico e servi\u00e7os que atua no setor das tintas e revestimentos. Durante a reuni\u00e3o, entre outros assuntos, foram discutidas quest\u00f5es financeiras e contabil\u00edsticas \u00fateis para os alunos durante as simula\u00e7\u00f5es.<br>O evento \u00e9 organizado no \u00e2mbito do projeto \u201cGest\u00e3o num Mundo Virtual\u201d, implementado na Faculdade de Gest\u00e3o e Economia da Universidade Tecnol\u00f3gica de Gda\u0144sk no \u00e2mbito do programa Erasmus+.<br>O slogan da s\u00e9rie: Obtenha conhecimento diretamente de especialistas que criam sucesso no seu setor todos os dias.<\/p>\n\n\n\n<figure class=\"wp-block-gallery has-nested-images columns-default is-cropped wp-block-gallery-1 is-layout-flex wp-block-gallery-is-layout-flex\">\n<figure class=\"wp-block-image size-large\"><img decoding=\"async\" data-id=\"660\" src=\"https:\/\/managevirtually.sdu.edu.tr\/wp-content\/uploads\/2025\/06\/WhatsApp-Image-2025-06-10-at-09.22.48-1-1024x575.jpeg\" alt=\"\" class=\"wp-image-660\"\/><\/figure>\n\n\n\n<figure class=\"wp-block-image size-large\"><img decoding=\"async\" data-id=\"659\" src=\"https:\/\/managevirtually.sdu.edu.tr\/wp-content\/uploads\/2025\/06\/WhatsApp-Image-2025-06-10-at-09.22.48-2-1024x575.jpeg\" alt=\"\" class=\"wp-image-659\"\/><\/figure>\n\n\n\n<figure class=\"wp-block-image size-large\"><img decoding=\"async\" data-id=\"658\" src=\"https:\/\/managevirtually.sdu.edu.tr\/wp-content\/uploads\/2025\/06\/WhatsApp-Image-2025-06-10-at-09.22.48-3-1024x572.jpeg\" alt=\"\" class=\"wp-image-658\"\/><\/figure>\n\n\n\n<figure class=\"wp-block-image size-large\"><img decoding=\"async\" data-id=\"657\" src=\"https:\/\/managevirtually.sdu.edu.tr\/wp-content\/uploads\/2025\/06\/WhatsApp-Image-2025-06-10-at-09.22.48-1024x554.jpeg\" alt=\"\" class=\"wp-image-657\"\/><\/figure>\n<\/figure>\n\n\n\n<hr class=\"wp-block-separator has-alpha-channel-opacity\"\/>\n\n\n\n<p class=\"has-white-color has-text-color has-background has-link-color has-extra-small-font-size wp-elements-c1fe081967fd3fea0a3d6275cfb5e76e\" style=\"background-color:#1a3b49\"><a name=\"conf2\">Confer\u00eancia-Evento 2<\/a><\/p>\n\n\n\n<figure class=\"wp-block-image aligncenter size-large\"><img decoding=\"async\" src=\"https:\/\/managevirtually.sdu.edu.tr\/wp-content\/uploads\/2025\/06\/WhatsApp-Image-2025-06-12-at-21.02.43-724x1024.jpeg\" alt=\"\" class=\"wp-image-673\"\/><\/figure>\n\n\n\n<p>Resumo da Reuni\u00e3o: Sess\u00e3o com o Orador Convidado Edi Pyrek<br>Data: 12 de junho de 2025<br>Hor\u00e1rio: 17h00 (online)<br>Temos o prazer de informar que outra reuni\u00e3o inspiradora com um representante empresarial teve lugar no dia 12 de junho de 2025, \u00e0s 17h00, atrav\u00e9s de uma plataforma online. O nosso convidado foi Edi Pyrek \u2014 mentor, escritor, orador, viajante e especialista em comunica\u00e7\u00e3o estrat\u00e9gica.<\/p>\n\n\n\n<p>Durante a sess\u00e3o, o Sr. Pyrek partilhou insights da sua multifacetada experi\u00eancia profissional. Atualmente, desempenha as fun\u00e7\u00f5es de Diretor Vision\u00e1rio tanto na Funda\u00e7\u00e3o GAIA como no Instituto iMind.<br>\u00c9 cofundador do Instituto iMind, um centro de investiga\u00e7\u00e3o privado dedicado a desbloquear o potencial humano. Al\u00e9m disso, \u00e9 um dos cocriadores, juntamente com David Hanson, da Funda\u00e7\u00e3o GAIA, a Alian\u00e7a Global para a Intelig\u00eancia Artificial Inteligente e Compassiva. A funda\u00e7\u00e3o dedica-se a promover o desenvolvimento de IA \u00e9tica e respons\u00e1vel em todo o mundo.<\/p>\n\n\n\n<p>Mais informa\u00e7\u00f5es sobre a Funda\u00e7\u00e3o GAIA est\u00e3o dispon\u00edveis em https:\/\/globalai.life. Vis\u00e3o Geral do Tema do Evento: Quo Vadis Homo?<\/p>\n\n\n\n<p>Explorar o Futuro da Humanidade na Era da IA \u200b\u200bGenerativa e do Progresso Exponencial<br>A sess\u00e3o com Edi Pyrek ofereceu uma explora\u00e7\u00e3o instigante do papel mut\u00e1vel da humanidade num mundo impulsionado pela r\u00e1pida transforma\u00e7\u00e3o tecnol\u00f3gica. Foi um encontro \u00fanico com uma mente que olha para o futuro.<\/p>\n\n\n\n<p>As principais quest\u00f5es abordadas durante a palestra inclu\u00edram:<br>\ud83d\udc49 Da revolu\u00e7\u00e3o agr\u00e1ria \u00e0 IAG (Intelig\u00eancia Artificial Geral) \u2013 como evoluiu o lugar da humanidade no mundo sob a influ\u00eancia da mudan\u00e7a tecnol\u00f3gica?<\/p>\n\n\n\n<p>\ud83d\udc49 Estamos preparados para uma adapta\u00e7\u00e3o consciente a estas realidades emergentes?<\/p>\n\n\n\n<p>\ud83d\udc49 Como \u00e9 que a neuroci\u00eancia, a intelig\u00eancia artificial e os estados de fluxo podem ser integrados numa vis\u00e3o para o futuro dos indiv\u00edduos, das organiza\u00e7\u00f5es e das sociedades?<\/p>\n\n\n\n<p>\ud83e\udde0 Edi Pyrek apresentou o seu conceito original de desenvolvimento exponencial e convidou os participantes a refletirem profundamente: Para onde vamos enquanto humanos \u2013 e temos a capacidade de moldar essa dire\u00e7\u00e3o?<br>\ud83d\udd38 Esta sess\u00e3o foi concebida para aqueles que procuram compreender o mundo de forma mais profunda \u2014 e que desejam participar na cocria\u00e7\u00e3o do seu futuro.<\/p>\n\n\n\n<hr class=\"wp-block-separator has-alpha-channel-opacity\"\/>\n\n\n\n<p class=\"has-white-color has-text-color has-background has-link-color has-extra-small-font-size wp-elements-78c5faf27c82bd34a54007aab5907a38\" style=\"background-color:#1a3b49\"><a name=\"conf3\">Confer\u00eancia-Evento 3<\/a><\/p>\n\n\n\n<p>A apresenta\u00e7\u00e3o intitulada \u201cO Papel das Startups no Ecossistema de Inova\u00e7\u00e3o\u201d apresentou o ecossistema de inova\u00e7\u00e3o na perspetiva de uma startup, incluindo a defini\u00e7\u00e3o dos atores mais importantes deste ecossistema. O modelo CPS (cliente-problema-solu\u00e7\u00e3o) foi discutido em detalhe como uma forma pr\u00e1tica de dar os primeiros passos para a cria\u00e7\u00e3o de uma startup. Durante a apresenta\u00e7\u00e3o foram elencados os principais erros cometidos pelos empres\u00e1rios na fase inicial das suas atividades. Al\u00e9m disso, os participantes receberam dicas e conselhos pr\u00e1ticos sobre o funcionamento das startups. A apresenta\u00e7\u00e3o abordou ainda as vantagens e desvantagens do financiamento de uma startup atrav\u00e9s de investimentos (capital de risco) e de fundos p\u00fablicos (subs\u00eddios, incentivos).<\/p>\n\n\n\n<figure class=\"wp-block-image aligncenter size-large is-resized\"><img loading=\"lazy\" decoding=\"async\" width=\"724\" height=\"1024\" src=\"https:\/\/managevirtually.sdu.edu.tr\/pt\/wp-content\/uploads\/sites\/7\/2025\/10\/WhatsApp-Image-2025-10-16-at-12.15.57-724x1024.jpeg\" alt=\"\" class=\"wp-image-747\" style=\"width:673px;height:auto\" srcset=\"https:\/\/managevirtually.sdu.edu.tr\/pt\/wp-content\/uploads\/sites\/7\/2025\/10\/WhatsApp-Image-2025-10-16-at-12.15.57-724x1024.jpeg 724w, https:\/\/managevirtually.sdu.edu.tr\/pt\/wp-content\/uploads\/sites\/7\/2025\/10\/WhatsApp-Image-2025-10-16-at-12.15.57-212x300.jpeg 212w, https:\/\/managevirtually.sdu.edu.tr\/pt\/wp-content\/uploads\/sites\/7\/2025\/10\/WhatsApp-Image-2025-10-16-at-12.15.57-768x1086.jpeg 768w, https:\/\/managevirtually.sdu.edu.tr\/pt\/wp-content\/uploads\/sites\/7\/2025\/10\/WhatsApp-Image-2025-10-16-at-12.15.57-1086x1536.jpeg 1086w, https:\/\/managevirtually.sdu.edu.tr\/pt\/wp-content\/uploads\/sites\/7\/2025\/10\/WhatsApp-Image-2025-10-16-at-12.15.57.jpeg 1131w\" sizes=\"(max-width: 724px) 100vw, 724px\" \/><\/figure>\n\n\n\n<figure class=\"wp-block-image aligncenter size-large is-resized\"><img loading=\"lazy\" decoding=\"async\" width=\"791\" height=\"1024\" src=\"https:\/\/managevirtually.sdu.edu.tr\/pt\/wp-content\/uploads\/sites\/7\/2025\/10\/WhatsApp-Image-2025-10-16-at-12.15.57-1-791x1024.jpeg\" alt=\"\" class=\"wp-image-748\" style=\"width:528px;height:auto\" srcset=\"https:\/\/managevirtually.sdu.edu.tr\/pt\/wp-content\/uploads\/sites\/7\/2025\/10\/WhatsApp-Image-2025-10-16-at-12.15.57-1-791x1024.jpeg 791w, https:\/\/managevirtually.sdu.edu.tr\/pt\/wp-content\/uploads\/sites\/7\/2025\/10\/WhatsApp-Image-2025-10-16-at-12.15.57-1-232x300.jpeg 232w, https:\/\/managevirtually.sdu.edu.tr\/pt\/wp-content\/uploads\/sites\/7\/2025\/10\/WhatsApp-Image-2025-10-16-at-12.15.57-1-768x995.jpeg 768w, https:\/\/managevirtually.sdu.edu.tr\/pt\/wp-content\/uploads\/sites\/7\/2025\/10\/WhatsApp-Image-2025-10-16-at-12.15.57-1.jpeg 946w\" sizes=\"(max-width: 791px) 100vw, 791px\" \/><\/figure>\n\n\n\n<figure class=\"wp-block-image aligncenter size-large is-resized\"><img loading=\"lazy\" decoding=\"async\" width=\"612\" height=\"1024\" src=\"https:\/\/managevirtually.sdu.edu.tr\/pt\/wp-content\/uploads\/sites\/7\/2025\/10\/WhatsApp-Image-2025-10-16-at-12.15.57-2-612x1024.jpeg\" alt=\"\" class=\"wp-image-749\" style=\"width:540px;height:auto\" srcset=\"https:\/\/managevirtually.sdu.edu.tr\/pt\/wp-content\/uploads\/sites\/7\/2025\/10\/WhatsApp-Image-2025-10-16-at-12.15.57-2-612x1024.jpeg 612w, https:\/\/managevirtually.sdu.edu.tr\/pt\/wp-content\/uploads\/sites\/7\/2025\/10\/WhatsApp-Image-2025-10-16-at-12.15.57-2-179x300.jpeg 179w, https:\/\/managevirtually.sdu.edu.tr\/pt\/wp-content\/uploads\/sites\/7\/2025\/10\/WhatsApp-Image-2025-10-16-at-12.15.57-2.jpeg 702w\" sizes=\"(max-width: 612px) 100vw, 612px\" \/><\/figure>\n\n\n\n<hr class=\"wp-block-separator has-alpha-channel-opacity\"\/>\n\n\n\n<p><\/p>\n\n\n\n<p class=\"has-white-color has-text-color has-background has-link-color has-extra-small-font-size wp-elements-9b87600cf8b16db293b981ec876564ca\" style=\"background-color:#1a3b49\"><a name=\"conf4\">Confer\u00eancia-Evento 4<\/a><\/p>\n\n\n\n<p>No \u00e2mbito da apresenta\u00e7\u00e3o intitulada \u201cGest\u00e3o da mudan\u00e7a em engenharia no contexto da melhoria da qualidade e efici\u00eancia dos processos\u201d, foi abordada a especificidade do processo de gest\u00e3o da mudan\u00e7a em engenharia. Durante a apresenta\u00e7\u00e3o foram indicadas as principais caracter\u00edsticas do processo e os determinantes da sua implementa\u00e7\u00e3o nas empresas de fabrico. O p\u00fablico teve a oportunidade de se familiarizar com o conceito de gest\u00e3o da mudan\u00e7a e gest\u00e3o da mudan\u00e7a em engenharia. Na apresenta\u00e7\u00e3o foram apontadas as diferen\u00e7as entre os processos referidos e foi enfatizado o papel da comunica\u00e7\u00e3o nas equipas de projeto. Toda a apresenta\u00e7\u00e3o foi complementada por um estudo de caso, que demonstrou os benef\u00edcios para a empresa de manufatura em quest\u00e3o.<\/p>\n\n\n\n<figure class=\"wp-block-image aligncenter size-large\"><img loading=\"lazy\" decoding=\"async\" width=\"724\" height=\"1024\" src=\"https:\/\/managevirtually.sdu.edu.tr\/pt\/wp-content\/uploads\/sites\/7\/2025\/10\/Plakat_Jakub_Tryczak-1-724x1024.png\" alt=\"\" class=\"wp-image-741\" srcset=\"https:\/\/managevirtually.sdu.edu.tr\/pt\/wp-content\/uploads\/sites\/7\/2025\/10\/Plakat_Jakub_Tryczak-1-724x1024.png 724w, https:\/\/managevirtually.sdu.edu.tr\/pt\/wp-content\/uploads\/sites\/7\/2025\/10\/Plakat_Jakub_Tryczak-1-212x300.png 212w, https:\/\/managevirtually.sdu.edu.tr\/pt\/wp-content\/uploads\/sites\/7\/2025\/10\/Plakat_Jakub_Tryczak-1-768x1086.png 768w, https:\/\/managevirtually.sdu.edu.tr\/pt\/wp-content\/uploads\/sites\/7\/2025\/10\/Plakat_Jakub_Tryczak-1-1086x1536.png 1086w, https:\/\/managevirtually.sdu.edu.tr\/pt\/wp-content\/uploads\/sites\/7\/2025\/10\/Plakat_Jakub_Tryczak-1-1448x2048.png 1448w, https:\/\/managevirtually.sdu.edu.tr\/pt\/wp-content\/uploads\/sites\/7\/2025\/10\/Plakat_Jakub_Tryczak-1.png 1587w\" sizes=\"(max-width: 724px) 100vw, 724px\" \/><\/figure>\n\n\n\n<figure class=\"wp-block-image size-large\"><img loading=\"lazy\" decoding=\"async\" width=\"1024\" height=\"515\" src=\"https:\/\/managevirtually.sdu.edu.tr\/pt\/wp-content\/uploads\/sites\/7\/2025\/10\/Zrzut-ekranu-2025-06-26-170705-1-1024x515.png\" alt=\"\" class=\"wp-image-742\" srcset=\"https:\/\/managevirtually.sdu.edu.tr\/pt\/wp-content\/uploads\/sites\/7\/2025\/10\/Zrzut-ekranu-2025-06-26-170705-1-1024x515.png 1024w, https:\/\/managevirtually.sdu.edu.tr\/pt\/wp-content\/uploads\/sites\/7\/2025\/10\/Zrzut-ekranu-2025-06-26-170705-1-300x151.png 300w, https:\/\/managevirtually.sdu.edu.tr\/pt\/wp-content\/uploads\/sites\/7\/2025\/10\/Zrzut-ekranu-2025-06-26-170705-1-768x386.png 768w, https:\/\/managevirtually.sdu.edu.tr\/pt\/wp-content\/uploads\/sites\/7\/2025\/10\/Zrzut-ekranu-2025-06-26-170705-1-1536x772.png 1536w, https:\/\/managevirtually.sdu.edu.tr\/pt\/wp-content\/uploads\/sites\/7\/2025\/10\/Zrzut-ekranu-2025-06-26-170705-1.png 1864w\" sizes=\"(max-width: 1024px) 100vw, 1024px\" \/><\/figure>\n\n\n\n<figure class=\"wp-block-image size-large\"><img loading=\"lazy\" decoding=\"async\" width=\"1024\" height=\"530\" src=\"https:\/\/managevirtually.sdu.edu.tr\/pt\/wp-content\/uploads\/sites\/7\/2025\/10\/Zrzut-ekranu-2025-06-26-172130-1-1024x530.png\" alt=\"\" class=\"wp-image-743\" srcset=\"https:\/\/managevirtually.sdu.edu.tr\/pt\/wp-content\/uploads\/sites\/7\/2025\/10\/Zrzut-ekranu-2025-06-26-172130-1-1024x530.png 1024w, https:\/\/managevirtually.sdu.edu.tr\/pt\/wp-content\/uploads\/sites\/7\/2025\/10\/Zrzut-ekranu-2025-06-26-172130-1-300x155.png 300w, https:\/\/managevirtually.sdu.edu.tr\/pt\/wp-content\/uploads\/sites\/7\/2025\/10\/Zrzut-ekranu-2025-06-26-172130-1-768x397.png 768w, https:\/\/managevirtually.sdu.edu.tr\/pt\/wp-content\/uploads\/sites\/7\/2025\/10\/Zrzut-ekranu-2025-06-26-172130-1-1536x795.png 1536w, https:\/\/managevirtually.sdu.edu.tr\/pt\/wp-content\/uploads\/sites\/7\/2025\/10\/Zrzut-ekranu-2025-06-26-172130-1.png 1894w\" sizes=\"(max-width: 1024px) 100vw, 1024px\" \/><\/figure>\n","protected":false},"excerpt":{"rendered":"<p>Confer\u00eancia-Evento 1 No dia 30 de maio, pelas 18h00, realizou-se uma reuni\u00e3o online com a Sra. Dorota Kropelnicka (Diretora de Qualidade e Desenvolvimento e Membro do Conselho) da Pronet Color\u00ae\ufe0f. Esta \u00e9 uma empresa de fabrico e servi\u00e7os que atua no setor das tintas e revestimentos. Durante a reuni\u00e3o, entre outros assuntos, foram discutidas quest\u00f5es [&hellip;]<\/p>\n","protected":false},"author":1,"featured_media":0,"parent":0,"menu_order":0,"comment_status":"closed","ping_status":"closed","template":"","meta":{"footnotes":""},"class_list":["post-719","page","type-page","status-publish","hentry"],"_links":{"self":[{"href":"https:\/\/managevirtually.sdu.edu.tr\/pt\/wp-json\/wp\/v2\/pages\/719"}],"collection":[{"href":"https:\/\/managevirtually.sdu.edu.tr\/pt\/wp-json\/wp\/v2\/pages"}],"about":[{"href":"https:\/\/managevirtually.sdu.edu.tr\/pt\/wp-json\/wp\/v2\/types\/page"}],"author":[{"embeddable":true,"href":"https:\/\/managevirtually.sdu.edu.tr\/pt\/wp-json\/wp\/v2\/users\/1"}],"replies":[{"embeddable":true,"href":"https:\/\/managevirtually.sdu.edu.tr\/pt\/wp-json\/wp\/v2\/comments?post=719"}],"version-history":[{"count":3,"href":"https:\/\/managevirtually.sdu.edu.tr\/pt\/wp-json\/wp\/v2\/pages\/719\/revisions"}],"predecessor-version":[{"id":807,"href":"https:\/\/managevirtually.sdu.edu.tr\/pt\/wp-json\/wp\/v2\/pages\/719\/revisions\/807"}],"wp:attachment":[{"href":"https:\/\/managevirtually.sdu.edu.tr\/pt\/wp-json\/wp\/v2\/media?parent=719"}],"curies":[{"name":"wp","href":"https:\/\/api.w.org\/{rel}","templated":true}]}}