{"id":714,"date":"2025-10-15T11:05:49","date_gmt":"2025-10-15T11:05:49","guid":{"rendered":"https:\/\/managevirtually.sdu.edu.tr\/?page_id=714"},"modified":"2025-11-10T11:14:30","modified_gmt":"2025-11-10T08:14:30","slug":"conf-pt","status":"publish","type":"page","link":"https:\/\/managevirtually.sdu.edu.tr\/pt\/conf-pt\/","title":{"rendered":"Confer\u00eancia-Evento &#8211; Portugal"},"content":{"rendered":"\n<h2 class=\"wp-block-heading has-white-color has-text-color has-background has-link-color has-extra-small-font-size wp-elements-2f7fbcabce890d415a7d47dd406d9029\" style=\"background-color:#1a3b49\"><a name=\"conf1\">Confer\u00eancia-Evento 1<\/a><\/h2>\n\n\n\n<p>Um dos nossos parceiros de projeto, Portugal, realizou a primeira atividade de semin\u00e1rio sobre Marketing, compet\u00eancias e fun\u00e7\u00f5es do profissional de marketing, em conjunto com o Vice-Presidente da Associa\u00e7\u00e3o Portuguesa de Profissionais de Marketing.<\/p>\n\n\n\n<div class=\"wp-block-group is-vertical is-layout-flex wp-container-core-group-is-layout-1 wp-block-group-is-layout-flex\">\n<div class=\"wp-block-columns is-layout-flex wp-container-core-columns-is-layout-1 wp-block-columns-is-layout-flex\">\n<div class=\"wp-block-column is-layout-flow wp-block-column-is-layout-flow\" style=\"flex-basis:100%\">\n<figure class=\"wp-block-gallery has-nested-images columns-default is-cropped wp-block-gallery-1 is-layout-flex wp-block-gallery-is-layout-flex\">\n<figure class=\"wp-block-image size-large\"><img decoding=\"async\" src=\"https:\/\/managevirtually.sdu.edu.tr\/wp-content\/uploads\/2025\/04\/WhatsApp-Image-2025-04-15-at-12.29.07-2-1-768x1024.jpeg\" alt=\"\" class=\"wp-image-602\"\/><\/figure>\n\n\n\n<figure class=\"wp-block-image size-large\"><img decoding=\"async\" src=\"https:\/\/managevirtually.sdu.edu.tr\/wp-content\/uploads\/2025\/04\/WhatsApp-Image-2025-04-15-at-12.29.07-3-768x1024.jpeg\" alt=\"\" class=\"wp-image-603\"\/><\/figure>\n<\/figure>\n<\/div>\n<\/div>\n<\/div>\n\n\n\n<figure class=\"wp-block-gallery has-nested-images columns-default is-cropped wp-block-gallery-2 is-layout-flex wp-block-gallery-is-layout-flex\">\n<figure class=\"wp-block-image size-large\"><img decoding=\"async\" data-id=\"605\" src=\"https:\/\/managevirtually.sdu.edu.tr\/wp-content\/uploads\/2025\/04\/WhatsApp-Image-2025-04-15-at-12.29.07-1-2-1024x768.jpeg\" alt=\"\" class=\"wp-image-605\"\/><\/figure>\n<\/figure>\n\n\n\n<figure class=\"wp-block-image aligncenter size-large\"><img decoding=\"async\" src=\"https:\/\/managevirtually.sdu.edu.tr\/wp-content\/uploads\/2025\/07\/image003-1-819x1024.jpg\" alt=\"\" class=\"wp-image-679\"\/><\/figure>\n\n\n\n<hr class=\"wp-block-separator has-alpha-channel-opacity\"\/>\n\n\n\n<p class=\"has-white-color has-text-color has-background has-link-color has-extra-small-font-size wp-elements-c1fe081967fd3fea0a3d6275cfb5e76e\" style=\"background-color:#1a3b49\"><a name=\"conf2\">Confer\u00eancia-Evento 2<\/a><\/p>\n\n\n\n<p>No passado dia 03 de junho realizamos mais um Semin\u00e1rio no \u00e2mbito do projeto&nbsp;<a href=\"https:\/\/www.facebook.com\/hashtag\/managevirtually?__eep__=6&amp;__cft__%5b0%5d=AZV_oODeQHkIIFexWObLOsx6JbZgexLMFGDQ1ocrx-vgUNT_STmZnDvSCvgnIwRMhKqyrZcJV9VdDM8f9n-Brm4zalqFTtvAUm8Ajiq2PcxcdPlct_l8gXK2geHU8FM2R0bZPSdeCRXK5O_76WaIZHnSBYReGlS8qQD4wMjbXJL21Q&amp;__tn__=*NK-R\" target=\"_blank\" rel=\"noreferrer noopener\"><strong>#managevirtually<\/strong><\/a>, com a Dra. Natacha Santos da PwC, empresa mundial de auditoria e consultoria. No semin\u00e1rio abordou-se diferentes aspetos sobre a internacionaliza\u00e7\u00e3o empresarial, os seus desafios e oportunidades.<\/p>\n\n\n\n<figure class=\"wp-block-image aligncenter size-full\"><img loading=\"lazy\" decoding=\"async\" width=\"512\" height=\"640\" src=\"https:\/\/managevirtually.sdu.edu.tr\/pt\/wp-content\/uploads\/sites\/7\/2025\/10\/image001.png\" alt=\"\" class=\"wp-image-730\" srcset=\"https:\/\/managevirtually.sdu.edu.tr\/pt\/wp-content\/uploads\/sites\/7\/2025\/10\/image001.png 512w, https:\/\/managevirtually.sdu.edu.tr\/pt\/wp-content\/uploads\/sites\/7\/2025\/10\/image001-240x300.png 240w\" sizes=\"(max-width: 512px) 100vw, 512px\" \/><\/figure>\n\n\n\n<hr class=\"wp-block-separator has-alpha-channel-opacity\"\/>\n\n\n\n<p class=\"has-white-color has-text-color has-background has-link-color has-extra-small-font-size wp-elements-78c5faf27c82bd34a54007aab5907a38\" style=\"background-color:#1a3b49\"><a name=\"conf3\">Confer\u00eancia-Evento 3<\/a><\/p>\n\n\n\n<p>o 3\u00ba semin\u00e1rio no \u00e2mbito do projeto Manage Virtually foi apresentado pelo professor e empres\u00e1rio Adalmiro Pereira. Neste semin\u00e1rio abordou-se o tema da lideran\u00e7a, O que \u00e9 ser l\u00edder? Desafios, oportunidades e exemplos pr\u00e1ticos (3 de junho, 2025). &nbsp;&nbsp;<\/p>\n\n\n\n<figure class=\"wp-block-image aligncenter size-full\"><img loading=\"lazy\" decoding=\"async\" width=\"512\" height=\"640\" src=\"https:\/\/managevirtually.sdu.edu.tr\/pt\/wp-content\/uploads\/sites\/7\/2025\/10\/image002.png\" alt=\"\" class=\"wp-image-731\" srcset=\"https:\/\/managevirtually.sdu.edu.tr\/pt\/wp-content\/uploads\/sites\/7\/2025\/10\/image002.png 512w, https:\/\/managevirtually.sdu.edu.tr\/pt\/wp-content\/uploads\/sites\/7\/2025\/10\/image002-240x300.png 240w\" sizes=\"(max-width: 512px) 100vw, 512px\" \/><\/figure>\n\n\n\n<hr class=\"wp-block-separator has-alpha-channel-opacity\"\/>\n\n\n\n<p class=\"has-white-color has-text-color has-background has-link-color has-extra-small-font-size wp-elements-9b87600cf8b16db293b981ec876564ca\" style=\"background-color:#1a3b49\"><a name=\"conf4\">Confer\u00eancia-Evento 4<\/a><\/p>\n\n\n\n<figure class=\"wp-block-image size-large\"><img loading=\"lazy\" decoding=\"async\" width=\"819\" height=\"1024\" src=\"https:\/\/managevirtually.sdu.edu.tr\/pt\/wp-content\/uploads\/sites\/7\/2025\/10\/4th-seminar-819x1024.png\" alt=\"\" class=\"wp-image-734\" srcset=\"https:\/\/managevirtually.sdu.edu.tr\/pt\/wp-content\/uploads\/sites\/7\/2025\/10\/4th-seminar-819x1024.png 819w, https:\/\/managevirtually.sdu.edu.tr\/pt\/wp-content\/uploads\/sites\/7\/2025\/10\/4th-seminar-240x300.png 240w, https:\/\/managevirtually.sdu.edu.tr\/pt\/wp-content\/uploads\/sites\/7\/2025\/10\/4th-seminar-768x960.png 768w, https:\/\/managevirtually.sdu.edu.tr\/pt\/wp-content\/uploads\/sites\/7\/2025\/10\/4th-seminar.png 1080w\" sizes=\"(max-width: 819px) 100vw, 819px\" \/><\/figure>\n","protected":false},"excerpt":{"rendered":"<p>Confer\u00eancia-Evento 1 Um dos nossos parceiros de projeto, Portugal, realizou a primeira atividade de semin\u00e1rio sobre Marketing, compet\u00eancias e fun\u00e7\u00f5es do profissional de marketing, em conjunto com o Vice-Presidente da Associa\u00e7\u00e3o Portuguesa de Profissionais de Marketing. Confer\u00eancia-Evento 2 No passado dia 03 de junho realizamos mais um Semin\u00e1rio no \u00e2mbito do projeto&nbsp;#managevirtually, com a Dra. [&hellip;]<\/p>\n","protected":false},"author":1,"featured_media":0,"parent":0,"menu_order":0,"comment_status":"closed","ping_status":"closed","template":"","meta":{"footnotes":""},"class_list":["post-714","page","type-page","status-publish","hentry"],"_links":{"self":[{"href":"https:\/\/managevirtually.sdu.edu.tr\/pt\/wp-json\/wp\/v2\/pages\/714"}],"collection":[{"href":"https:\/\/managevirtually.sdu.edu.tr\/pt\/wp-json\/wp\/v2\/pages"}],"about":[{"href":"https:\/\/managevirtually.sdu.edu.tr\/pt\/wp-json\/wp\/v2\/types\/page"}],"author":[{"embeddable":true,"href":"https:\/\/managevirtually.sdu.edu.tr\/pt\/wp-json\/wp\/v2\/users\/1"}],"replies":[{"embeddable":true,"href":"https:\/\/managevirtually.sdu.edu.tr\/pt\/wp-json\/wp\/v2\/comments?post=714"}],"version-history":[{"count":2,"href":"https:\/\/managevirtually.sdu.edu.tr\/pt\/wp-json\/wp\/v2\/pages\/714\/revisions"}],"predecessor-version":[{"id":808,"href":"https:\/\/managevirtually.sdu.edu.tr\/pt\/wp-json\/wp\/v2\/pages\/714\/revisions\/808"}],"wp:attachment":[{"href":"https:\/\/managevirtually.sdu.edu.tr\/pt\/wp-json\/wp\/v2\/media?parent=714"}],"curies":[{"name":"wp","href":"https:\/\/api.w.org\/{rel}","templated":true}]}}