{"id":701,"date":"2025-10-14T11:50:28","date_gmt":"2025-10-14T11:50:28","guid":{"rendered":"https:\/\/managevirtually.sdu.edu.tr\/?page_id=701"},"modified":"2025-12-29T12:39:48","modified_gmt":"2025-12-29T09:39:48","slug":"conf-tr","status":"publish","type":"page","link":"https:\/\/managevirtually.sdu.edu.tr\/pt\/conf-tr\/","title":{"rendered":"Confer\u00eancia-Evento &#8211; Turquia"},"content":{"rendered":"\n<h2 class=\"wp-block-heading has-white-color has-text-color has-background has-link-color has-extra-small-font-size wp-elements-2f7fbcabce890d415a7d47dd406d9029\" style=\"background-color:#1a3b49\"><a name=\"conf1\">Confer\u00eancia-Evento 1<\/a><\/h2>\n\n\n\n<p class=\"has-text-align-left\">No \u00e2mbito do nosso projeto com a Uni\u00e3o Europeia, realiz\u00e1mos uma confer\u00eancia produtiva com a nossa turma de simula\u00e7\u00e3o na segunda-feira, 26 de maio de 2025. Sinem G\u00fcm\u00fc\u015f, Gestor de Opera\u00e7\u00f5es de Com\u00e9rcio Externo da Nazar Tekstil, partilhou com os alunos informa\u00e7\u00f5es sobre o setor t\u00eaxtil e a posi\u00e7\u00e3o do nosso pa\u00eds neste setor, as suas vantagens e desvantagens. Na sequ\u00eancia da confer\u00eancia, ela explicou os cen\u00e1rios que partilh\u00e1mos com os alunos na nossa aula de simula\u00e7\u00e3o, alinhados com as atividades comerciais. Realizou uma aplica\u00e7\u00e3o pr\u00e1tica, explicando as suas experi\u00eancias em an\u00e1lise e sele\u00e7\u00e3o de mercado, c\u00e1lculo de custos na pr\u00e1tica, tipos de financiamento, risco cambial, planeamento e log\u00edstica. De seguida, respondeu \u00e0s perguntas dos alunos.<\/p>\n\n\n\n<figure class=\"wp-block-gallery has-nested-images columns-default is-cropped wp-block-gallery-1 is-layout-flex wp-block-gallery-is-layout-flex\">\n<figure class=\"wp-block-image size-large\"><img decoding=\"async\" data-id=\"647\" src=\"https:\/\/managevirtually.sdu.edu.tr\/wp-content\/uploads\/2025\/05\/WhatsApp-Image-2025-05-28-at-13.46.52-1-1024x768.jpeg\" alt=\"\" class=\"wp-image-647\"\/><\/figure>\n\n\n\n<figure class=\"wp-block-image size-large\"><img decoding=\"async\" data-id=\"648\" src=\"https:\/\/managevirtually.sdu.edu.tr\/wp-content\/uploads\/2025\/05\/WhatsApp-Image-2025-05-28-at-13.46.52-1024x768.jpeg\" alt=\"\" class=\"wp-image-648\"\/><\/figure>\n<\/figure>\n\n\n\n<figure class=\"wp-block-gallery has-nested-images columns-default is-cropped wp-block-gallery-2 is-layout-flex wp-block-gallery-is-layout-flex\">\n<figure class=\"wp-block-image size-large\"><img decoding=\"async\" data-id=\"650\" src=\"https:\/\/managevirtually.sdu.edu.tr\/wp-content\/uploads\/2025\/05\/WhatsApp-Image-2025-05-28-at-13.48.08-768x1024.jpeg\" alt=\"\" class=\"wp-image-650\"\/><\/figure>\n\n\n\n<figure class=\"wp-block-image size-large\"><img decoding=\"async\" data-id=\"649\" src=\"https:\/\/managevirtually.sdu.edu.tr\/wp-content\/uploads\/2025\/05\/WhatsApp-Image-2025-05-28-at-13.46.52-2-768x1024.jpeg\" alt=\"\" class=\"wp-image-649\"\/><\/figure>\n<\/figure>\n\n\n\n<hr class=\"wp-block-separator has-alpha-channel-opacity\"\/>\n\n\n\n<h2 class=\"wp-block-heading has-white-color has-text-color has-background has-link-color has-extra-small-font-size wp-elements-58cb65b8c0a8e649ec503e6c3e2d7e52\" style=\"background-color:#1a3b49\"><a name=\"conf2\">Confer\u00eancia-Evento 2<\/a><\/h2>\n\n\n\n<p>Realiz\u00e1mos a nossa segunda confer\u00eancia com a turma de simula\u00e7\u00e3o no dia 2 de junho de 2025. Sinem Kargal\u0131 e \u015eeng\u00fcl Eren, da G\u00fclbirlik Rosense, participaram como oradores. Foram apresentadas informa\u00e7\u00f5es gerais sobre a cria\u00e7\u00e3o e funcionamento da marca Rosense. Partilhamos informa\u00e7\u00f5es detalhadas sobre o posicionamento da marca, estrat\u00e9gias de crescimento, objetivos de vendas e marketing nos mercados nacional e internacional. Discutimos a estrutura competitiva da marca nos mercados regional, nacional e internacional, e partilhamos as nossas experi\u00eancias at\u00e9 \u00e0 data. No final da confer\u00eancia, respondemos \u00e0s quest\u00f5es dos alunos.<\/p>\n\n\n\n<figure class=\"wp-block-image aligncenter size-large\"><img decoding=\"async\" src=\"https:\/\/managevirtually.sdu.edu.tr\/wp-content\/uploads\/2025\/06\/WhatsApp-Image-2025-06-11-at-13.24.31-768x1024.jpeg\" alt=\"\" class=\"wp-image-669\"\/><\/figure>\n\n\n\n<figure class=\"wp-block-image size-large\"><img decoding=\"async\" src=\"https:\/\/managevirtually.sdu.edu.tr\/wp-content\/uploads\/2025\/06\/WhatsApp-Image-2025-06-11-at-13.24.01-1024x768.jpeg\" alt=\"\" class=\"wp-image-670\"\/><\/figure>\n\n\n\n<figure class=\"wp-block-image size-large\"><img decoding=\"async\" src=\"https:\/\/managevirtually.sdu.edu.tr\/wp-content\/uploads\/2025\/06\/WhatsApp-Image-2025-06-11-at-13.26.05-1-1024x768.jpeg\" alt=\"\" class=\"wp-image-665\"\/><\/figure>\n\n\n\n<hr class=\"wp-block-separator has-alpha-channel-opacity\"\/>\n\n\n\n<p class=\"has-white-color has-text-color has-background has-link-color has-extra-small-font-size wp-elements-78c5faf27c82bd34a54007aab5907a38\" style=\"background-color:#1a3b49\"><a name=\"conf3\">Confer\u00eancia-Evento 3<\/a><\/p>\n\n\n\n<p>No \u00faltimo evento da nossa confer\u00eancia do projeto Gest\u00e3o num Mundo Virtual, reunimos os empreendedores de uma nova empresa t\u00eaxtil, a Cielo Venti, com os nossos alunos na quinta-feira, dia 26 de junho de 2025. G\u00fcl Ery\u0131lmaz, uma das empreendedoras da Cielo Venti, partilhou com os alunos a hist\u00f3ria da cria\u00e7\u00e3o, vis\u00e3o e miss\u00e3o da marca. As estrat\u00e9gias de entrada no mercado, as capacidades competitivas e os objetivos futuros da marca foram explicados em detalhe, e foram apresentadas amostras dos produtos aos alunos. Os alunos demonstraram grande interesse nesta nova iniciativa e dirigiram as suas quest\u00f5es aos empres\u00e1rios da Cielo Venti no final da confer\u00eancia. Ap\u00f3s a sess\u00e3o de perguntas e respostas, foram entregues certificados de agradecimento aos empres\u00e1rios da Cielo Venti.<\/p>\n\n\n\n<figure class=\"wp-block-image size-large\"><img loading=\"lazy\" decoding=\"async\" width=\"1013\" height=\"1024\" src=\"https:\/\/managevirtually.sdu.edu.tr\/pt\/wp-content\/uploads\/sites\/7\/2025\/10\/image-1-1013x1024.png\" alt=\"\" class=\"wp-image-752\" srcset=\"https:\/\/managevirtually.sdu.edu.tr\/pt\/wp-content\/uploads\/sites\/7\/2025\/10\/image-1-1013x1024.png 1013w, https:\/\/managevirtually.sdu.edu.tr\/pt\/wp-content\/uploads\/sites\/7\/2025\/10\/image-1-297x300.png 297w, https:\/\/managevirtually.sdu.edu.tr\/pt\/wp-content\/uploads\/sites\/7\/2025\/10\/image-1-768x776.png 768w, https:\/\/managevirtually.sdu.edu.tr\/pt\/wp-content\/uploads\/sites\/7\/2025\/10\/image-1.png 1126w\" sizes=\"(max-width: 1013px) 100vw, 1013px\" \/><\/figure>\n\n\n\n<figure class=\"wp-block-image aligncenter size-large\"><img loading=\"lazy\" decoding=\"async\" width=\"768\" height=\"1024\" src=\"https:\/\/managevirtually.sdu.edu.tr\/pt\/wp-content\/uploads\/sites\/7\/2025\/10\/WhatsApp-Image-2025-06-30-at-13.04.01-768x1024.jpeg\" alt=\"\" class=\"wp-image-753\" srcset=\"https:\/\/managevirtually.sdu.edu.tr\/pt\/wp-content\/uploads\/sites\/7\/2025\/10\/WhatsApp-Image-2025-06-30-at-13.04.01-768x1024.jpeg 768w, https:\/\/managevirtually.sdu.edu.tr\/pt\/wp-content\/uploads\/sites\/7\/2025\/10\/WhatsApp-Image-2025-06-30-at-13.04.01-225x300.jpeg 225w, https:\/\/managevirtually.sdu.edu.tr\/pt\/wp-content\/uploads\/sites\/7\/2025\/10\/WhatsApp-Image-2025-06-30-at-13.04.01-1152x1536.jpeg 1152w, https:\/\/managevirtually.sdu.edu.tr\/pt\/wp-content\/uploads\/sites\/7\/2025\/10\/WhatsApp-Image-2025-06-30-at-13.04.01.jpeg 1536w\" sizes=\"(max-width: 768px) 100vw, 768px\" \/><\/figure>\n\n\n\n<figure class=\"wp-block-image aligncenter size-large\"><img loading=\"lazy\" decoding=\"async\" width=\"768\" height=\"1024\" src=\"https:\/\/managevirtually.sdu.edu.tr\/pt\/wp-content\/uploads\/sites\/7\/2025\/10\/WhatsApp-Image-2025-06-30-at-13.04.12-768x1024.jpeg\" alt=\"\" class=\"wp-image-754\" srcset=\"https:\/\/managevirtually.sdu.edu.tr\/pt\/wp-content\/uploads\/sites\/7\/2025\/10\/WhatsApp-Image-2025-06-30-at-13.04.12-768x1024.jpeg 768w, https:\/\/managevirtually.sdu.edu.tr\/pt\/wp-content\/uploads\/sites\/7\/2025\/10\/WhatsApp-Image-2025-06-30-at-13.04.12-225x300.jpeg 225w, https:\/\/managevirtually.sdu.edu.tr\/pt\/wp-content\/uploads\/sites\/7\/2025\/10\/WhatsApp-Image-2025-06-30-at-13.04.12-1152x1536.jpeg 1152w, https:\/\/managevirtually.sdu.edu.tr\/pt\/wp-content\/uploads\/sites\/7\/2025\/10\/WhatsApp-Image-2025-06-30-at-13.04.12.jpeg 1536w\" sizes=\"(max-width: 768px) 100vw, 768px\" \/><\/figure>\n\n\n\n<hr class=\"wp-block-separator has-alpha-channel-opacity\"\/>\n\n\n\n<p class=\"has-white-color has-text-color has-background has-link-color has-extra-small-font-size wp-elements-9b87600cf8b16db293b981ec876564ca\" style=\"background-color:#1a3b49\"><a name=\"conf4\">Confer\u00eancia-Evento 4<\/a><\/p>\n\n\n\n<p>O Diretor do Grupo de Desenvolvimento de Neg\u00f3cios da Kanat Boya, Murat Demirhindi, explicou aos nossos alunos da turma de simula\u00e7\u00e3o as atividades de P&amp;D, os processos de mat\u00e9rias-primas e as etapas de entrada no mercado.<\/p>\n\n\n\n<figure class=\"wp-block-image size-large\"><img loading=\"lazy\" decoding=\"async\" width=\"1024\" height=\"768\" src=\"https:\/\/managevirtually.sdu.edu.tr\/pt\/wp-content\/uploads\/sites\/7\/2025\/12\/WhatsApp-Image-2025-12-04-at-14.23.44-1024x768.jpeg\" alt=\"\" class=\"wp-image-829\" srcset=\"https:\/\/managevirtually.sdu.edu.tr\/pt\/wp-content\/uploads\/sites\/7\/2025\/12\/WhatsApp-Image-2025-12-04-at-14.23.44-1024x768.jpeg 1024w, https:\/\/managevirtually.sdu.edu.tr\/pt\/wp-content\/uploads\/sites\/7\/2025\/12\/WhatsApp-Image-2025-12-04-at-14.23.44-300x225.jpeg 300w, https:\/\/managevirtually.sdu.edu.tr\/pt\/wp-content\/uploads\/sites\/7\/2025\/12\/WhatsApp-Image-2025-12-04-at-14.23.44-768x576.jpeg 768w, https:\/\/managevirtually.sdu.edu.tr\/pt\/wp-content\/uploads\/sites\/7\/2025\/12\/WhatsApp-Image-2025-12-04-at-14.23.44-1536x1152.jpeg 1536w, https:\/\/managevirtually.sdu.edu.tr\/pt\/wp-content\/uploads\/sites\/7\/2025\/12\/WhatsApp-Image-2025-12-04-at-14.23.44.jpeg 1600w\" sizes=\"(max-width: 1024px) 100vw, 1024px\" \/><\/figure>\n\n\n\n<figure class=\"wp-block-image aligncenter size-large\"><img loading=\"lazy\" decoding=\"async\" width=\"768\" height=\"1024\" src=\"https:\/\/managevirtually.sdu.edu.tr\/pt\/wp-content\/uploads\/sites\/7\/2025\/12\/WhatsApp-Image-2025-12-04-at-14.23.27-768x1024.jpeg\" alt=\"\" class=\"wp-image-830\" srcset=\"https:\/\/managevirtually.sdu.edu.tr\/pt\/wp-content\/uploads\/sites\/7\/2025\/12\/WhatsApp-Image-2025-12-04-at-14.23.27-768x1024.jpeg 768w, https:\/\/managevirtually.sdu.edu.tr\/pt\/wp-content\/uploads\/sites\/7\/2025\/12\/WhatsApp-Image-2025-12-04-at-14.23.27-225x300.jpeg 225w, https:\/\/managevirtually.sdu.edu.tr\/pt\/wp-content\/uploads\/sites\/7\/2025\/12\/WhatsApp-Image-2025-12-04-at-14.23.27-1152x1536.jpeg 1152w, https:\/\/managevirtually.sdu.edu.tr\/pt\/wp-content\/uploads\/sites\/7\/2025\/12\/WhatsApp-Image-2025-12-04-at-14.23.27.jpeg 1536w\" sizes=\"(max-width: 768px) 100vw, 768px\" \/><\/figure>\n\n\n\n<figure class=\"wp-block-image aligncenter size-large\"><img loading=\"lazy\" decoding=\"async\" width=\"768\" height=\"1024\" src=\"https:\/\/managevirtually.sdu.edu.tr\/pt\/wp-content\/uploads\/sites\/7\/2025\/12\/WhatsApp-Image-2025-12-04-at-14.23.17-768x1024.jpeg\" alt=\"\" class=\"wp-image-831\" srcset=\"https:\/\/managevirtually.sdu.edu.tr\/pt\/wp-content\/uploads\/sites\/7\/2025\/12\/WhatsApp-Image-2025-12-04-at-14.23.17-768x1024.jpeg 768w, https:\/\/managevirtually.sdu.edu.tr\/pt\/wp-content\/uploads\/sites\/7\/2025\/12\/WhatsApp-Image-2025-12-04-at-14.23.17-225x300.jpeg 225w, https:\/\/managevirtually.sdu.edu.tr\/pt\/wp-content\/uploads\/sites\/7\/2025\/12\/WhatsApp-Image-2025-12-04-at-14.23.17-1152x1536.jpeg 1152w, https:\/\/managevirtually.sdu.edu.tr\/pt\/wp-content\/uploads\/sites\/7\/2025\/12\/WhatsApp-Image-2025-12-04-at-14.23.17.jpeg 1200w\" sizes=\"(max-width: 768px) 100vw, 768px\" \/><\/figure>\n\n\n\n<hr class=\"wp-block-separator has-alpha-channel-opacity\"\/>\n\n\n\n<p><\/p>\n\n\n\n<p><\/p>\n","protected":false},"excerpt":{"rendered":"<p>Confer\u00eancia-Evento 1 No \u00e2mbito do nosso projeto com a Uni\u00e3o Europeia, realiz\u00e1mos uma confer\u00eancia produtiva com a nossa turma de simula\u00e7\u00e3o na segunda-feira, 26 de maio de 2025. Sinem G\u00fcm\u00fc\u015f, Gestor de Opera\u00e7\u00f5es de Com\u00e9rcio Externo da Nazar Tekstil, partilhou com os alunos informa\u00e7\u00f5es sobre o setor t\u00eaxtil e a posi\u00e7\u00e3o do nosso pa\u00eds neste [&hellip;]<\/p>\n","protected":false},"author":1,"featured_media":0,"parent":0,"menu_order":0,"comment_status":"closed","ping_status":"closed","template":"","meta":{"footnotes":""},"class_list":["post-701","page","type-page","status-publish","hentry"],"_links":{"self":[{"href":"https:\/\/managevirtually.sdu.edu.tr\/pt\/wp-json\/wp\/v2\/pages\/701"}],"collection":[{"href":"https:\/\/managevirtually.sdu.edu.tr\/pt\/wp-json\/wp\/v2\/pages"}],"about":[{"href":"https:\/\/managevirtually.sdu.edu.tr\/pt\/wp-json\/wp\/v2\/types\/page"}],"author":[{"embeddable":true,"href":"https:\/\/managevirtually.sdu.edu.tr\/pt\/wp-json\/wp\/v2\/users\/1"}],"replies":[{"embeddable":true,"href":"https:\/\/managevirtually.sdu.edu.tr\/pt\/wp-json\/wp\/v2\/comments?post=701"}],"version-history":[{"count":5,"href":"https:\/\/managevirtually.sdu.edu.tr\/pt\/wp-json\/wp\/v2\/pages\/701\/revisions"}],"predecessor-version":[{"id":832,"href":"https:\/\/managevirtually.sdu.edu.tr\/pt\/wp-json\/wp\/v2\/pages\/701\/revisions\/832"}],"wp:attachment":[{"href":"https:\/\/managevirtually.sdu.edu.tr\/pt\/wp-json\/wp\/v2\/media?parent=701"}],"curies":[{"name":"wp","href":"https:\/\/api.w.org\/{rel}","templated":true}]}}