{"id":589,"date":"2025-05-24T10:06:24","date_gmt":"2025-05-24T07:06:24","guid":{"rendered":"https:\/\/managevirtually.sdu.edu.tr\/pt\/?page_id=589"},"modified":"2025-05-24T10:07:15","modified_gmt":"2025-05-24T07:07:15","slug":"tpm4","status":"publish","type":"page","link":"https:\/\/managevirtually.sdu.edu.tr\/pt\/tpm4\/","title":{"rendered":"Reuni\u00f5es do Projeto \/ 4. Reuni\u00e3o Transnacional do Projeto"},"content":{"rendered":"\n<p><\/p>\n\n\n\n<p>Decorreu no Porto, entre os dias 11 e 15 de Maio, a 4.\u00aa Reuni\u00e3o Transnacional do Projeto, organizada pelo ISCAP e com a participa\u00e7\u00e3o de todos os parceiros do cons\u00f3rcio. Estiveram presentes representantes da Rom\u00e9nia, It\u00e1lia, Turquia e Pol\u00f3nia. Durante o encontro, foram revistas as decis\u00f5es tomadas na 3.\u00aa Reuni\u00e3o Transnacional, realizada em Gda\u0144sk, na Pol\u00f3nia. Os crit\u00e9rios de avalia\u00e7\u00e3o dos relat\u00f3rios foram esclarecidos com recurso a um exemplo pr\u00e1tico, e as d\u00favidas dos parceiros sobre o tema foram devidamente respondidas. Procedeu-se tamb\u00e9m \u00e0 an\u00e1lise dos resultados dos testes de aproveitamento aplicados aos alunos, por pa\u00eds, e partilhou-se informa\u00e7\u00e3o detalhada sobre as confer\u00eancias que cada parceiro dever\u00e1 organizar no \u00e2mbito do projeto. O evento contou ainda com um recital tradicional apresentado pela Tuna masculina do ISCAP. Na segunda parte da sess\u00e3o, realizaram-se encontros presenciais entre os alunos da equipa do projeto no ISCAP e os parceiros internacionais, durante os quais os estudantes partilharam as suas experi\u00eancias e sugest\u00f5es relativamente \u00e0 iniciativa. No segundo dia da reuni\u00e3o, teve lugar uma visita ao campus, com o objetivo de refor\u00e7ar a comunica\u00e7\u00e3o entre os parceiros e proporcionar um melhor conhecimento do ISCAP. Al\u00e9m disso, foram avaliadas, por todos os parceiros, as implementa\u00e7\u00f5es dos Cen\u00e1rios 2 e 3 da simula\u00e7\u00e3o, tendo sido resolvidas as dificuldades identificadas. Por fim, foi discutida a data da reuni\u00e3o de encerramento do projeto, a realizar-se na Turquia, e a sess\u00e3o terminou com a distribui\u00e7\u00e3o de tarefas entre os parceiros.<\/p>\n\n\n\n<p><\/p>\n\n\n\n<figure class=\"wp-block-image size-large\"><img decoding=\"async\" src=\"https:\/\/managevirtually.sdu.edu.tr\/wp-content\/uploads\/2025\/05\/WhatsApp-Image-2025-05-21-at-14.10.30-4-1024x768.jpeg\" alt=\"\" class=\"wp-image-617\"\/><\/figure>\n\n\n\n<figure class=\"wp-block-gallery has-nested-images columns-default is-cropped wp-block-gallery-1 is-layout-flex wp-block-gallery-is-layout-flex\">\n<figure class=\"wp-block-image size-large\"><img decoding=\"async\" data-id=\"618\" src=\"https:\/\/managevirtually.sdu.edu.tr\/wp-content\/uploads\/2025\/05\/WhatsApp-Image-2025-05-21-at-14.10.27-1-768x1024.jpeg\" alt=\"\" class=\"wp-image-618\"\/><\/figure>\n\n\n\n<figure class=\"wp-block-image size-large\"><img decoding=\"async\" data-id=\"621\" src=\"https:\/\/managevirtually.sdu.edu.tr\/wp-content\/uploads\/2025\/05\/WhatsApp-Image-2025-05-21-at-14.10.27-2-768x1024.jpeg\" alt=\"\" class=\"wp-image-621\"\/><\/figure>\n\n\n\n<figure class=\"wp-block-image size-large\"><img decoding=\"async\" data-id=\"619\" src=\"https:\/\/managevirtually.sdu.edu.tr\/wp-content\/uploads\/2025\/05\/WhatsApp-Image-2025-05-21-at-14.10.27-3-768x1024.jpeg\" alt=\"\" class=\"wp-image-619\"\/><\/figure>\n\n\n\n<figure class=\"wp-block-image size-large\"><img decoding=\"async\" data-id=\"623\" src=\"https:\/\/managevirtually.sdu.edu.tr\/wp-content\/uploads\/2025\/05\/WhatsApp-Image-2025-05-21-at-14.10.27-4-768x1024.jpeg\" alt=\"\" class=\"wp-image-623\"\/><\/figure>\n\n\n\n<figure class=\"wp-block-image size-large\"><img decoding=\"async\" data-id=\"622\" src=\"https:\/\/managevirtually.sdu.edu.tr\/wp-content\/uploads\/2025\/05\/WhatsApp-Image-2025-05-21-at-14.10.27-768x1024.jpeg\" alt=\"\" class=\"wp-image-622\"\/><\/figure>\n\n\n\n<figure class=\"wp-block-image size-large\"><img decoding=\"async\" data-id=\"620\" src=\"https:\/\/managevirtually.sdu.edu.tr\/wp-content\/uploads\/2025\/05\/WhatsApp-Image-2025-05-21-at-14.10.28-1-768x1024.jpeg\" alt=\"\" class=\"wp-image-620\"\/><\/figure>\n\n\n\n<figure class=\"wp-block-image size-large\"><img decoding=\"async\" data-id=\"624\" src=\"https:\/\/managevirtually.sdu.edu.tr\/wp-content\/uploads\/2025\/05\/WhatsApp-Image-2025-05-21-at-14.10.28-2-768x1024.jpeg\" alt=\"\" class=\"wp-image-624\"\/><\/figure>\n\n\n\n<figure class=\"wp-block-image size-large\"><img decoding=\"async\" data-id=\"625\" src=\"https:\/\/managevirtually.sdu.edu.tr\/wp-content\/uploads\/2025\/05\/WhatsApp-Image-2025-05-21-at-14.10.28-3-768x1024.jpeg\" alt=\"\" class=\"wp-image-625\"\/><\/figure>\n\n\n\n<figure class=\"wp-block-image size-large\"><img decoding=\"async\" data-id=\"626\" src=\"https:\/\/managevirtually.sdu.edu.tr\/wp-content\/uploads\/2025\/05\/WhatsApp-Image-2025-05-21-at-14.10.28-4-577x1024.jpeg\" alt=\"\" class=\"wp-image-626\"\/><\/figure>\n\n\n\n<figure class=\"wp-block-image size-large\"><img decoding=\"async\" data-id=\"627\" src=\"https:\/\/managevirtually.sdu.edu.tr\/wp-content\/uploads\/2025\/05\/WhatsApp-Image-2025-05-21-at-14.10.28-5-577x1024.jpeg\" alt=\"\" class=\"wp-image-627\"\/><\/figure>\n\n\n\n<figure class=\"wp-block-image size-large\"><img decoding=\"async\" data-id=\"628\" src=\"https:\/\/managevirtually.sdu.edu.tr\/wp-content\/uploads\/2025\/05\/WhatsApp-Image-2025-05-21-at-14.10.28-768x1024.jpeg\" alt=\"\" class=\"wp-image-628\"\/><\/figure>\n\n\n\n<figure class=\"wp-block-image size-large\"><img decoding=\"async\" data-id=\"629\" src=\"https:\/\/managevirtually.sdu.edu.tr\/wp-content\/uploads\/2025\/05\/WhatsApp-Image-2025-05-21-at-14.10.29-1-576x1024.jpeg\" alt=\"\" class=\"wp-image-629\"\/><\/figure>\n\n\n\n<figure class=\"wp-block-image size-large\"><img decoding=\"async\" data-id=\"630\" src=\"https:\/\/managevirtually.sdu.edu.tr\/wp-content\/uploads\/2025\/05\/WhatsApp-Image-2025-05-21-at-14.10.29-2-576x1024.jpeg\" alt=\"\" class=\"wp-image-630\"\/><\/figure>\n\n\n\n<figure class=\"wp-block-image size-large\"><img decoding=\"async\" data-id=\"631\" src=\"https:\/\/managevirtually.sdu.edu.tr\/wp-content\/uploads\/2025\/05\/WhatsApp-Image-2025-05-21-at-14.10.29-3-576x1024.jpeg\" alt=\"\" class=\"wp-image-631\"\/><\/figure>\n\n\n\n<figure class=\"wp-block-image size-large\"><img decoding=\"async\" data-id=\"632\" src=\"https:\/\/managevirtually.sdu.edu.tr\/wp-content\/uploads\/2025\/05\/WhatsApp-Image-2025-05-21-at-14.10.29-4-576x1024.jpeg\" alt=\"\" class=\"wp-image-632\"\/><\/figure>\n\n\n\n<figure class=\"wp-block-image size-large\"><img decoding=\"async\" data-id=\"633\" src=\"https:\/\/managevirtually.sdu.edu.tr\/wp-content\/uploads\/2025\/05\/WhatsApp-Image-2025-05-21-at-14.10.29-5-576x1024.jpeg\" alt=\"\" class=\"wp-image-633\"\/><\/figure>\n\n\n\n<figure class=\"wp-block-image size-large\"><img decoding=\"async\" data-id=\"634\" src=\"https:\/\/managevirtually.sdu.edu.tr\/wp-content\/uploads\/2025\/05\/WhatsApp-Image-2025-05-21-at-14.10.29-577x1024.jpeg\" alt=\"\" class=\"wp-image-634\"\/><\/figure>\n\n\n\n<figure class=\"wp-block-image size-large\"><img decoding=\"async\" data-id=\"638\" src=\"https:\/\/managevirtually.sdu.edu.tr\/wp-content\/uploads\/2025\/05\/WhatsApp-Image-2025-05-21-at-14.10.30-576x1024.jpeg\" alt=\"\" class=\"wp-image-638\"\/><\/figure>\n\n\n\n<figure class=\"wp-block-image size-large\"><img decoding=\"async\" data-id=\"635\" src=\"https:\/\/managevirtually.sdu.edu.tr\/wp-content\/uploads\/2025\/05\/WhatsApp-Image-2025-05-21-at-14.10.30-1-768x1024.jpeg\" alt=\"\" class=\"wp-image-635\"\/><\/figure>\n\n\n\n<figure class=\"wp-block-image size-large\"><img decoding=\"async\" data-id=\"636\" src=\"https:\/\/managevirtually.sdu.edu.tr\/wp-content\/uploads\/2025\/05\/WhatsApp-Image-2025-05-21-at-14.10.30-2-706x1024.jpeg\" alt=\"\" class=\"wp-image-636\"\/><\/figure>\n\n\n\n<figure class=\"wp-block-image size-large\"><img decoding=\"async\" data-id=\"637\" src=\"https:\/\/managevirtually.sdu.edu.tr\/wp-content\/uploads\/2025\/05\/WhatsApp-Image-2025-05-21-at-14.10.30-3-768x1024.jpeg\" alt=\"\" class=\"wp-image-637\"\/><\/figure>\n<\/figure>\n\n\n\n<p><\/p>\n\n\n\n<p><\/p>\n\n\n\n<p><\/p>\n","protected":false},"excerpt":{"rendered":"<p>Decorreu no Porto, entre os dias 11 e 15 de Maio, a 4.\u00aa Reuni\u00e3o Transnacional do Projeto, organizada pelo ISCAP e com a participa\u00e7\u00e3o de todos os parceiros do cons\u00f3rcio. Estiveram presentes representantes da Rom\u00e9nia, It\u00e1lia, Turquia e Pol\u00f3nia. Durante o encontro, foram revistas as decis\u00f5es tomadas na 3.\u00aa Reuni\u00e3o Transnacional, realizada em Gda\u0144sk, na [&hellip;]<\/p>\n","protected":false},"author":1,"featured_media":0,"parent":0,"menu_order":0,"comment_status":"closed","ping_status":"closed","template":"","meta":{"footnotes":""},"class_list":["post-589","page","type-page","status-publish","hentry"],"_links":{"self":[{"href":"https:\/\/managevirtually.sdu.edu.tr\/pt\/wp-json\/wp\/v2\/pages\/589"}],"collection":[{"href":"https:\/\/managevirtually.sdu.edu.tr\/pt\/wp-json\/wp\/v2\/pages"}],"about":[{"href":"https:\/\/managevirtually.sdu.edu.tr\/pt\/wp-json\/wp\/v2\/types\/page"}],"author":[{"embeddable":true,"href":"https:\/\/managevirtually.sdu.edu.tr\/pt\/wp-json\/wp\/v2\/users\/1"}],"replies":[{"embeddable":true,"href":"https:\/\/managevirtually.sdu.edu.tr\/pt\/wp-json\/wp\/v2\/comments?post=589"}],"version-history":[{"count":3,"href":"https:\/\/managevirtually.sdu.edu.tr\/pt\/wp-json\/wp\/v2\/pages\/589\/revisions"}],"predecessor-version":[{"id":592,"href":"https:\/\/managevirtually.sdu.edu.tr\/pt\/wp-json\/wp\/v2\/pages\/589\/revisions\/592"}],"wp:attachment":[{"href":"https:\/\/managevirtually.sdu.edu.tr\/pt\/wp-json\/wp\/v2\/media?parent=589"}],"curies":[{"name":"wp","href":"https:\/\/api.w.org\/{rel}","templated":true}]}}